{"id":12926,"date":"2026-02-13T08:45:07","date_gmt":"2026-02-13T07:45:07","guid":{"rendered":"https:\/\/www.msd.ch\/de\/?page_id=12926"},"modified":"2026-02-13T08:45:08","modified_gmt":"2026-02-13T07:45:08","slug":"access-to-healthcare","status":"publish","type":"page","link":"https:\/\/www.msd.ch\/de\/home\/about-us\/responsibility\/msd-switzerland-sustainability-and-global-health\/access-to-healthcare\/","title":{"rendered":"Access to Healthcare"},"content":{"rendered":"\n<div style=\"height:100px\" aria-hidden=\"true\" class=\"wp-block-spacer\"><\/div>\n\n\n<div class=\"wp-block-image\">\n<figure class=\"aligncenter size-large\"><img loading=\"lazy\" decoding=\"async\" width=\"3202\" height=\"206\" src=\"https:\/\/www.msd.ch\/de\/wp-content\/uploads\/sites\/88\/2025\/11\/Banner-Access-To-Health.png?w=3202\" alt=\"Image: banner Access To Healthcare\" class=\"wp-image-12918\" \/><\/figure><\/div>\n\n\n<div style=\"height:20px\" aria-hidden=\"true\" class=\"wp-block-spacer\"><\/div>\n\n\n\n<h2 class=\"wp-block-heading has-text-color has-link-color wp-elements-cf7da282bc91a241e37a4dcc7430b523\" style=\"color:#5350e4\"><strong>Verbesserung des Gesundheitsbewusstseins, der Pr\u00e4vention und des Zugangs zur Gesundheitsversorgung<\/strong><\/h2>\n\n\n\n<div class=\"wp-block-columns is-layout-flex wp-container-core-columns-is-layout-9d6595d7 wp-block-columns-is-layout-flex\">\n<div class=\"wp-block-column is-vertically-aligned-top is-layout-flow wp-block-column-is-layout-flow\">\n<p>Bei MSD Schweiz setzen wir uns daf\u00fcr ein, den Zugang zu hochwertiger Gesundheitsversorgung durch Aufkl\u00e4rung, Pr\u00e4vention und Zusammenarbeit zu erweitern. Unser Engagement basiert auf bedeutsamen Partnerschaften mit Pflegekr\u00e4ften, Gesundheitsbeh\u00f6rden, Forschungseinrichtungen und Patientenvereinigungen \u2013 gemeinsam arbeiten wir daran, die Gesundheitsversorgung inklusiver und effektiver zu gestalten.<\/p>\n\n\n\n<p>Durch aktive Zusammenarbeit mit diesen Interessengruppen identifizieren und schliessen wir L\u00fccken in der Patientenreise und der Gesundheitskompetenz, helfen Menschen, ihre Gesundheit besser zu verstehen und die umfassende Versorgung zu erhalten, die sie verdienen. Unsere Initiativen zur Krankheitspr\u00e4vention unterst\u00fctzen nicht nur das individuelle Wohlbefinden, sondern tragen auch zu nachhaltigen Gesundheitssystemen und besseren Gesundheitsergebnissen f\u00fcr die Bev\u00f6lkerung bei.<\/p>\n\n\n\n<p>Zu unseren laufenden Initiativen geh\u00f6ren PINK CUBE Test Your Breast, die Trendtage Gesundheit Luzern und das Patient Sounding Board \u2013 Programme, die unseren kollaborativen Ansatz zur Verbesserung des Zugangs zur Gesundheitsversorgung und Bildung veranschaulichen.<br>Mehr \u00fcber diese Partnerschaften und ihre Auswirkungen erfahren Sie in den folgenden Abschnitten.<\/p>\n<\/div>\n\n\n\n<div class=\"wp-block-column is-layout-flow wp-block-column-is-layout-flow\">\n<div style=\"height:25px\" aria-hidden=\"true\" class=\"wp-block-spacer\"><\/div>\n\n\n\n<figure class=\"wp-block-image size-large\"><img loading=\"lazy\" decoding=\"async\" width=\"7395\" height=\"4930\" src=\"https:\/\/www.msd.ch\/de\/wp-content\/uploads\/sites\/88\/2025\/04\/sponsoring-gv-award_181.jpg?w=3240\" alt=\"PINK CUBE Test Your Breast gewinnt an der 6. Nacht des Sponsorings den Publikumspreis und den Responsibility Award\" class=\"wp-image-12343\" \/><figcaption class=\"wp-element-caption\"><sub>PINK CUBE Test Your Breast gewinnt den Publikumspreis und den Responsibility Award bei der 6. Nacht des Sponsorings 2025.<\/sub><\/figcaption><\/figure>\n<\/div>\n<\/div>\n\n\n<div class=\"wp-block-image\">\n<figure class=\"aligncenter size-large is-resized\"><img loading=\"lazy\" decoding=\"async\" width=\"500\" height=\"15\" src=\"https:\/\/www.msd.ch\/de\/wp-content\/uploads\/sites\/88\/2025\/11\/Separator-Access-To-Health.png?w=500\" alt=\"Image: separator\" class=\"wp-image-12914\" style=\"object-fit:cover;width:667px;height:auto\" \/><\/figure><\/div>\n\n\n<div style=\"height:20px\" aria-hidden=\"true\" class=\"wp-block-spacer\"><\/div>\n\n\n\n<p>Bei <strong>MSD Schweiz <\/strong>arbeiten wir mit lokalen Partnern zusammen, um unseren globalen Zweck in die Tat umzusetzen. Gemeinsam f\u00f6rdern wir <strong>das Gesundheitsbewusstsein<\/strong>, <strong>die Pr\u00e4vention<\/strong>, und <strong>den Zugang zur Gesundheitsversorgung <\/strong>\u2013 und schaffen <strong>so nachhaltige Wirkung f\u00fcr Gemeinschaften in der ganzen Schweiz<\/strong>. <strong>Entdecken Sie nachfolgend einige unserer wichtigsten Initiativen<\/strong>.<\/p>\n\n\n\n<div style=\"height:20px\" aria-hidden=\"true\" class=\"wp-block-spacer\"><\/div>\n\n\n\n<div class=\"wp-block-columns is-layout-flex wp-container-core-columns-is-layout-9d6595d7 wp-block-columns-is-layout-flex\">\n<div class=\"wp-block-column is-layout-flow wp-block-column-is-layout-flow\"><div class=\"wp-block-image\">\n<figure class=\"aligncenter size-full\"><img loading=\"lazy\" decoding=\"async\" width=\"1033\" height=\"585\" src=\"https:\/\/www.msd.ch\/de\/wp-content\/uploads\/sites\/88\/2025\/11\/OSI-ATH-LucerneHealthTrendDays.jpg\" alt=\"Foto: MSD- Angestellte an den Luzerner Gesundheitstrend-Tagen\" class=\"wp-image-12925\" style=\"object-fit:cover\" \/><\/figure><\/div>\n\n\n<h4 class=\"wp-block-heading has-text-align-left has-text-color has-link-color wp-elements-ce3e473989b3365052be51ada90771d3\" style=\"color:#5350e4\"><strong><strong>Trendtage Gesundheit Luzern<\/strong><\/strong><\/h4>\n\n\n\n<p class=\"has-small-font-size\">Jedes Jahr versammeln sich mehr als 600 Entscheidungstr\u00e4ger und Meinungsf\u00fchrer aus Medizin, Wissenschaft, Wirtschaft und Politik bei den Trendtagen Gesundheit Luzern, um \u00fcber die neuesten Trends und Zukunftsperspektiven im Schweizer Gesundheitssystem zu diskutieren. Als ein biopharmazeutisches Unternehmen mit Sitz in Luzern unterst\u00fctzt MSD Schweiz stolz diese f\u00fchrende nationale Gesundheitsveranstaltung und ist seit 2013 GOLD-Partner.<\/p>\n\n\n\n<p class=\"has-small-font-size\">Durch ihre aktive Rolle im Beirat tr\u00e4gt MSD mit Experteneinblicken dazu bei, aufkommende Gesundheitstrends zu identifizieren und das Jahresprogramm des Symposiums zu gestalten, und bekr\u00e4ftigt damit ihr Engagement f\u00fcr die F\u00f6rderung von Innovation und Zusammenarbeit im Schweizer Gesundheitswesen.\u00a0<\/p>\n\n\n\n<p class=\"has-small-font-size\"><em>Klicken Sie <a href=\"https:\/\/www.trendtage-gesundheit.ch\/de\/\" target=\"_blank\" rel=\"noreferrer noopener nofollow\">hier<\/a> f\u00fcr weitere Details<\/em>.<\/p>\n<\/div>\n\n\n\n<div class=\"wp-block-column is-layout-flow wp-block-column-is-layout-flow\"><div class=\"wp-block-image\">\n<figure class=\"aligncenter size-full\"><img loading=\"lazy\" decoding=\"async\" width=\"1033\" height=\"585\" src=\"https:\/\/www.msd.ch\/de\/wp-content\/uploads\/sites\/88\/2025\/11\/OSI-ATH-RaceForLife.jpg\" alt=\"Foto: MSD- Angestellte mit Kindern beim Race for Life\" class=\"wp-image-12924\" \/><\/figure><\/div>\n\n\n<h4 class=\"wp-block-heading has-text-align-left has-text-color has-link-color wp-elements-f7f3220a5b0c2d7ed93ce7f970cd3073\" style=\"color:#5350e4\"><strong>Race for Life<\/strong><\/h4>\n\n\n\n<p class=\"has-small-font-size\">Race for Life ist eine j\u00e4hrliche Krebsaufkl\u00e4rungs- und Spendenveranstaltung in Bern, die Teilnehmende aller Altersgruppen zusammenbringt, um die Krebsforschung, Patientenversorgung und kollektive Massnahmen im Kampf gegen Krebs zu unterst\u00fctzen. Die Veranstaltung inspiriert zu Hoffnung, Engagement und bedeutsamer Teilnahme von Gemeinschaften im ganzen Land.<\/p>\n\n\n\n<p class=\"has-small-font-size\">Als Teil unseres Engagements f\u00fcr die F\u00f6rderung der Krebsforschung und der \u00f6ffentlichen Gesundheit war MSD von 2022 bis 2024 stolzer Partner von Race for Life und half mit, das Bewusstsein zu sch\u00e4rfen, Spenden zu f\u00f6rdern und kollektive Bem\u00fchungen zur Verbesserung des Lebens von Krebsbetroffenen zu unterst\u00fctzen.<\/p>\n\n\n\n<p class=\"has-small-font-size\"><em><em>Klicken Sie <a href=\"https:\/\/raceforlife.ch\/\" target=\"_blank\" rel=\"noreferrer noopener nofollow\">hier<\/a> f\u00fcr weitere Details<\/em>.<\/em><\/p>\n<\/div>\n\n\n\n<div class=\"wp-block-column is-layout-flow wp-block-column-is-layout-flow\"><div class=\"wp-block-image\">\n<figure class=\"aligncenter size-full\"><img loading=\"lazy\" decoding=\"async\" width=\"1033\" height=\"585\" src=\"https:\/\/www.msd.ch\/de\/wp-content\/uploads\/sites\/88\/2025\/11\/OSI-ATH-LucerneCityRun.jpg\" alt=\"Foto: MSD- Angestellte mit Kindern beim Luzerner Stadtlauf\" class=\"wp-image-12923\" \/><\/figure><\/div>\n\n\n<h4 class=\"wp-block-heading has-text-align-left has-text-color has-link-color wp-elements-831074d1d932ac0dc197f79f0ba2271a\" style=\"color:#5350e4\"><strong><strong>Luzerner Stadtlauf<\/strong><\/strong><\/h4>\n\n\n\n<p class=\"has-small-font-size\">Seit 2025 ist MSD Schweiz stolzer Partner des Luzerner Stadtlaufs, um um Gesundheit und gesellschaftliches Engagement zu f\u00f6rdern.<\/p>\n\n\n\n<p class=\"has-small-font-size\">Die Initiative unterst\u00fctzt unsere Nachhaltigkeitsziele, indem sie k\u00f6rperliche Aktivit\u00e4t, Teamgeist und Wohlbefinden f\u00f6rdert. Durch die Unterst\u00fctzung von rund 1\u2019000 Kindern an der Veranstaltung unterstreicht MSD sein Engagement, die n\u00e4chste Generation zu st\u00e4rken und inklusive Chancen zu f\u00f6rdern.<\/p>\n\n\n\n<p class=\"has-small-font-size\"><em><em>Klicken Sie <a href=\"https:\/\/www.luzernerstadtlauf.ch\/\" target=\"_blank\" rel=\"noreferrer noopener nofollow\">hier<\/a> f\u00fcr weitere Details<\/em>.<\/em><\/p>\n<\/div>\n<\/div>\n\n\n\n<div class=\"wp-block-columns is-layout-flex wp-container-core-columns-is-layout-9d6595d7 wp-block-columns-is-layout-flex\">\n<div class=\"wp-block-column is-layout-flow wp-block-column-is-layout-flow\"><div class=\"wp-block-image\">\n<figure class=\"aligncenter size-large\"><img loading=\"lazy\" decoding=\"async\" width=\"1033\" height=\"585\" src=\"https:\/\/www.msd.ch\/de\/wp-content\/uploads\/sites\/88\/2025\/11\/OSI-ATH-Barometer.jpg?w=1033\" alt=\"Bild: Barometer\" class=\"wp-image-12922\" style=\"object-fit:cover\" \/><\/figure><\/div>\n\n\n<h4 class=\"wp-block-heading has-text-align-left has-text-color has-link-color wp-elements-ae06608d7a106f9d757a04a7e7a845fb\" style=\"color:#5350e4\"><strong>MSD Krebsbarometer<\/strong><\/h4>\n\n\n\n<p class=\"has-small-font-size\">Das 2021 lancierte MSD Krebsbarometer liefert wertvolle Einblicke in die \u00f6ffentliche Wahrnehmung der Krebsversorgung in der Schweiz, mit Fokus auf Pr\u00e4vention, Fr\u00fcherkennung und Zugang zu qualitativ hochwertiger Behandlung. Die Studie umfasst Antworten von 1\u2019250 Personen aus allen Sprachregionen, wobei 10\u201311% der Teilnehmer pers\u00f6nliche oder famili\u00e4re Erfahrungen mit Krebs haben.<\/p>\n\n\n\n<p class=\"has-small-font-size\">Das in Zusammenarbeit mit GFS Bern entwickelte Barometer bewertet die Qualit\u00e4t der Krebsversorgung durch die Sammlung von Beitr\u00e4gen von Patient:innen, Gesundheitsfachkr\u00e4ften und der breiten \u00d6ffentlichkeit. Die Ergebnisse zeigen wichtige Herausforderungen wie Kommunikationsl\u00fccken, rechtzeitigen Zugang zur Behandlung und langfristige Unterst\u00fctzung f\u00fcr \u00dcberlebende auf.<\/p>\n\n\n\n<p class=\"has-small-font-size\">Durch die Identifizierung von Ungleichheiten und Verbesserungsm\u00f6glichkeiten dient das MSD Krebsbarometer als wichtige evidenzbasierte Ressource f\u00fcr politische Entscheidungstr\u00e4ger, Gesundheitsdienstleister und Organisationen des \u00f6ffentlichen Gesundheitswesens, die daran arbeiten, die Krebsversorgung und Patientenergebnisse in der Schweiz zu verbessern.<\/p>\n<\/div>\n\n\n\n<div class=\"wp-block-column is-layout-flow wp-block-column-is-layout-flow\"><div class=\"wp-block-image\">\n<figure class=\"aligncenter size-full\"><img loading=\"lazy\" decoding=\"async\" width=\"1033\" height=\"585\" src=\"https:\/\/www.msd.ch\/de\/wp-content\/uploads\/sites\/88\/2025\/11\/OSI-ATH-MSDPatientSoundingBoard.jpg\" alt=\"Foto: Menschen, die miteinander sprechen\" class=\"wp-image-12921\" style=\"object-fit:cover\" \/><\/figure><\/div>\n\n\n<h4 class=\"wp-block-heading has-text-align-left has-text-color has-link-color wp-elements-0375c8b4c17296bf0a39eda8b1e9d1fc\" style=\"color:#5350e4\"><strong>MSD Patient Sounding Board<\/strong><\/h4>\n\n\n\n<p class=\"has-small-font-size\">Das\u00a0Oncology Patient Sounding Board\u00a0wurde entwickelt, um\u00a0die Stimme der Patient:innen\u00a0in unseren t\u00e4glichen Abl\u00e4ufen zu verst\u00e4rken, indem es einen\u00a0wechselseitigen Austausch von Erkenntnissen zwischen\u00a0Patient:innen, Betreuungspersonen und der\u00a0Gesundheitsbranche\u00a0f\u00f6rdert. Dieser Dialog hilft beiden Seiten, voneinander zu lernen, und stellt sicher, dass die Perspektive von Patient:innen die Entscheidungsfindung und Innovation in der Onkologie direkt pr\u00e4gen.<\/p>\n\n\n\n<p class=\"has-small-font-size\">Durch enge Zusammenarbeit mit\u00a0Patientenvertretungsgruppen\u00a0zielt die Initiative darauf ab,\u00a0Patient:innen und Betreuungspersonen zu st\u00e4rken,\u00a0st\u00e4rkere Partnerschaften\u00a0mit Interessenvertretungsorganisationen aufzubauen und\u00a0die Patientenvertretung\u00a0in der\u00a0Gesundheits- und Politiklandschaft\u00a0zu verbessern.<\/p>\n\n\n\n<p class=\"has-small-font-size\">Geleitet von unserem Engagement f\u00fcr einen\u00a0patientenzentrierten Ansatz\u00a0hat sich das Programm nun\u00a0\u00fcber die Onkologie hinaus\u00a0auf andere\u00a0Therapiebereiche\u00a0ausgeweitet und bekr\u00e4ftigt unser Ziel,\u00a0die Patientenperspektive in alle Aspekte der Gesundheitsentwicklung und -versorgung zu integrieren.<\/p>\n<\/div>\n\n\n\n<div class=\"wp-block-column is-layout-flow wp-block-column-is-layout-flow\"><div class=\"wp-block-image\">\n<figure class=\"aligncenter size-full\"><img loading=\"lazy\" decoding=\"async\" width=\"1033\" height=\"585\" src=\"https:\/\/www.msd.ch\/de\/wp-content\/uploads\/sites\/88\/2025\/11\/OSI-ATH-PinkCube2025Zurich.jpg\" alt=\"Bild: Pink Cube 2025 auf dem Utoplatz in Z\u00fcrich\" class=\"wp-image-12919\" \/><\/figure><\/div>\n\n\n<h4 class=\"wp-block-heading has-text-align-left has-text-color has-link-color wp-elements-8b73f36cc58836d793993b8620375574\" style=\"color:#5350e4\"><strong>PINK CUBE Test Your Breast<\/strong><\/h4>\n\n\n\n<p class=\"has-small-font-size\">PINK CUBE\u00a0wurde 2022 von\u00a0MSD\u00a0initiiert und ist eine\u00a0einzigartige Initiative,\u00a0die die Brustkrebspr\u00e4vention\u00a0in der Schweiz f\u00f6rdert, indem sie\u00a0das \u00f6ffentliche und politische Bewusstsein sch\u00e4rft,\u00a0medizinisches Wissen teilt\u00a0und\u00a0die Fr\u00fcherkennung st\u00e4rkt. Das Programm umfasst\u00a0interaktive Roadshows\u00a0w\u00e4hrend des Brustkrebsmonats im Oktober\u00a0und engagiert sich das ganze Jahr \u00fcber in den Gemeinden.<\/p>\n\n\n\n<p class=\"has-small-font-size\">Im Jahr\u00a02024\u00a0wurden\u00a0471 Personen\u00a0auf Brustkrebs untersucht,\u00a0von denen 34 zur weiteren medizinischen Abkl\u00e4rung \u00fcberwiesen wurden. Dies unterstreicht die konkrete Wirkung der Initiative auf die Fr\u00fcherkennung sowie den Zugang zu weiterf\u00fchrender Behandlung. Im selben Jahr erhielt\u00a0PINK CUBE\u00a0sowohl den\u00a0Publikumspreis\u00a0als auch den\u00a0Responsibility Award\u00a0bei der\u00a06. Nacht des Sponsorings,\u00a0was seinen innovativen Beitrag zur Krebsaufkl\u00e4rung und \u00f6ffentlichen Gesundheit w\u00fcrdigt.<\/p>\n<\/div>\n<\/div>\n\n\n\n<div style=\"height:100px\" aria-hidden=\"true\" class=\"wp-block-spacer\"><\/div>\n\n\n\n<div class=\"wp-block-columns has-white-color has-text-color has-background has-link-color wp-elements-ca424e835fe81736c8dca21d625a8564 is-layout-flex wp-container-core-columns-is-layout-9d6595d7 wp-block-columns-is-layout-flex\" style=\"background-color:#00857c\">\n<div class=\"wp-block-column is-layout-flow wp-block-column-is-layout-flow\">\n<p class=\"has-white-background-color has-text-color has-background has-link-color has-medium-font-size wp-elements-01047c9849af86dbc41dbf1bfd4e1bd0\" style=\"color:#00857c\"><strong><a href=\"https:\/\/www.msd.ch\/de\/home\/about-us\/responsibility\/msd-switzerland-sustainability-and-global-health\/\">Zur\u00fcck zu Nachhaltigkeit und globale Gesundheit<\/a><\/strong><\/p>\n<\/div>\n<\/div>\n\n\n\n<div style=\"height:100px\" aria-hidden=\"true\" class=\"wp-block-spacer\"><\/div>\n\n\n\n<p class=\"has-small-font-size\">CH-NON-03156, 02\/2026<\/p>\n","protected":false},"excerpt":{"rendered":"<p>Verbesserung des Gesundheitsbewusstseins, der Pr\u00e4vention und des Zugangs zur Gesundheitsversorgung Bei MSD Schweiz setzen wir uns daf\u00fcr ein, den Zugang zu hochwertiger Gesundheitsversorgung durch Aufkl\u00e4rung, Pr\u00e4vention und Zusammenarbeit zu erweitern. Unser Engagement basiert auf bedeutsamen Partnerschaften mit Pflegekr\u00e4ften, Gesundheitsbeh\u00f6rden, Forschungseinrichtungen und Patientenvereinigungen \u2013 gemeinsam arbeiten wir daran, die Gesundheitsversorgung inklusiver und effektiver zu gestalten. Durch [&hellip;]<\/p>\n","protected":false},"author":974,"featured_media":12343,"parent":13034,"menu_order":-1,"comment_status":"closed","ping_status":"closed","template":"","meta":{"_acf_changed":false,"bdl_company_name":[],"bdl_item_external_link":[],"editor_notices":[],"footnotes":""},"class_list":["post-12926","page","type-page","status-publish","has-post-thumbnail","hentry"],"yoast_head":"<!-- This site is optimized with the Yoast SEO plugin v21.9.1 - https:\/\/yoast.com\/wordpress\/plugins\/seo\/ -->\n<title>Zugang zu Gesundheitsversorgung - MSD Schweiz<\/title>\n<meta name=\"description\" content=\"Bei MSD Schweiz setzen wir uns daf\u00fcr ein, den Zugang zu Gesundheitsversorgung durch Aufkl\u00e4rung, Pr\u00e4vention und Zusammenarbeit zu erweitern.\" \/>\n<meta name=\"robots\" content=\"index, follow, max-snippet:-1, max-image-preview:large, max-video-preview:-1\" \/>\n<link rel=\"canonical\" href=\"https:\/\/www.msd.ch\/de\/home\/about-us\/responsibility\/msd-switzerland-sustainability-and-global-health\/access-to-healthcare\/\" \/>\n<meta property=\"og:locale\" content=\"en_US\" \/>\n<meta property=\"og:type\" content=\"article\" \/>\n<meta property=\"og:title\" content=\"Zugang zu Gesundheitsversorgung - MSD Schweiz\" \/>\n<meta property=\"og:description\" content=\"Bei MSD Schweiz setzen wir uns daf\u00fcr ein, den Zugang zu Gesundheitsversorgung durch Aufkl\u00e4rung, Pr\u00e4vention und Zusammenarbeit zu erweitern.\" \/>\n<meta property=\"og:url\" content=\"https:\/\/www.msd.ch\/de\/home\/about-us\/responsibility\/msd-switzerland-sustainability-and-global-health\/access-to-healthcare\/\" \/>\n<meta property=\"og:site_name\" content=\"msd.ch\" \/>\n<meta property=\"article:modified_time\" content=\"2026-02-13T07:45:08+00:00\" \/>\n<meta property=\"og:image\" content=\"https:\/\/www.msd.ch\/de\/wp-content\/uploads\/sites\/88\/2025\/04\/sponsoring-gv-award_181.jpg\" \/>\n\t<meta property=\"og:image:width\" content=\"7395\" \/>\n\t<meta property=\"og:image:height\" content=\"4930\" \/>\n\t<meta property=\"og:image:type\" content=\"image\/jpeg\" \/>\n<meta name=\"twitter:card\" content=\"summary_large_image\" \/>\n<meta name=\"twitter:label1\" content=\"Est. reading time\" \/>\n\t<meta name=\"twitter:data1\" content=\"5 minutes\" \/>\n<script type=\"application\/ld+json\" class=\"yoast-schema-graph\">{\"@context\":\"https:\/\/schema.org\",\"@graph\":[{\"@type\":\"WebPage\",\"@id\":\"https:\/\/www.msd.ch\/de\/home\/about-us\/responsibility\/msd-switzerland-sustainability-and-global-health\/access-to-healthcare\/\",\"url\":\"https:\/\/www.msd.ch\/de\/home\/about-us\/responsibility\/msd-switzerland-sustainability-and-global-health\/access-to-healthcare\/\",\"name\":\"Zugang zu Gesundheitsversorgung - MSD Schweiz\",\"isPartOf\":{\"@id\":\"https:\/\/www.msd.ch\/de\/#website\"},\"datePublished\":\"2026-02-13T07:45:07+00:00\",\"dateModified\":\"2026-02-13T07:45:08+00:00\",\"description\":\"Bei MSD Schweiz setzen wir uns daf\u00fcr ein, den Zugang zu Gesundheitsversorgung durch Aufkl\u00e4rung, Pr\u00e4vention und Zusammenarbeit zu erweitern.\",\"breadcrumb\":{\"@id\":\"https:\/\/www.msd.ch\/de\/home\/about-us\/responsibility\/msd-switzerland-sustainability-and-global-health\/access-to-healthcare\/#breadcrumb\"},\"inLanguage\":\"en-US\",\"potentialAction\":[{\"@type\":\"ReadAction\",\"target\":[\"https:\/\/www.msd.ch\/de\/home\/about-us\/responsibility\/msd-switzerland-sustainability-and-global-health\/access-to-healthcare\/\"]}]},{\"@type\":\"BreadcrumbList\",\"@id\":\"https:\/\/www.msd.ch\/de\/home\/about-us\/responsibility\/msd-switzerland-sustainability-and-global-health\/access-to-healthcare\/#breadcrumb\",\"itemListElement\":[{\"@type\":\"ListItem\",\"position\":1,\"name\":\"Home\",\"item\":\"https:\/\/www.msd.ch\/de\/\"},{\"@type\":\"ListItem\",\"position\":2,\"name\":\"\u00dcber uns\",\"item\":\"https:\/\/www.msd.ch\/de\/home\/about-us\/\"},{\"@type\":\"ListItem\",\"position\":3,\"name\":\"Verantwortung\",\"item\":\"https:\/\/www.msd.ch\/de\/home\/about-us\/responsibility\/\"},{\"@type\":\"ListItem\",\"position\":4,\"name\":\"Nachhaltigkeit und globale Gesundheit\",\"item\":\"https:\/\/www.msd.ch\/de\/home\/about-us\/responsibility\/msd-switzerland-sustainability-and-global-health\/\"},{\"@type\":\"ListItem\",\"position\":5,\"name\":\"Access to Healthcare\"}]},{\"@type\":\"WebSite\",\"@id\":\"https:\/\/www.msd.ch\/de\/#website\",\"url\":\"https:\/\/www.msd.ch\/de\/\",\"name\":\"msd.ch\",\"description\":\"MSD erforscht und entwickelt Medikamente und Impfstoffe, die Leben retten und die Gesundheit von Patienten verbessern sollen. In der Schweiz setzen sich 1000 Mitarbeitende in Luzern und Z\u00fcrich daf\u00fcr ein.\",\"potentialAction\":[{\"@type\":\"SearchAction\",\"target\":{\"@type\":\"EntryPoint\",\"urlTemplate\":\"https:\/\/www.msd.ch\/de\/?s={search_term_string}\"},\"query-input\":\"required name=search_term_string\"}],\"inLanguage\":\"en-US\"}]}<\/script>\n<!-- \/ Yoast SEO plugin. -->","yoast_head_json":{"title":"Zugang zu Gesundheitsversorgung - MSD Schweiz","description":"Bei MSD Schweiz setzen wir uns daf\u00fcr ein, den Zugang zu Gesundheitsversorgung durch Aufkl\u00e4rung, Pr\u00e4vention und Zusammenarbeit zu erweitern.","robots":{"index":"index","follow":"follow","max-snippet":"max-snippet:-1","max-image-preview":"max-image-preview:large","max-video-preview":"max-video-preview:-1"},"canonical":"https:\/\/www.msd.ch\/de\/home\/about-us\/responsibility\/msd-switzerland-sustainability-and-global-health\/access-to-healthcare\/","og_locale":"en_US","og_type":"article","og_title":"Zugang zu Gesundheitsversorgung - MSD Schweiz","og_description":"Bei MSD Schweiz setzen wir uns daf\u00fcr ein, den Zugang zu Gesundheitsversorgung durch Aufkl\u00e4rung, Pr\u00e4vention und Zusammenarbeit zu erweitern.","og_url":"https:\/\/www.msd.ch\/de\/home\/about-us\/responsibility\/msd-switzerland-sustainability-and-global-health\/access-to-healthcare\/","og_site_name":"msd.ch","article_modified_time":"2026-02-13T07:45:08+00:00","og_image":[{"width":7395,"height":4930,"url":"https:\/\/www.msd.ch\/de\/wp-content\/uploads\/sites\/88\/2025\/04\/sponsoring-gv-award_181.jpg","type":"image\/jpeg"}],"twitter_card":"summary_large_image","twitter_misc":{"Est. reading time":"5 minutes"},"schema":{"@context":"https:\/\/schema.org","@graph":[{"@type":"WebPage","@id":"https:\/\/www.msd.ch\/de\/home\/about-us\/responsibility\/msd-switzerland-sustainability-and-global-health\/access-to-healthcare\/","url":"https:\/\/www.msd.ch\/de\/home\/about-us\/responsibility\/msd-switzerland-sustainability-and-global-health\/access-to-healthcare\/","name":"Zugang zu Gesundheitsversorgung - MSD Schweiz","isPartOf":{"@id":"https:\/\/www.msd.ch\/de\/#website"},"datePublished":"2026-02-13T07:45:07+00:00","dateModified":"2026-02-13T07:45:08+00:00","description":"Bei MSD Schweiz setzen wir uns daf\u00fcr ein, den Zugang zu Gesundheitsversorgung durch Aufkl\u00e4rung, Pr\u00e4vention und Zusammenarbeit zu erweitern.","breadcrumb":{"@id":"https:\/\/www.msd.ch\/de\/home\/about-us\/responsibility\/msd-switzerland-sustainability-and-global-health\/access-to-healthcare\/#breadcrumb"},"inLanguage":"en-US","potentialAction":[{"@type":"ReadAction","target":["https:\/\/www.msd.ch\/de\/home\/about-us\/responsibility\/msd-switzerland-sustainability-and-global-health\/access-to-healthcare\/"]}]},{"@type":"BreadcrumbList","@id":"https:\/\/www.msd.ch\/de\/home\/about-us\/responsibility\/msd-switzerland-sustainability-and-global-health\/access-to-healthcare\/#breadcrumb","itemListElement":[{"@type":"ListItem","position":1,"name":"Home","item":"https:\/\/www.msd.ch\/de\/"},{"@type":"ListItem","position":2,"name":"\u00dcber uns","item":"https:\/\/www.msd.ch\/de\/home\/about-us\/"},{"@type":"ListItem","position":3,"name":"Verantwortung","item":"https:\/\/www.msd.ch\/de\/home\/about-us\/responsibility\/"},{"@type":"ListItem","position":4,"name":"Nachhaltigkeit und globale Gesundheit","item":"https:\/\/www.msd.ch\/de\/home\/about-us\/responsibility\/msd-switzerland-sustainability-and-global-health\/"},{"@type":"ListItem","position":5,"name":"Access to Healthcare"}]},{"@type":"WebSite","@id":"https:\/\/www.msd.ch\/de\/#website","url":"https:\/\/www.msd.ch\/de\/","name":"msd.ch","description":"MSD erforscht und entwickelt Medikamente und Impfstoffe, die Leben retten und die Gesundheit von Patienten verbessern sollen. In der Schweiz setzen sich 1000 Mitarbeitende in Luzern und Z\u00fcrich daf\u00fcr ein.","potentialAction":[{"@type":"SearchAction","target":{"@type":"EntryPoint","urlTemplate":"https:\/\/www.msd.ch\/de\/?s={search_term_string}"},"query-input":"required name=search_term_string"}],"inLanguage":"en-US"}]}},"acf":[],"_links":{"self":[{"href":"https:\/\/www.msd.ch\/de\/wp-json\/wp\/v2\/pages\/12926","targetHints":{"allow":["GET"]}}],"collection":[{"href":"https:\/\/www.msd.ch\/de\/wp-json\/wp\/v2\/pages"}],"about":[{"href":"https:\/\/www.msd.ch\/de\/wp-json\/wp\/v2\/types\/page"}],"author":[{"embeddable":true,"href":"https:\/\/www.msd.ch\/de\/wp-json\/wp\/v2\/users\/974"}],"replies":[{"embeddable":true,"href":"https:\/\/www.msd.ch\/de\/wp-json\/wp\/v2\/comments?post=12926"}],"version-history":[{"count":16,"href":"https:\/\/www.msd.ch\/de\/wp-json\/wp\/v2\/pages\/12926\/revisions"}],"predecessor-version":[{"id":13619,"href":"https:\/\/www.msd.ch\/de\/wp-json\/wp\/v2\/pages\/12926\/revisions\/13619"}],"up":[{"embeddable":true,"href":"https:\/\/www.msd.ch\/de\/wp-json\/wp\/v2\/pages\/13034"}],"wp:featuredmedia":[{"embeddable":true,"href":"https:\/\/www.msd.ch\/de\/wp-json\/wp\/v2\/media\/12343"}],"wp:attachment":[{"href":"https:\/\/www.msd.ch\/de\/wp-json\/wp\/v2\/media?parent=12926"}],"curies":[{"name":"wp","href":"https:\/\/api.w.org\/{rel}","templated":true}]}}