{"id":12927,"date":"2026-02-13T08:45:34","date_gmt":"2026-02-13T07:45:34","guid":{"rendered":"https:\/\/www.msd.ch\/de\/?page_id=12927"},"modified":"2026-02-13T08:45:35","modified_gmt":"2026-02-13T07:45:35","slug":"employees","status":"publish","type":"page","link":"https:\/\/www.msd.ch\/de\/home\/about-us\/responsibility\/msd-switzerland-sustainability-and-global-health\/employees\/","title":{"rendered":"Employees"},"content":{"rendered":"\n<div style=\"height:100px\" aria-hidden=\"true\" class=\"wp-block-spacer\"><\/div>\n\n\n<div class=\"wp-block-image\">\n<figure class=\"aligncenter size-large\"><img loading=\"lazy\" decoding=\"async\" width=\"3202\" height=\"206\" src=\"https:\/\/www.msd.ch\/de\/wp-content\/uploads\/sites\/88\/2025\/11\/Banner-Employees.png?w=3202\" alt=\"Image: banner Employees\" class=\"wp-image-12917\" \/><\/figure><\/div>\n\n\n<div style=\"height:20px\" aria-hidden=\"true\" class=\"wp-block-spacer\"><\/div>\n\n\n\n<h2 class=\"wp-block-heading has-text-color has-link-color wp-elements-a476d8eb69707299a7fc2247b62a408f\" style=\"color:#69b8f7\"><strong>F\u00f6rderung von Vielfalt, Inklusion, Gleichberechtigung und Engagement f\u00fcr unsere Mitarbeitenden<\/strong><\/h2>\n\n\n\n<div class=\"wp-block-columns is-layout-flex wp-container-core-columns-is-layout-9d6595d7 wp-block-columns-is-layout-flex\">\n<div class=\"wp-block-column is-vertically-aligned-top is-layout-flow wp-block-column-is-layout-flow\">\n<p>Bei MSD Schweiz setzen wir uns f\u00fcr den Aufbau einer vielf\u00e4ltigen, inklusiven und engagierten Belegschaft ein, in der sich alle Mitarbeitenden entfalten k\u00f6nnen. Unsere Initiativen f\u00fcr Mitarbeiterengagement und Wohlbefinden bei MSD Schweiz f\u00f6rdern sowohl die pers\u00f6nliche als auch die berufliche Entwicklung, indem sie ein positives Arbeitsumfeld schaffen, den Aufbau von Gemeinschaften unterst\u00fctzen und vielf\u00e4ltige Perspektiven w\u00fcrdigen, die unsere gemeinsame Kultur st\u00e4rken.<\/p>\n\n\n\n<p>Unsere Employee Business Resource Groups (EBRGs), die von engagierten Mitarbeitenden geleitet werden, dienen als wichtige kulturelle und bildungsbezogene Netzwerke, die Zugeh\u00f6rigkeit und Inklusion st\u00e4rken. In der Schweiz sind wir stolz darauf sieben aktive EBRGs zu haben: Rainbow Alliance, League of Employees of African Descent, CapABILITY, Women&#8217;s &amp; Next Gen Network, Asia Pacific Association und Alianza.<\/p>\n\n\n\n<p>Geschlechtergleichstellung ist f\u00fcr uns eine zentrale Priorit\u00e4t. Wir streben Chancengleichheit und ein ausgewogenes Geschlechterverh\u00e4ltnis von 50\/50 auf allen Ebenen der Organisation an. Unsere geschlechtsneutrale Elternzeitregelung spiegelt dieses anhaltende Engagement f\u00fcr Gleichberechtigung und Inklusion wider.<\/p>\n\n\n\n<p>Durch One MSD pflegen wir eine inklusive Kultur und f\u00f6rdern das Wohlbefinden der Mitarbeitenden mit unternehmensweiten Veranstaltungen und M\u00f6glichkeiten zum freiwilligen Engagement.<\/p>\n<\/div>\n\n\n\n<div class=\"wp-block-column is-layout-flow wp-block-column-is-layout-flow\">\n<div style=\"height:25px\" aria-hidden=\"true\" class=\"wp-block-spacer\"><\/div>\n\n\n\n<figure class=\"wp-block-image size-large\"><img loading=\"lazy\" decoding=\"async\" width=\"1500\" height=\"1002\" src=\"https:\/\/www.msd.ch\/de\/wp-content\/uploads\/sites\/88\/2025\/11\/OSI-EMPL-Pride2025.jpg?w=1500\" alt=\"Foto: MSD- Angestellte bei der Zurich Pride 2025\" class=\"wp-image-12910\" \/><figcaption class=\"wp-element-caption\">MSD Schweiz bei der Zurich Pride 2025<\/figcaption><\/figure>\n<\/div>\n<\/div>\n\n\n<div class=\"wp-block-image\">\n<figure class=\"aligncenter size-large\"><img loading=\"lazy\" decoding=\"async\" width=\"500\" height=\"14\" src=\"https:\/\/www.msd.ch\/de\/wp-content\/uploads\/sites\/88\/2025\/11\/Separator-Employees.png?w=500\" alt=\"Image: separator\" class=\"wp-image-12913\" style=\"object-fit:cover\" \/><\/figure><\/div>\n\n\n<div style=\"height:20px\" aria-hidden=\"true\" class=\"wp-block-spacer\"><\/div>\n\n\n\n<p>Bei MSD Schweiz arbeiten wir mit Mitarbeitenden und lokalen Organisationen zusammen, um Wohlbefinden, Inklusion, und gesundheitliche Chancengleichheit am Arbeitsplatz zu f\u00f6rdern. Durch Programme wie <em>Power to Protect<\/em> und <em>LiveEarnGrow<\/em> setzen wir unser Engagement f\u00fcr Mitarbeitergesundheit, Engagement, und Vielfalt in die Tat um \u2013 und bef\u00e4higen Menschen, sowohl beruflich als auch pers\u00f6nlich erfolgreich zu sein. Entdecken Sie einige unserer Initiativen unten.<\/p>\n\n\n\n<div style=\"height:20px\" aria-hidden=\"true\" class=\"wp-block-spacer\"><\/div>\n\n\n\n<div class=\"wp-block-columns is-layout-flex wp-container-core-columns-is-layout-9d6595d7 wp-block-columns-is-layout-flex\">\n<div class=\"wp-block-column is-layout-flow wp-block-column-is-layout-flow\"><div class=\"wp-block-image\">\n<figure class=\"aligncenter size-full\"><img loading=\"lazy\" decoding=\"async\" width=\"1033\" height=\"585\" src=\"https:\/\/www.msd.ch\/de\/wp-content\/uploads\/sites\/88\/2025\/11\/OSI-EMPL-Vaccination.jpg\" alt=\"Foto: Arzt impft eine Mitarbeiterin\" class=\"wp-image-12909\" style=\"object-fit:cover\" \/><\/figure><\/div>\n\n\n<h4 class=\"wp-block-heading has-text-align-left has-text-color has-link-color wp-elements-4c528fc2e86c1cd17bf3824e7d9d1995\" style=\"color:#69b8f7\"><strong>HPV-Impfung f\u00fcr MSD-Mitarbeitende<\/strong><\/h4>\n\n\n\n<p class=\"has-small-font-size\">Im Jahr 2023 haben die MSD-Initiativen Power to Protect und LiveEarnGrow in Partnerschaft mit Pharmacies BENU SA ein Programm gestartet, das den Zugang zur HPV-Impfung f\u00fcr Mitarbeiterinnen im Alter von 27\u201345 Jahren erweitert und auf dem bestehenden MSD-Mitarbeiterimpfprogramm aufbaut. Seitdem haben 60 Frauen die HPV-Impfung in BENU-Apotheken erhalten, was einen bedeutenden Fortschritt bei der Pr\u00e4vention HPV-bedingter Erkrankungen bei Erwachsenen darstellt.<\/p>\n\n\n\n<p class=\"has-small-font-size\">Gleichzeitig sch\u00e4rft Power to Protect weiterhin das Bewusstsein f\u00fcr HPV-Pr\u00e4vention durch interaktive Lunch &amp; Learn Anl\u00e4sse, das HPV-Botschafterprogramm (jetzt mit 185 aktiven Mitgliedern), sowie informative Newsletter und Videos, die sich an junge Erwachsene, Eltern und Frauen bis 45 Jahre richten.<\/p>\n\n\n\n<p class=\"has-small-font-size\">Gemeinsam st\u00e4rken diese Bem\u00fchungen das Engagement von MSD Schweiz f\u00fcr Mitarbeiterengagement, Wohlbefinden und \u00f6ffentliche Gesundheit \u2013 und bef\u00e4higen Menschen mit Wissen, Zugang zu Impfungen, und Pr\u00e4ventivversorgung, um die gesundheitliche Chancengleichheit und Krebspr\u00e4vention in der gesamten Schweiz voranzubringen.<\/p>\n<\/div>\n\n\n\n<div class=\"wp-block-column is-layout-flow wp-block-column-is-layout-flow\"><div class=\"wp-block-image\">\n<figure class=\"aligncenter size-full\"><img loading=\"lazy\" decoding=\"async\" width=\"1033\" height=\"585\" src=\"https:\/\/www.msd.ch\/de\/wp-content\/uploads\/sites\/88\/2025\/11\/OSI-EMPL-DEI.jpg\" alt=\"Foto: MSD-Mitarbeiter nehmen an einer Veranstaltung zur Inklusion und Sensibilisierung f\u00fcr LGBTQ+ teil.\" class=\"wp-image-12908\" \/><\/figure><\/div>\n\n\n<h4 class=\"wp-block-heading has-text-align-left has-text-color has-link-color wp-elements-69c4336544d5ad3c1e8c81d5447bb94b\" style=\"color:#69b8f7\"><strong>Vielfalt &amp; Inklusion (D&amp;I)<\/strong><\/h4>\n\n\n\n<p class=\"has-small-font-size\">Bei MSD ist D&amp;I oberste Priorit\u00e4t, was sich in unserem Engagement auf h\u00f6chster Unternehmensebene widerspiegelt. In der Schweiz f\u00f6rdern wir aktiv Lohngleichheit und nachhaltige Geschlechterparit\u00e4t, mit dem Ziel, eine ausgewogene Geschlechterverteilung von 50-50% in allen Funktionen zu erreichen.<br><br>Zur F\u00f6rderung der Geschlechtergleichstellung arbeitet MSD Schweiz mit Advance, einem f\u00fchrenden Schweizer Wirtschaftsverband f\u00fcr Geschlechtergleichstellung, zusammen. Intern treibt unser Gender Parity Workstream wichtige Initiativen wie das Inclusive Leader Journey Training und Female Listening Circles voran und tr\u00e4gt so zur Schaffung einer inklusiveren und st\u00e4rkenden Arbeitsplatzkultur bei.<\/p>\n\n\n\n<p class=\"has-small-font-size\">Seit 2022 ist MSD Schweiz auch stolzer Unterst\u00fctzer der Zurich Pride, einer friedlichen politischen Demonstration, die an den Stonewall-Aufstand von 1969 erinnert, der den Beginn der globalen LGBTQ+-B\u00fcrgerrechtsbewegung markierte. Durch dieses anhaltende Engagement bekr\u00e4ftigen wir unser Bekenntnis zu Vielfalt, Gleichberechtigung und Respekt f\u00fcr alle.<\/p>\n<\/div>\n\n\n\n<div class=\"wp-block-column is-layout-flow wp-block-column-is-layout-flow\"><div class=\"wp-block-image\">\n<figure class=\"aligncenter size-full\"><img loading=\"lazy\" decoding=\"async\" width=\"1033\" height=\"585\" src=\"https:\/\/www.msd.ch\/de\/wp-content\/uploads\/sites\/88\/2025\/11\/OSI-EMPL-Volunteering.jpg\" alt=\"Foto: MSD- Angestellte sammeln w\u00e4hrend einer Freiwilligenaktion M\u00fcll.\" class=\"wp-image-12907\" \/><\/figure><\/div>\n\n\n<h4 class=\"wp-block-heading has-text-align-left has-text-color has-link-color wp-elements-47303517ae825bb859d4e50fd9bf8b7f\" style=\"color:#69b8f7\"><strong><strong>Freiwilligenarbeit<\/strong><\/strong><\/h4>\n\n\n\n<p class=\"has-small-font-size\">Durch das Corporate Volunteering Programm von MSD k\u00f6nnen Mitarbeitende bis zu 40 Arbeitsstunden pro Jahr f\u00fcr die Unterst\u00fctzung von gemeinn\u00fctzigen und wohlt\u00e4tigen Organisationen einsetzen. Diese Initiative ermutigt Mitarbeitende, ihre Zeit und F\u00e4higkeiten f\u00fcr Anliegen einzusetzen, die Gemeinschaften st\u00e4rken und soziale Verantwortung f\u00f6rdern.<\/p>\n\n\n\n<p class=\"has-small-font-size\">Im Jahr 2024 haben MSD-Mitarbeitende gemeinsam mehr als 1.000 Stunden Freiwilligenarbeit bei verschiedenen Organisationen in der ganzen Schweiz geleistet \u2013 zur Unterst\u00fctzung von Bildungs-, Gesundheits- und Sozialprojekten.<\/p>\n\n\n\n<p class=\"has-small-font-size\">Um diese M\u00f6glichkeiten weiter auszubauen, ist MSD Schweiz 2025 eine Partnerschaft mit Copalana eingegangen &#8211; eine digitale Plattform, die Freiwillige mit sinnstiftenden Gemeinschaftsprojekten verbindet, . Diese Partnerschaft erleichtert es Mitarbeitenden, Freiwilligeneins\u00e4tze zu finden und daran teilzunehmen, und tr\u00e4gt dazu bei, die Reichweite des Programms innerhalb der Gemeinschaft und dar\u00fcber hinaus zu erweitern.<\/p>\n\n\n\n<p class=\"has-small-font-size\">Erfahren Sie mehr \u00fcber<em> <a href=\"https:\/\/copalana.org\/de\/\" target=\"_blank\" rel=\"noreferrer noopener nofollow\">Copalana<\/a><\/em><\/p>\n<\/div>\n<\/div>\n\n\n\n<div class=\"wp-block-columns is-layout-flex wp-container-core-columns-is-layout-9d6595d7 wp-block-columns-is-layout-flex\">\n<div class=\"wp-block-column is-layout-flow wp-block-column-is-layout-flow\"><div class=\"wp-block-image\">\n<figure class=\"aligncenter size-full\"><img loading=\"lazy\" decoding=\"async\" width=\"1033\" height=\"585\" src=\"https:\/\/www.msd.ch\/de\/wp-content\/uploads\/sites\/88\/2025\/11\/OSI-EMPL-ParentLeave_2.jpg\" alt=\"Foto: Ein Vater mit seinem Neugeborenen und seiner Tochter\" class=\"wp-image-12905\" style=\"object-fit:cover\" \/><\/figure><\/div>\n\n\n<h4 class=\"wp-block-heading has-text-align-left has-text-color has-link-color wp-elements-38cf011cb3906ce886dddfbf52d5056a\" style=\"color:#69b8f7\"><strong><strong>Geschlechtsneutrale Elternzeit<\/strong><\/strong><\/h4>\n\n\n\n<p class=\"has-small-font-size\">Bei MSD Schweiz setzen wir uns daf\u00fcr ein, die Work-Life-Balance zu f\u00f6rdern und die Geschlechtergleichstellung auf allen Ebenen unserer Organisation voranzutreiben.<\/p>\n\n\n\n<p class=\"has-small-font-size\">Ein Meilenstein auf diesem Weg ist unsere Richtlinie zur geschlechtsneutralen Elternzeit, die allen frischgebackenen Eltern 16 Wochen bezahlten Urlaub bietet, auch bei Adoption. Diese inklusive Initiative stellt sicher, dass sowohl M\u00fctter als auch V\u00e4ter die gleiche M\u00f6glichkeit haben, sich um ihr Kind zu k\u00fcmmern, famili\u00e4re Bindungen zu st\u00e4rken und berufliche und pers\u00f6nliche Verantwortlichkeiten in Einklang zu bringen.<\/p>\n\n\n\n<p class=\"has-small-font-size\">Durch Richtlinien wie diese baut MSD Schweiz weiterhin einen vielf\u00e4ltigen, gerechten und unterst\u00fctzenden Arbeitsplatz auf, an dem alle Mitarbeitenden bef\u00e4higt werden, erfolgreich zu sein \u2013 sowohl bei der Arbeit als auch zu Hause.<\/p>\n<\/div>\n\n\n\n<div class=\"wp-block-column is-layout-flow wp-block-column-is-layout-flow\"><div class=\"wp-block-image\">\n<figure class=\"aligncenter size-full\"><img loading=\"lazy\" decoding=\"async\" width=\"1033\" height=\"585\" src=\"https:\/\/www.msd.ch\/de\/wp-content\/uploads\/sites\/88\/2025\/11\/OSI-EMPL-PinkRibbonWalk.jpg\" alt=\"Foto: MSD- Angestellte mit rosa Hemden auf einer Laufbahn\" class=\"wp-image-12906\" style=\"object-fit:cover\" \/><\/figure><\/div>\n\n\n<h4 class=\"wp-block-heading has-text-align-left has-text-color has-link-color wp-elements-5e0f5824f808c8da84444f178d50b7cd\" style=\"color:#69b8f7\"><strong>LiveEarnGrow<\/strong><\/h4>\n\n\n\n<p class=\"has-small-font-size\">Das Programm von MSD Schweiz f\u00fcr &nbsp;Mitarbeiterengagement und Wohlbefinden, LiveEarnGrow, ist eine umfassende Initiative, die sich der F\u00f6rderung einer kollaborativen, inklusiven und gesunden Arbeitsplatzkultur widmet. Es konzentriert sich darauf, Gesundheit, Motivation und Zugeh\u00f6rigkeit in allen Teams zu st\u00e4rken und gleichzeitig das Mitarbeiterengagement, das Wohlbefinden und das allgemeine Wohlergehen durch Initiativen zu verbessern, die auf vier Schl\u00fcssels\u00e4ulen aufbauen: Pr\u00e4vention, Balance, Bewegung und Ern\u00e4hrung.<\/p>\n\n\n\n<p class=\"has-small-font-size\">Das Programm bietet eine Reihe wirkungsvoller Gesundheits- und Wohlbefindensinitiativen, darunter Wellness-Programme, Schulungen zu Vielfalt und Inklusion sowie Nachhaltigkeitsprojekte, die positive Ver\u00e4nderungen innerhalb der Organisation und in den lokalen Gemeinschaften vorantreiben.<\/p>\n\n\n\n<p class=\"has-small-font-size\">Beispiele f\u00fcr LiveEarnGrow-Aktivit\u00e4ten sind Mitarbeiterimpfkampagnen, Bike to Work-Challenges, Yoga-Kurse, der Pink Ribbon Walk und Ern\u00e4hrungsworkshops \u2013 alle darauf ausgelegt, die k\u00f6rperliche und geistige Gesundheit, den Teamgeist und einen nachhaltigen Lebensstil von MSD-Mitarbeitenden zu f\u00f6rdern.<\/p>\n<\/div>\n\n\n\n<div class=\"wp-block-column is-layout-flow wp-block-column-is-layout-flow\"><div class=\"wp-block-image\">\n<figure class=\"aligncenter size-full\"><img loading=\"lazy\" decoding=\"async\" width=\"1033\" height=\"585\" src=\"https:\/\/www.msd.ch\/de\/wp-content\/uploads\/sites\/88\/2025\/11\/OSI-EMPL-FinancialLiteracy.jpg\" alt=\"Foto: Innenarchitektinnen beim Durchsehen von Stoffmustern\" class=\"wp-image-12904\" \/><\/figure><\/div>\n\n\n<h4 class=\"wp-block-heading has-text-align-left has-text-color has-link-color wp-elements-10bd82426cf20780c9886c31e35d27f1\" style=\"color:#69b8f7\"><strong>Finanzkompetenz-Kurs f\u00fcr Frauen<\/strong><\/h4>\n\n\n\n<p class=\"has-small-font-size\">Finanzkompetenz-Kurse spielen eine entscheidende Rolle bei der St\u00e4rkung von Frauen, dem Abbau von Ungleichheiten und der F\u00f6rderung eines inklusiven Wirtschaftswachstums \u2013 und schaffen langfristige Vorteile f\u00fcr Einzelpersonen, Gemeinschaften und die Gesellschaft als Ganzes.<\/p>\n\n\n\n<p class=\"has-small-font-size\">Im Jahr 2024 entwickelte und startete MSD Schweiz ein umfassendes Curriculum mit vier Kursen zur Finanzkompetenz, um das Finanzwissen, das Selbstvertrauen und die Entscheidungsf\u00e4higkeit der Mitarbeitenden zu st\u00e4rken.<\/p>\n\n\n\n<p class=\"has-small-font-size\">Um eine nachhaltige Wirkung zu gew\u00e4hrleisten, wurden Aufzeichnungen aller Sitzungen f\u00fcr kontinuierliches Lernen und berufliche Weiterentwicklung zur Verf\u00fcgung gestellt, sodass Mitarbeitende jederzeit auf diese Ressourcen zugreifen und ihr finanzielles Wohlbefinden weiter ausbauen k\u00f6nnen.<\/p>\n\n\n\n<p class=\"has-small-font-size\">Diese Initiative spiegelt MSDs anhaltendes Engagement f\u00fcr Gerechtigkeit, Inklusion und nachhaltige St\u00e4rkung durch Bildung wider und tr\u00e4gt dazu bei, eine besser informierte und finanziell selbstbewusstere Belegschaft zu schaffen.<\/p>\n<\/div>\n<\/div>\n\n\n\n<div style=\"height:100px\" aria-hidden=\"true\" class=\"wp-block-spacer\"><\/div>\n\n\n\n<div class=\"wp-block-columns has-white-color has-text-color has-background has-link-color wp-elements-ca424e835fe81736c8dca21d625a8564 is-layout-flex wp-container-core-columns-is-layout-9d6595d7 wp-block-columns-is-layout-flex\" style=\"background-color:#00857c\">\n<div class=\"wp-block-column is-layout-flow wp-block-column-is-layout-flow\">\n<p class=\"has-white-background-color has-text-color has-background has-link-color has-medium-font-size wp-elements-01047c9849af86dbc41dbf1bfd4e1bd0\" style=\"color:#00857c\"><strong><a href=\"https:\/\/www.msd.ch\/de\/home\/about-us\/responsibility\/msd-switzerland-sustainability-and-global-health\/\">Zur\u00fcck zu Nachhaltigkeit und globale Gesundheit<\/a><\/strong><\/p>\n<\/div>\n<\/div>\n\n\n\n<div style=\"height:100px\" aria-hidden=\"true\" class=\"wp-block-spacer\"><\/div>\n\n\n\n<p class=\"has-small-font-size\">CH-NON-03157, 02\/2026<\/p>\n","protected":false},"excerpt":{"rendered":"<p>F\u00f6rderung von Vielfalt, Inklusion, Gleichberechtigung und Engagement f\u00fcr unsere Mitarbeitenden Bei MSD Schweiz setzen wir uns f\u00fcr den Aufbau einer vielf\u00e4ltigen, inklusiven und engagierten Belegschaft ein, in der sich alle Mitarbeitenden entfalten k\u00f6nnen. Unsere Initiativen f\u00fcr Mitarbeiterengagement und Wohlbefinden bei MSD Schweiz f\u00f6rdern sowohl die pers\u00f6nliche als auch die berufliche Entwicklung, indem sie ein positives [&hellip;]<\/p>\n","protected":false},"author":974,"featured_media":12910,"parent":13034,"menu_order":-1,"comment_status":"closed","ping_status":"closed","template":"","meta":{"_acf_changed":false,"bdl_company_name":[],"bdl_item_external_link":[],"editor_notices":[],"footnotes":""},"class_list":["post-12927","page","type-page","status-publish","has-post-thumbnail","hentry"],"yoast_head":"<!-- This site is optimized with the Yoast SEO plugin v21.9.1 - https:\/\/yoast.com\/wordpress\/plugins\/seo\/ -->\n<title>Engagement, Wohlbefinden und Inklusion der Mitarbeitenden<\/title>\n<meta name=\"description\" content=\"MSD Schweiz f\u00f6rdert Engagement, Wohlbefinden und Inklusion der Mitarbeitenden durch Programme wie LiveEarnGrow und Freiwilligeninitiativen.\" \/>\n<meta name=\"robots\" content=\"index, follow, max-snippet:-1, max-image-preview:large, max-video-preview:-1\" \/>\n<link rel=\"canonical\" href=\"https:\/\/www.msd.ch\/de\/home\/about-us\/responsibility\/msd-switzerland-sustainability-and-global-health\/employees\/\" \/>\n<meta property=\"og:locale\" content=\"en_US\" \/>\n<meta property=\"og:type\" content=\"article\" \/>\n<meta property=\"og:title\" content=\"Engagement, Wohlbefinden und Inklusion der Mitarbeitenden\" \/>\n<meta property=\"og:description\" content=\"MSD Schweiz f\u00f6rdert Engagement, Wohlbefinden und Inklusion der Mitarbeitenden durch Programme wie LiveEarnGrow und Freiwilligeninitiativen.\" \/>\n<meta property=\"og:url\" content=\"https:\/\/www.msd.ch\/de\/home\/about-us\/responsibility\/msd-switzerland-sustainability-and-global-health\/employees\/\" \/>\n<meta property=\"og:site_name\" content=\"msd.ch\" \/>\n<meta property=\"article:modified_time\" content=\"2026-02-13T07:45:35+00:00\" \/>\n<meta property=\"og:image\" content=\"https:\/\/www.msd.ch\/de\/wp-content\/uploads\/sites\/88\/2025\/11\/OSI-EMPL-Pride2025.jpg\" \/>\n\t<meta property=\"og:image:width\" content=\"1500\" \/>\n\t<meta property=\"og:image:height\" content=\"1002\" \/>\n\t<meta property=\"og:image:type\" content=\"image\/jpeg\" \/>\n<meta name=\"twitter:card\" content=\"summary_large_image\" \/>\n<meta name=\"twitter:label1\" content=\"Est. reading time\" \/>\n\t<meta name=\"twitter:data1\" content=\"6 minutes\" \/>\n<script type=\"application\/ld+json\" class=\"yoast-schema-graph\">{\"@context\":\"https:\/\/schema.org\",\"@graph\":[{\"@type\":\"WebPage\",\"@id\":\"https:\/\/www.msd.ch\/de\/home\/about-us\/responsibility\/msd-switzerland-sustainability-and-global-health\/employees\/\",\"url\":\"https:\/\/www.msd.ch\/de\/home\/about-us\/responsibility\/msd-switzerland-sustainability-and-global-health\/employees\/\",\"name\":\"Engagement, Wohlbefinden und Inklusion der Mitarbeitenden\",\"isPartOf\":{\"@id\":\"https:\/\/www.msd.ch\/de\/#website\"},\"datePublished\":\"2026-02-13T07:45:34+00:00\",\"dateModified\":\"2026-02-13T07:45:35+00:00\",\"description\":\"MSD Schweiz f\u00f6rdert Engagement, Wohlbefinden und Inklusion der Mitarbeitenden durch Programme wie LiveEarnGrow und Freiwilligeninitiativen.\",\"breadcrumb\":{\"@id\":\"https:\/\/www.msd.ch\/de\/home\/about-us\/responsibility\/msd-switzerland-sustainability-and-global-health\/employees\/#breadcrumb\"},\"inLanguage\":\"en-US\",\"potentialAction\":[{\"@type\":\"ReadAction\",\"target\":[\"https:\/\/www.msd.ch\/de\/home\/about-us\/responsibility\/msd-switzerland-sustainability-and-global-health\/employees\/\"]}]},{\"@type\":\"BreadcrumbList\",\"@id\":\"https:\/\/www.msd.ch\/de\/home\/about-us\/responsibility\/msd-switzerland-sustainability-and-global-health\/employees\/#breadcrumb\",\"itemListElement\":[{\"@type\":\"ListItem\",\"position\":1,\"name\":\"Home\",\"item\":\"https:\/\/www.msd.ch\/de\/\"},{\"@type\":\"ListItem\",\"position\":2,\"name\":\"\u00dcber uns\",\"item\":\"https:\/\/www.msd.ch\/de\/home\/about-us\/\"},{\"@type\":\"ListItem\",\"position\":3,\"name\":\"Verantwortung\",\"item\":\"https:\/\/www.msd.ch\/de\/home\/about-us\/responsibility\/\"},{\"@type\":\"ListItem\",\"position\":4,\"name\":\"Nachhaltigkeit und globale Gesundheit\",\"item\":\"https:\/\/www.msd.ch\/de\/home\/about-us\/responsibility\/msd-switzerland-sustainability-and-global-health\/\"},{\"@type\":\"ListItem\",\"position\":5,\"name\":\"Employees\"}]},{\"@type\":\"WebSite\",\"@id\":\"https:\/\/www.msd.ch\/de\/#website\",\"url\":\"https:\/\/www.msd.ch\/de\/\",\"name\":\"msd.ch\",\"description\":\"MSD erforscht und entwickelt Medikamente und Impfstoffe, die Leben retten und die Gesundheit von Patienten verbessern sollen. In der Schweiz setzen sich 1000 Mitarbeitende in Luzern und Z\u00fcrich daf\u00fcr ein.\",\"potentialAction\":[{\"@type\":\"SearchAction\",\"target\":{\"@type\":\"EntryPoint\",\"urlTemplate\":\"https:\/\/www.msd.ch\/de\/?s={search_term_string}\"},\"query-input\":\"required name=search_term_string\"}],\"inLanguage\":\"en-US\"}]}<\/script>\n<!-- \/ Yoast SEO plugin. -->","yoast_head_json":{"title":"Engagement, Wohlbefinden und Inklusion der Mitarbeitenden","description":"MSD Schweiz f\u00f6rdert Engagement, Wohlbefinden und Inklusion der Mitarbeitenden durch Programme wie LiveEarnGrow und Freiwilligeninitiativen.","robots":{"index":"index","follow":"follow","max-snippet":"max-snippet:-1","max-image-preview":"max-image-preview:large","max-video-preview":"max-video-preview:-1"},"canonical":"https:\/\/www.msd.ch\/de\/home\/about-us\/responsibility\/msd-switzerland-sustainability-and-global-health\/employees\/","og_locale":"en_US","og_type":"article","og_title":"Engagement, Wohlbefinden und Inklusion der Mitarbeitenden","og_description":"MSD Schweiz f\u00f6rdert Engagement, Wohlbefinden und Inklusion der Mitarbeitenden durch Programme wie LiveEarnGrow und Freiwilligeninitiativen.","og_url":"https:\/\/www.msd.ch\/de\/home\/about-us\/responsibility\/msd-switzerland-sustainability-and-global-health\/employees\/","og_site_name":"msd.ch","article_modified_time":"2026-02-13T07:45:35+00:00","og_image":[{"width":1500,"height":1002,"url":"https:\/\/www.msd.ch\/de\/wp-content\/uploads\/sites\/88\/2025\/11\/OSI-EMPL-Pride2025.jpg","type":"image\/jpeg"}],"twitter_card":"summary_large_image","twitter_misc":{"Est. reading time":"6 minutes"},"schema":{"@context":"https:\/\/schema.org","@graph":[{"@type":"WebPage","@id":"https:\/\/www.msd.ch\/de\/home\/about-us\/responsibility\/msd-switzerland-sustainability-and-global-health\/employees\/","url":"https:\/\/www.msd.ch\/de\/home\/about-us\/responsibility\/msd-switzerland-sustainability-and-global-health\/employees\/","name":"Engagement, Wohlbefinden und Inklusion der Mitarbeitenden","isPartOf":{"@id":"https:\/\/www.msd.ch\/de\/#website"},"datePublished":"2026-02-13T07:45:34+00:00","dateModified":"2026-02-13T07:45:35+00:00","description":"MSD Schweiz f\u00f6rdert Engagement, Wohlbefinden und Inklusion der Mitarbeitenden durch Programme wie LiveEarnGrow und Freiwilligeninitiativen.","breadcrumb":{"@id":"https:\/\/www.msd.ch\/de\/home\/about-us\/responsibility\/msd-switzerland-sustainability-and-global-health\/employees\/#breadcrumb"},"inLanguage":"en-US","potentialAction":[{"@type":"ReadAction","target":["https:\/\/www.msd.ch\/de\/home\/about-us\/responsibility\/msd-switzerland-sustainability-and-global-health\/employees\/"]}]},{"@type":"BreadcrumbList","@id":"https:\/\/www.msd.ch\/de\/home\/about-us\/responsibility\/msd-switzerland-sustainability-and-global-health\/employees\/#breadcrumb","itemListElement":[{"@type":"ListItem","position":1,"name":"Home","item":"https:\/\/www.msd.ch\/de\/"},{"@type":"ListItem","position":2,"name":"\u00dcber uns","item":"https:\/\/www.msd.ch\/de\/home\/about-us\/"},{"@type":"ListItem","position":3,"name":"Verantwortung","item":"https:\/\/www.msd.ch\/de\/home\/about-us\/responsibility\/"},{"@type":"ListItem","position":4,"name":"Nachhaltigkeit und globale Gesundheit","item":"https:\/\/www.msd.ch\/de\/home\/about-us\/responsibility\/msd-switzerland-sustainability-and-global-health\/"},{"@type":"ListItem","position":5,"name":"Employees"}]},{"@type":"WebSite","@id":"https:\/\/www.msd.ch\/de\/#website","url":"https:\/\/www.msd.ch\/de\/","name":"msd.ch","description":"MSD erforscht und entwickelt Medikamente und Impfstoffe, die Leben retten und die Gesundheit von Patienten verbessern sollen. In der Schweiz setzen sich 1000 Mitarbeitende in Luzern und Z\u00fcrich daf\u00fcr ein.","potentialAction":[{"@type":"SearchAction","target":{"@type":"EntryPoint","urlTemplate":"https:\/\/www.msd.ch\/de\/?s={search_term_string}"},"query-input":"required name=search_term_string"}],"inLanguage":"en-US"}]}},"acf":[],"_links":{"self":[{"href":"https:\/\/www.msd.ch\/de\/wp-json\/wp\/v2\/pages\/12927","targetHints":{"allow":["GET"]}}],"collection":[{"href":"https:\/\/www.msd.ch\/de\/wp-json\/wp\/v2\/pages"}],"about":[{"href":"https:\/\/www.msd.ch\/de\/wp-json\/wp\/v2\/types\/page"}],"author":[{"embeddable":true,"href":"https:\/\/www.msd.ch\/de\/wp-json\/wp\/v2\/users\/974"}],"replies":[{"embeddable":true,"href":"https:\/\/www.msd.ch\/de\/wp-json\/wp\/v2\/comments?post=12927"}],"version-history":[{"count":17,"href":"https:\/\/www.msd.ch\/de\/wp-json\/wp\/v2\/pages\/12927\/revisions"}],"predecessor-version":[{"id":13625,"href":"https:\/\/www.msd.ch\/de\/wp-json\/wp\/v2\/pages\/12927\/revisions\/13625"}],"up":[{"embeddable":true,"href":"https:\/\/www.msd.ch\/de\/wp-json\/wp\/v2\/pages\/13034"}],"wp:featuredmedia":[{"embeddable":true,"href":"https:\/\/www.msd.ch\/de\/wp-json\/wp\/v2\/media\/12910"}],"wp:attachment":[{"href":"https:\/\/www.msd.ch\/de\/wp-json\/wp\/v2\/media?parent=12927"}],"curies":[{"name":"wp","href":"https:\/\/api.w.org\/{rel}","templated":true}]}}