{"id":12928,"date":"2026-02-13T08:46:04","date_gmt":"2026-02-13T07:46:04","guid":{"rendered":"https:\/\/www.msd.ch\/de\/?page_id=12928"},"modified":"2026-02-13T08:46:05","modified_gmt":"2026-02-13T07:46:05","slug":"environmental-sustainability","status":"publish","type":"page","link":"https:\/\/www.msd.ch\/de\/home\/about-us\/responsibility\/msd-switzerland-sustainability-and-global-health\/environmental-sustainability\/","title":{"rendered":"Environmental Sustainability"},"content":{"rendered":"\n<div style=\"height:100px\" aria-hidden=\"true\" class=\"wp-block-spacer\"><\/div>\n\n\n<div class=\"wp-block-image\">\n<figure class=\"aligncenter size-large\"><img loading=\"lazy\" decoding=\"async\" width=\"3202\" height=\"206\" src=\"https:\/\/www.msd.ch\/de\/wp-content\/uploads\/sites\/88\/2025\/11\/Banner-Environmental-Sustainability.png?w=3202\" alt=\"Image: banner Environmental Sustainability\" class=\"wp-image-12916\" \/><\/figure><\/div>\n\n\n<div style=\"height:20px\" aria-hidden=\"true\" class=\"wp-block-spacer\"><\/div>\n\n\n\n<h2 class=\"wp-block-heading has-text-color has-link-color wp-elements-d4bdd0a34d8d0b26dab0f33b2b46fbaf\" style=\"color:#00857c\"><strong>Energieeffizienz und Null-Emissionen &#8211; Umweltnachhaltigkeit von MSD Schweiz<\/strong><\/h2>\n\n\n\n<div class=\"wp-block-columns is-layout-flex wp-container-core-columns-is-layout-9d6595d7 wp-block-columns-is-layout-flex\">\n<div class=\"wp-block-column is-vertically-aligned-top is-layout-flow wp-block-column-is-layout-flow\">\n<p>Als Teil unserer globalen Nachhaltigkeitsstrategie verpflichtet sich MSD, bis 2045 Netto-Null-Treibhausgasemissionen in Scope 1, 2 und 3 zu erreichen. Im Einklang mit diesem Ziel stellt MSD Schweiz sicher, dass 100% des in unseren Einrichtungen genutzten Stroms aus erneuerbaren Energien stammt. Wir arbeiten kontinuierlich daran, die Energieeffizienz zu verbessern, Abfall zu reduzieren und unseren \u00f6kologischen Fussabdruck in allen Betriebsbereichen zu minimieren.<\/p>\n\n\n\n<p>Unsere Geb\u00e4ude veranschaulichen dieses Engagement. Das MSD Schweiz-B\u00fcro im The Circle in Z\u00fcrich und unser neuer Hauptsitz R\u00f6sslimatt in Luzern (Er\u00f6ffnung 2026) sind beide LEED Platinum-zertifiziert \u2013 der h\u00f6chste globale Standard f\u00fcr nachhaltiges Geb\u00e4udedesign. Diese Zertifizierungen spiegeln unser Engagement f\u00fcr Umweltverantwortung, Energieeffizienz und nachhaltige Innovation wider.<\/p>\n\n\n\n<p>Zus\u00e4tzlich verf\u00fcgt The Circle \u00fcber eine WELL Gold-Zertifizierung, die den Schwerpunkt auf Gesundheit, Komfort und Wohlbefinden der Mitarbeitenden anerkennt \u2013 und sicherstellt, dass unsere Arbeitspl\u00e4tze nicht nur nachhaltig, sondern auch mit Blick auf die Menschen gestaltet sind.<\/p>\n<\/div>\n\n\n\n<div class=\"wp-block-column is-layout-flow wp-block-column-is-layout-flow\">\n<div style=\"height:25px\" aria-hidden=\"true\" class=\"wp-block-spacer\"><\/div>\n\n\n\n<figure class=\"wp-block-image size-large\"><img loading=\"lazy\" decoding=\"async\" width=\"1500\" height=\"1000\" src=\"https:\/\/www.msd.ch\/de\/wp-content\/uploads\/sites\/88\/2025\/11\/OSI-ENV.jpg?w=1500\" alt=\"Bild: LEED-Platin- und WELL-Gold-Logos\" class=\"wp-image-12903\" \/><figcaption class=\"wp-element-caption\">Die Geb\u00e4ude \u201eThe Circle\u201c und \u201eR\u00f6sslimatt\u201c wurden mit der LEED-Platin-Zertifizierung ausgezeichnet, w\u00e4hrend das B\u00fcrogeb\u00e4ude \u201eThe Circle\u201c zus\u00e4tzlich die WELL-Gold-Zertifizierung erhalten hat.<\/figcaption><\/figure>\n<\/div>\n<\/div>\n\n\n<div class=\"wp-block-image\">\n<figure class=\"aligncenter size-large\"><img loading=\"lazy\" decoding=\"async\" width=\"500\" height=\"15\" src=\"https:\/\/www.msd.ch\/de\/wp-content\/uploads\/sites\/88\/2025\/11\/Separator-Environmental-Sustainability.png?w=500\" alt=\"Image: separator\" class=\"wp-image-12912\" style=\"object-fit:cover\" \/><\/figure><\/div>\n\n\n<div style=\"height:20px\" aria-hidden=\"true\" class=\"wp-block-spacer\"><\/div>\n\n\n\n<p>Bei MSD Schweiz ergreifen wir Massnahmen zum Schutz des Planeten, indem wir Umweltnachhaltigkeit, Energieeffizienz, und verantwortungsvolles Ressourcenmanagement an allen unseren Standorten vorantreiben. Geleitet von unserem globalen Ziel, bis 2045 Netto-Null-Treibhausgasemissionen zu erreichen, investieren wir in erneuerbare Energien, nachhaltiges Geb\u00e4udedesign, und innovative Praktiken, die unseren \u00f6kologischen Fussabdruck minimieren. Entdecken Sie unten, wie wir diese Verpflichtungen in der Schweiz umsetzen.<\/p>\n\n\n\n<div style=\"height:20px\" aria-hidden=\"true\" class=\"wp-block-spacer\"><\/div>\n\n\n\n<div class=\"wp-block-columns is-layout-flex wp-container-core-columns-is-layout-9d6595d7 wp-block-columns-is-layout-flex\">\n<div class=\"wp-block-column is-layout-flow wp-block-column-is-layout-flow\"><div class=\"wp-block-image\">\n<figure class=\"aligncenter size-full\"><img loading=\"lazy\" decoding=\"async\" width=\"1033\" height=\"585\" src=\"https:\/\/www.msd.ch\/de\/wp-content\/uploads\/sites\/88\/2025\/11\/OSI-ENV-LeedWell.jpg\" alt=\"Bild: LEED-Platin- und WELL-Gold-Logos\" class=\"wp-image-12902\" style=\"object-fit:cover\" \/><\/figure><\/div>\n\n\n<h4 class=\"wp-block-heading has-text-align-left has-text-color has-link-color wp-elements-dd70c16d97a46f2e3f2200a7eeb6e124\" style=\"color:#00857c\"><strong>LEED- &amp; WELL-Zertifizierung<\/strong><\/h4>\n\n\n\n<p class=\"has-small-font-size\">Leadership in Energy and Environmental Design (LEED) und WELL-Zertifizierungen sind weltweit anerkannte Standards, die umweltverantwortliches Geb\u00e4udedesign und das Wohlbefinden der Mitarbeitenden f\u00f6rdern. Diese Zertifizierungen unterst\u00fctzen nachhaltige Baupraktiken, verbessern die Energieeffizienz und f\u00f6rdern die Gesundheit und den Komfort der Geb\u00e4udenutzer.<\/p>\n\n\n\n<p class=\"has-small-font-size\">Bei MSD Schweiz sind wir stolz darauf, dass unser B\u00fcro im The Circle in Z\u00fcrich sowohl die LEED Platinum- als auch die WELL Gold-Zertifizierung erhalten hat. Diese Erfolge spiegeln unser \u00fcbergeordnetes Ziel wider, energieeffiziente Arbeitspl\u00e4tze zu schaffen, die unsere Umweltauswirkungen minimieren und gleichzeitig unsere Mitarbeitenden und Gemeinschaften unterst\u00fctzen.<\/p>\n\n\n\n<p class=\"has-small-font-size\"><em>Klicken Sie hier f\u00fcr weitere Details zu <a href=\"https:\/\/www.usgbc.org\/leed\" target=\"_blank\" rel=\"noreferrer noopener nofollow\">LEED-<\/a> and <a href=\"https:\/\/www.wellcertified.com\/\" target=\"_blank\" rel=\"noreferrer noopener nofollow\">WELL-<\/a>Zertifizierungen<\/em>.<\/p>\n<\/div>\n\n\n\n<div class=\"wp-block-column is-layout-flow wp-block-column-is-layout-flow\"><div class=\"wp-block-image\">\n<figure class=\"aligncenter size-full\"><img loading=\"lazy\" decoding=\"async\" width=\"1033\" height=\"585\" src=\"https:\/\/www.msd.ch\/de\/wp-content\/uploads\/sites\/88\/2025\/11\/OSI-ENV-RenewableEnergy.jpg\" alt=\"Bild: Der Globus, umgeben von zwei ausgestreckten H\u00e4nden\" class=\"wp-image-12901\" \/><\/figure><\/div>\n\n\n<h4 class=\"wp-block-heading has-text-align-left has-text-color has-link-color wp-elements-8e4c266880f90f5a4832f94f0a16fe85\" style=\"color:#00857c\"><strong>Erneuerbare Energie<\/strong><\/h4>\n\n\n\n<p class=\"has-small-font-size\">MSD verpflichtet sich, bis 2045 Netto-Null-Treibhausgasemissionen in seinen globalen Betrieben (Scope 1, 2 und 3) zu erreichen, was unser anhaltendes Engagement f\u00fcr Klimaschutz und Nachhaltigkeit demonstriert.<\/p>\n\n\n\n<p class=\"has-small-font-size\">Im Einklang mit unserem Engagement f\u00fcr Umweltnachhaltigkeit bei MSD Schweiz stammen 100% des in unseren Einrichtungen genutzten Stroms aus erneuerbaren Energien. Wir arbeiten kontinuierlich daran, die Energieeffizienz zu verbessern, unseren \u00f6kologischen Fussabdruck zu minimieren und unseren Weg zu einer Netto-Null-Zukunft an allen unseren Standorten voranzutreiben.<\/p>\n<\/div>\n\n\n\n<div class=\"wp-block-column is-layout-flow wp-block-column-is-layout-flow\"><div class=\"wp-block-image\">\n<figure class=\"aligncenter size-full\"><img loading=\"lazy\" decoding=\"async\" width=\"1033\" height=\"585\" src=\"https:\/\/www.msd.ch\/de\/wp-content\/uploads\/sites\/88\/2025\/11\/OSI-ENV-EmbracingSustainability.jpg\" alt=\"Foto: Leere Plastikflasche in den Recyclingbeh\u00e4lter werfen\" class=\"wp-image-12900\" \/><\/figure><\/div>\n\n\n<h4 class=\"wp-block-heading has-text-align-left has-text-color has-link-color wp-elements-c21e81e7a2767b35496869f9b141c0c0\" style=\"color:#00857c\"><strong><strong>Nachhaltigkeit leben<\/strong><\/strong><\/h4>\n\n\n\n<p class=\"has-small-font-size\">Bei MSD Schweiz sind wir bestrebt, unseren \u00f6kologischen Fussabdruck durch gezielte Abfallreduzierung und Ressourceneffizienz-Initiativen zu minimieren. An allen unseren Standorten setzen wir nachhaltige Praktiken um, wie zentrale Abfallsammlung zur Reduzierung des Plastikverbrauchs, spezielle Recyclingzonen und ein zentrales Ausweisdrucker-System \u2013 wodurch wir die Abfallerzeugung effektiv reduzieren und eine Kultur der Umweltverantwortung f\u00f6rdern.<\/p>\n\n\n\n<p class=\"has-small-font-size\">Unsere Nachhaltigkeitsbem\u00fchungen erstrecken sich auch auf Energie- und Ressourcenoptimierung. Wir sind auf energieeffiziente LED-Beleuchtung umgestiegen, haben unsere Heizungs- und L\u00fcftungssysteme optimiert und nutzen Seewasser zur K\u00fchlung in unserem B\u00fcro Luzern Citybay. Gemeinsam treiben diese Initiativen unser Ziel voran, einen gr\u00fcneren, nachhaltigeren Arbeitsplatz zu schaffen, und unterst\u00fctzen unser \u00fcbergeordnetes Engagement f\u00fcr klimafreundliche Betriebe in der Schweiz.<\/p>\n<\/div>\n<\/div>\n\n\n\n<div class=\"wp-block-columns is-layout-flex wp-container-core-columns-is-layout-9d6595d7 wp-block-columns-is-layout-flex\">\n<div class=\"wp-block-column is-layout-flow wp-block-column-is-layout-flow\"><div class=\"wp-block-image\">\n<figure class=\"aligncenter size-full\"><img loading=\"lazy\" decoding=\"async\" width=\"1033\" height=\"585\" src=\"https:\/\/www.msd.ch\/de\/wp-content\/uploads\/sites\/88\/2025\/11\/OSI-ENV-Mojo.jpg\" alt=\"Bild: Logo von Mobility Mojo\" class=\"wp-image-12899\" style=\"object-fit:cover\" \/><\/figure><\/div>\n\n\n<h4 class=\"wp-block-heading has-text-align-left has-text-color has-link-color wp-elements-aac6e50e22a5108ada00a08670875463\" style=\"color:#00857c\"><strong><strong>MOJO \u2013 Verbesserung der Zug\u00e4nglichkeit<\/strong><\/strong><\/h4>\n\n\n\n<p class=\"has-small-font-size\">Unser Geb\u00e4ude The Circle in Z\u00fcrich hat die MOJO Gold-Zertifizierung erhalten, verliehen von der Bewertungsplattform f\u00fcr Zug\u00e4nglichkeit Mobility Mojo. Diese weltweit anerkannte Zertifizierung hilft Organisationen, die Zug\u00e4nglichkeit ihrer Geb\u00e4ude zu standardisieren, zu bewerten und zu verbessern, um sicherzustellen, dass sie f\u00fcr alle einladend und funktional sind.<\/p>\n\n\n\n<p class=\"has-small-font-size\">Die MOJO Gold-Zertifizierung spiegelt das Engagement von MSD Schweiz f\u00fcr Zug\u00e4nglichkeit, Inklusion und Chancengleichheit wider \u2013 und demonstriert unser Engagement f\u00fcr die Schaffung inklusiver R\u00e4ume, in denen alle Mitarbeitenden, Partner und Besucher:innen gedeihen und vollst\u00e4ndig teilhaben k\u00f6nnen.<\/p>\n\n\n\n<p class=\"has-small-font-size\"><em>Klicken Sie hier f\u00fcr weitere Details zu <a href=\"https:\/\/mobilitymojo.com\/\" target=\"_blank\" rel=\"noreferrer noopener nofollow\">Mobility Mojo<\/a><\/em><\/p>\n<\/div>\n\n\n\n<div class=\"wp-block-column is-layout-flow wp-block-column-is-layout-flow\"><\/div>\n\n\n\n<div class=\"wp-block-column is-layout-flow wp-block-column-is-layout-flow\"><\/div>\n<\/div>\n\n\n\n<div style=\"height:100px\" aria-hidden=\"true\" class=\"wp-block-spacer\"><\/div>\n\n\n\n<div class=\"wp-block-columns has-white-color has-text-color has-background has-link-color wp-elements-ca424e835fe81736c8dca21d625a8564 is-layout-flex wp-container-core-columns-is-layout-9d6595d7 wp-block-columns-is-layout-flex\" style=\"background-color:#00857c\">\n<div class=\"wp-block-column is-layout-flow wp-block-column-is-layout-flow\">\n<p class=\"has-white-background-color has-text-color has-background has-link-color has-medium-font-size wp-elements-01047c9849af86dbc41dbf1bfd4e1bd0\" style=\"color:#00857c\"><strong><a href=\"https:\/\/www.msd.ch\/de\/home\/about-us\/responsibility\/msd-switzerland-sustainability-and-global-health\/\">Zur\u00fcck zu Nachhaltigkeit und globale Gesundheit<\/a><\/strong><\/p>\n<\/div>\n<\/div>\n\n\n\n<div style=\"height:100px\" aria-hidden=\"true\" class=\"wp-block-spacer\"><\/div>\n\n\n\n<p class=\"has-small-font-size\">CH-NON-03158, 02\/2026<\/p>\n","protected":false},"excerpt":{"rendered":"<p>Energieeffizienz und Null-Emissionen &#8211; Umweltnachhaltigkeit von MSD Schweiz Als Teil unserer globalen Nachhaltigkeitsstrategie verpflichtet sich MSD, bis 2045 Netto-Null-Treibhausgasemissionen in Scope 1, 2 und 3 zu erreichen. Im Einklang mit diesem Ziel stellt MSD Schweiz sicher, dass 100% des in unseren Einrichtungen genutzten Stroms aus erneuerbaren Energien stammt. Wir arbeiten kontinuierlich daran, die Energieeffizienz zu [&hellip;]<\/p>\n","protected":false},"author":974,"featured_media":12903,"parent":13034,"menu_order":-1,"comment_status":"closed","ping_status":"closed","template":"","meta":{"_acf_changed":false,"bdl_company_name":[],"bdl_item_external_link":[],"editor_notices":[],"footnotes":""},"class_list":["post-12928","page","type-page","status-publish","has-post-thumbnail","hentry"],"yoast_head":"<!-- This site is optimized with the Yoast SEO plugin v21.9.1 - https:\/\/yoast.com\/wordpress\/plugins\/seo\/ -->\n<title>Umweltnachhaltigkeit bei MSD Schweiz<\/title>\n<meta name=\"description\" content=\"MSD Schweiz f\u00f6rdert \u00f6kologische Nachhaltigkeit durch erneuerbare Energien, zertifizierte Geb\u00e4ude und die Verpflichtung zu Netto-Null-Emissionen bis 2045.\" \/>\n<meta name=\"robots\" content=\"index, follow, max-snippet:-1, max-image-preview:large, max-video-preview:-1\" \/>\n<link rel=\"canonical\" href=\"https:\/\/www.msd.ch\/de\/home\/about-us\/responsibility\/msd-switzerland-sustainability-and-global-health\/environmental-sustainability\/\" \/>\n<meta property=\"og:locale\" content=\"en_US\" \/>\n<meta property=\"og:type\" content=\"article\" \/>\n<meta property=\"og:title\" content=\"Umweltnachhaltigkeit bei MSD Schweiz\" \/>\n<meta property=\"og:description\" content=\"MSD Schweiz f\u00f6rdert \u00f6kologische Nachhaltigkeit durch erneuerbare Energien, zertifizierte Geb\u00e4ude und die Verpflichtung zu Netto-Null-Emissionen bis 2045.\" \/>\n<meta property=\"og:url\" content=\"https:\/\/www.msd.ch\/de\/home\/about-us\/responsibility\/msd-switzerland-sustainability-and-global-health\/environmental-sustainability\/\" \/>\n<meta property=\"og:site_name\" content=\"msd.ch\" \/>\n<meta property=\"article:modified_time\" content=\"2026-02-13T07:46:05+00:00\" \/>\n<meta property=\"og:image\" content=\"https:\/\/www.msd.ch\/de\/wp-content\/uploads\/sites\/88\/2025\/11\/OSI-ENV.jpg\" \/>\n\t<meta property=\"og:image:width\" content=\"1500\" \/>\n\t<meta property=\"og:image:height\" content=\"1000\" \/>\n\t<meta property=\"og:image:type\" content=\"image\/jpeg\" \/>\n<meta name=\"twitter:card\" content=\"summary_large_image\" \/>\n<meta name=\"twitter:label1\" content=\"Est. reading time\" \/>\n\t<meta name=\"twitter:data1\" content=\"3 minutes\" \/>\n<script type=\"application\/ld+json\" class=\"yoast-schema-graph\">{\"@context\":\"https:\/\/schema.org\",\"@graph\":[{\"@type\":\"WebPage\",\"@id\":\"https:\/\/www.msd.ch\/de\/home\/about-us\/responsibility\/msd-switzerland-sustainability-and-global-health\/environmental-sustainability\/\",\"url\":\"https:\/\/www.msd.ch\/de\/home\/about-us\/responsibility\/msd-switzerland-sustainability-and-global-health\/environmental-sustainability\/\",\"name\":\"Umweltnachhaltigkeit bei MSD Schweiz\",\"isPartOf\":{\"@id\":\"https:\/\/www.msd.ch\/de\/#website\"},\"datePublished\":\"2026-02-13T07:46:04+00:00\",\"dateModified\":\"2026-02-13T07:46:05+00:00\",\"description\":\"MSD Schweiz f\u00f6rdert \u00f6kologische Nachhaltigkeit durch erneuerbare Energien, zertifizierte Geb\u00e4ude und die Verpflichtung zu Netto-Null-Emissionen bis 2045.\",\"breadcrumb\":{\"@id\":\"https:\/\/www.msd.ch\/de\/home\/about-us\/responsibility\/msd-switzerland-sustainability-and-global-health\/environmental-sustainability\/#breadcrumb\"},\"inLanguage\":\"en-US\",\"potentialAction\":[{\"@type\":\"ReadAction\",\"target\":[\"https:\/\/www.msd.ch\/de\/home\/about-us\/responsibility\/msd-switzerland-sustainability-and-global-health\/environmental-sustainability\/\"]}]},{\"@type\":\"BreadcrumbList\",\"@id\":\"https:\/\/www.msd.ch\/de\/home\/about-us\/responsibility\/msd-switzerland-sustainability-and-global-health\/environmental-sustainability\/#breadcrumb\",\"itemListElement\":[{\"@type\":\"ListItem\",\"position\":1,\"name\":\"Home\",\"item\":\"https:\/\/www.msd.ch\/de\/\"},{\"@type\":\"ListItem\",\"position\":2,\"name\":\"\u00dcber uns\",\"item\":\"https:\/\/www.msd.ch\/de\/home\/about-us\/\"},{\"@type\":\"ListItem\",\"position\":3,\"name\":\"Verantwortung\",\"item\":\"https:\/\/www.msd.ch\/de\/home\/about-us\/responsibility\/\"},{\"@type\":\"ListItem\",\"position\":4,\"name\":\"Nachhaltigkeit und globale Gesundheit\",\"item\":\"https:\/\/www.msd.ch\/de\/home\/about-us\/responsibility\/msd-switzerland-sustainability-and-global-health\/\"},{\"@type\":\"ListItem\",\"position\":5,\"name\":\"Environmental Sustainability\"}]},{\"@type\":\"WebSite\",\"@id\":\"https:\/\/www.msd.ch\/de\/#website\",\"url\":\"https:\/\/www.msd.ch\/de\/\",\"name\":\"msd.ch\",\"description\":\"MSD erforscht und entwickelt Medikamente und Impfstoffe, die Leben retten und die Gesundheit von Patienten verbessern sollen. In der Schweiz setzen sich 1000 Mitarbeitende in Luzern und Z\u00fcrich daf\u00fcr ein.\",\"potentialAction\":[{\"@type\":\"SearchAction\",\"target\":{\"@type\":\"EntryPoint\",\"urlTemplate\":\"https:\/\/www.msd.ch\/de\/?s={search_term_string}\"},\"query-input\":\"required name=search_term_string\"}],\"inLanguage\":\"en-US\"}]}<\/script>\n<!-- \/ Yoast SEO plugin. -->","yoast_head_json":{"title":"Umweltnachhaltigkeit bei MSD Schweiz","description":"MSD Schweiz f\u00f6rdert \u00f6kologische Nachhaltigkeit durch erneuerbare Energien, zertifizierte Geb\u00e4ude und die Verpflichtung zu Netto-Null-Emissionen bis 2045.","robots":{"index":"index","follow":"follow","max-snippet":"max-snippet:-1","max-image-preview":"max-image-preview:large","max-video-preview":"max-video-preview:-1"},"canonical":"https:\/\/www.msd.ch\/de\/home\/about-us\/responsibility\/msd-switzerland-sustainability-and-global-health\/environmental-sustainability\/","og_locale":"en_US","og_type":"article","og_title":"Umweltnachhaltigkeit bei MSD Schweiz","og_description":"MSD Schweiz f\u00f6rdert \u00f6kologische Nachhaltigkeit durch erneuerbare Energien, zertifizierte Geb\u00e4ude und die Verpflichtung zu Netto-Null-Emissionen bis 2045.","og_url":"https:\/\/www.msd.ch\/de\/home\/about-us\/responsibility\/msd-switzerland-sustainability-and-global-health\/environmental-sustainability\/","og_site_name":"msd.ch","article_modified_time":"2026-02-13T07:46:05+00:00","og_image":[{"width":1500,"height":1000,"url":"https:\/\/www.msd.ch\/de\/wp-content\/uploads\/sites\/88\/2025\/11\/OSI-ENV.jpg","type":"image\/jpeg"}],"twitter_card":"summary_large_image","twitter_misc":{"Est. reading time":"3 minutes"},"schema":{"@context":"https:\/\/schema.org","@graph":[{"@type":"WebPage","@id":"https:\/\/www.msd.ch\/de\/home\/about-us\/responsibility\/msd-switzerland-sustainability-and-global-health\/environmental-sustainability\/","url":"https:\/\/www.msd.ch\/de\/home\/about-us\/responsibility\/msd-switzerland-sustainability-and-global-health\/environmental-sustainability\/","name":"Umweltnachhaltigkeit bei MSD Schweiz","isPartOf":{"@id":"https:\/\/www.msd.ch\/de\/#website"},"datePublished":"2026-02-13T07:46:04+00:00","dateModified":"2026-02-13T07:46:05+00:00","description":"MSD Schweiz f\u00f6rdert \u00f6kologische Nachhaltigkeit durch erneuerbare Energien, zertifizierte Geb\u00e4ude und die Verpflichtung zu Netto-Null-Emissionen bis 2045.","breadcrumb":{"@id":"https:\/\/www.msd.ch\/de\/home\/about-us\/responsibility\/msd-switzerland-sustainability-and-global-health\/environmental-sustainability\/#breadcrumb"},"inLanguage":"en-US","potentialAction":[{"@type":"ReadAction","target":["https:\/\/www.msd.ch\/de\/home\/about-us\/responsibility\/msd-switzerland-sustainability-and-global-health\/environmental-sustainability\/"]}]},{"@type":"BreadcrumbList","@id":"https:\/\/www.msd.ch\/de\/home\/about-us\/responsibility\/msd-switzerland-sustainability-and-global-health\/environmental-sustainability\/#breadcrumb","itemListElement":[{"@type":"ListItem","position":1,"name":"Home","item":"https:\/\/www.msd.ch\/de\/"},{"@type":"ListItem","position":2,"name":"\u00dcber uns","item":"https:\/\/www.msd.ch\/de\/home\/about-us\/"},{"@type":"ListItem","position":3,"name":"Verantwortung","item":"https:\/\/www.msd.ch\/de\/home\/about-us\/responsibility\/"},{"@type":"ListItem","position":4,"name":"Nachhaltigkeit und globale Gesundheit","item":"https:\/\/www.msd.ch\/de\/home\/about-us\/responsibility\/msd-switzerland-sustainability-and-global-health\/"},{"@type":"ListItem","position":5,"name":"Environmental Sustainability"}]},{"@type":"WebSite","@id":"https:\/\/www.msd.ch\/de\/#website","url":"https:\/\/www.msd.ch\/de\/","name":"msd.ch","description":"MSD erforscht und entwickelt Medikamente und Impfstoffe, die Leben retten und die Gesundheit von Patienten verbessern sollen. In der Schweiz setzen sich 1000 Mitarbeitende in Luzern und Z\u00fcrich daf\u00fcr ein.","potentialAction":[{"@type":"SearchAction","target":{"@type":"EntryPoint","urlTemplate":"https:\/\/www.msd.ch\/de\/?s={search_term_string}"},"query-input":"required name=search_term_string"}],"inLanguage":"en-US"}]}},"acf":[],"_links":{"self":[{"href":"https:\/\/www.msd.ch\/de\/wp-json\/wp\/v2\/pages\/12928","targetHints":{"allow":["GET"]}}],"collection":[{"href":"https:\/\/www.msd.ch\/de\/wp-json\/wp\/v2\/pages"}],"about":[{"href":"https:\/\/www.msd.ch\/de\/wp-json\/wp\/v2\/types\/page"}],"author":[{"embeddable":true,"href":"https:\/\/www.msd.ch\/de\/wp-json\/wp\/v2\/users\/974"}],"replies":[{"embeddable":true,"href":"https:\/\/www.msd.ch\/de\/wp-json\/wp\/v2\/comments?post=12928"}],"version-history":[{"count":13,"href":"https:\/\/www.msd.ch\/de\/wp-json\/wp\/v2\/pages\/12928\/revisions"}],"predecessor-version":[{"id":13622,"href":"https:\/\/www.msd.ch\/de\/wp-json\/wp\/v2\/pages\/12928\/revisions\/13622"}],"up":[{"embeddable":true,"href":"https:\/\/www.msd.ch\/de\/wp-json\/wp\/v2\/pages\/13034"}],"wp:featuredmedia":[{"embeddable":true,"href":"https:\/\/www.msd.ch\/de\/wp-json\/wp\/v2\/media\/12903"}],"wp:attachment":[{"href":"https:\/\/www.msd.ch\/de\/wp-json\/wp\/v2\/media?parent=12928"}],"curies":[{"name":"wp","href":"https:\/\/api.w.org\/{rel}","templated":true}]}}