{"id":12929,"date":"2026-02-13T08:46:34","date_gmt":"2026-02-13T07:46:34","guid":{"rendered":"https:\/\/www.msd.ch\/de\/?page_id=12929"},"modified":"2026-02-13T08:46:35","modified_gmt":"2026-02-13T07:46:35","slug":"ethics-and-values","status":"publish","type":"page","link":"https:\/\/www.msd.ch\/de\/home\/about-us\/responsibility\/msd-switzerland-sustainability-and-global-health\/ethics-and-values\/","title":{"rendered":"Ethics and values"},"content":{"rendered":"\n<div style=\"height:100px\" aria-hidden=\"true\" class=\"wp-block-spacer\"><\/div>\n\n\n<div class=\"wp-block-image\">\n<figure class=\"aligncenter size-large\"><img loading=\"lazy\" decoding=\"async\" width=\"3202\" height=\"206\" src=\"https:\/\/www.msd.ch\/de\/wp-content\/uploads\/sites\/88\/2025\/11\/Banner-Ethics-And-Values.png?w=3202\" alt=\"Image: banner Ethics And Values\" class=\"wp-image-12915\" \/><\/figure><\/div>\n\n\n<div style=\"height:20px\" aria-hidden=\"true\" class=\"wp-block-spacer\"><\/div>\n\n\n\n<h2 class=\"wp-block-heading has-text-color has-link-color wp-elements-466b6d131c257f4a09ee7c8d8c64e12c\" style=\"color:#6eceb2\"><strong>Ethik, Integrit\u00e4t und psychologische Sicherheit bei MSD Schweiz<\/strong><\/h2>\n\n\n\n<div class=\"wp-block-columns is-layout-flex wp-container-core-columns-is-layout-9d6595d7 wp-block-columns-is-layout-flex\">\n<div class=\"wp-block-column is-vertically-aligned-top is-layout-flow wp-block-column-is-layout-flow\">\n<p>Bei MSD Schweiz setzen wir uns daf\u00fcr ein, eine Kultur der psychologischen Sicherheit und ethischen Integrit\u00e4t zu f\u00f6rdern, in der sich jeder Mitarbeitende bef\u00e4higt f\u00fchlt, sich zu \u00e4ussern und Bedenken ohne Z\u00f6gern vorzubringen. Dieses Engagement wird durch transparente F\u00fchrungskommunikation und gezielte Initiativen wie individuelle Schulungen zur psychologischen Sicherheit gest\u00e4rkt.<\/p>\n\n\n\n<p>Zur St\u00e4rkung unseres globalen Ethikrahmens hat MSD Schweiz an jedem Standort engagierte Ethikbotschafter:innen ernannt. Diese Botschafter:innen sind Teil unseres globalen Ethikprogramms (<a href=\"http:\/\/www.msdethics.com\/\" target=\"_blank\" rel=\"noreferrer noopener nofollow\">msdethics.com<\/a>) und erhalten kontinuierliche Schulungen, um die h\u00f6chsten Ethik- und Integrit\u00e4tsstandards unseres Unternehmens aufrechtzuerhalten.<\/p>\n\n\n\n<p>Im Jahr 2024 haben mehr als 99% unserer Mitarbeitenden in der Schweiz die j\u00e4hrliche Schulungsreihe <em>\u201eLeading With Ethics &amp; Integrity&#8221;<\/em> abgeschlossen \u2013 ein Schl\u00fcsselelement des Programmes f\u00fcr Ethik und psychologische Sicherheit bei MSD Schweiz. Diese Schulung schafft Vertrauen, st\u00e4rkt die Inklusion und f\u00f6rdert das Wohlbefinden an unserem Arbeitsplatz und stellt sicher, dass ethisches Verhalten im Mittelpunkt all unseres Handelns steht.<\/p>\n<\/div>\n\n\n\n<div class=\"wp-block-column is-layout-flow wp-block-column-is-layout-flow\">\n<div style=\"height:25px\" aria-hidden=\"true\" class=\"wp-block-spacer\"><\/div>\n\n\n\n<figure class=\"wp-block-image size-full\"><img loading=\"lazy\" decoding=\"async\" width=\"1500\" height=\"1000\" src=\"https:\/\/www.msd.ch\/de\/wp-content\/uploads\/sites\/88\/2025\/11\/OSI-ETH.jpg\" alt=\"Bild: Eine Gruppe von Menschen mit Megaphonen\" class=\"wp-image-12898\" \/><figcaption class=\"wp-element-caption\">MSD-Ethikbotschafter:innen laden Mitarbeitende ein, sich zu \u00e4ussern.<\/figcaption><\/figure>\n<\/div>\n<\/div>\n\n\n<div class=\"wp-block-image\">\n<figure class=\"aligncenter size-large\"><img loading=\"lazy\" decoding=\"async\" width=\"500\" height=\"14\" src=\"https:\/\/www.msd.ch\/de\/wp-content\/uploads\/sites\/88\/2025\/11\/Separator-Ethics-And-Values.png?w=500\" alt=\"Image: separator\" class=\"wp-image-12911\" style=\"object-fit:cover\" \/><\/figure><\/div>\n\n\n<div style=\"height:20px\" aria-hidden=\"true\" class=\"wp-block-spacer\"><\/div>\n\n\n\n<p>Bei MSD Schweiz f\u00f6rdern wir eine Kultur der Ethik, Integrit\u00e4t, und psychologischen Sicherheit, in der sich alle bef\u00e4higt f\u00fchlen, sich zu \u00e4ussern und verantwortungsvoll zu handeln. Geleitet von unserem globalen Ethik- und Compliance-Programm und unterst\u00fctzt durch engagierte Ethikbotschafter:innen, schaffen wir Vertrauen, Inklusion und Verantwortlichkeit in allen Teams. Erfahren Sie mehr \u00fcber unsere wichtigsten Initiativen zu Ethik und Werten.<\/p>\n\n\n\n<div style=\"height:20px\" aria-hidden=\"true\" class=\"wp-block-spacer\"><\/div>\n\n\n\n<div class=\"wp-block-columns is-layout-flex wp-container-core-columns-is-layout-9d6595d7 wp-block-columns-is-layout-flex\">\n<div class=\"wp-block-column is-layout-flow wp-block-column-is-layout-flow\"><div class=\"wp-block-image\">\n<figure class=\"aligncenter size-full\"><img loading=\"lazy\" decoding=\"async\" width=\"1033\" height=\"585\" src=\"https:\/\/www.msd.ch\/de\/wp-content\/uploads\/sites\/88\/2025\/11\/OSI-ETH-SpeakUp.jpg\" alt=\"Bild: Eine Gruppe von Menschen mit Megaphonen\" class=\"wp-image-12890\" style=\"object-fit:cover\" \/><\/figure><\/div>\n\n\n<h4 class=\"wp-block-heading has-text-align-left has-text-color has-link-color wp-elements-1148a488757c446ad9f6061340aff9ed\" style=\"color:#6eceb2\"><strong>Sich \u00e4ussern<\/strong><\/h4>\n\n\n\n<p class=\"has-small-font-size\">Bei MSD Schweiz bedeutet ethisch zu sein mehr als nur die Einhaltung von Gesetzen \u2013 es geht darum, bei allem, was wir tun, mit Integrit\u00e4t, Respekt und Verantwortung zu handeln. Unser globales Ethik- und Compliance-Programm stellt sicher, dass alle Mitarbeitenden unseren Verhaltenskodex einhalten und transparente und ethische Entscheidungen in unserem gesamten Gesch\u00e4ft f\u00f6rdern. Durch kontinuierliche Schulungen, Kommunikation und \u00dcberwachung bef\u00e4higen wir Mitarbeitende, ethische Herausforderungen selbstbewusst zu bew\u00e4ltigen und sich ohne Angst vor Vergeltung zu \u00e4ussern. Durch die F\u00f6rderung einer Kultur des Vertrauens und der Verantwortung st\u00e4rken wir unsere Beziehungen zu Stakeholdern und demonstrieren unser anhaltendes Engagement f\u00fcr Ethik, Compliance und Unternehmensverantwortung.<\/p>\n<\/div>\n\n\n\n<div class=\"wp-block-column is-layout-flow wp-block-column-is-layout-flow\"><div class=\"wp-block-image\">\n<figure class=\"aligncenter size-full\"><img loading=\"lazy\" decoding=\"async\" width=\"1033\" height=\"585\" src=\"https:\/\/www.msd.ch\/de\/wp-content\/uploads\/sites\/88\/2025\/11\/OSI-ETH-Ambassadors.jpg\" alt=\"Bild: Ethikbotschafter, eine Gruppe von Menschen, die Kartons halten\" class=\"wp-image-12897\" \/><\/figure><\/div>\n\n\n<h4 class=\"wp-block-heading has-text-align-left has-text-color has-link-color wp-elements-7186f0cc9d3efa95a0e38ceb93ef9b6f\" style=\"color:#6eceb2\"><strong>Ethikbotschafter:innen<\/strong><\/h4>\n\n\n\n<p class=\"has-small-font-size\">Das Ethikbotschafter-Programm spielt eine entscheidende Rolle bei der F\u00f6rderung von ethischem Verhalten, Transparenz und psychologischer Sicherheit bei MSD Schweiz. Es stellt sicher, dass alle Mitarbeitenden wissen, wie und wo sie Bedenken \u00e4ussern k\u00f6nnen, sich sicher f\u00fchlen, sich zu \u00e4ussern, und dies ohne Angst vor Vergeltung tun k\u00f6nnen.<\/p>\n\n\n\n<p class=\"has-small-font-size\">In der Schweiz werden an jedem der f\u00fcnf MSD-Standorte zwei Ethikbotschafter:innen ernannt. Sie unterst\u00fctzen Mitarbeitende, die Fragen zu Ethik, Compliance oder Verhalten am Arbeitsplatz haben, und leiten sie an, wie sie sich \u00e4ussern k\u00f6nnen \u2013 sei es durch Kontaktaufnahme mit ihrem Vorgesetzten, der Personalabteilung, der Rechtsabteilung oder \u00fcber die globale Plattform unter <a href=\"https:\/\/www.msdethics.com\/\" target=\"_blank\" rel=\"noreferrer noopener nofollow\">msdethics.com<\/a>.<\/p>\n\n\n\n<p class=\"has-small-font-size\">Durch diese Initiative st\u00e4rkt MSD Schweiz seine ethische Kultur, gew\u00e4hrleistet Offenheit, Vertrauen und Verantwortlichkeit in allen Teams.<\/p>\n<\/div>\n\n\n\n<div class=\"wp-block-column is-layout-flow wp-block-column-is-layout-flow\"><div class=\"wp-block-image\">\n<figure class=\"aligncenter size-full\"><img loading=\"lazy\" decoding=\"async\" width=\"1033\" height=\"585\" src=\"https:\/\/www.msd.ch\/de\/wp-content\/uploads\/sites\/88\/2025\/11\/OSI-ETH-Pension_2.jpg\" alt=\"Bild: Hand, die entlang einer leuchtenden Linie nach oben zeigt, die Wachstum symbolisiert.\" class=\"wp-image-12889\" \/><\/figure><\/div>\n\n\n<h4 class=\"wp-block-heading has-text-align-left has-text-color has-link-color wp-elements-3f6f127c1c0a4ded0de421213a8d09b3\" style=\"color:#6eceb2\"><strong><strong><strong>MSD-Pensionskassen-Investitionen in ESG<\/strong><\/strong><\/strong><\/h4>\n\n\n\n<p class=\"has-small-font-size\">Bei MSD Schweiz ist die Investition in ESG-Prinzipien (Environmental, Social, and Governance) wesentlich f\u00fcr die F\u00f6rderung nachhaltiger Praktiken, die Minderung finanzieller Risiken und die Ausrichtung unserer Anlagestrategie an ethischen Werten.<\/p>\n\n\n\n<p class=\"has-small-font-size\">Da der globale Fokus auf Nachhaltigkeit, soziale Verantwortung und ethische Finanzen weiterw\u00e4chst, sind ESG-Investitionen zu einem Schl\u00fcsselelement unserer zukunftsorientierten Pensionskassenstrategie geworden. Bis Ende 2024 hatte die MSD-Pensionskasse mehr als 80 Millionen CHF in ESG-Fonds investiert und damit unser langfristiges Engagement f\u00fcr verantwortungsvolles und nachhaltiges Wachstum bekr\u00e4ftigt.<\/p>\n<\/div>\n<\/div>\n\n\n\n<div class=\"wp-block-columns is-layout-flex wp-container-core-columns-is-layout-9d6595d7 wp-block-columns-is-layout-flex\">\n<div class=\"wp-block-column is-layout-flow wp-block-column-is-layout-flow\"><div class=\"wp-block-image\">\n<figure class=\"aligncenter size-full\"><img loading=\"lazy\" decoding=\"async\" width=\"1033\" height=\"585\" src=\"https:\/\/www.msd.ch\/de\/wp-content\/uploads\/sites\/88\/2025\/11\/OSI-ETH-LightUp_2.jpg\" alt=\"Foto: Ein Geb\u00e4ude, das in Pink beleuchtet ist\" class=\"wp-image-12891\" style=\"object-fit:cover\" \/><\/figure><\/div>\n\n\n<h4 class=\"wp-block-heading has-text-align-left has-text-color has-link-color wp-elements-81aabf354be81c083dc571e197d452e4\" style=\"color:#6eceb2\"><strong>MSD light-up Initiative<\/strong><\/h4>\n\n\n\n<p class=\"has-small-font-size\">Bei MSD Schweiz beleuchten wir das ganze Jahr \u00fcber stolz unsere B\u00fcros, um das Bewusstsein f\u00fcr wichtige soziale und gesundheitliche Anliegen zu sch\u00e4rfen. Dazu geh\u00f6ren der American Heart Month, der Black History Month, der Internationale Frauentag und die Earth Hour, was unser Engagement f\u00fcr Vielfalt, Inklusion und globale Solidarit\u00e4t widerspiegelt.<\/p>\n\n\n\n<p class=\"has-small-font-size\">Wir w\u00fcrdigen ausserdem Ereignisse wie den Welt-Autismus-Tag und den Mental Health Awareness Month, f\u00f6rdern damit eine unterst\u00fctzende und inklusive Gemeinschaft und feiern die vielf\u00e4ltigen Hintergr\u00fcnde und Erfahrungen unserer Mitarbeitenden. Durch diese laufenden Sensibilisierungsinitiativen st\u00e4rkt MSD Schweiz sein Engagement f\u00fcr soziale Verantwortung und das Wohlbefinden der Mitarbeitenden.<\/p>\n<\/div>\n\n\n\n<div class=\"wp-block-column is-layout-flow wp-block-column-is-layout-flow\"><\/div>\n\n\n\n<div class=\"wp-block-column is-layout-flow wp-block-column-is-layout-flow\"><\/div>\n<\/div>\n\n\n\n<div style=\"height:100px\" aria-hidden=\"true\" class=\"wp-block-spacer\"><\/div>\n\n\n\n<div class=\"wp-block-columns has-white-color has-text-color has-background has-link-color wp-elements-ca424e835fe81736c8dca21d625a8564 is-layout-flex wp-container-core-columns-is-layout-9d6595d7 wp-block-columns-is-layout-flex\" style=\"background-color:#00857c\">\n<div class=\"wp-block-column is-layout-flow wp-block-column-is-layout-flow\">\n<p class=\"has-white-background-color has-text-color has-background has-link-color has-medium-font-size wp-elements-01047c9849af86dbc41dbf1bfd4e1bd0\" style=\"color:#00857c\"><strong><a href=\"https:\/\/www.msd.ch\/de\/home\/about-us\/responsibility\/msd-switzerland-sustainability-and-global-health\/\">Zur\u00fcck zu Nachhaltigkeit und globale Gesundheit<\/a><\/strong><\/p>\n<\/div>\n<\/div>\n\n\n\n<div style=\"height:100px\" aria-hidden=\"true\" class=\"wp-block-spacer\"><\/div>\n\n\n\n<p class=\"has-small-font-size\">CH-NON-03159, 11\/2025<\/p>\n","protected":false},"excerpt":{"rendered":"<p>Ethik, Integrit\u00e4t und psychologische Sicherheit bei MSD Schweiz Bei MSD Schweiz setzen wir uns daf\u00fcr ein, eine Kultur der psychologischen Sicherheit und ethischen Integrit\u00e4t zu f\u00f6rdern, in der sich jeder Mitarbeitende bef\u00e4higt f\u00fchlt, sich zu \u00e4ussern und Bedenken ohne Z\u00f6gern vorzubringen. Dieses Engagement wird durch transparente F\u00fchrungskommunikation und gezielte Initiativen wie individuelle Schulungen zur psychologischen [&hellip;]<\/p>\n","protected":false},"author":974,"featured_media":12898,"parent":13034,"menu_order":-1,"comment_status":"closed","ping_status":"closed","template":"","meta":{"_acf_changed":false,"bdl_company_name":[],"bdl_item_external_link":[],"editor_notices":[],"footnotes":""},"class_list":["post-12929","page","type-page","status-publish","has-post-thumbnail","hentry"],"yoast_head":"<!-- This site is optimized with the Yoast SEO plugin v21.9.1 - https:\/\/yoast.com\/wordpress\/plugins\/seo\/ -->\n<title>Ethik und psychologische Sicherheitskultur bei MSD Schweiz<\/title>\n<meta name=\"description\" content=\"MSD Schweiz f\u00f6rdert Ethik und psychologische Sicherheit durch F\u00fchrungsqualit\u00e4ten, Ethikbotschafter:innen und Initiativen f\u00fcr die Inklusion.\" \/>\n<meta name=\"robots\" content=\"index, follow, max-snippet:-1, max-image-preview:large, max-video-preview:-1\" \/>\n<link rel=\"canonical\" href=\"https:\/\/www.msd.ch\/de\/home\/about-us\/responsibility\/msd-switzerland-sustainability-and-global-health\/ethics-and-values\/\" \/>\n<meta property=\"og:locale\" content=\"en_US\" \/>\n<meta property=\"og:type\" content=\"article\" \/>\n<meta property=\"og:title\" content=\"Ethik und psychologische Sicherheitskultur bei MSD Schweiz\" \/>\n<meta property=\"og:description\" content=\"MSD Schweiz f\u00f6rdert Ethik und psychologische Sicherheit durch F\u00fchrungsqualit\u00e4ten, Ethikbotschafter:innen und Initiativen f\u00fcr die Inklusion.\" \/>\n<meta property=\"og:url\" content=\"https:\/\/www.msd.ch\/de\/home\/about-us\/responsibility\/msd-switzerland-sustainability-and-global-health\/ethics-and-values\/\" \/>\n<meta property=\"og:site_name\" content=\"msd.ch\" \/>\n<meta property=\"article:modified_time\" content=\"2026-02-13T07:46:35+00:00\" \/>\n<meta property=\"og:image\" content=\"https:\/\/www.msd.ch\/de\/wp-content\/uploads\/sites\/88\/2025\/11\/OSI-ETH.jpg\" \/>\n\t<meta property=\"og:image:width\" content=\"1500\" \/>\n\t<meta property=\"og:image:height\" content=\"1000\" \/>\n\t<meta property=\"og:image:type\" content=\"image\/jpeg\" \/>\n<meta name=\"twitter:card\" content=\"summary_large_image\" \/>\n<meta name=\"twitter:label1\" content=\"Est. reading time\" \/>\n\t<meta name=\"twitter:data1\" content=\"3 minutes\" \/>\n<script type=\"application\/ld+json\" class=\"yoast-schema-graph\">{\"@context\":\"https:\/\/schema.org\",\"@graph\":[{\"@type\":\"WebPage\",\"@id\":\"https:\/\/www.msd.ch\/de\/home\/about-us\/responsibility\/msd-switzerland-sustainability-and-global-health\/ethics-and-values\/\",\"url\":\"https:\/\/www.msd.ch\/de\/home\/about-us\/responsibility\/msd-switzerland-sustainability-and-global-health\/ethics-and-values\/\",\"name\":\"Ethik und psychologische Sicherheitskultur bei MSD Schweiz\",\"isPartOf\":{\"@id\":\"https:\/\/www.msd.ch\/de\/#website\"},\"datePublished\":\"2026-02-13T07:46:34+00:00\",\"dateModified\":\"2026-02-13T07:46:35+00:00\",\"description\":\"MSD Schweiz f\u00f6rdert Ethik und psychologische Sicherheit durch F\u00fchrungsqualit\u00e4ten, Ethikbotschafter:innen und Initiativen f\u00fcr die Inklusion.\",\"breadcrumb\":{\"@id\":\"https:\/\/www.msd.ch\/de\/home\/about-us\/responsibility\/msd-switzerland-sustainability-and-global-health\/ethics-and-values\/#breadcrumb\"},\"inLanguage\":\"en-US\",\"potentialAction\":[{\"@type\":\"ReadAction\",\"target\":[\"https:\/\/www.msd.ch\/de\/home\/about-us\/responsibility\/msd-switzerland-sustainability-and-global-health\/ethics-and-values\/\"]}]},{\"@type\":\"BreadcrumbList\",\"@id\":\"https:\/\/www.msd.ch\/de\/home\/about-us\/responsibility\/msd-switzerland-sustainability-and-global-health\/ethics-and-values\/#breadcrumb\",\"itemListElement\":[{\"@type\":\"ListItem\",\"position\":1,\"name\":\"Home\",\"item\":\"https:\/\/www.msd.ch\/de\/\"},{\"@type\":\"ListItem\",\"position\":2,\"name\":\"\u00dcber uns\",\"item\":\"https:\/\/www.msd.ch\/de\/home\/about-us\/\"},{\"@type\":\"ListItem\",\"position\":3,\"name\":\"Verantwortung\",\"item\":\"https:\/\/www.msd.ch\/de\/home\/about-us\/responsibility\/\"},{\"@type\":\"ListItem\",\"position\":4,\"name\":\"Nachhaltigkeit und globale Gesundheit\",\"item\":\"https:\/\/www.msd.ch\/de\/home\/about-us\/responsibility\/msd-switzerland-sustainability-and-global-health\/\"},{\"@type\":\"ListItem\",\"position\":5,\"name\":\"Ethics and values\"}]},{\"@type\":\"WebSite\",\"@id\":\"https:\/\/www.msd.ch\/de\/#website\",\"url\":\"https:\/\/www.msd.ch\/de\/\",\"name\":\"msd.ch\",\"description\":\"MSD erforscht und entwickelt Medikamente und Impfstoffe, die Leben retten und die Gesundheit von Patienten verbessern sollen. In der Schweiz setzen sich 1000 Mitarbeitende in Luzern und Z\u00fcrich daf\u00fcr ein.\",\"potentialAction\":[{\"@type\":\"SearchAction\",\"target\":{\"@type\":\"EntryPoint\",\"urlTemplate\":\"https:\/\/www.msd.ch\/de\/?s={search_term_string}\"},\"query-input\":\"required name=search_term_string\"}],\"inLanguage\":\"en-US\"}]}<\/script>\n<!-- \/ Yoast SEO plugin. -->","yoast_head_json":{"title":"Ethik und psychologische Sicherheitskultur bei MSD Schweiz","description":"MSD Schweiz f\u00f6rdert Ethik und psychologische Sicherheit durch F\u00fchrungsqualit\u00e4ten, Ethikbotschafter:innen und Initiativen f\u00fcr die Inklusion.","robots":{"index":"index","follow":"follow","max-snippet":"max-snippet:-1","max-image-preview":"max-image-preview:large","max-video-preview":"max-video-preview:-1"},"canonical":"https:\/\/www.msd.ch\/de\/home\/about-us\/responsibility\/msd-switzerland-sustainability-and-global-health\/ethics-and-values\/","og_locale":"en_US","og_type":"article","og_title":"Ethik und psychologische Sicherheitskultur bei MSD Schweiz","og_description":"MSD Schweiz f\u00f6rdert Ethik und psychologische Sicherheit durch F\u00fchrungsqualit\u00e4ten, Ethikbotschafter:innen und Initiativen f\u00fcr die Inklusion.","og_url":"https:\/\/www.msd.ch\/de\/home\/about-us\/responsibility\/msd-switzerland-sustainability-and-global-health\/ethics-and-values\/","og_site_name":"msd.ch","article_modified_time":"2026-02-13T07:46:35+00:00","og_image":[{"width":1500,"height":1000,"url":"https:\/\/www.msd.ch\/de\/wp-content\/uploads\/sites\/88\/2025\/11\/OSI-ETH.jpg","type":"image\/jpeg"}],"twitter_card":"summary_large_image","twitter_misc":{"Est. reading time":"3 minutes"},"schema":{"@context":"https:\/\/schema.org","@graph":[{"@type":"WebPage","@id":"https:\/\/www.msd.ch\/de\/home\/about-us\/responsibility\/msd-switzerland-sustainability-and-global-health\/ethics-and-values\/","url":"https:\/\/www.msd.ch\/de\/home\/about-us\/responsibility\/msd-switzerland-sustainability-and-global-health\/ethics-and-values\/","name":"Ethik und psychologische Sicherheitskultur bei MSD Schweiz","isPartOf":{"@id":"https:\/\/www.msd.ch\/de\/#website"},"datePublished":"2026-02-13T07:46:34+00:00","dateModified":"2026-02-13T07:46:35+00:00","description":"MSD Schweiz f\u00f6rdert Ethik und psychologische Sicherheit durch F\u00fchrungsqualit\u00e4ten, Ethikbotschafter:innen und Initiativen f\u00fcr die Inklusion.","breadcrumb":{"@id":"https:\/\/www.msd.ch\/de\/home\/about-us\/responsibility\/msd-switzerland-sustainability-and-global-health\/ethics-and-values\/#breadcrumb"},"inLanguage":"en-US","potentialAction":[{"@type":"ReadAction","target":["https:\/\/www.msd.ch\/de\/home\/about-us\/responsibility\/msd-switzerland-sustainability-and-global-health\/ethics-and-values\/"]}]},{"@type":"BreadcrumbList","@id":"https:\/\/www.msd.ch\/de\/home\/about-us\/responsibility\/msd-switzerland-sustainability-and-global-health\/ethics-and-values\/#breadcrumb","itemListElement":[{"@type":"ListItem","position":1,"name":"Home","item":"https:\/\/www.msd.ch\/de\/"},{"@type":"ListItem","position":2,"name":"\u00dcber uns","item":"https:\/\/www.msd.ch\/de\/home\/about-us\/"},{"@type":"ListItem","position":3,"name":"Verantwortung","item":"https:\/\/www.msd.ch\/de\/home\/about-us\/responsibility\/"},{"@type":"ListItem","position":4,"name":"Nachhaltigkeit und globale Gesundheit","item":"https:\/\/www.msd.ch\/de\/home\/about-us\/responsibility\/msd-switzerland-sustainability-and-global-health\/"},{"@type":"ListItem","position":5,"name":"Ethics and values"}]},{"@type":"WebSite","@id":"https:\/\/www.msd.ch\/de\/#website","url":"https:\/\/www.msd.ch\/de\/","name":"msd.ch","description":"MSD erforscht und entwickelt Medikamente und Impfstoffe, die Leben retten und die Gesundheit von Patienten verbessern sollen. In der Schweiz setzen sich 1000 Mitarbeitende in Luzern und Z\u00fcrich daf\u00fcr ein.","potentialAction":[{"@type":"SearchAction","target":{"@type":"EntryPoint","urlTemplate":"https:\/\/www.msd.ch\/de\/?s={search_term_string}"},"query-input":"required name=search_term_string"}],"inLanguage":"en-US"}]}},"acf":[],"_links":{"self":[{"href":"https:\/\/www.msd.ch\/de\/wp-json\/wp\/v2\/pages\/12929","targetHints":{"allow":["GET"]}}],"collection":[{"href":"https:\/\/www.msd.ch\/de\/wp-json\/wp\/v2\/pages"}],"about":[{"href":"https:\/\/www.msd.ch\/de\/wp-json\/wp\/v2\/types\/page"}],"author":[{"embeddable":true,"href":"https:\/\/www.msd.ch\/de\/wp-json\/wp\/v2\/users\/974"}],"replies":[{"embeddable":true,"href":"https:\/\/www.msd.ch\/de\/wp-json\/wp\/v2\/comments?post=12929"}],"version-history":[{"count":9,"href":"https:\/\/www.msd.ch\/de\/wp-json\/wp\/v2\/pages\/12929\/revisions"}],"predecessor-version":[{"id":13623,"href":"https:\/\/www.msd.ch\/de\/wp-json\/wp\/v2\/pages\/12929\/revisions\/13623"}],"up":[{"embeddable":true,"href":"https:\/\/www.msd.ch\/de\/wp-json\/wp\/v2\/pages\/13034"}],"wp:featuredmedia":[{"embeddable":true,"href":"https:\/\/www.msd.ch\/de\/wp-json\/wp\/v2\/media\/12898"}],"wp:attachment":[{"href":"https:\/\/www.msd.ch\/de\/wp-json\/wp\/v2\/media?parent=12929"}],"curies":[{"name":"wp","href":"https:\/\/api.w.org\/{rel}","templated":true}]}}