{"id":13034,"date":"2026-03-03T11:17:08","date_gmt":"2026-03-03T10:17:08","guid":{"rendered":"https:\/\/www.msd.ch\/de\/?page_id=13034"},"modified":"2026-03-10T08:44:16","modified_gmt":"2026-03-10T07:44:16","slug":"msd-switzerland-sustainability-and-global-health","status":"publish","type":"page","link":"https:\/\/www.msd.ch\/de\/home\/about-us\/responsibility\/msd-switzerland-sustainability-and-global-health\/","title":{"rendered":"Nachhaltigkeit und globale Gesundheit"},"content":{"rendered":"\n<div class=\"wp-block-columns is-layout-flex wp-container-core-columns-is-layout-9d6595d7 wp-block-columns-is-layout-flex\">\n<div class=\"wp-block-column is-layout-flow wp-block-column-is-layout-flow\">\n<figure class=\"wp-block-image size-full\"><img loading=\"lazy\" decoding=\"async\" width=\"1500\" height=\"1000\" src=\"https:\/\/www.msd.ch\/de\/wp-content\/uploads\/sites\/88\/2025\/11\/Pink-Cube-2025-Zurich.jpg\" alt=\"Bild: Pink Cube 2025 auf dem Utoplatz in Z\u00fcrich\" class=\"wp-image-12920\"\/><\/figure>\n<\/div>\n\n\n\n<div class=\"wp-block-column is-layout-flow wp-block-column-is-layout-flow\">\n<h1 class=\"wp-block-heading\">Nachhaltigkeit und globale Gesundheit \u2013 Unser Anspruch, Wirkung zu schaffen<\/h1>\n\n\n\n<p class=\"has-medium-font-size\">Verantwortungsvolles Handeln ist ein zentraler Bestandteil der Strategie von MSD Schweiz und spiegelt unser Engagement f\u00fcr eine sichere, nachhaltige und gesunde Zukunft wider. Indem wir Nachhaltigkeit in all unseren Gesch\u00e4ftsaktivit\u00e4ten verankern, schaffen wir langfristigen Mehrwert f\u00fcr unser Unternehmen und unsere Aktion\u00e4re und dienen zugleich Patienten, Kunden, Mitarbeitenden und der Gesellschaft besser.<\/p>\n<\/div>\n<\/div>\n\n\n\n<div style=\"height:80px\" aria-hidden=\"true\" class=\"wp-block-spacer\"><\/div>\n\n\n\n<div class=\"wp-block-media-text has-media-on-the-right is-stacked-on-mobile has-background\" style=\"background-color:#00857c;grid-template-columns:auto 40%\"><div class=\"wp-block-media-text__content\">\n<p class=\"has-white-color has-text-color has-link-color has-medium-font-size wp-elements-068c1d5ac6dabba92cb37c1c8e4bc498\">Bei MSD Schweiz ist Nachhaltigkeit nicht nur eine Verantwortung \u2013 sie ist ein zentraler Bestandteil unserer Arbeits- und Innovationsweise. Wir sind entschlossen, die Gesundheit voranzubringen und gleichzeitig die Gesundheit unseres Planeten zu sch\u00fctzen. Von der Reduzierung unseres \u00f6kologischen Fussabdrucks bis zur F\u00f6rderung eines gerechten Zugangs zur Gesundheitsversorgung sind wir stolz darauf, zu einer nachhaltigeren und widerstandsf\u00e4higeren Zukunft f\u00fcr alle beizutragen.<\/p>\n\n\n\n<p class=\"has-white-color has-text-color has-link-color has-small-font-size wp-elements-f2a91edca99ca85cd3dd36b48a39e331\"><strong>Jasper Kunow<\/strong><br>Managing Director ad interim \u00b7 MSD Schweiz<\/p>\n<\/div><figure class=\"wp-block-media-text__media\"><img loading=\"lazy\" decoding=\"async\" width=\"1400\" height=\"1400\" src=\"https:\/\/www.msd.ch\/de\/wp-content\/uploads\/sites\/88\/2025\/10\/Jasper-Kunow-202510.jpg?w=1400\" alt=\"Jasper Kunow, Managing Director (ad interim)\" class=\"wp-image-12839 size-full\"\/><\/figure><\/div>\n\n\n\n<div style=\"height:80px\" aria-hidden=\"true\" class=\"wp-block-spacer\"><\/div>\n\n\n\n<h2 class=\"wp-block-heading\">Unsere unternehmensweiten Nachhaltigkeitsschwerpunkte<\/h2>\n\n\n\n<div class=\"wp-block-columns is-layout-flex wp-container-core-columns-is-layout-9d6595d7 wp-block-columns-is-layout-flex\">\n<div class=\"wp-block-column is-vertically-aligned-top is-layout-flow wp-block-column-is-layout-flow\" style=\"flex-basis:50%\">\n<figure class=\"wp-block-image size-large\"><a href=\"https:\/\/www.msd.ch\/de\/home\/about-us\/responsibility\/msd-switzerland-sustainability-and-global-health\/access-to-healthcare\/\"><img loading=\"lazy\" decoding=\"async\" width=\"1592\" height=\"298\" src=\"https:\/\/www.msd.ch\/de\/wp-content\/uploads\/sites\/88\/2025\/11\/Button-Access-To-Health.png?w=1592\" alt=\"Button-Access-To-Health\" class=\"wp-image-12894\" style=\"object-fit:cover\"\/><\/a><\/figure>\n\n\n\n<p>Unser Engagement zur Verbesserung des Zugangs zur Gesundheitsversorgung basiert auf einer sinnvollen Zusammenarbeit mit Pflegekr\u00e4ften, Beh\u00f6rden, Forschungseinrichtungen und Patientenverb\u00e4nden.<\/p>\n<\/div>\n\n\n\n<div class=\"wp-block-column is-vertically-aligned-top is-layout-flow wp-block-column-is-layout-flow\" style=\"flex-basis:50%\">\n<figure class=\"wp-block-image size-large\"><a href=\"https:\/\/www.msd.ch\/de\/home\/about-us\/responsibility\/msd-switzerland-sustainability-and-global-health\/employees\/\"><img loading=\"lazy\" decoding=\"async\" width=\"1592\" height=\"298\" src=\"https:\/\/www.msd.ch\/de\/wp-content\/uploads\/sites\/88\/2025\/11\/Button-Employees.png?w=1592\" alt=\"Button-Employees\" class=\"wp-image-12893\" style=\"object-fit:cover\"\/><\/a><\/figure>\n\n\n\n<p>Wir setzen uns f\u00fcr eine vielf\u00e4ltige, qualifizierte und engagierte Belegschaft ein. Wir f\u00f6rdern ein positives Arbeitsumfeld und Wohlbefinden durch Gemeinschaftsbildung und Initiativen, die Inklusion und vielf\u00e4ltige Perspektiven f\u00f6rdern.<\/p>\n<\/div>\n<\/div>\n\n\n\n<div class=\"wp-block-columns is-layout-flex wp-container-core-columns-is-layout-9d6595d7 wp-block-columns-is-layout-flex\">\n<div class=\"wp-block-column is-vertically-aligned-top is-layout-flow wp-block-column-is-layout-flow\" style=\"flex-basis:50%\">\n<figure class=\"wp-block-image size-large\"><a href=\"https:\/\/www.msd.ch\/de\/home\/about-us\/responsibility\/msd-switzerland-sustainability-and-global-health\/environmental-sustainability\/\"><img loading=\"lazy\" decoding=\"async\" width=\"1592\" height=\"298\" src=\"https:\/\/www.msd.ch\/de\/wp-content\/uploads\/sites\/88\/2025\/11\/Button-Environmental-Sustainability.png?w=1592\" alt=\"Button-Environmental-Sustainability\" class=\"wp-image-12896\" style=\"object-fit:cover\"\/><\/a><\/figure>\n\n\n\n<p>Als Unternehmen hat sich MSD verpflichtet, bis 2045 Netto-Null-Treibhausgasemissionen (THG) in unseren globalen Betrieben (Scope 1, 2 und 3) zu erreichen. Im Einklang mit unseren Nachhaltigkeitszielen stammen 100% des f\u00fcr unsere MSD-Schweiz-Standorte eingekauften Stroms aus erneuerbaren Energiequellen. Wir streben kontinuierlich danach, energieeffizient zu arbeiten und unseren \u00f6kologischen Fussabdruck an diesen Standorten zu minimieren.<\/p>\n<\/div>\n\n\n\n<div class=\"wp-block-column is-vertically-aligned-top is-layout-flow wp-block-column-is-layout-flow\" style=\"flex-basis:50%\">\n<figure class=\"wp-block-image size-large\"><a href=\"https:\/\/www.msd.ch\/de\/home\/about-us\/responsibility\/msd-switzerland-sustainability-and-global-health\/ethics-and-values\/\"><img loading=\"lazy\" decoding=\"async\" width=\"1592\" height=\"298\" src=\"https:\/\/www.msd.ch\/de\/wp-content\/uploads\/sites\/88\/2025\/11\/Button-Ethics-And-Values.png?w=1592\" alt=\"Button-Ethics-And-Values\" class=\"wp-image-12895\" style=\"object-fit:cover\"\/><\/a><\/figure>\n\n\n\n<p>Wir setzen uns f\u00fcr die F\u00f6rderung einer Unternehmenskultur ein, in der sich Mitarbeitende bef\u00e4higt f\u00fchlen, ihre Bedenken zu \u00e4ussern \u2013 eine Verpflichtung, die durch F\u00fchrungskommunikation und Initiativen wie individuelle Schulungen zur psychologischen Sicherheit verst\u00e4rkt wird.<\/p>\n<\/div>\n<\/div>\n\n\n\n<div style=\"height:80px\" aria-hidden=\"true\" class=\"wp-block-spacer\"><\/div>\n\n\n\n<div class=\"wp-block-columns has-background is-layout-flex wp-container-core-columns-is-layout-9d6595d7 wp-block-columns-is-layout-flex\" style=\"background-color:#0c2340\">\n<div class=\"wp-block-column is-layout-flow wp-block-column-is-layout-flow\" style=\"flex-basis:40%\"><div class=\"wp-block-image\">\n<figure class=\"aligncenter size-full\"><img loading=\"lazy\" decoding=\"async\" width=\"2374\" height=\"2178\" src=\"https:\/\/www.msd.ch\/de\/wp-content\/uploads\/sites\/88\/2025\/11\/D-MSD-Future-Day.png\" alt=\"Foto: Kinder in Laborkitteln und Schutzbrillen f\u00fchren w\u00e4hrend des National Future Day bei MSD Schweiz Experimente durch.\" class=\"wp-image-12892\"\/><\/figure><\/div><\/div>\n\n\n\n<div class=\"wp-block-column is-layout-flow wp-block-column-is-layout-flow\" style=\"flex-basis:60%\">\n<h4 class=\"wp-block-heading has-white-color has-text-color has-link-color wp-elements-6e832faedec08bab8023e6a1705f265e\"><strong>Unser Engagement in der Schweiz sind auf unsere Nachhaltigkeitsstrategie ausgerichtet<\/strong><\/h4>\n\n\n\n<p class=\"has-white-color has-text-color has-link-color wp-elements-1a089edd5a1f7ffcf924f1f2b842d15d\">Bei MSD arbeiten wir kontinuierlich daran, unsere Gesch\u00e4ftst\u00e4tigkeiten umweltverantwortlicher zu gestalten, ein vielf\u00e4ltigeres und inklusiveres Gesundheitssystem zu f\u00f6rdern und die Gesundheitskompetenz von Patient:innen weltweit zu st\u00e4rken. Wir sind \u00fcberzeugt, dass nachhaltiges Handeln der Schl\u00fcssel zu langfristigem Erfolg ist.<\/p>\n\n\n\n<p class=\"has-white-color has-text-color has-link-color wp-elements-06da306279c344be6250eef5b3bdf057\">Mit diesem Engagement unterst\u00fctzen wir die Ziele f\u00fcr nachhaltige Entwicklung (Sustainable Development Goals, SDGs) der Vereinten Nationen (UN) im Rahmen der Agenda 2030 f\u00fcr nachhaltige Entwicklung und schaffen damit Mehrwert f\u00fcr Patient:inne, Kund:innen, die Gesellschaft sowie MSD als Unternehmen.<\/p>\n<\/div>\n<\/div>\n\n\n\n<div style=\"height:80px\" aria-hidden=\"true\" class=\"wp-block-spacer\"><\/div>\n\n\n\n<div class=\"wp-block-columns has-white-color has-text-color has-background has-link-color wp-elements-9f7c0b49536e1d9ca316cf219e16c167 is-layout-flex wp-container-core-columns-is-layout-9d6595d7 wp-block-columns-is-layout-flex\" style=\"background-color:#00857c\">\n<div class=\"wp-block-column is-layout-flow wp-block-column-is-layout-flow\">\n<p class=\"has-medium-font-size\"><strong>Download<\/strong><\/p>\n\n\n\n<p class=\"has-white-background-color has-text-color has-background has-link-color wp-elements-2831e573c71d47faa2289497049eab28\" style=\"color:#00857c\"><a href=\"https:\/\/www.msd.ch\/de\/wp-content\/uploads\/sites\/88\/2025\/11\/MSD-Switzerland_Impact-Report-20242025.pdf\" target=\"_blank\" rel=\"noreferrer noopener\"><img decoding=\"async\" class=\"wp-image-9715\" style=\"width: 20px\" src=\"https:\/\/www.msd.ch\/en\/wp-content\/uploads\/sites\/42\/2025\/09\/Download-Icon-Teal.png\" alt=\"\"><\/a> <a href=\"https:\/\/www.msd.ch\/de\/wp-content\/uploads\/sites\/88\/2025\/11\/MSD-Switzerland_Impact-Report-20242025.pdf\" target=\"_blank\" rel=\"noreferrer noopener\">MSD Sustainability Summary 2024\/2025: Switzerland<\/a><\/p>\n\n\n\n<p class=\"has-white-background-color has-text-color has-background has-link-color wp-elements-c98a40a8cd26ae0ba3cdd4870efbfa54\" style=\"color:#00857c\"><a href=\"https:\/\/www.msd.com\/company-overview\/sustainability\/\" target=\"_blank\" rel=\"noreferrer noopener\"><img loading=\"lazy\" decoding=\"async\" width=\"1381\" height=\"1381\" class=\"wp-image-12940\" style=\"width: 20px\" src=\"https:\/\/www.msd.ch\/de\/wp-content\/uploads\/sites\/88\/2025\/11\/Download-Icon-Teal.png\" alt=\"Download-Icon-Teal\"><\/a> <a href=\"https:\/\/www.msd.com\/company-overview\/sustainability\/\" target=\"_blank\" rel=\"noreferrer noopener nofollow\">Purpose for Progress Impact Report 2024\/2025<\/a><\/p>\n<\/div>\n<\/div>\n\n\n\n<div style=\"height:100px\" aria-hidden=\"true\" class=\"wp-block-spacer\"><\/div>\n\n\n\n<p class=\"has-small-font-size\">CH-NON-02014, 03\/2026<\/p>\n","protected":false},"excerpt":{"rendered":"<p>Nachhaltigkeit und globale Gesundheit \u2013 Unser Anspruch, Wirkung zu schaffen Verantwortungsvolles Handeln ist ein zentraler Bestandteil der Strategie von MSD Schweiz und spiegelt unser Engagement f\u00fcr eine sichere, nachhaltige und gesunde Zukunft wider. Indem wir Nachhaltigkeit in all unseren Gesch\u00e4ftsaktivit\u00e4ten verankern, schaffen wir langfristigen Mehrwert f\u00fcr unser Unternehmen und unsere Aktion\u00e4re und dienen zugleich Patienten, [&hellip;]<\/p>\n","protected":false},"author":974,"featured_media":12920,"parent":36,"menu_order":0,"comment_status":"closed","ping_status":"closed","template":"","meta":{"_acf_changed":false,"bdl_company_name":[],"bdl_item_external_link":[],"editor_notices":[],"footnotes":""},"class_list":["post-13034","page","type-page","status-publish","has-post-thumbnail","hentry"],"yoast_head":"<!-- This site is optimized with the Yoast SEO plugin v21.9.1 - https:\/\/yoast.com\/wordpress\/plugins\/seo\/ -->\n<title>Nachhaltigkeit und globale Gesundheit bei MSD Schweiz<\/title>\n<meta name=\"description\" content=\"Bei MSD Schweiz verfolgen wir einen kollaborativen und ganzheitlichen Ansatz zur F\u00f6rderung der globalen Gesundheit und Nachhaltigkeit.\" \/>\n<meta name=\"robots\" content=\"index, follow, max-snippet:-1, max-image-preview:large, max-video-preview:-1\" \/>\n<link rel=\"canonical\" href=\"https:\/\/www.msd.ch\/de\/home\/about-us\/responsibility\/msd-switzerland-sustainability-and-global-health\/\" \/>\n<meta property=\"og:locale\" content=\"en_US\" \/>\n<meta property=\"og:type\" content=\"article\" \/>\n<meta property=\"og:title\" content=\"Nachhaltigkeit und globale Gesundheit bei MSD Schweiz\" \/>\n<meta property=\"og:description\" content=\"Bei MSD Schweiz verfolgen wir einen kollaborativen und ganzheitlichen Ansatz zur F\u00f6rderung der globalen Gesundheit und Nachhaltigkeit.\" \/>\n<meta property=\"og:url\" content=\"https:\/\/www.msd.ch\/de\/home\/about-us\/responsibility\/msd-switzerland-sustainability-and-global-health\/\" \/>\n<meta property=\"og:site_name\" content=\"msd.ch\" \/>\n<meta property=\"article:modified_time\" content=\"2026-03-10T07:44:16+00:00\" \/>\n<meta property=\"og:image\" content=\"https:\/\/www.msd.ch\/de\/wp-content\/uploads\/sites\/88\/2025\/11\/Pink-Cube-2025-Zurich.jpg\" \/>\n\t<meta property=\"og:image:width\" content=\"1500\" \/>\n\t<meta property=\"og:image:height\" content=\"1000\" \/>\n\t<meta property=\"og:image:type\" content=\"image\/jpeg\" \/>\n<meta name=\"twitter:card\" content=\"summary_large_image\" \/>\n<meta name=\"twitter:label1\" content=\"Est. reading time\" \/>\n\t<meta name=\"twitter:data1\" content=\"1 minute\" \/>\n<script type=\"application\/ld+json\" class=\"yoast-schema-graph\">{\"@context\":\"https:\/\/schema.org\",\"@graph\":[{\"@type\":\"WebPage\",\"@id\":\"https:\/\/www.msd.ch\/de\/home\/about-us\/responsibility\/msd-switzerland-sustainability-and-global-health\/\",\"url\":\"https:\/\/www.msd.ch\/de\/home\/about-us\/responsibility\/msd-switzerland-sustainability-and-global-health\/\",\"name\":\"Nachhaltigkeit und globale Gesundheit bei MSD Schweiz\",\"isPartOf\":{\"@id\":\"https:\/\/www.msd.ch\/de\/#website\"},\"datePublished\":\"2026-03-03T10:17:08+00:00\",\"dateModified\":\"2026-03-10T07:44:16+00:00\",\"description\":\"Bei MSD Schweiz verfolgen wir einen kollaborativen und ganzheitlichen Ansatz zur F\u00f6rderung der globalen Gesundheit und Nachhaltigkeit.\",\"breadcrumb\":{\"@id\":\"https:\/\/www.msd.ch\/de\/home\/about-us\/responsibility\/msd-switzerland-sustainability-and-global-health\/#breadcrumb\"},\"inLanguage\":\"en-US\",\"potentialAction\":[{\"@type\":\"ReadAction\",\"target\":[\"https:\/\/www.msd.ch\/de\/home\/about-us\/responsibility\/msd-switzerland-sustainability-and-global-health\/\"]}]},{\"@type\":\"BreadcrumbList\",\"@id\":\"https:\/\/www.msd.ch\/de\/home\/about-us\/responsibility\/msd-switzerland-sustainability-and-global-health\/#breadcrumb\",\"itemListElement\":[{\"@type\":\"ListItem\",\"position\":1,\"name\":\"Home\",\"item\":\"https:\/\/www.msd.ch\/de\/\"},{\"@type\":\"ListItem\",\"position\":2,\"name\":\"\u00dcber uns\",\"item\":\"https:\/\/www.msd.ch\/de\/home\/about-us\/\"},{\"@type\":\"ListItem\",\"position\":3,\"name\":\"Verantwortung\",\"item\":\"https:\/\/www.msd.ch\/de\/home\/about-us\/responsibility\/\"},{\"@type\":\"ListItem\",\"position\":4,\"name\":\"Nachhaltigkeit und globale Gesundheit\"}]},{\"@type\":\"WebSite\",\"@id\":\"https:\/\/www.msd.ch\/de\/#website\",\"url\":\"https:\/\/www.msd.ch\/de\/\",\"name\":\"msd.ch\",\"description\":\"MSD erforscht und entwickelt Medikamente und Impfstoffe, die Leben retten und die Gesundheit von Patienten verbessern sollen. In der Schweiz setzen sich 1000 Mitarbeitende in Luzern und Z\u00fcrich daf\u00fcr ein.\",\"potentialAction\":[{\"@type\":\"SearchAction\",\"target\":{\"@type\":\"EntryPoint\",\"urlTemplate\":\"https:\/\/www.msd.ch\/de\/?s={search_term_string}\"},\"query-input\":\"required name=search_term_string\"}],\"inLanguage\":\"en-US\"}]}<\/script>\n<!-- \/ Yoast SEO plugin. -->","yoast_head_json":{"title":"Nachhaltigkeit und globale Gesundheit bei MSD Schweiz","description":"Bei MSD Schweiz verfolgen wir einen kollaborativen und ganzheitlichen Ansatz zur F\u00f6rderung der globalen Gesundheit und Nachhaltigkeit.","robots":{"index":"index","follow":"follow","max-snippet":"max-snippet:-1","max-image-preview":"max-image-preview:large","max-video-preview":"max-video-preview:-1"},"canonical":"https:\/\/www.msd.ch\/de\/home\/about-us\/responsibility\/msd-switzerland-sustainability-and-global-health\/","og_locale":"en_US","og_type":"article","og_title":"Nachhaltigkeit und globale Gesundheit bei MSD Schweiz","og_description":"Bei MSD Schweiz verfolgen wir einen kollaborativen und ganzheitlichen Ansatz zur F\u00f6rderung der globalen Gesundheit und Nachhaltigkeit.","og_url":"https:\/\/www.msd.ch\/de\/home\/about-us\/responsibility\/msd-switzerland-sustainability-and-global-health\/","og_site_name":"msd.ch","article_modified_time":"2026-03-10T07:44:16+00:00","og_image":[{"width":1500,"height":1000,"url":"https:\/\/www.msd.ch\/de\/wp-content\/uploads\/sites\/88\/2025\/11\/Pink-Cube-2025-Zurich.jpg","type":"image\/jpeg"}],"twitter_card":"summary_large_image","twitter_misc":{"Est. reading time":"1 minute"},"schema":{"@context":"https:\/\/schema.org","@graph":[{"@type":"WebPage","@id":"https:\/\/www.msd.ch\/de\/home\/about-us\/responsibility\/msd-switzerland-sustainability-and-global-health\/","url":"https:\/\/www.msd.ch\/de\/home\/about-us\/responsibility\/msd-switzerland-sustainability-and-global-health\/","name":"Nachhaltigkeit und globale Gesundheit bei MSD Schweiz","isPartOf":{"@id":"https:\/\/www.msd.ch\/de\/#website"},"datePublished":"2026-03-03T10:17:08+00:00","dateModified":"2026-03-10T07:44:16+00:00","description":"Bei MSD Schweiz verfolgen wir einen kollaborativen und ganzheitlichen Ansatz zur F\u00f6rderung der globalen Gesundheit und Nachhaltigkeit.","breadcrumb":{"@id":"https:\/\/www.msd.ch\/de\/home\/about-us\/responsibility\/msd-switzerland-sustainability-and-global-health\/#breadcrumb"},"inLanguage":"en-US","potentialAction":[{"@type":"ReadAction","target":["https:\/\/www.msd.ch\/de\/home\/about-us\/responsibility\/msd-switzerland-sustainability-and-global-health\/"]}]},{"@type":"BreadcrumbList","@id":"https:\/\/www.msd.ch\/de\/home\/about-us\/responsibility\/msd-switzerland-sustainability-and-global-health\/#breadcrumb","itemListElement":[{"@type":"ListItem","position":1,"name":"Home","item":"https:\/\/www.msd.ch\/de\/"},{"@type":"ListItem","position":2,"name":"\u00dcber uns","item":"https:\/\/www.msd.ch\/de\/home\/about-us\/"},{"@type":"ListItem","position":3,"name":"Verantwortung","item":"https:\/\/www.msd.ch\/de\/home\/about-us\/responsibility\/"},{"@type":"ListItem","position":4,"name":"Nachhaltigkeit und globale Gesundheit"}]},{"@type":"WebSite","@id":"https:\/\/www.msd.ch\/de\/#website","url":"https:\/\/www.msd.ch\/de\/","name":"msd.ch","description":"MSD erforscht und entwickelt Medikamente und Impfstoffe, die Leben retten und die Gesundheit von Patienten verbessern sollen. In der Schweiz setzen sich 1000 Mitarbeitende in Luzern und Z\u00fcrich daf\u00fcr ein.","potentialAction":[{"@type":"SearchAction","target":{"@type":"EntryPoint","urlTemplate":"https:\/\/www.msd.ch\/de\/?s={search_term_string}"},"query-input":"required name=search_term_string"}],"inLanguage":"en-US"}]}},"acf":[],"_links":{"self":[{"href":"https:\/\/www.msd.ch\/de\/wp-json\/wp\/v2\/pages\/13034","targetHints":{"allow":["GET"]}}],"collection":[{"href":"https:\/\/www.msd.ch\/de\/wp-json\/wp\/v2\/pages"}],"about":[{"href":"https:\/\/www.msd.ch\/de\/wp-json\/wp\/v2\/types\/page"}],"author":[{"embeddable":true,"href":"https:\/\/www.msd.ch\/de\/wp-json\/wp\/v2\/users\/974"}],"replies":[{"embeddable":true,"href":"https:\/\/www.msd.ch\/de\/wp-json\/wp\/v2\/comments?post=13034"}],"version-history":[{"count":8,"href":"https:\/\/www.msd.ch\/de\/wp-json\/wp\/v2\/pages\/13034\/revisions"}],"predecessor-version":[{"id":13756,"href":"https:\/\/www.msd.ch\/de\/wp-json\/wp\/v2\/pages\/13034\/revisions\/13756"}],"up":[{"embeddable":true,"href":"https:\/\/www.msd.ch\/de\/wp-json\/wp\/v2\/pages\/36"}],"wp:featuredmedia":[{"embeddable":true,"href":"https:\/\/www.msd.ch\/de\/wp-json\/wp\/v2\/media\/12920"}],"wp:attachment":[{"href":"https:\/\/www.msd.ch\/de\/wp-json\/wp\/v2\/media?parent=13034"}],"curies":[{"name":"wp","href":"https:\/\/api.w.org\/{rel}","templated":true}]}}