{"id":1912,"date":"2022-09-25T06:41:00","date_gmt":"2022-09-25T04:41:00","guid":{"rendered":"https:\/\/vip2-msd.com\/switzerland\/?page_id=1912"},"modified":"2025-03-26T07:47:52","modified_gmt":"2025-03-26T06:47:52","slug":"partner","status":"publish","type":"page","link":"https:\/\/www.msd.ch\/de\/home\/about-us\/partner\/","title":{"rendered":"MSD als Partner"},"content":{"rendered":"\n<div id=\"mco-b2-hero-block-block_cbe879595c8e102d76fc67c773f1e7a0\" class=\"mco-b2-hero-block full mccberg-block\">\n    <div class=\"mco-b2-hero-block-wrapper\">\n        <div class=\"mco-b2-hero-block-image-section \">\n\n                            <div class=\"mco-b2-hero-block-image-container \">\n                    <picture >\n\t<source media=\"(max-width: 767px)\" data-srcset=\"https:\/\/www.msd.ch\/de\/wp-content\/uploads\/sites\/88\/2021\/07\/partner_title-e1626793083988.jpg?w=768\" srcset=\"https:\/\/www.msd.ch\/de\/wp-content\/uploads\/sites\/88\/2021\/07\/partner_title-e1626793083988.jpg?w=768\" >\n<source media=\"(min-width: 768px) and (max-width: 1199px)\" data-srcset=\"https:\/\/www.msd.ch\/de\/wp-content\/uploads\/sites\/88\/2021\/07\/partner_title-e1626793083988.jpg?h=768\" srcset=\"https:\/\/www.msd.ch\/de\/wp-content\/uploads\/sites\/88\/2021\/07\/partner_title-e1626793083988.jpg?h=768\" >\n<source media=\"(min-width: 1200px) and (max-width: 1919px)\" data-srcset=\"https:\/\/www.msd.ch\/de\/wp-content\/uploads\/sites\/88\/2021\/07\/partner_title-e1626793083988.jpg?w=1200\" srcset=\"https:\/\/www.msd.ch\/de\/wp-content\/uploads\/sites\/88\/2021\/07\/partner_title-e1626793083988.jpg?w=1200\" >\n<source media=\"(min-width: 1920px)\" data-srcset=\"https:\/\/www.msd.ch\/de\/wp-content\/uploads\/sites\/88\/2021\/07\/partner_title-e1626793083988.jpg?w=1920\" srcset=\"https:\/\/www.msd.ch\/de\/wp-content\/uploads\/sites\/88\/2021\/07\/partner_title-e1626793083988.jpg?w=1920\" >\n\t<img data-src=\"https:\/\/www.msd.ch\/de\/wp-content\/uploads\/sites\/88\/2021\/07\/partner_title-e1626793083988.jpg?w=1920\" alt=\"H\u00e4ndedr\u00fcck von zwei Business Partnern\" class=\"eager \" loading=\"eager\" \/>\n<\/picture>                                    <\/div>\n                        <div class=\"mco-b2-hero-block-image-container-two\">\n                            <\/div>\n        <\/div>\n\n        <div class=\"mco-b2-hero-block-content-section\">\n            <nav class=\"breadcrumbs wrapper text-descriptive\"aria-label=\"Breadcrumbs\"><\/nav>            \n                            <h1>MSD als Partner<\/h1>\n            \n                            <div class=\"mco-b2-hero-block-description\"><p>Um Gesundheitsfragen und -probleme zu adressieren, suchen wir die partnerschaftliche Zusammenarbeit mit Entscheidungstr\u00e4gern im Gesundheitswesen. Gemeinsam entwickeln wir innovative L\u00f6sungen, die zur Verbesserung der Gesundheit von Patienten in der Schweiz beitragen.<\/p>\n<\/div>\n            \n                    <\/div>\n    <\/div>\n\n    \n<\/div>\n\n\n\n<h2 class=\"wp-block-heading has-text-align-center\">Unsere Initiativen und Projekte<\/h2>\n\n\n\n<div class=\"wp-block-columns is-layout-flex wp-container-core-columns-is-layout-9d6595d7 wp-block-columns-is-layout-flex\">\n<div class=\"wp-block-column is-layout-flow wp-block-column-is-layout-flow\" style=\"flex-basis:33.33%\"><div class=\"wp-block-image\">\n<figure class=\"aligncenter size-large\"><img loading=\"lazy\" decoding=\"async\" width=\"150\" height=\"150\" src=\"https:\/\/www.msd.ch\/de\/wp-content\/uploads\/sites\/88\/2021\/10\/D-AllianceCompetence-150x150-1.jpg\" alt=\"\" class=\"wp-image-5709\"\/><\/figure><\/div><\/div>\n\n\n\n<div class=\"wp-block-column is-layout-flow wp-block-column-is-layout-flow\" style=\"flex-basis:66.66%\">\n<h3 class=\"wp-block-heading\">Verbesserung der Gesundheitskompetenz<\/h3>\n\n\n\n<p>MSD setzt sich seit Jahrzehnten lokal und global f\u00fcr die St\u00e4rkung der Gesundheitskompetenz ein. In der Schweiz hat sich MSD 2010 mit den Gr\u00fcndungspartnern, mitunter FMH und Gesundheitsf\u00f6rderung Schweiz, zur \u00abAllianz Gesundheitskompetenz\u00bb zusammengeschlossen. Die Allianz vernetzt als Plattform Akteure aus Gesundheitswesen, Wissenschaft und Politik, treibt das Thema auf strategischer Ebene voran, unterst\u00fctzt die Umsetzung von Initiativen und verleiht regelm\u00e4ssig einen F\u00f6rderpreis f\u00fcr innovative Praxisprojekte.<\/p>\n\n\n\n<p><a href=\"https:\/\/www.allianz-gesundheitskompetenz.ch\/\" target=\"_blank\" rel=\"noreferrer noopener\">Mehr erfahren<\/a><\/p>\n<\/div>\n<\/div>\n\n\n\n<div class=\"wp-block-columns is-layout-flex wp-container-core-columns-is-layout-9d6595d7 wp-block-columns-is-layout-flex\">\n<div class=\"wp-block-column is-layout-flow wp-block-column-is-layout-flow\" style=\"flex-basis:33.33%\"><div class=\"wp-block-image\">\n<figure class=\"aligncenter size-large\"><img loading=\"lazy\" decoding=\"async\" width=\"150\" height=\"150\" src=\"https:\/\/www.msd.ch\/de\/wp-content\/uploads\/sites\/88\/2021\/10\/AllianzQ-150x150-1.jpg\" alt=\"\" class=\"wp-image-5710\"\/><\/figure><\/div><\/div>\n\n\n\n<div class=\"wp-block-column is-layout-flow wp-block-column-is-layout-flow\" style=\"flex-basis:66.66%\">\n<h3 class=\"wp-block-heading\">allianz q \u2013 Qualit\u00e4t vor Kosten im Gesundheitswesen<\/h3>\n\n\n\n<p>Die allianz q ist eine Interessengemeinschaft von Akteuren des Gesundheitswesens. Im Sinne eines Think Tanks bringt die allianz q Experten aus unterschiedlichen Bereichen des Gesundheitswesens zusammen. Das gemeinsame Fundament und den Zusammenhalt bildet ein Manifest. MSD ist Mitglied und unterst\u00fctzt die Allianz q seit Beginn.<\/p>\n\n\n\n<p><a href=\"http:\/\/www.allianzq.ch\/index.php\" target=\"_blank\" rel=\"noreferrer noopener\">Mehr erfahren<\/a><\/p>\n<\/div>\n<\/div>\n\n\n\n<div class=\"wp-block-columns is-layout-flex wp-container-core-columns-is-layout-9d6595d7 wp-block-columns-is-layout-flex\">\n<div class=\"wp-block-column is-layout-flow wp-block-column-is-layout-flow\" style=\"flex-basis:33.33%\"><div class=\"wp-block-image\">\n<figure class=\"aligncenter size-large\"><img loading=\"lazy\" decoding=\"async\" width=\"150\" height=\"150\" src=\"https:\/\/www.msd.ch\/de\/wp-content\/uploads\/sites\/88\/2021\/10\/TGL-150x150-1.jpg\" alt=\"\" class=\"wp-image-5715\"\/><\/figure><\/div><\/div>\n\n\n\n<div class=\"wp-block-column is-layout-flow wp-block-column-is-layout-flow\" style=\"flex-basis:66.66%\">\n<h3 class=\"wp-block-heading\">Hauptpartner der Fachtagung \u201eTrendtage Gesundheit Luzern\u201c<\/h3>\n\n\n\n<p>Jedes Jahr treffen sich \u00fcber 600 Meinungs- und Entscheidungstr\u00e4ger aus Medizin, Wissenschaft, Wirtschaft und Politik zum Dialog \u00fcber Trends und Perspektiven im schweizerischen Gesundheitswesen an den Trendtagen Gesundheit im KKL Luzern. Als in Luzern ans\u00e4ssiges biopharmazeutisches Unternehmen unterst\u00fctzt MSD den f\u00fchrenden nationalen Branchenanlass seit mehreren Jahren, seit 2013 als Hauptpartner. MSD ist Mitglied im Advisory Board und gibt als solches Input zur j\u00e4hrlichen Themenfindung und Definition der Kongressinhalte.<\/p>\n\n\n\n<p><a href=\"https:\/\/www.trendtage-gesundheit.ch\/\" target=\"_blank\" rel=\"noreferrer noopener\">Mehr erfahren<\/a><\/p>\n<\/div>\n<\/div>\n\n\n<div id=\"mco-featured-banner-block-block_bc003d3b21d00bb60ab8060be49887cc\" class=\"mco-featured-banner-block full mccberg-block negative alignleft\">\n\n\n            <div class=\"mco-featured-banner-image-container\">\n            <picture>\n                <source media=\"(max-width: 767px)\" data-srcset=\"https:\/\/www.msd.ch\/de\/wp-content\/uploads\/sites\/88\/2021\/07\/partner_verantwortung.jpg?resize=767,956\">\n                <source media=\"(min-width: 768px) and (max-width: 1199px)\" data-srcset=\"https:\/\/www.msd.ch\/de\/wp-content\/uploads\/sites\/88\/2021\/07\/partner_verantwortung.jpg?resize=768,448\">\n                <source media=\"(min-width: 1200px)\" data-srcset=\"https:\/\/www.msd.ch\/de\/wp-content\/uploads\/sites\/88\/2021\/07\/partner_verantwortung.jpg?w=1600\">\n                <img data-src=\"https:\/\/www.msd.ch\/de\/wp-content\/uploads\/sites\/88\/2021\/07\/partner_verantwortung.jpg?w=1600\" alt=\"Featured banner image\" class=\"lazyload\" loading=\"lazy\" \/>\n            <\/picture>\n        <\/div>\n    \n\n    <div class=\"mco-featured-banner-content-container\">\n        <div class=\"mco-featured-banner-content-card\">\n            \n                            <h3>Wir \u00fcbernehmen Verantwortung<\/h3>\n            \n                            <div><p>Erfahren Sie mehr \u00fcber unseren globalen Corporate Responsibility Ansatz und unser soziales Engagement in der Schweiz.<\/p>\n<\/div>\n            \n            <div class=\"mco-featured-banner-btn-container\">\n                                    <a class=\"btn\"\n                       href=\"https:\/\/www.msd.ch\/de\/home\/about-us\/responsibility\/\"\n                       title=\"Mehr erfahren\"\n                       target=\"_blank\"\n                                           >Mehr erfahren<\/a>\n                \n                            <\/div>\n        <\/div>\n    <\/div>\n<\/div>\n\n\n\n<p><sup>CH-NON-00947, 02\/2025<\/sup><\/p>\n","protected":false},"excerpt":{"rendered":"<p>Unsere Initiativen und Projekte Verbesserung der Gesundheitskompetenz MSD setzt sich seit Jahrzehnten lokal und global f\u00fcr die St\u00e4rkung der Gesundheitskompetenz ein. In der Schweiz hat sich MSD 2010 mit den Gr\u00fcndungspartnern, mitunter FMH und Gesundheitsf\u00f6rderung Schweiz, zur \u00abAllianz Gesundheitskompetenz\u00bb zusammengeschlossen. Die Allianz vernetzt als Plattform Akteure aus Gesundheitswesen, Wissenschaft und Politik, treibt das Thema auf [&hellip;]<\/p>\n","protected":false},"author":283,"featured_media":3478,"parent":7768,"menu_order":6,"comment_status":"closed","ping_status":"closed","template":"","meta":{"_acf_changed":false,"bdl_company_name":[],"bdl_item_external_link":[],"editor_notices":[],"footnotes":""},"class_list":["post-1912","page","type-page","status-publish","has-post-thumbnail","hentry"],"yoast_head":"<!-- This site is optimized with the Yoast SEO plugin v21.9.1 - https:\/\/yoast.com\/wordpress\/plugins\/seo\/ -->\n<title>MSD Schweiz als Partner | msd.ch<\/title>\n<meta name=\"description\" content=\"Um Gesundheitsfragen und -probleme zu adressieren, suchen wir die partnerschaftliche Zusammenarbeit mit Entscheidungstr\u00e4gern im Gesundheitswesen.\" \/>\n<meta name=\"robots\" content=\"index, follow, max-snippet:-1, max-image-preview:large, max-video-preview:-1\" \/>\n<link rel=\"canonical\" href=\"https:\/\/www.msd.ch\/de\/home\/about-us\/partner\/\" \/>\n<meta property=\"og:locale\" content=\"en_US\" \/>\n<meta property=\"og:type\" content=\"article\" \/>\n<meta property=\"og:title\" content=\"MSD als Partner\" \/>\n<meta property=\"og:description\" content=\"Um Gesundheitsfragen und -probleme zu adressieren, suchen wir die partnerschaftliche Zusammenarbeit mit Entscheidungstr\u00e4gern im Gesundheitswesen.\" \/>\n<meta property=\"og:url\" content=\"https:\/\/www.msd.ch\/de\/home\/about-us\/partner\/\" \/>\n<meta property=\"og:site_name\" content=\"msd.ch\" \/>\n<meta property=\"article:modified_time\" content=\"2025-03-26T06:47:52+00:00\" \/>\n<meta property=\"og:image\" content=\"https:\/\/www.msd.ch\/de\/wp-content\/uploads\/sites\/88\/2021\/04\/partner_title-1-e1618229316161.jpg\" \/>\n\t<meta property=\"og:image:width\" content=\"1040\" \/>\n\t<meta property=\"og:image:height\" content=\"549\" \/>\n\t<meta property=\"og:image:type\" content=\"image\/jpeg\" \/>\n<meta name=\"twitter:card\" content=\"summary_large_image\" \/>\n<meta name=\"twitter:title\" content=\"MSD als Partner\" \/>\n<meta name=\"twitter:description\" content=\"Um Gesundheitsfragen und -probleme zu adressieren, suchen wir die partnerschaftliche Zusammenarbeit mit Entscheidungstr\u00e4gern im Gesundheitswesen.\" \/>\n<meta name=\"twitter:image\" content=\"https:\/\/www.msd.ch\/de\/wp-content\/uploads\/sites\/88\/2021\/04\/partner_title-1-e1618229316161.jpg\" \/>\n<meta name=\"twitter:label1\" content=\"Est. reading time\" \/>\n\t<meta name=\"twitter:data1\" content=\"2 minutes\" \/>\n<script type=\"application\/ld+json\" class=\"yoast-schema-graph\">{\"@context\":\"https:\/\/schema.org\",\"@graph\":[{\"@type\":\"WebPage\",\"@id\":\"https:\/\/www.msd.ch\/de\/home\/about-us\/partner\/\",\"url\":\"https:\/\/www.msd.ch\/de\/home\/about-us\/partner\/\",\"name\":\"MSD Schweiz als Partner | msd.ch\",\"isPartOf\":{\"@id\":\"https:\/\/www.msd.ch\/de\/#website\"},\"datePublished\":\"2022-09-25T04:41:00+00:00\",\"dateModified\":\"2025-03-26T06:47:52+00:00\",\"description\":\"Um Gesundheitsfragen und -probleme zu adressieren, suchen wir die partnerschaftliche Zusammenarbeit mit Entscheidungstr\u00e4gern im Gesundheitswesen.\",\"breadcrumb\":{\"@id\":\"https:\/\/www.msd.ch\/de\/home\/about-us\/partner\/#breadcrumb\"},\"inLanguage\":\"en-US\",\"potentialAction\":[{\"@type\":\"ReadAction\",\"target\":[\"https:\/\/www.msd.ch\/de\/home\/about-us\/partner\/\"]}]},{\"@type\":\"BreadcrumbList\",\"@id\":\"https:\/\/www.msd.ch\/de\/home\/about-us\/partner\/#breadcrumb\",\"itemListElement\":[{\"@type\":\"ListItem\",\"position\":1,\"name\":\"Home\",\"item\":\"https:\/\/www.msd.ch\/de\/\"},{\"@type\":\"ListItem\",\"position\":2,\"name\":\"\u00dcber uns\",\"item\":\"https:\/\/www.msd.ch\/de\/home\/about-us\/\"},{\"@type\":\"ListItem\",\"position\":3,\"name\":\"MSD als Partner\"}]},{\"@type\":\"WebSite\",\"@id\":\"https:\/\/www.msd.ch\/de\/#website\",\"url\":\"https:\/\/www.msd.ch\/de\/\",\"name\":\"msd.ch\",\"description\":\"MSD erforscht und entwickelt Medikamente und Impfstoffe, die Leben retten und die Gesundheit von Patienten verbessern sollen. In der Schweiz setzen sich 1000 Mitarbeitende in Luzern und Z\u00fcrich daf\u00fcr ein.\",\"potentialAction\":[{\"@type\":\"SearchAction\",\"target\":{\"@type\":\"EntryPoint\",\"urlTemplate\":\"https:\/\/www.msd.ch\/de\/?s={search_term_string}\"},\"query-input\":\"required name=search_term_string\"}],\"inLanguage\":\"en-US\"}]}<\/script>\n<!-- \/ Yoast SEO plugin. -->","yoast_head_json":{"title":"MSD Schweiz als Partner | msd.ch","description":"Um Gesundheitsfragen und -probleme zu adressieren, suchen wir die partnerschaftliche Zusammenarbeit mit Entscheidungstr\u00e4gern im Gesundheitswesen.","robots":{"index":"index","follow":"follow","max-snippet":"max-snippet:-1","max-image-preview":"max-image-preview:large","max-video-preview":"max-video-preview:-1"},"canonical":"https:\/\/www.msd.ch\/de\/home\/about-us\/partner\/","og_locale":"en_US","og_type":"article","og_title":"MSD als Partner","og_description":"Um Gesundheitsfragen und -probleme zu adressieren, suchen wir die partnerschaftliche Zusammenarbeit mit Entscheidungstr\u00e4gern im Gesundheitswesen.","og_url":"https:\/\/www.msd.ch\/de\/home\/about-us\/partner\/","og_site_name":"msd.ch","article_modified_time":"2025-03-26T06:47:52+00:00","og_image":[{"width":1040,"height":549,"url":"https:\/\/www.msd.ch\/de\/wp-content\/uploads\/sites\/88\/2021\/04\/partner_title-1-e1618229316161.jpg","type":"image\/jpeg"}],"twitter_card":"summary_large_image","twitter_title":"MSD als Partner","twitter_description":"Um Gesundheitsfragen und -probleme zu adressieren, suchen wir die partnerschaftliche Zusammenarbeit mit Entscheidungstr\u00e4gern im Gesundheitswesen.","twitter_image":"https:\/\/www.msd.ch\/de\/wp-content\/uploads\/sites\/88\/2021\/04\/partner_title-1-e1618229316161.jpg","twitter_misc":{"Est. reading time":"2 minutes"},"schema":{"@context":"https:\/\/schema.org","@graph":[{"@type":"WebPage","@id":"https:\/\/www.msd.ch\/de\/home\/about-us\/partner\/","url":"https:\/\/www.msd.ch\/de\/home\/about-us\/partner\/","name":"MSD Schweiz als Partner | msd.ch","isPartOf":{"@id":"https:\/\/www.msd.ch\/de\/#website"},"datePublished":"2022-09-25T04:41:00+00:00","dateModified":"2025-03-26T06:47:52+00:00","description":"Um Gesundheitsfragen und -probleme zu adressieren, suchen wir die partnerschaftliche Zusammenarbeit mit Entscheidungstr\u00e4gern im Gesundheitswesen.","breadcrumb":{"@id":"https:\/\/www.msd.ch\/de\/home\/about-us\/partner\/#breadcrumb"},"inLanguage":"en-US","potentialAction":[{"@type":"ReadAction","target":["https:\/\/www.msd.ch\/de\/home\/about-us\/partner\/"]}]},{"@type":"BreadcrumbList","@id":"https:\/\/www.msd.ch\/de\/home\/about-us\/partner\/#breadcrumb","itemListElement":[{"@type":"ListItem","position":1,"name":"Home","item":"https:\/\/www.msd.ch\/de\/"},{"@type":"ListItem","position":2,"name":"\u00dcber uns","item":"https:\/\/www.msd.ch\/de\/home\/about-us\/"},{"@type":"ListItem","position":3,"name":"MSD als Partner"}]},{"@type":"WebSite","@id":"https:\/\/www.msd.ch\/de\/#website","url":"https:\/\/www.msd.ch\/de\/","name":"msd.ch","description":"MSD erforscht und entwickelt Medikamente und Impfstoffe, die Leben retten und die Gesundheit von Patienten verbessern sollen. In der Schweiz setzen sich 1000 Mitarbeitende in Luzern und Z\u00fcrich daf\u00fcr ein.","potentialAction":[{"@type":"SearchAction","target":{"@type":"EntryPoint","urlTemplate":"https:\/\/www.msd.ch\/de\/?s={search_term_string}"},"query-input":"required name=search_term_string"}],"inLanguage":"en-US"}]}},"acf":[],"_links":{"self":[{"href":"https:\/\/www.msd.ch\/de\/wp-json\/wp\/v2\/pages\/1912","targetHints":{"allow":["GET"]}}],"collection":[{"href":"https:\/\/www.msd.ch\/de\/wp-json\/wp\/v2\/pages"}],"about":[{"href":"https:\/\/www.msd.ch\/de\/wp-json\/wp\/v2\/types\/page"}],"author":[{"embeddable":true,"href":"https:\/\/www.msd.ch\/de\/wp-json\/wp\/v2\/users\/283"}],"replies":[{"embeddable":true,"href":"https:\/\/www.msd.ch\/de\/wp-json\/wp\/v2\/comments?post=1912"}],"version-history":[{"count":54,"href":"https:\/\/www.msd.ch\/de\/wp-json\/wp\/v2\/pages\/1912\/revisions"}],"predecessor-version":[{"id":12305,"href":"https:\/\/www.msd.ch\/de\/wp-json\/wp\/v2\/pages\/1912\/revisions\/12305"}],"up":[{"embeddable":true,"href":"https:\/\/www.msd.ch\/de\/wp-json\/wp\/v2\/pages\/7768"}],"wp:featuredmedia":[{"embeddable":true,"href":"https:\/\/www.msd.ch\/de\/wp-json\/wp\/v2\/media\/3478"}],"wp:attachment":[{"href":"https:\/\/www.msd.ch\/de\/wp-json\/wp\/v2\/media?parent=1912"}],"curies":[{"name":"wp","href":"https:\/\/api.w.org\/{rel}","templated":true}]}}