{"id":2984,"date":"2026-03-31T21:02:55","date_gmt":"2026-03-31T19:02:55","guid":{"rendered":"https:\/\/vip2-msd.com\/switzerland\/?page_id=2984"},"modified":"2026-03-31T21:17:30","modified_gmt":"2026-03-31T19:17:30","slug":"contact","status":"publish","type":"page","link":"https:\/\/www.msd.ch\/de\/home\/contact\/","title":{"rendered":"Kontakt"},"content":{"rendered":"\n<div id=\"mco-b2-hero-block-block_82ceb5e4197a6648bee14c15b0a72b22\" class=\"mco-b2-hero-block full mccberg-block\">\n    <div class=\"mco-b2-hero-block-wrapper\">\n        <div class=\"mco-b2-hero-block-image-section \">\n\n                            <div class=\"mco-b2-hero-block-image-container \">\n                    <picture >\n\t<source media=\"(max-width: 767px)\" data-srcset=\"https:\/\/www.msd.ch\/de\/wp-content\/uploads\/sites\/88\/2023\/06\/AdobeStock_545341812.jpeg?w=768\" srcset=\"https:\/\/www.msd.ch\/de\/wp-content\/uploads\/sites\/88\/2023\/06\/AdobeStock_545341812.jpeg?w=768\" >\n<source media=\"(min-width: 768px) and (max-width: 1199px)\" data-srcset=\"https:\/\/www.msd.ch\/de\/wp-content\/uploads\/sites\/88\/2023\/06\/AdobeStock_545341812.jpeg?h=768\" srcset=\"https:\/\/www.msd.ch\/de\/wp-content\/uploads\/sites\/88\/2023\/06\/AdobeStock_545341812.jpeg?h=768\" >\n<source media=\"(min-width: 1200px) and (max-width: 1919px)\" data-srcset=\"https:\/\/www.msd.ch\/de\/wp-content\/uploads\/sites\/88\/2023\/06\/AdobeStock_545341812.jpeg?w=1200\" srcset=\"https:\/\/www.msd.ch\/de\/wp-content\/uploads\/sites\/88\/2023\/06\/AdobeStock_545341812.jpeg?w=1200\" >\n<source media=\"(min-width: 1920px)\" data-srcset=\"https:\/\/www.msd.ch\/de\/wp-content\/uploads\/sites\/88\/2023\/06\/AdobeStock_545341812.jpeg?w=1920\" srcset=\"https:\/\/www.msd.ch\/de\/wp-content\/uploads\/sites\/88\/2023\/06\/AdobeStock_545341812.jpeg?w=1920\" >\n\t<img data-src=\"https:\/\/www.msd.ch\/de\/wp-content\/uploads\/sites\/88\/2023\/06\/AdobeStock_545341812.jpeg?w=1920\" alt=\"Frau mit Headset\" class=\"eager \" loading=\"eager\" \/>\n<\/picture>                                    <\/div>\n                        <div class=\"mco-b2-hero-block-image-container-two\">\n                            <\/div>\n        <\/div>\n\n        <div class=\"mco-b2-hero-block-content-section\">\n            <nav class=\"breadcrumbs wrapper text-descriptive\"aria-label=\"Breadcrumbs\"><\/nav>            \n                            <h1>So erreichen Sie uns<\/h1>\n            \n                            <div class=\"mco-b2-hero-block-description\"><p>Unsere Standorte, Telefonnummern und E-Mail-Adressen<\/p>\n<\/div>\n            \n                    <\/div>\n    <\/div>\n\n    \n<\/div>\n\n\n\n<div class=\"wp-block-columns is-layout-flex wp-container-core-columns-is-layout-9d6595d7 wp-block-columns-is-layout-flex\">\n<div class=\"wp-block-column is-layout-flow wp-block-column-is-layout-flow\">\n<h3 class=\"wp-block-heading\">Standorte und Telefonnummern<\/h3>\n\n\n\n<p id=\"block-f3d9fa3b-6f9e-42f0-9362-585c4a28f1d8\"><strong>MSD-Niederlassung Luzern<br><\/strong>B\u00fcrgenstrasse 8<br>CH-6005 Luzern<br>Tel. Rezeption +41 58 618 30 30<br>Tel. Kundendienst Human Health +41 58 618 38 38<br>Tel. Kundendienst Tiergesundheit +41 58 618 14 14<br><a href=\"https:\/\/maps.app.goo.gl\/8hkSZMZXELbiauMQA\" target=\"_blank\" rel=\"noreferrer noopener nofollow\">Google Maps<\/a><\/p>\n\n\n\n<p id=\"block-dc25b495-9129-4fd0-8f83-e2f30ceac4d8\"><strong>MSD-Niederlassung Schachen<br><\/strong>Industrie Nord 1<br>CH-6105 Schachen (LU)<br>Tel. Rezeption +41 41 499 97 97<br><a href=\"https:\/\/www.google.com\/maps\/place\/MSD+Werthenstein+BioPharma+GmbH\/@47.041915,8.1308059,17z\/data=!3m1!4b1!4m5!3m4!1s0x478fe660161f0869:0x38bca28d055c80d5!8m2!3d47.041915!4d8.1329946\">Google Maps<\/a><\/p>\n\n\n\n<p id=\"block-fccfa575-1bb8-455f-8363-661de976825a\"><strong>MSD-Niederlassung Z\u00fcrich<\/strong><br>The Circle 66<br>CH-8058 Z\u00fcrich-Flughafen<br>Tel. Rezeption +41 58 618 40 40<br><a href=\"https:\/\/www.google.ch\/maps\/place\/The+Circle\/@47.4507143,8.5630023,17z\/data=!3m1!4b1!4m5!3m4!1s0x479075f86236f43f:0x3df7848cf9876342!8m2!3d47.4507107!4d8.565191\">Google Maps<\/a><\/p>\n<\/div>\n\n\n\n<div class=\"wp-block-column is-layout-flow wp-block-column-is-layout-flow\">\n<h3 class=\"wp-block-heading\">E-Mail-Adressen f\u00fcr Anfragen und Dienstleistungen<\/h3>\n\n\n\n<p><strong>Anfragen f\u00fcr den MSD-Kundendienst<\/strong><br><a href=\"mailto:msd.kundendienst@msd.com\">Email<\/a><\/p>\n\n\n\n<p><strong>Produktbeanstandungen oder Produktf\u00e4lschungen<\/strong><br><a data-type=\"mailto\" data-id=\"mailto:dpoc.switzerland@msd.com\" href=\"mailto:dpoc.switzerland@msd.com\">Email<\/a><\/p>\n\n\n\n<p><strong>Medizinische Anfragen<\/strong><br><a href=\"mailto:dpoc.switzerland@msd.com\">Email<\/a><\/p>\n\n\n\n<p><strong>Bestellung von Produktbrosch\u00fcren und Informationsmaterial \u00fcber Erkrankungen<\/strong><br><a href=\"mailto:salesmarketing@msd.com\">Email<\/a><\/p>\n\n\n\n<p><strong>Fragen zu Tierarzneimitteln<\/strong><br><a href=\"mailto:info.ch.ah@msd.com\">Email<\/a><\/p>\n\n\n\n<p><strong>Meldung von unerw\u00fcnschten Arzneimittelwirkungen oder Ereignissen<\/strong><br>Sie k\u00f6nnen vermutete unerw\u00fcnschte Arzneimittelwirkungen oder Ereignisse an <a href=\"mailto:dpoc.switzerland@msd.com\" target=\"_blank\" rel=\"noreferrer noopener\">dpoc.switzerland@msd.com<\/a> melden.<br>Sie k\u00f6nnen Nebenwirkungen \u00fcber ein Web-Formular auch direkt bei <a href=\"https:\/\/nebenwirkung-melden.swissmedic.admin.ch\/\" target=\"_blank\" rel=\"noreferrer noopener\">Swissmedic<\/a> einreichen.<\/p>\n\n\n\n<div style=\"height:20px\" aria-hidden=\"true\" class=\"wp-block-spacer\"><\/div>\n\n\n\n<p><strong><strong>Wenn Sie ein\/e Patient\/in sind und medizinische Fragen zu Ihrer Krankheit oder Ihren Medikamenten haben, wenden Sie sich bitte an Ihren Arzt\/Ihre \u00c4rztin. MSD bietet keine medizinische Beratung \u00fcber Behandlungsm\u00f6glichkeiten und Medikamente f\u00fcr Patienten.<\/strong><\/strong><\/p>\n<\/div>\n<\/div>\n\n\n\n<p><sup>CH-NON-01362, 03\/2026<\/sup><\/p>\n","protected":false},"excerpt":{"rendered":"<p>Standorte und Telefonnummern MSD-Niederlassung LuzernB\u00fcrgenstrasse 8CH-6005 LuzernTel. Rezeption +41 58 618 30 30Tel. Kundendienst Human Health +41 58 618 38 38Tel. Kundendienst Tiergesundheit +41 58 618 14 14Google Maps MSD-Niederlassung SchachenIndustrie Nord 1CH-6105 Schachen (LU)Tel. Rezeption +41 41 499 97 97Google Maps MSD-Niederlassung Z\u00fcrichThe Circle 66CH-8058 Z\u00fcrich-FlughafenTel. Rezeption +41 58 618 40 40Google Maps E-Mail-Adressen [&hellip;]<\/p>\n","protected":false},"author":974,"featured_media":2986,"parent":1686,"menu_order":0,"comment_status":"closed","ping_status":"closed","template":"","meta":{"_acf_changed":false,"bdl_company_name":[],"bdl_item_external_link":[],"editor_notices":[],"footnotes":""},"class_list":["post-2984","page","type-page","status-publish","has-post-thumbnail","hentry"],"yoast_head":"<!-- This site is optimized with the Yoast SEO plugin v21.9.1 - https:\/\/yoast.com\/wordpress\/plugins\/seo\/ -->\n<title>Kontakt - MSD Schweiz | msd.ch<\/title>\n<meta name=\"description\" content=\"Sie m\u00f6chten mit MSD Schweiz in Kontakt treten? Wir sind gerne f\u00fcr Sie da! Hier finden Sie unsere Standorte, Telefonnummern und E-Mail-Adressen.\" \/>\n<meta name=\"robots\" content=\"index, follow, max-snippet:-1, max-image-preview:large, max-video-preview:-1\" \/>\n<link rel=\"canonical\" href=\"https:\/\/www.msd.ch\/de\/home\/contact\/\" \/>\n<meta property=\"og:locale\" content=\"en_US\" \/>\n<meta property=\"og:type\" content=\"article\" \/>\n<meta property=\"og:title\" content=\"Kontakt - MSD Schweiz | msd.ch\" \/>\n<meta property=\"og:description\" content=\"Sie m\u00f6chten mit MSD Schweiz in Kontakt treten? Wir sind gerne f\u00fcr Sie da! Hier finden Sie unsere Standorte, Telefonnummern und E-Mail-Adressen.\" \/>\n<meta property=\"og:url\" content=\"https:\/\/www.msd.ch\/de\/home\/contact\/\" \/>\n<meta property=\"og:site_name\" content=\"msd.ch\" \/>\n<meta property=\"article:modified_time\" content=\"2026-03-31T19:17:30+00:00\" \/>\n<meta property=\"og:image\" content=\"https:\/\/www.msd.ch\/de\/wp-content\/uploads\/sites\/88\/2021\/06\/contact_title-e1631709461889.jpg\" \/>\n\t<meta property=\"og:image:width\" content=\"1059\" \/>\n\t<meta property=\"og:image:height\" content=\"774\" \/>\n\t<meta property=\"og:image:type\" content=\"image\/jpeg\" \/>\n<meta name=\"twitter:card\" content=\"summary_large_image\" \/>\n<meta name=\"twitter:label1\" content=\"Est. reading time\" \/>\n\t<meta name=\"twitter:data1\" content=\"1 minute\" \/>\n<script type=\"application\/ld+json\" class=\"yoast-schema-graph\">{\"@context\":\"https:\/\/schema.org\",\"@graph\":[{\"@type\":\"WebPage\",\"@id\":\"https:\/\/www.msd.ch\/de\/home\/contact\/\",\"url\":\"https:\/\/www.msd.ch\/de\/home\/contact\/\",\"name\":\"Kontakt - MSD Schweiz | msd.ch\",\"isPartOf\":{\"@id\":\"https:\/\/www.msd.ch\/de\/#website\"},\"datePublished\":\"2026-03-31T19:02:55+00:00\",\"dateModified\":\"2026-03-31T19:17:30+00:00\",\"description\":\"Sie m\u00f6chten mit MSD Schweiz in Kontakt treten? Wir sind gerne f\u00fcr Sie da! Hier finden Sie unsere Standorte, Telefonnummern und E-Mail-Adressen.\",\"breadcrumb\":{\"@id\":\"https:\/\/www.msd.ch\/de\/home\/contact\/#breadcrumb\"},\"inLanguage\":\"en-US\",\"potentialAction\":[{\"@type\":\"ReadAction\",\"target\":[\"https:\/\/www.msd.ch\/de\/home\/contact\/\"]}]},{\"@type\":\"BreadcrumbList\",\"@id\":\"https:\/\/www.msd.ch\/de\/home\/contact\/#breadcrumb\",\"itemListElement\":[{\"@type\":\"ListItem\",\"position\":1,\"name\":\"Home\",\"item\":\"https:\/\/www.msd.ch\/de\/\"},{\"@type\":\"ListItem\",\"position\":2,\"name\":\"Kontakt\"}]},{\"@type\":\"WebSite\",\"@id\":\"https:\/\/www.msd.ch\/de\/#website\",\"url\":\"https:\/\/www.msd.ch\/de\/\",\"name\":\"msd.ch\",\"description\":\"MSD erforscht und entwickelt Medikamente und Impfstoffe, die Leben retten und die Gesundheit von Patienten verbessern sollen. In der Schweiz setzen sich 1000 Mitarbeitende in Luzern und Z\u00fcrich daf\u00fcr ein.\",\"potentialAction\":[{\"@type\":\"SearchAction\",\"target\":{\"@type\":\"EntryPoint\",\"urlTemplate\":\"https:\/\/www.msd.ch\/de\/?s={search_term_string}\"},\"query-input\":\"required name=search_term_string\"}],\"inLanguage\":\"en-US\"}]}<\/script>\n<!-- \/ Yoast SEO plugin. -->","yoast_head_json":{"title":"Kontakt - MSD Schweiz | msd.ch","description":"Sie m\u00f6chten mit MSD Schweiz in Kontakt treten? Wir sind gerne f\u00fcr Sie da! Hier finden Sie unsere Standorte, Telefonnummern und E-Mail-Adressen.","robots":{"index":"index","follow":"follow","max-snippet":"max-snippet:-1","max-image-preview":"max-image-preview:large","max-video-preview":"max-video-preview:-1"},"canonical":"https:\/\/www.msd.ch\/de\/home\/contact\/","og_locale":"en_US","og_type":"article","og_title":"Kontakt - MSD Schweiz | msd.ch","og_description":"Sie m\u00f6chten mit MSD Schweiz in Kontakt treten? Wir sind gerne f\u00fcr Sie da! Hier finden Sie unsere Standorte, Telefonnummern und E-Mail-Adressen.","og_url":"https:\/\/www.msd.ch\/de\/home\/contact\/","og_site_name":"msd.ch","article_modified_time":"2026-03-31T19:17:30+00:00","og_image":[{"width":1059,"height":774,"url":"https:\/\/www.msd.ch\/de\/wp-content\/uploads\/sites\/88\/2021\/06\/contact_title-e1631709461889.jpg","type":"image\/jpeg"}],"twitter_card":"summary_large_image","twitter_misc":{"Est. reading time":"1 minute"},"schema":{"@context":"https:\/\/schema.org","@graph":[{"@type":"WebPage","@id":"https:\/\/www.msd.ch\/de\/home\/contact\/","url":"https:\/\/www.msd.ch\/de\/home\/contact\/","name":"Kontakt - MSD Schweiz | msd.ch","isPartOf":{"@id":"https:\/\/www.msd.ch\/de\/#website"},"datePublished":"2026-03-31T19:02:55+00:00","dateModified":"2026-03-31T19:17:30+00:00","description":"Sie m\u00f6chten mit MSD Schweiz in Kontakt treten? Wir sind gerne f\u00fcr Sie da! Hier finden Sie unsere Standorte, Telefonnummern und E-Mail-Adressen.","breadcrumb":{"@id":"https:\/\/www.msd.ch\/de\/home\/contact\/#breadcrumb"},"inLanguage":"en-US","potentialAction":[{"@type":"ReadAction","target":["https:\/\/www.msd.ch\/de\/home\/contact\/"]}]},{"@type":"BreadcrumbList","@id":"https:\/\/www.msd.ch\/de\/home\/contact\/#breadcrumb","itemListElement":[{"@type":"ListItem","position":1,"name":"Home","item":"https:\/\/www.msd.ch\/de\/"},{"@type":"ListItem","position":2,"name":"Kontakt"}]},{"@type":"WebSite","@id":"https:\/\/www.msd.ch\/de\/#website","url":"https:\/\/www.msd.ch\/de\/","name":"msd.ch","description":"MSD erforscht und entwickelt Medikamente und Impfstoffe, die Leben retten und die Gesundheit von Patienten verbessern sollen. In der Schweiz setzen sich 1000 Mitarbeitende in Luzern und Z\u00fcrich daf\u00fcr ein.","potentialAction":[{"@type":"SearchAction","target":{"@type":"EntryPoint","urlTemplate":"https:\/\/www.msd.ch\/de\/?s={search_term_string}"},"query-input":"required name=search_term_string"}],"inLanguage":"en-US"}]}},"acf":[],"_links":{"self":[{"href":"https:\/\/www.msd.ch\/de\/wp-json\/wp\/v2\/pages\/2984","targetHints":{"allow":["GET"]}}],"collection":[{"href":"https:\/\/www.msd.ch\/de\/wp-json\/wp\/v2\/pages"}],"about":[{"href":"https:\/\/www.msd.ch\/de\/wp-json\/wp\/v2\/types\/page"}],"author":[{"embeddable":true,"href":"https:\/\/www.msd.ch\/de\/wp-json\/wp\/v2\/users\/974"}],"replies":[{"embeddable":true,"href":"https:\/\/www.msd.ch\/de\/wp-json\/wp\/v2\/comments?post=2984"}],"version-history":[{"count":41,"href":"https:\/\/www.msd.ch\/de\/wp-json\/wp\/v2\/pages\/2984\/revisions"}],"predecessor-version":[{"id":14103,"href":"https:\/\/www.msd.ch\/de\/wp-json\/wp\/v2\/pages\/2984\/revisions\/14103"}],"up":[{"embeddable":true,"href":"https:\/\/www.msd.ch\/de\/wp-json\/wp\/v2\/pages\/1686"}],"wp:featuredmedia":[{"embeddable":true,"href":"https:\/\/www.msd.ch\/de\/wp-json\/wp\/v2\/media\/2986"}],"wp:attachment":[{"href":"https:\/\/www.msd.ch\/de\/wp-json\/wp\/v2\/media?parent=2984"}],"curies":[{"name":"wp","href":"https:\/\/api.w.org\/{rel}","templated":true}]}}