{"id":38,"date":"2026-02-24T08:48:14","date_gmt":"2026-02-24T07:48:14","guid":{"rendered":"https:\/\/vip2-msd.com\/switzerland\/?page_id=38"},"modified":"2026-02-24T08:48:27","modified_gmt":"2026-02-24T07:48:27","slug":"transparency","status":"publish","type":"page","link":"https:\/\/www.msd.ch\/de\/home\/about-us\/responsibility\/transparency\/","title":{"rendered":"Transparenz"},"content":{"rendered":"\n<div id=\"mco-b2-hero-block-block_334ce95f1f0aa3489766eba4bd500087\" class=\"mco-b2-hero-block full mccberg-block\">\n    <div class=\"mco-b2-hero-block-wrapper\">\n        <div class=\"mco-b2-hero-block-image-section \">\n                            <div class=\"mco-b2-hero-block-image-container \">\n                    <picture >\n\t<source media=\"(max-width: 767px)\" data-srcset=\"https:\/\/www.msd.ch\/de\/wp-content\/uploads\/sites\/88\/2021\/06\/transparency_title-1.jpg?w=768\" srcset=\"https:\/\/www.msd.ch\/de\/wp-content\/uploads\/sites\/88\/2021\/06\/transparency_title-1.jpg?w=768\" >\n<source media=\"(min-width: 768px) and (max-width: 1199px)\" data-srcset=\"https:\/\/www.msd.ch\/de\/wp-content\/uploads\/sites\/88\/2021\/06\/transparency_title-1.jpg?h=768\" srcset=\"https:\/\/www.msd.ch\/de\/wp-content\/uploads\/sites\/88\/2021\/06\/transparency_title-1.jpg?h=768\" >\n<source media=\"(min-width: 1200px) and (max-width: 1919px)\" data-srcset=\"https:\/\/www.msd.ch\/de\/wp-content\/uploads\/sites\/88\/2021\/06\/transparency_title-1.jpg?w=1200\" srcset=\"https:\/\/www.msd.ch\/de\/wp-content\/uploads\/sites\/88\/2021\/06\/transparency_title-1.jpg?w=1200\" >\n<source media=\"(min-width: 1920px)\" data-srcset=\"https:\/\/www.msd.ch\/de\/wp-content\/uploads\/sites\/88\/2021\/06\/transparency_title-1.jpg?w=1920\" srcset=\"https:\/\/www.msd.ch\/de\/wp-content\/uploads\/sites\/88\/2021\/06\/transparency_title-1.jpg?w=1920\" >\n\t<img data-src=\"https:\/\/www.msd.ch\/de\/wp-content\/uploads\/sites\/88\/2021\/06\/transparency_title-1.jpg?w=1920\" alt=\"\" class=\"eager \" loading=\"eager\" \/>\n<\/picture>                                    <\/div>\n                        <div class=\"mco-b2-hero-block-image-container-two\">\n                            <\/div>\n        <\/div>\n\n        <div class=\"mco-b2-hero-block-content-section\">\n            <nav class=\"breadcrumbs wrapper text-descriptive\"aria-label=\"Breadcrumbs\"><\/nav>            \n                            <h1>Transparenz<\/h1>\n            \n                            <div class=\"mco-b2-hero-block-description\"><div id=\"u15314\" class=\"ax_default paragraph\">\n<div id=\"u15314_text\" class=\"text \">\n<p>Bei allem, was wir tun, setzen wir die h\u00f6chsten Standards in Bezug auf Ethik und Integrit\u00e4t.<\/p>\n<\/div>\n<\/div>\n<\/div>\n            \n                    <\/div>\n    <\/div>\n\n    \n<\/div>\n\n\n\n<p>Als Pharmaunternehmen sind wir auf das Vertrauen unserer Kunden und Partner, unserer Mitarbeitenden und der \u00d6ffentlichkeit angewiesen. Wir arbeiten tagt\u00e4glich daf\u00fcr, uns dieses Vertrauen zu verdienen. Dazu geh\u00f6rt auch die transparente Information \u00fcber unser Unternehmen.<\/p>\n\n\n\n<p>Wir informieren proaktiv und detailliert \u00fcber unser Mutterhaus in den USA:<\/p>\n\n\n\n<ul class=\"wp-block-list\">\n<li>in unseren Financial Reports und Corporate Responsibility Reports<\/li>\n<\/ul>\n\n\n\n<ul class=\"wp-block-list\">\n<li>durch die Registrierung aller klinischen Studien und die Ver\u00f6ffentlichung der Ergebnisse auf <a href=\"http:\/\/www.clinicaltrials.gov\" target=\"_blank\" rel=\"noreferrer noopener\">www.clinicaltrials.gov<\/a><\/li>\n<\/ul>\n\n\n\n<ul class=\"wp-block-list\">\n<li>via Medien<\/li>\n<\/ul>\n\n\n\n<p>Auf nationaler Ebene ver\u00f6ffentlichen wir seit 2011 unsere Unterst\u00fctzung von Patientenorganisationen. Seit 2016 legen wir zus\u00e4tzlich unsere j\u00e4hrlichen geldwerten Leistungen an Fachpersonen und Gesundheitsversorgungsorganisationen offen.<\/p>\n\n\n\n<div class=\"wp-block-columns is-layout-flex wp-container-core-columns-is-layout-9d6595d7 wp-block-columns-is-layout-flex\">\n<div class=\"wp-block-column is-layout-flow wp-block-column-is-layout-flow\">\n<h3 class=\"wp-block-heading\">Von MSD unterst\u00fctzte Patientenorganisationen<\/h3>\n\n\n\n<p><a href=\"https:\/\/www.msd.ch\/de\/wp-content\/uploads\/sites\/88\/2025\/06\/FINAL_MSD-Switzerland_Patient-Organisations-2024.pdf\" target=\"_blank\" rel=\"noreferrer noopener\">2024<\/a><br><a href=\"https:\/\/www.msd.ch\/de\/wp-content\/uploads\/sites\/88\/2024\/06\/MSD-Switzerland_Patient-Organizations-2023.pdf\" target=\"_blank\" rel=\"noreferrer noopener\">2023<\/a><br><a href=\"https:\/\/www.msd.ch\/en\/wp-content\/uploads\/sites\/42\/2023\/06\/FINAL_1204_2036-MSD-Switzerland_Patient-Organizations-2022.pdf\">2022<\/a><br><\/p>\n<\/div>\n\n\n\n<div class=\"wp-block-column is-layout-flow wp-block-column-is-layout-flow\">\n<h3 class=\"wp-block-heading\">Offenlegung geldwerter Leistungen an Fachpersonen und Organisationen im Gesundheitswesen<\/h3>\n\n\n\n<h5 class=\"wp-block-heading\">MSD Methodology Statement<\/h5>\n\n\n\n<p><a href=\"https:\/\/www.msd.ch\/de\/wp-content\/uploads\/sites\/88\/2025\/06\/FINAL_MSD-Switzerland_Methodology-Statement-2024.pdf\" target=\"_blank\" rel=\"noreferrer noopener\">MSD Methodology Statement<\/a><\/p>\n\n\n\n<h5 class=\"wp-block-heading\">2024<\/h5>\n\n\n\n<p><a href=\"http:\/\/public-disclosure.msd.com\/2024+Disclosure+Reports\/Switzerland\/Switzerland+Final+disclosure+report_English_2024.pdf\" target=\"_blank\" rel=\"noreferrer noopener\">MSD Report 2024<\/a><br><a href=\"https:\/\/www.msd.ch\/de\/wp-content\/uploads\/sites\/88\/2025\/06\/FINAL_MSD-Switzerland_Self-Certification-Letter-2024.pdf\" target=\"_blank\" rel=\"noreferrer noopener\">MSD Self-Certification Letter, issued by Merck &amp; Co., Inc., Rahway, NJ, USA<\/a><\/p>\n\n\n\n<h5 class=\"wp-block-heading\">2023<\/h5>\n\n\n\n<p><a href=\"https:\/\/public-disclosure.msd.com\/2023 Disclosure Report\/Switzerland\/Switzerland Final disclosure report_English_2023.pdf\" target=\"_blank\" rel=\"noreferrer noopener\">MSD Report 2023<\/a><br><a href=\"https:\/\/www.msd.ch\/de\/wp-content\/uploads\/sites\/88\/2024\/06\/MSD-Switzerland_Self-Certification-Letter-2023.pdf\" target=\"_blank\" rel=\"noreferrer noopener\">MSD Self-Certification Letter, issued by Merck &amp; Co., Inc., Rahway, NJ, USA<\/a><\/p>\n\n\n\n<h5 class=\"wp-block-heading\">2022<\/h5>\n\n\n\n<p><a href=\"https:\/\/www.msd.ch\/de\/wp-content\/uploads\/sites\/88\/2024\/05\/FINAL_1204_2036-MSD-Switzerland_2022_Final-Disclosure-Report_English.pdf\">MSD Report 2022<\/a><br><a href=\"https:\/\/www.msd.ch\/en\/wp-content\/uploads\/sites\/42\/2023\/06\/FINAL_1204_2036-MSD-Switzerland_Self-Certification-Letter-2022.pdf\">MSD Self-Certification Letter, issued by Merck &amp; Co., Inc., Rahway, NJ, USA<\/a><\/p>\n<\/div>\n<\/div>\n\n\n\n<p><sup>CH-NON-00866, 02\/2026<\/sup><\/p>\n","protected":false},"excerpt":{"rendered":"<p>Als Pharmaunternehmen sind wir auf das Vertrauen unserer Kunden und Partner, unserer Mitarbeitenden und der \u00d6ffentlichkeit angewiesen. Wir arbeiten tagt\u00e4glich daf\u00fcr, uns dieses Vertrauen zu verdienen. Dazu geh\u00f6rt auch die transparente Information \u00fcber unser Unternehmen. Wir informieren proaktiv und detailliert \u00fcber unser Mutterhaus in den USA: Auf nationaler Ebene ver\u00f6ffentlichen wir seit 2011 unsere Unterst\u00fctzung [&hellip;]<\/p>\n","protected":false},"author":974,"featured_media":3306,"parent":36,"menu_order":0,"comment_status":"closed","ping_status":"closed","template":"","meta":{"_acf_changed":false,"bdl_company_name":[],"bdl_item_external_link":[],"editor_notices":[],"footnotes":""},"class_list":["post-38","page","type-page","status-publish","has-post-thumbnail","hentry"],"yoast_head":"<!-- This site is optimized with the Yoast SEO plugin v21.9.1 - https:\/\/yoast.com\/wordpress\/plugins\/seo\/ -->\n<title>Transparenz - msd.ch<\/title>\n<meta name=\"description\" content=\"Bei MSD setzen wir bei allem, was wir tun, die h\u00f6chsten Standards in Bezug auf Ethik und Integrit\u00e4t.\" \/>\n<meta name=\"robots\" content=\"index, follow, max-snippet:-1, max-image-preview:large, max-video-preview:-1\" \/>\n<link rel=\"canonical\" href=\"https:\/\/www.msd.ch\/de\/home\/about-us\/responsibility\/transparency\/\" \/>\n<meta property=\"og:locale\" content=\"en_US\" \/>\n<meta property=\"og:type\" content=\"article\" \/>\n<meta property=\"og:title\" content=\"Transparenz\" \/>\n<meta property=\"og:description\" content=\"Bei MSD setzen wir bei allem, was wir tun, die h\u00f6chsten Standards in Bezug auf Ethik und Integrit\u00e4t.\" \/>\n<meta property=\"og:url\" content=\"https:\/\/www.msd.ch\/de\/home\/about-us\/responsibility\/transparency\/\" \/>\n<meta property=\"og:site_name\" content=\"msd.ch\" \/>\n<meta property=\"article:modified_time\" content=\"2026-02-24T07:48:27+00:00\" \/>\n<meta property=\"og:image\" content=\"https:\/\/www.msd.ch\/de\/wp-content\/uploads\/sites\/88\/2021\/06\/transparency_title-1.jpg\" \/>\n\t<meta property=\"og:image:width\" content=\"1900\" \/>\n\t<meta property=\"og:image:height\" content=\"1258\" \/>\n\t<meta property=\"og:image:type\" content=\"image\/jpeg\" \/>\n<meta name=\"twitter:card\" content=\"summary_large_image\" \/>\n<meta name=\"twitter:title\" content=\"Transparenz\" \/>\n<meta name=\"twitter:description\" content=\"Bei MSD setzen wir bei allem, was wir tun, die h\u00f6chsten Standards in Bezug auf Ethik und Integrit\u00e4t.\" \/>\n<meta name=\"twitter:image\" content=\"https:\/\/www.msd.ch\/de\/wp-content\/uploads\/sites\/88\/2021\/06\/transparency_title-1.jpg\" \/>\n<meta name=\"twitter:label1\" content=\"Est. reading time\" \/>\n\t<meta name=\"twitter:data1\" content=\"1 minute\" \/>\n<script type=\"application\/ld+json\" class=\"yoast-schema-graph\">{\"@context\":\"https:\/\/schema.org\",\"@graph\":[{\"@type\":\"WebPage\",\"@id\":\"https:\/\/www.msd.ch\/de\/home\/about-us\/responsibility\/transparency\/\",\"url\":\"https:\/\/www.msd.ch\/de\/home\/about-us\/responsibility\/transparency\/\",\"name\":\"Transparenz - msd.ch\",\"isPartOf\":{\"@id\":\"https:\/\/www.msd.ch\/de\/#website\"},\"datePublished\":\"2026-02-24T07:48:14+00:00\",\"dateModified\":\"2026-02-24T07:48:27+00:00\",\"description\":\"Bei MSD setzen wir bei allem, was wir tun, die h\u00f6chsten Standards in Bezug auf Ethik und Integrit\u00e4t.\",\"breadcrumb\":{\"@id\":\"https:\/\/www.msd.ch\/de\/home\/about-us\/responsibility\/transparency\/#breadcrumb\"},\"inLanguage\":\"en-US\",\"potentialAction\":[{\"@type\":\"ReadAction\",\"target\":[\"https:\/\/www.msd.ch\/de\/home\/about-us\/responsibility\/transparency\/\"]}]},{\"@type\":\"BreadcrumbList\",\"@id\":\"https:\/\/www.msd.ch\/de\/home\/about-us\/responsibility\/transparency\/#breadcrumb\",\"itemListElement\":[{\"@type\":\"ListItem\",\"position\":1,\"name\":\"Home\",\"item\":\"https:\/\/www.msd.ch\/de\/\"},{\"@type\":\"ListItem\",\"position\":2,\"name\":\"\u00dcber uns\",\"item\":\"https:\/\/www.msd.ch\/de\/home\/about-us\/\"},{\"@type\":\"ListItem\",\"position\":3,\"name\":\"Verantwortung\",\"item\":\"https:\/\/www.msd.ch\/de\/home\/about-us\/responsibility\/\"},{\"@type\":\"ListItem\",\"position\":4,\"name\":\"Transparenz\"}]},{\"@type\":\"WebSite\",\"@id\":\"https:\/\/www.msd.ch\/de\/#website\",\"url\":\"https:\/\/www.msd.ch\/de\/\",\"name\":\"msd.ch\",\"description\":\"MSD erforscht und entwickelt Medikamente und Impfstoffe, die Leben retten und die Gesundheit von Patienten verbessern sollen. In der Schweiz setzen sich 1000 Mitarbeitende in Luzern und Z\u00fcrich daf\u00fcr ein.\",\"potentialAction\":[{\"@type\":\"SearchAction\",\"target\":{\"@type\":\"EntryPoint\",\"urlTemplate\":\"https:\/\/www.msd.ch\/de\/?s={search_term_string}\"},\"query-input\":\"required name=search_term_string\"}],\"inLanguage\":\"en-US\"}]}<\/script>\n<!-- \/ Yoast SEO plugin. -->","yoast_head_json":{"title":"Transparenz - msd.ch","description":"Bei MSD setzen wir bei allem, was wir tun, die h\u00f6chsten Standards in Bezug auf Ethik und Integrit\u00e4t.","robots":{"index":"index","follow":"follow","max-snippet":"max-snippet:-1","max-image-preview":"max-image-preview:large","max-video-preview":"max-video-preview:-1"},"canonical":"https:\/\/www.msd.ch\/de\/home\/about-us\/responsibility\/transparency\/","og_locale":"en_US","og_type":"article","og_title":"Transparenz","og_description":"Bei MSD setzen wir bei allem, was wir tun, die h\u00f6chsten Standards in Bezug auf Ethik und Integrit\u00e4t.","og_url":"https:\/\/www.msd.ch\/de\/home\/about-us\/responsibility\/transparency\/","og_site_name":"msd.ch","article_modified_time":"2026-02-24T07:48:27+00:00","og_image":[{"width":1900,"height":1258,"url":"https:\/\/www.msd.ch\/de\/wp-content\/uploads\/sites\/88\/2021\/06\/transparency_title-1.jpg","type":"image\/jpeg"}],"twitter_card":"summary_large_image","twitter_title":"Transparenz","twitter_description":"Bei MSD setzen wir bei allem, was wir tun, die h\u00f6chsten Standards in Bezug auf Ethik und Integrit\u00e4t.","twitter_image":"https:\/\/www.msd.ch\/de\/wp-content\/uploads\/sites\/88\/2021\/06\/transparency_title-1.jpg","twitter_misc":{"Est. reading time":"1 minute"},"schema":{"@context":"https:\/\/schema.org","@graph":[{"@type":"WebPage","@id":"https:\/\/www.msd.ch\/de\/home\/about-us\/responsibility\/transparency\/","url":"https:\/\/www.msd.ch\/de\/home\/about-us\/responsibility\/transparency\/","name":"Transparenz - msd.ch","isPartOf":{"@id":"https:\/\/www.msd.ch\/de\/#website"},"datePublished":"2026-02-24T07:48:14+00:00","dateModified":"2026-02-24T07:48:27+00:00","description":"Bei MSD setzen wir bei allem, was wir tun, die h\u00f6chsten Standards in Bezug auf Ethik und Integrit\u00e4t.","breadcrumb":{"@id":"https:\/\/www.msd.ch\/de\/home\/about-us\/responsibility\/transparency\/#breadcrumb"},"inLanguage":"en-US","potentialAction":[{"@type":"ReadAction","target":["https:\/\/www.msd.ch\/de\/home\/about-us\/responsibility\/transparency\/"]}]},{"@type":"BreadcrumbList","@id":"https:\/\/www.msd.ch\/de\/home\/about-us\/responsibility\/transparency\/#breadcrumb","itemListElement":[{"@type":"ListItem","position":1,"name":"Home","item":"https:\/\/www.msd.ch\/de\/"},{"@type":"ListItem","position":2,"name":"\u00dcber uns","item":"https:\/\/www.msd.ch\/de\/home\/about-us\/"},{"@type":"ListItem","position":3,"name":"Verantwortung","item":"https:\/\/www.msd.ch\/de\/home\/about-us\/responsibility\/"},{"@type":"ListItem","position":4,"name":"Transparenz"}]},{"@type":"WebSite","@id":"https:\/\/www.msd.ch\/de\/#website","url":"https:\/\/www.msd.ch\/de\/","name":"msd.ch","description":"MSD erforscht und entwickelt Medikamente und Impfstoffe, die Leben retten und die Gesundheit von Patienten verbessern sollen. In der Schweiz setzen sich 1000 Mitarbeitende in Luzern und Z\u00fcrich daf\u00fcr ein.","potentialAction":[{"@type":"SearchAction","target":{"@type":"EntryPoint","urlTemplate":"https:\/\/www.msd.ch\/de\/?s={search_term_string}"},"query-input":"required name=search_term_string"}],"inLanguage":"en-US"}]}},"acf":[],"_links":{"self":[{"href":"https:\/\/www.msd.ch\/de\/wp-json\/wp\/v2\/pages\/38","targetHints":{"allow":["GET"]}}],"collection":[{"href":"https:\/\/www.msd.ch\/de\/wp-json\/wp\/v2\/pages"}],"about":[{"href":"https:\/\/www.msd.ch\/de\/wp-json\/wp\/v2\/types\/page"}],"author":[{"embeddable":true,"href":"https:\/\/www.msd.ch\/de\/wp-json\/wp\/v2\/users\/974"}],"replies":[{"embeddable":true,"href":"https:\/\/www.msd.ch\/de\/wp-json\/wp\/v2\/comments?post=38"}],"version-history":[{"count":78,"href":"https:\/\/www.msd.ch\/de\/wp-json\/wp\/v2\/pages\/38\/revisions"}],"predecessor-version":[{"id":13670,"href":"https:\/\/www.msd.ch\/de\/wp-json\/wp\/v2\/pages\/38\/revisions\/13670"}],"up":[{"embeddable":true,"href":"https:\/\/www.msd.ch\/de\/wp-json\/wp\/v2\/pages\/36"}],"wp:featuredmedia":[{"embeddable":true,"href":"https:\/\/www.msd.ch\/de\/wp-json\/wp\/v2\/media\/3306"}],"wp:attachment":[{"href":"https:\/\/www.msd.ch\/de\/wp-json\/wp\/v2\/media?parent=38"}],"curies":[{"name":"wp","href":"https:\/\/api.w.org\/{rel}","templated":true}]}}