{"id":42,"date":"2025-10-31T09:28:52","date_gmt":"2025-10-31T08:28:52","guid":{"rendered":"https:\/\/vip2-msd.com\/switzerland\/?page_id=42"},"modified":"2026-02-16T20:42:36","modified_gmt":"2026-02-16T19:42:36","slug":"leadership","status":"publish","type":"page","link":"https:\/\/www.msd.ch\/de\/home\/about-us\/leadership\/","title":{"rendered":"Gesch\u00e4ftsleitung"},"content":{"rendered":"\n<div id=\"mco-b2-hero-block-block_8773d7042d598f1ec361895906347de6\" class=\"mco-b2-hero-block full mccberg-block\">\n    <div class=\"mco-b2-hero-block-wrapper\">\n        <div class=\"mco-b2-hero-block-image-section \">\n                            <div class=\"mco-b2-hero-block-image-container \">\n                    <picture >\n\t<source media=\"(max-width: 767px)\" data-srcset=\"https:\/\/www.msd.ch\/de\/wp-content\/uploads\/sites\/88\/2022\/06\/Leadership-illustration.jpeg?w=768\" srcset=\"https:\/\/www.msd.ch\/de\/wp-content\/uploads\/sites\/88\/2022\/06\/Leadership-illustration.jpeg?w=768\" >\n<source media=\"(min-width: 768px) and (max-width: 1199px)\" data-srcset=\"https:\/\/www.msd.ch\/de\/wp-content\/uploads\/sites\/88\/2022\/06\/Leadership-illustration.jpeg?h=768\" srcset=\"https:\/\/www.msd.ch\/de\/wp-content\/uploads\/sites\/88\/2022\/06\/Leadership-illustration.jpeg?h=768\" >\n<source media=\"(min-width: 1200px) and (max-width: 1919px)\" data-srcset=\"https:\/\/www.msd.ch\/de\/wp-content\/uploads\/sites\/88\/2022\/06\/Leadership-illustration.jpeg?w=1200\" srcset=\"https:\/\/www.msd.ch\/de\/wp-content\/uploads\/sites\/88\/2022\/06\/Leadership-illustration.jpeg?w=1200\" >\n<source media=\"(min-width: 1920px)\" data-srcset=\"https:\/\/www.msd.ch\/de\/wp-content\/uploads\/sites\/88\/2022\/06\/Leadership-illustration.jpeg?w=1920\" srcset=\"https:\/\/www.msd.ch\/de\/wp-content\/uploads\/sites\/88\/2022\/06\/Leadership-illustration.jpeg?w=1920\" >\n\t<img data-src=\"https:\/\/www.msd.ch\/de\/wp-content\/uploads\/sites\/88\/2022\/06\/Leadership-illustration.jpeg?w=1920\" alt=\"\" class=\"eager \" loading=\"eager\" \/>\n<\/picture>                                    <\/div>\n                        <div class=\"mco-b2-hero-block-image-container-two\">\n                            <\/div>\n        <\/div>\n\n        <div class=\"mco-b2-hero-block-content-section\">\n            <nav class=\"breadcrumbs wrapper text-descriptive\"aria-label=\"Breadcrumbs\"><\/nav>            \n                            <h1>Unsere Gesch\u00e4ftsleitung<\/h1>\n            \n                            <div class=\"mco-b2-hero-block-description\"><p>Die Gesch\u00e4ftsleitung von MSD Schweiz im Bereich Humanmedizin.<\/p>\n<\/div>\n            \n                    <\/div>\n    <\/div>\n\n    \n<\/div>\n\n\n<div id=\"mco-title-block-block_20c45ffabf3930246b62973225248af2\" \n\t class=\"mco-title-block mccberg-block alignleft\" \n\t \t >\n\t<div class=\"wrapper\">\n\t\t<div class=\"mco-title-block-content\">\n\t\t\t\n\t\t\t<h2 class=\"mco-title-block-title\">Innovation beginnt mit unseren Werten<\/h2>\n\n\t\t\t\t\t\t\t<p class=\"mco-title-block-description\"><p>Wir sind stolz, einen aktiven Beitrag zum Erfolg von MSD in der Schweiz zu leisten, f\u00fcr Patient:innen, Mitarbeitende und Kunden. Wir setzen uns f\u00fcr ein integratives, ethisches und leistungsstarkes Arbeitsumfeld ein und investieren nicht nur in die Entwicklung unserer Mitarbeitenden, sondern unterst\u00fctzen sie, gemeinsam nach L\u00f6sungen zu suchen, die die Bed\u00fcrfnisse unserer Kunden und Patient:innen erf\u00fcllen. Gemeinsam k\u00f6nnen wir etwas bewegen, gemeinsam setzen wir uns daf\u00fcr ein, Leben zu retten und zu verbessern.<\/p>\n<\/p>\n\t\t\t\t\t\t\n\t\t\t\t\t<\/div>\n\t<\/div>\n<\/div>\n\n<div id=\"mco-title-block-block_e7a6cc4e6abc8bd68a3ca10fd0f80295\" \n\t class=\"mco-title-block mccberg-block mb-2 alignleft\" \n\t \t >\n\t<div class=\"wrapper\">\n\t\t<div class=\"mco-title-block-content\">\n\t\t\t\n\t\t\t<h2 class=\"mco-title-block-title\">Die Mitglieder der Gesch\u00e4ftsleitung<\/h2>\n\n\t\t\t\t\t\t\n\t\t\t\t\t<\/div>\n\t<\/div>\n<\/div>\n\n\n<div class=\"wp-block-columns is-layout-flex wp-container-core-columns-is-layout-9d6595d7 wp-block-columns-is-layout-flex\">\n<div class=\"wp-block-column is-layout-flow wp-block-column-is-layout-flow\"><div class=\"wp-block-image\">\n<figure class=\"alignleft size-full\"><img loading=\"lazy\" decoding=\"async\" width=\"1400\" height=\"1400\" src=\"https:\/\/www.msd.ch\/de\/wp-content\/uploads\/sites\/88\/2025\/10\/Jasper-Kunow-202510.jpg\" alt=\"\" class=\"wp-image-12839\"\/><\/figure><\/div>\n\n\n<h5 class=\"wp-block-heading\">Jasper Kunow<\/h5>\n\n\n\n<p>Managing Director (ad interim)<\/p>\n<\/div>\n\n\n\n<div class=\"wp-block-column is-layout-flow wp-block-column-is-layout-flow\"><div class=\"wp-block-image\">\n<figure class=\"alignleft size-large\"><img loading=\"lazy\" decoding=\"async\" width=\"1400\" height=\"1400\" src=\"https:\/\/www.msd.ch\/de\/wp-content\/uploads\/sites\/88\/2025\/10\/Morgan-Andersen-202510.jpg?w=1400\" alt=\"\" class=\"wp-image-12842\"\/><\/figure><\/div>\n\n\n<h5 class=\"wp-block-heading\">Morgan Andersen<\/h5>\n\n\n\n<p>Director Business Unit Vaccines<\/p>\n<\/div>\n\n\n\n<div class=\"wp-block-column is-layout-flow wp-block-column-is-layout-flow\"><div class=\"wp-block-image\">\n<figure class=\"alignleft size-large\"><img loading=\"lazy\" decoding=\"async\" width=\"1400\" height=\"1400\" src=\"https:\/\/www.msd.ch\/de\/wp-content\/uploads\/sites\/88\/2025\/10\/Angela-Weber-202510.jpg?w=1400\" alt=\"\" class=\"wp-image-12845\"\/><\/figure><\/div>\n\n\n<h5 class=\"wp-block-heading\">Angela Weber<\/h5>\n\n\n\n<p>Director Business Unit Pharma<\/p>\n<\/div>\n\n\n\n<div class=\"wp-block-column is-layout-flow wp-block-column-is-layout-flow\"><div class=\"wp-block-image\">\n<figure class=\"alignleft size-large\"><img loading=\"lazy\" decoding=\"async\" width=\"1400\" height=\"1400\" src=\"https:\/\/www.msd.ch\/de\/wp-content\/uploads\/sites\/88\/2025\/10\/Anthony-Behr-202510_2.jpg?w=1400\" alt=\"\" class=\"wp-image-12857\"\/><\/figure><\/div>\n\n\n<h5 class=\"wp-block-heading\">Anthony Behr<\/h5>\n\n\n\n<p>Director Business Unit Oncology<\/p>\n<\/div>\n<\/div>\n\n\n\n<div class=\"wp-block-columns is-layout-flex wp-container-core-columns-is-layout-9d6595d7 wp-block-columns-is-layout-flex\">\n<div class=\"wp-block-column is-layout-flow wp-block-column-is-layout-flow\"><div class=\"wp-block-image\">\n<figure class=\"alignleft size-large\"><img loading=\"lazy\" decoding=\"async\" width=\"1400\" height=\"1400\" src=\"https:\/\/www.msd.ch\/de\/wp-content\/uploads\/sites\/88\/2025\/10\/Gila-Stump-202510.jpg?w=1400\" alt=\"\" class=\"wp-image-12838\"\/><\/figure><\/div>\n\n\n<h5 class=\"wp-block-heading\">Dr. Gila Stump<\/h5>\n\n\n\n<p>Director External Affairs &amp; Market Access<\/p>\n<\/div>\n\n\n\n<div class=\"wp-block-column is-layout-flow wp-block-column-is-layout-flow\"><div class=\"wp-block-image\">\n<figure class=\"alignleft size-large\"><img loading=\"lazy\" decoding=\"async\" width=\"1400\" height=\"1400\" src=\"https:\/\/www.msd.ch\/de\/wp-content\/uploads\/sites\/88\/2025\/10\/Beat-Obrist-202510.jpg?w=1400\" alt=\"\" class=\"wp-image-12848\"\/><\/figure><\/div>\n\n\n<h5 class=\"wp-block-heading\">Beat Obrist<\/h5>\n\n\n\n<p>Director DDA Operations<\/p>\n<\/div>\n\n\n\n<div class=\"wp-block-column is-layout-flow wp-block-column-is-layout-flow\"><div class=\"wp-block-image\">\n<figure class=\"alignleft size-large\"><img loading=\"lazy\" decoding=\"async\" width=\"1400\" height=\"1400\" src=\"https:\/\/www.msd.ch\/de\/wp-content\/uploads\/sites\/88\/2025\/10\/Jean-Blaise-Defago-202510.jpg?w=1400\" alt=\"\" class=\"wp-image-12840\"\/><\/figure><\/div>\n\n\n<h5 class=\"wp-block-heading\">Jean-Blaise Defago<\/h5>\n\n\n\n<p>Lead Government &amp; Public Affairs<\/p>\n<\/div>\n\n\n\n<div class=\"wp-block-column is-layout-flow wp-block-column-is-layout-flow\"><div class=\"wp-block-image\">\n<figure class=\"alignleft size-large\"><img loading=\"lazy\" decoding=\"async\" width=\"1400\" height=\"1400\" src=\"https:\/\/www.msd.ch\/de\/wp-content\/uploads\/sites\/88\/2025\/10\/Christoph-Brombacher-202510.jpg?w=1400\" alt=\"\" class=\"wp-image-12849\"\/><\/figure><\/div>\n\n\n<h5 class=\"wp-block-heading\">Dr. Christoph Brombacher<\/h5>\n\n\n\n<p>Manager Compliance &amp; Business Practices<\/p>\n<\/div>\n<\/div>\n\n\n\n<div class=\"wp-block-columns is-layout-flex wp-container-core-columns-is-layout-9d6595d7 wp-block-columns-is-layout-flex\">\n<div class=\"wp-block-column is-layout-flow wp-block-column-is-layout-flow\"><div class=\"wp-block-image\">\n<figure class=\"alignleft size-large\"><img loading=\"lazy\" decoding=\"async\" width=\"1400\" height=\"1400\" src=\"https:\/\/www.msd.ch\/de\/wp-content\/uploads\/sites\/88\/2025\/10\/Diana-Arnet-202510.jpg?w=1400\" alt=\"\" class=\"wp-image-12851\"\/><\/figure><\/div>\n\n\n<h5 class=\"wp-block-heading\">Dr. med. Diana Arnet<\/h5>\n\n\n\n<p>Sr. Director Medical Affairs<\/p>\n<\/div>\n\n\n\n<div class=\"wp-block-column is-layout-flow wp-block-column-is-layout-flow\"><div class=\"wp-block-image\">\n<figure class=\"alignleft size-large\"><img loading=\"lazy\" decoding=\"async\" width=\"1400\" height=\"1400\" src=\"https:\/\/www.msd.ch\/de\/wp-content\/uploads\/sites\/88\/2025\/10\/Claudia-Stadelmann-202510.jpg?w=1400\" alt=\"\" class=\"wp-image-12850\"\/><\/figure><\/div>\n\n\n<h5 class=\"wp-block-heading\">Claudia Stadelmann<\/h5>\n\n\n\n<p>Director Regulatory Affairs<\/p>\n<\/div>\n\n\n\n<div class=\"wp-block-column is-layout-flow wp-block-column-is-layout-flow\"><div class=\"wp-block-image\">\n<figure class=\"alignleft size-full\"><img loading=\"lazy\" decoding=\"async\" width=\"1400\" height=\"1400\" src=\"https:\/\/www.msd.ch\/de\/wp-content\/uploads\/sites\/88\/2025\/10\/Klaudia-Georgi-202510.jpg\" alt=\"\" class=\"wp-image-12853\"\/><\/figure><\/div>\n\n\n<h5 class=\"wp-block-heading\">Klaudia Georgi<\/h5>\n\n\n\n<p>Sr. Director Clinical Research <br>MSD Switzerland &amp; Serbia<\/p>\n<\/div>\n\n\n\n<div class=\"wp-block-column is-layout-flow wp-block-column-is-layout-flow\"><div class=\"wp-block-image\">\n<figure class=\"alignleft size-large\"><img loading=\"lazy\" decoding=\"async\" width=\"1400\" height=\"1400\" src=\"https:\/\/www.msd.ch\/de\/wp-content\/uploads\/sites\/88\/2025\/10\/Lars-Andresen-202510.jpg?w=1400\" alt=\"\" class=\"wp-image-12841\"\/><\/figure><\/div>\n\n\n<h5 class=\"wp-block-heading\">Lars Andresen<\/h5>\n\n\n\n<p>Director Finance<\/p>\n<\/div>\n<\/div>\n\n\n\n<div class=\"wp-block-columns is-layout-flex wp-container-core-columns-is-layout-9d6595d7 wp-block-columns-is-layout-flex\">\n<div class=\"wp-block-column is-layout-flow wp-block-column-is-layout-flow\"><div class=\"wp-block-image\">\n<figure class=\"alignleft size-large\"><img loading=\"lazy\" decoding=\"async\" width=\"1400\" height=\"1400\" src=\"https:\/\/www.msd.ch\/de\/wp-content\/uploads\/sites\/88\/2025\/10\/Aleksandra-Kuzmicka-202510.jpg?w=1400\" alt=\"\" class=\"wp-image-12844\"\/><\/figure><\/div>\n\n\n<h5 class=\"wp-block-heading\">Aleksandra (Ola) Kuzmicka<\/h5>\n\n\n\n<p>HR Business Partner Lead<\/p>\n<\/div>\n\n\n\n<div class=\"wp-block-column is-layout-flow wp-block-column-is-layout-flow\"><div class=\"wp-block-image\">\n<figure class=\"alignleft size-full\"><img loading=\"lazy\" decoding=\"async\" width=\"1400\" height=\"1400\" src=\"https:\/\/www.msd.ch\/de\/wp-content\/uploads\/sites\/88\/2025\/10\/Pascal-Nosetti-202510.jpg\" alt=\"\" class=\"wp-image-12843\"\/><\/figure><\/div>\n\n\n<h5 class=\"wp-block-heading\">Dr. Pascal Nosetti<\/h5>\n\n\n\n<p>Legal &amp; Compliance DACH<\/p>\n<\/div>\n\n\n\n<div class=\"wp-block-column is-layout-flow wp-block-column-is-layout-flow\">\n<h5 class=\"wp-block-heading\"><\/h5>\n\n\n\n<p><\/p>\n<\/div>\n\n\n\n<div class=\"wp-block-column is-layout-flow wp-block-column-is-layout-flow\">\n<p><\/p>\n<\/div>\n<\/div>\n\n\n\n<div style=\"height:100px\" aria-hidden=\"true\" class=\"wp-block-spacer\"><\/div>\n\n\n\n<p><sup>CH-NON-00389, 06\/2025<\/sup><\/p>\n","protected":false},"excerpt":{"rendered":"<p>Jasper Kunow Managing Director (ad interim) Morgan Andersen Director Business Unit Vaccines Angela Weber Director Business Unit Pharma Anthony Behr Director Business Unit Oncology Dr. Gila Stump Director External Affairs &amp; Market Access Beat Obrist Director DDA Operations Jean-Blaise Defago Lead Government &amp; Public Affairs Dr. Christoph Brombacher Manager Compliance &amp; Business Practices Dr. med. [&hellip;]<\/p>\n","protected":false},"author":282,"featured_media":7164,"parent":7768,"menu_order":1,"comment_status":"closed","ping_status":"closed","template":"","meta":{"_acf_changed":false,"bdl_company_name":[],"bdl_item_external_link":[],"editor_notices":[],"footnotes":""},"class_list":["post-42","page","type-page","status-publish","has-post-thumbnail","hentry"],"yoast_head":"<!-- This site is optimized with the Yoast SEO plugin v21.9.1 - https:\/\/yoast.com\/wordpress\/plugins\/seo\/ -->\n<title>Gesch\u00e4ftsleitung - msd.ch<\/title>\n<meta name=\"description\" content=\"Unsere Gesch\u00e4ftsleitung steuert die strategische Ausrichtung von MSD in der Schweiz. Unsere F\u00fchrungskr\u00e4fte kommen aus allen Bereichen des Unternehmens.\" \/>\n<meta name=\"robots\" content=\"index, follow, max-snippet:-1, max-image-preview:large, max-video-preview:-1\" \/>\n<link rel=\"canonical\" href=\"https:\/\/www.msd.ch\/de\/home\/about-us\/leadership\/\" \/>\n<meta property=\"og:locale\" content=\"en_US\" \/>\n<meta property=\"og:type\" content=\"article\" \/>\n<meta property=\"og:title\" content=\"Gesch\u00e4ftsleitung - msd.ch\" \/>\n<meta property=\"og:description\" content=\"Unsere Gesch\u00e4ftsleitung steuert die strategische Ausrichtung von MSD in der Schweiz. Unsere F\u00fchrungskr\u00e4fte kommen aus allen Bereichen des Unternehmens.\" \/>\n<meta property=\"og:url\" content=\"https:\/\/www.msd.ch\/de\/home\/about-us\/leadership\/\" \/>\n<meta property=\"og:site_name\" content=\"msd.ch\" \/>\n<meta property=\"article:modified_time\" content=\"2026-02-16T19:42:36+00:00\" \/>\n<meta property=\"og:image\" content=\"https:\/\/www.msd.ch\/de\/wp-content\/uploads\/sites\/88\/2022\/06\/Leadership-illustration.jpeg\" \/>\n\t<meta property=\"og:image:width\" content=\"1200\" \/>\n\t<meta property=\"og:image:height\" content=\"674\" \/>\n\t<meta property=\"og:image:type\" content=\"image\/jpeg\" \/>\n<meta name=\"twitter:card\" content=\"summary_large_image\" \/>\n<meta name=\"twitter:label1\" content=\"Est. reading time\" \/>\n\t<meta name=\"twitter:data1\" content=\"3 minutes\" \/>\n<script type=\"application\/ld+json\" class=\"yoast-schema-graph\">{\"@context\":\"https:\/\/schema.org\",\"@graph\":[{\"@type\":\"WebPage\",\"@id\":\"https:\/\/www.msd.ch\/de\/home\/about-us\/leadership\/\",\"url\":\"https:\/\/www.msd.ch\/de\/home\/about-us\/leadership\/\",\"name\":\"Gesch\u00e4ftsleitung - msd.ch\",\"isPartOf\":{\"@id\":\"https:\/\/www.msd.ch\/de\/#website\"},\"datePublished\":\"2025-10-31T08:28:52+00:00\",\"dateModified\":\"2026-02-16T19:42:36+00:00\",\"description\":\"Unsere Gesch\u00e4ftsleitung steuert die strategische Ausrichtung von MSD in der Schweiz. Unsere F\u00fchrungskr\u00e4fte kommen aus allen Bereichen des Unternehmens.\",\"breadcrumb\":{\"@id\":\"https:\/\/www.msd.ch\/de\/home\/about-us\/leadership\/#breadcrumb\"},\"inLanguage\":\"en-US\",\"potentialAction\":[{\"@type\":\"ReadAction\",\"target\":[\"https:\/\/www.msd.ch\/de\/home\/about-us\/leadership\/\"]}]},{\"@type\":\"BreadcrumbList\",\"@id\":\"https:\/\/www.msd.ch\/de\/home\/about-us\/leadership\/#breadcrumb\",\"itemListElement\":[{\"@type\":\"ListItem\",\"position\":1,\"name\":\"Home\",\"item\":\"https:\/\/www.msd.ch\/de\/\"},{\"@type\":\"ListItem\",\"position\":2,\"name\":\"\u00dcber uns\",\"item\":\"https:\/\/www.msd.ch\/de\/home\/about-us\/\"},{\"@type\":\"ListItem\",\"position\":3,\"name\":\"Gesch\u00e4ftsleitung\"}]},{\"@type\":\"WebSite\",\"@id\":\"https:\/\/www.msd.ch\/de\/#website\",\"url\":\"https:\/\/www.msd.ch\/de\/\",\"name\":\"msd.ch\",\"description\":\"MSD erforscht und entwickelt Medikamente und Impfstoffe, die Leben retten und die Gesundheit von Patienten verbessern sollen. In der Schweiz setzen sich 1000 Mitarbeitende in Luzern und Z\u00fcrich daf\u00fcr ein.\",\"potentialAction\":[{\"@type\":\"SearchAction\",\"target\":{\"@type\":\"EntryPoint\",\"urlTemplate\":\"https:\/\/www.msd.ch\/de\/?s={search_term_string}\"},\"query-input\":\"required name=search_term_string\"}],\"inLanguage\":\"en-US\"}]}<\/script>\n<!-- \/ Yoast SEO plugin. -->","yoast_head_json":{"title":"Gesch\u00e4ftsleitung - msd.ch","description":"Unsere Gesch\u00e4ftsleitung steuert die strategische Ausrichtung von MSD in der Schweiz. Unsere F\u00fchrungskr\u00e4fte kommen aus allen Bereichen des Unternehmens.","robots":{"index":"index","follow":"follow","max-snippet":"max-snippet:-1","max-image-preview":"max-image-preview:large","max-video-preview":"max-video-preview:-1"},"canonical":"https:\/\/www.msd.ch\/de\/home\/about-us\/leadership\/","og_locale":"en_US","og_type":"article","og_title":"Gesch\u00e4ftsleitung - msd.ch","og_description":"Unsere Gesch\u00e4ftsleitung steuert die strategische Ausrichtung von MSD in der Schweiz. Unsere F\u00fchrungskr\u00e4fte kommen aus allen Bereichen des Unternehmens.","og_url":"https:\/\/www.msd.ch\/de\/home\/about-us\/leadership\/","og_site_name":"msd.ch","article_modified_time":"2026-02-16T19:42:36+00:00","og_image":[{"width":1200,"height":674,"url":"https:\/\/www.msd.ch\/de\/wp-content\/uploads\/sites\/88\/2022\/06\/Leadership-illustration.jpeg","type":"image\/jpeg"}],"twitter_card":"summary_large_image","twitter_misc":{"Est. reading time":"3 minutes"},"schema":{"@context":"https:\/\/schema.org","@graph":[{"@type":"WebPage","@id":"https:\/\/www.msd.ch\/de\/home\/about-us\/leadership\/","url":"https:\/\/www.msd.ch\/de\/home\/about-us\/leadership\/","name":"Gesch\u00e4ftsleitung - msd.ch","isPartOf":{"@id":"https:\/\/www.msd.ch\/de\/#website"},"datePublished":"2025-10-31T08:28:52+00:00","dateModified":"2026-02-16T19:42:36+00:00","description":"Unsere Gesch\u00e4ftsleitung steuert die strategische Ausrichtung von MSD in der Schweiz. Unsere F\u00fchrungskr\u00e4fte kommen aus allen Bereichen des Unternehmens.","breadcrumb":{"@id":"https:\/\/www.msd.ch\/de\/home\/about-us\/leadership\/#breadcrumb"},"inLanguage":"en-US","potentialAction":[{"@type":"ReadAction","target":["https:\/\/www.msd.ch\/de\/home\/about-us\/leadership\/"]}]},{"@type":"BreadcrumbList","@id":"https:\/\/www.msd.ch\/de\/home\/about-us\/leadership\/#breadcrumb","itemListElement":[{"@type":"ListItem","position":1,"name":"Home","item":"https:\/\/www.msd.ch\/de\/"},{"@type":"ListItem","position":2,"name":"\u00dcber uns","item":"https:\/\/www.msd.ch\/de\/home\/about-us\/"},{"@type":"ListItem","position":3,"name":"Gesch\u00e4ftsleitung"}]},{"@type":"WebSite","@id":"https:\/\/www.msd.ch\/de\/#website","url":"https:\/\/www.msd.ch\/de\/","name":"msd.ch","description":"MSD erforscht und entwickelt Medikamente und Impfstoffe, die Leben retten und die Gesundheit von Patienten verbessern sollen. In der Schweiz setzen sich 1000 Mitarbeitende in Luzern und Z\u00fcrich daf\u00fcr ein.","potentialAction":[{"@type":"SearchAction","target":{"@type":"EntryPoint","urlTemplate":"https:\/\/www.msd.ch\/de\/?s={search_term_string}"},"query-input":"required name=search_term_string"}],"inLanguage":"en-US"}]}},"acf":[],"_links":{"self":[{"href":"https:\/\/www.msd.ch\/de\/wp-json\/wp\/v2\/pages\/42","targetHints":{"allow":["GET"]}}],"collection":[{"href":"https:\/\/www.msd.ch\/de\/wp-json\/wp\/v2\/pages"}],"about":[{"href":"https:\/\/www.msd.ch\/de\/wp-json\/wp\/v2\/types\/page"}],"author":[{"embeddable":true,"href":"https:\/\/www.msd.ch\/de\/wp-json\/wp\/v2\/users\/282"}],"replies":[{"embeddable":true,"href":"https:\/\/www.msd.ch\/de\/wp-json\/wp\/v2\/comments?post=42"}],"version-history":[{"count":141,"href":"https:\/\/www.msd.ch\/de\/wp-json\/wp\/v2\/pages\/42\/revisions"}],"predecessor-version":[{"id":13691,"href":"https:\/\/www.msd.ch\/de\/wp-json\/wp\/v2\/pages\/42\/revisions\/13691"}],"up":[{"embeddable":true,"href":"https:\/\/www.msd.ch\/de\/wp-json\/wp\/v2\/pages\/7768"}],"wp:featuredmedia":[{"embeddable":true,"href":"https:\/\/www.msd.ch\/de\/wp-json\/wp\/v2\/media\/7164"}],"wp:attachment":[{"href":"https:\/\/www.msd.ch\/de\/wp-json\/wp\/v2\/media?parent=42"}],"curies":[{"name":"wp","href":"https:\/\/api.w.org\/{rel}","templated":true}]}}