{"id":46,"date":"2024-12-09T15:41:00","date_gmt":"2024-12-09T14:41:00","guid":{"rendered":"https:\/\/vip2-msd.com\/switzerland\/?page_id=46"},"modified":"2025-02-20T11:52:37","modified_gmt":"2025-02-20T10:52:37","slug":"our-values","status":"publish","type":"page","link":"https:\/\/www.msd.ch\/de\/home\/about-us\/our-values\/","title":{"rendered":"Unsere Werte"},"content":{"rendered":"\n<div id=\"mco-b2-hero-block-block_8d343aab0f70262be8d8237bc4642bfe\" class=\"mco-b2-hero-block full mccberg-block\">\n    <div class=\"mco-b2-hero-block-wrapper\">\n        <div class=\"mco-b2-hero-block-image-section \">\n\n                            <div class=\"mco-b2-hero-block-image-container \">\n                    <picture >\n\t<source media=\"(max-width: 767px)\" data-srcset=\"https:\/\/www.msd.ch\/de\/wp-content\/uploads\/sites\/88\/2021\/06\/our-values-banner-1.png?w=768\" srcset=\"https:\/\/www.msd.ch\/de\/wp-content\/uploads\/sites\/88\/2021\/06\/our-values-banner-1.png?w=768\" >\n<source media=\"(min-width: 768px) and (max-width: 1199px)\" data-srcset=\"https:\/\/www.msd.ch\/de\/wp-content\/uploads\/sites\/88\/2021\/06\/our-values-banner-1.png?h=768\" srcset=\"https:\/\/www.msd.ch\/de\/wp-content\/uploads\/sites\/88\/2021\/06\/our-values-banner-1.png?h=768\" >\n<source media=\"(min-width: 1200px) and (max-width: 1919px)\" data-srcset=\"https:\/\/www.msd.ch\/de\/wp-content\/uploads\/sites\/88\/2021\/06\/our-values-banner-1.png?w=1200\" srcset=\"https:\/\/www.msd.ch\/de\/wp-content\/uploads\/sites\/88\/2021\/06\/our-values-banner-1.png?w=1200\" >\n<source media=\"(min-width: 1920px)\" data-srcset=\"https:\/\/www.msd.ch\/de\/wp-content\/uploads\/sites\/88\/2021\/06\/our-values-banner-1.png?w=1920\" srcset=\"https:\/\/www.msd.ch\/de\/wp-content\/uploads\/sites\/88\/2021\/06\/our-values-banner-1.png?w=1920\" >\n\t<img data-src=\"https:\/\/www.msd.ch\/de\/wp-content\/uploads\/sites\/88\/2021\/06\/our-values-banner-1.png?w=1920\" alt=\"\" class=\"eager \" loading=\"eager\" \/>\n<\/picture>                                    <\/div>\n                        <div class=\"mco-b2-hero-block-image-container-two\">\n                            <\/div>\n        <\/div>\n\n        <div class=\"mco-b2-hero-block-content-section\">\n            <nav class=\"breadcrumbs wrapper text-descriptive\"aria-label=\"Breadcrumbs\"><\/nav>            \n                            <h1>Unsere Werte<\/h1>\n            \n                            <div class=\"mco-b2-hero-block-description\"><p>Unsere Werte bilden den Kern unseres Charakters. Sie leiten jede unserer Entscheidungen und Handlungen.<\/p>\n<\/div>\n            \n                    <\/div>\n    <\/div>\n\n    \n<\/div>\n\n\n\n<h3 class=\"wp-block-heading has-text-align-center\">Patienten an erster Stelle<\/h3>\n\n\n\n<p class=\"has-text-align-center\"><br>Wir alle sind f\u00fcr die Bereitstellung qualitativ hochwertiger Produkte und Dienstleistungen verantwortlich. Wir streben danach, die Gesundheit und das Wohlbefinden von Menschen und Tieren weltweit zu verbessern und den Zugang zu unseren Medikamenten und Impfstoffen zu erweitern. All unsere Handlungen m\u00fcssen sich an unserer Verantwortung gegen\u00fcber denjenigen messen lassen, die unsere Produkte verwenden oder ben\u00f6tigen.<\/p>\n\n\n\n<p class=\"has-text-align-center\"><br><\/p>\n\n\n\n<h3 class=\"wp-block-heading has-text-align-center\">Respekt f\u00fcr Menschen<\/h3>\n\n\n\n<p class=\"has-text-align-center\">Unsere F\u00e4higkeit, hervorragende Leistungen zu erbringen, h\u00e4ngt von der Integrit\u00e4t, dem Wissen, der Phantasie, den F\u00e4higkeiten, der Vielfalt, der Sicherheit und der Teamarbeit unserer Mitarbeitenden ab. Deshalb schaffen wir ein Umfeld des gegenseitigen Respekts, der Einbeziehung und der Verantwortlichkeit. Wir belohnen Engagement und Leistung und gehen auf die Bed\u00fcrfnisse unserer Mitarbeitenden und ihrer Familien ein.<\/p>\n\n\n\n<p class=\"has-text-align-center\"><br><\/p>\n\n\n\n<h3 class=\"wp-block-heading has-text-align-center\">Ethik und Integrit\u00e4t<\/h3>\n\n\n\n<p class=\"has-text-align-center\">Bei all unseren Aktivit\u00e4ten ist gr\u00f6sstm\u00f6gliche Transparenz eine Selbstverst\u00e4ndlichkeit. Wir orientieren uns an den h\u00f6chsten Standards zur Berichterstattung und unterst\u00fctzen die Bem\u00fchungen der European Federation of Pharmaceutical Industries and Associations (EFPIA), die Transparenz in der Pharmabranche zu erh\u00f6hen.<\/p>\n\n\n\n<p class=\"has-text-align-center\"><a href=\"https:\/\/www.msd.ch\/de\/home\/about-us\/responsibility\/transparency\/\" data-type=\"page\" data-id=\"38\">Mehr erfahren<\/a><\/p>\n\n\n\n<p class=\"has-text-align-center\"><br><\/p>\n\n\n\n<h3 class=\"wp-block-heading has-text-align-center\">Innovation und wissenschaftliche Exzellenz<\/h3>\n\n\n\n<p class=\"has-text-align-center\">Wir sind der Innovation und der wissenschaftlichen Exzellenz verpflichtet. Unsere Forschung wird von der Verpflichtung geleitet, die Gesundheit und Lebensqualit\u00e4t zu verbessern. Wir streben danach, die wichtigsten Bed\u00fcrfnisse von Patienten und Kunden zu erkennen und diese durch kontinuierliche Innovation zu erf\u00fcllen.<\/p>\n\n\n\n<p> <\/p>\n\n\n\n<p><br><sup><br>CH-NON-02012, 12\/2024<\/sup><\/p>\n","protected":false},"excerpt":{"rendered":"<p>Patienten an erster Stelle Wir alle sind f\u00fcr die Bereitstellung qualitativ hochwertiger Produkte und Dienstleistungen verantwortlich. Wir streben danach, die Gesundheit und das Wohlbefinden von Menschen und Tieren weltweit zu verbessern und den Zugang zu unseren Medikamenten und Impfstoffen zu erweitern. All unsere Handlungen m\u00fcssen sich an unserer Verantwortung gegen\u00fcber denjenigen messen lassen, die unsere [&hellip;]<\/p>\n","protected":false},"author":9,"featured_media":3271,"parent":7768,"menu_order":5,"comment_status":"closed","ping_status":"closed","template":"","meta":{"_acf_changed":false,"bdl_company_name":[],"bdl_item_external_link":[],"editor_notices":[],"footnotes":""},"class_list":["post-46","page","type-page","status-publish","has-post-thumbnail","hentry"],"yoast_head":"<!-- This site is optimized with the Yoast SEO plugin v21.9.1 - https:\/\/yoast.com\/wordpress\/plugins\/seo\/ -->\n<title>Unsere Werte - MSD Schweiz | msd.ch<\/title>\n<meta name=\"description\" content=\"Unsere Werte und Standards sind es, die uns zu MSD machen. Sie sind die Grundlage f\u00fcr unseren Erfolg. Erfahren Sie mehr.\" \/>\n<meta name=\"robots\" content=\"index, follow, max-snippet:-1, max-image-preview:large, max-video-preview:-1\" \/>\n<link rel=\"canonical\" href=\"https:\/\/www.msd.ch\/de\/home\/about-us\/our-values\/\" \/>\n<meta property=\"og:locale\" content=\"en_US\" \/>\n<meta property=\"og:type\" content=\"article\" \/>\n<meta property=\"og:title\" content=\"Unsere Werte\" \/>\n<meta property=\"og:description\" content=\"Unsere Werte und Standards sind es, die uns zu MSD machen. Sie sind die Grundlage f\u00fcr unseren Erfolg. Erfahren Sie mehr.\" \/>\n<meta property=\"og:url\" content=\"https:\/\/www.msd.ch\/de\/home\/about-us\/our-values\/\" \/>\n<meta property=\"og:site_name\" content=\"msd.ch\" \/>\n<meta property=\"article:modified_time\" content=\"2025-02-20T10:52:37+00:00\" \/>\n<meta property=\"og:image\" content=\"https:\/\/www.msd.ch\/de\/wp-content\/uploads\/sites\/88\/2021\/06\/our-values-banner-1.png\" \/>\n\t<meta property=\"og:image:width\" content=\"1900\" \/>\n\t<meta property=\"og:image:height\" content=\"550\" \/>\n\t<meta property=\"og:image:type\" content=\"image\/png\" \/>\n<meta name=\"twitter:card\" content=\"summary_large_image\" \/>\n<meta name=\"twitter:title\" content=\"Unsere Werte\" \/>\n<meta name=\"twitter:description\" content=\"Unsere Werte und Standards sind es, die uns zu MSD machen. Sie sind die Grundlage f\u00fcr unseren Erfolg. Erfahren Sie mehr.\" \/>\n<meta name=\"twitter:image\" content=\"https:\/\/www.msd.ch\/de\/wp-content\/uploads\/sites\/88\/2021\/06\/our-values-banner-1.png\" \/>\n<meta name=\"twitter:label1\" content=\"Est. reading time\" \/>\n\t<meta name=\"twitter:data1\" content=\"1 minute\" \/>\n<script type=\"application\/ld+json\" class=\"yoast-schema-graph\">{\"@context\":\"https:\/\/schema.org\",\"@graph\":[{\"@type\":\"WebPage\",\"@id\":\"https:\/\/www.msd.ch\/de\/home\/about-us\/our-values\/\",\"url\":\"https:\/\/www.msd.ch\/de\/home\/about-us\/our-values\/\",\"name\":\"Unsere Werte - MSD Schweiz | msd.ch\",\"isPartOf\":{\"@id\":\"https:\/\/www.msd.ch\/de\/#website\"},\"datePublished\":\"2024-12-09T14:41:00+00:00\",\"dateModified\":\"2025-02-20T10:52:37+00:00\",\"description\":\"Unsere Werte und Standards sind es, die uns zu MSD machen. Sie sind die Grundlage f\u00fcr unseren Erfolg. Erfahren Sie mehr.\",\"breadcrumb\":{\"@id\":\"https:\/\/www.msd.ch\/de\/home\/about-us\/our-values\/#breadcrumb\"},\"inLanguage\":\"en-US\",\"potentialAction\":[{\"@type\":\"ReadAction\",\"target\":[\"https:\/\/www.msd.ch\/de\/home\/about-us\/our-values\/\"]}]},{\"@type\":\"BreadcrumbList\",\"@id\":\"https:\/\/www.msd.ch\/de\/home\/about-us\/our-values\/#breadcrumb\",\"itemListElement\":[{\"@type\":\"ListItem\",\"position\":1,\"name\":\"Home\",\"item\":\"https:\/\/www.msd.ch\/de\/\"},{\"@type\":\"ListItem\",\"position\":2,\"name\":\"\u00dcber uns\",\"item\":\"https:\/\/www.msd.ch\/de\/home\/about-us\/\"},{\"@type\":\"ListItem\",\"position\":3,\"name\":\"Unsere Werte\"}]},{\"@type\":\"WebSite\",\"@id\":\"https:\/\/www.msd.ch\/de\/#website\",\"url\":\"https:\/\/www.msd.ch\/de\/\",\"name\":\"msd.ch\",\"description\":\"MSD erforscht und entwickelt Medikamente und Impfstoffe, die Leben retten und die Gesundheit von Patienten verbessern sollen. In der Schweiz setzen sich 1000 Mitarbeitende in Luzern und Z\u00fcrich daf\u00fcr ein.\",\"potentialAction\":[{\"@type\":\"SearchAction\",\"target\":{\"@type\":\"EntryPoint\",\"urlTemplate\":\"https:\/\/www.msd.ch\/de\/?s={search_term_string}\"},\"query-input\":\"required name=search_term_string\"}],\"inLanguage\":\"en-US\"}]}<\/script>\n<!-- \/ Yoast SEO plugin. -->","yoast_head_json":{"title":"Unsere Werte - MSD Schweiz | msd.ch","description":"Unsere Werte und Standards sind es, die uns zu MSD machen. Sie sind die Grundlage f\u00fcr unseren Erfolg. Erfahren Sie mehr.","robots":{"index":"index","follow":"follow","max-snippet":"max-snippet:-1","max-image-preview":"max-image-preview:large","max-video-preview":"max-video-preview:-1"},"canonical":"https:\/\/www.msd.ch\/de\/home\/about-us\/our-values\/","og_locale":"en_US","og_type":"article","og_title":"Unsere Werte","og_description":"Unsere Werte und Standards sind es, die uns zu MSD machen. Sie sind die Grundlage f\u00fcr unseren Erfolg. Erfahren Sie mehr.","og_url":"https:\/\/www.msd.ch\/de\/home\/about-us\/our-values\/","og_site_name":"msd.ch","article_modified_time":"2025-02-20T10:52:37+00:00","og_image":[{"width":1900,"height":550,"url":"https:\/\/www.msd.ch\/de\/wp-content\/uploads\/sites\/88\/2021\/06\/our-values-banner-1.png","type":"image\/png"}],"twitter_card":"summary_large_image","twitter_title":"Unsere Werte","twitter_description":"Unsere Werte und Standards sind es, die uns zu MSD machen. Sie sind die Grundlage f\u00fcr unseren Erfolg. Erfahren Sie mehr.","twitter_image":"https:\/\/www.msd.ch\/de\/wp-content\/uploads\/sites\/88\/2021\/06\/our-values-banner-1.png","twitter_misc":{"Est. reading time":"1 minute"},"schema":{"@context":"https:\/\/schema.org","@graph":[{"@type":"WebPage","@id":"https:\/\/www.msd.ch\/de\/home\/about-us\/our-values\/","url":"https:\/\/www.msd.ch\/de\/home\/about-us\/our-values\/","name":"Unsere Werte - MSD Schweiz | msd.ch","isPartOf":{"@id":"https:\/\/www.msd.ch\/de\/#website"},"datePublished":"2024-12-09T14:41:00+00:00","dateModified":"2025-02-20T10:52:37+00:00","description":"Unsere Werte und Standards sind es, die uns zu MSD machen. Sie sind die Grundlage f\u00fcr unseren Erfolg. Erfahren Sie mehr.","breadcrumb":{"@id":"https:\/\/www.msd.ch\/de\/home\/about-us\/our-values\/#breadcrumb"},"inLanguage":"en-US","potentialAction":[{"@type":"ReadAction","target":["https:\/\/www.msd.ch\/de\/home\/about-us\/our-values\/"]}]},{"@type":"BreadcrumbList","@id":"https:\/\/www.msd.ch\/de\/home\/about-us\/our-values\/#breadcrumb","itemListElement":[{"@type":"ListItem","position":1,"name":"Home","item":"https:\/\/www.msd.ch\/de\/"},{"@type":"ListItem","position":2,"name":"\u00dcber uns","item":"https:\/\/www.msd.ch\/de\/home\/about-us\/"},{"@type":"ListItem","position":3,"name":"Unsere Werte"}]},{"@type":"WebSite","@id":"https:\/\/www.msd.ch\/de\/#website","url":"https:\/\/www.msd.ch\/de\/","name":"msd.ch","description":"MSD erforscht und entwickelt Medikamente und Impfstoffe, die Leben retten und die Gesundheit von Patienten verbessern sollen. In der Schweiz setzen sich 1000 Mitarbeitende in Luzern und Z\u00fcrich daf\u00fcr ein.","potentialAction":[{"@type":"SearchAction","target":{"@type":"EntryPoint","urlTemplate":"https:\/\/www.msd.ch\/de\/?s={search_term_string}"},"query-input":"required name=search_term_string"}],"inLanguage":"en-US"}]}},"acf":[],"_links":{"self":[{"href":"https:\/\/www.msd.ch\/de\/wp-json\/wp\/v2\/pages\/46","targetHints":{"allow":["GET"]}}],"collection":[{"href":"https:\/\/www.msd.ch\/de\/wp-json\/wp\/v2\/pages"}],"about":[{"href":"https:\/\/www.msd.ch\/de\/wp-json\/wp\/v2\/types\/page"}],"author":[{"embeddable":true,"href":"https:\/\/www.msd.ch\/de\/wp-json\/wp\/v2\/users\/9"}],"replies":[{"embeddable":true,"href":"https:\/\/www.msd.ch\/de\/wp-json\/wp\/v2\/comments?post=46"}],"version-history":[{"count":45,"href":"https:\/\/www.msd.ch\/de\/wp-json\/wp\/v2\/pages\/46\/revisions"}],"predecessor-version":[{"id":12184,"href":"https:\/\/www.msd.ch\/de\/wp-json\/wp\/v2\/pages\/46\/revisions\/12184"}],"up":[{"embeddable":true,"href":"https:\/\/www.msd.ch\/de\/wp-json\/wp\/v2\/pages\/7768"}],"wp:featuredmedia":[{"embeddable":true,"href":"https:\/\/www.msd.ch\/de\/wp-json\/wp\/v2\/media\/3271"}],"wp:attachment":[{"href":"https:\/\/www.msd.ch\/de\/wp-json\/wp\/v2\/media?parent=46"}],"curies":[{"name":"wp","href":"https:\/\/api.w.org\/{rel}","templated":true}]}}