{"id":5728,"date":"2021-10-19T17:13:41","date_gmt":"2021-10-19T15:13:41","guid":{"rendered":"https:\/\/www.msd.ch\/de\/?page_id=5728"},"modified":"2024-12-09T09:38:53","modified_gmt":"2024-12-09T08:38:53","slug":"liefersituation","status":"publish","type":"page","link":"https:\/\/www.msd.ch\/de\/home\/liefersituation\/","title":{"rendered":"Liefersituation"},"content":{"rendered":"\n<h1 class=\"wp-block-heading\">Liefersituation<\/h1>\n\n\n\n<p>Einige unserer Produkte sind zurzeit nicht verf\u00fcgbar. Die folgende \u00dcbersicht zeigt die <strong>voraussichtlichen<\/strong> Liefertermine. Die \u00dcbersicht wird w\u00f6chentlich aktualisiert.<\/p>\n\n\n\n<p><a href=\"https:\/\/www.msd.ch\/en\/uebersicht-liefersituation\/\" target=\"_blank\" rel=\"noreferrer noopener\">\u00dcbersicht Liefersituation<\/a><\/p>\n\n\n\n<p>MSD Merck Sharp &amp; Dohme AG verf\u00fcgt \u00fcber eine <a href=\"https:\/\/www.msd.ch\/en\/wp-content\/uploads\/sites\/42\/2021\/10\/Betriebsbewilligung_Arzneimittel.pdf\" target=\"_blank\" rel=\"noreferrer noopener\">Betriebsbewilligung Arzneimittel<\/a>.<\/p>\n\n\n\n<p><\/p>\n\n\n\n<p><sup>CH-NON-00596, 10\/2023<\/sup><\/p>\n","protected":false},"excerpt":{"rendered":"<p>Liefersituation Einige unserer Produkte sind zurzeit nicht verf\u00fcgbar. Die folgende \u00dcbersicht zeigt die voraussichtlichen Liefertermine. Die \u00dcbersicht wird w\u00f6chentlich aktualisiert. \u00dcbersicht Liefersituation MSD Merck Sharp &amp; Dohme AG verf\u00fcgt \u00fcber eine Betriebsbewilligung Arzneimittel. CH-NON-00596, 10\/2023<\/p>\n","protected":false},"author":283,"featured_media":0,"parent":1686,"menu_order":0,"comment_status":"closed","ping_status":"closed","template":"","meta":{"_acf_changed":false,"bdl_company_name":[],"bdl_item_external_link":[],"editor_notices":[],"footnotes":""},"class_list":["post-5728","page","type-page","status-publish","hentry"],"yoast_head":"<!-- This site is optimized with the Yoast SEO plugin v21.9.1 - https:\/\/yoast.com\/wordpress\/plugins\/seo\/ -->\n<title>Liefersituation - msd.ch<\/title>\n<meta name=\"description\" content=\"Einige unserer Produkte sind zurzeit nicht verf\u00fcgbar. Die folgende \u00dcbersicht zeigt die voraussichtlichen Liefertermine. Die \u00dcbersicht wird w\u00f6chentlich aktualisiert.\" \/>\n<meta name=\"robots\" content=\"index, follow, max-snippet:-1, max-image-preview:large, max-video-preview:-1\" \/>\n<link rel=\"canonical\" href=\"https:\/\/www.msd.ch\/de\/home\/liefersituation\/\" \/>\n<meta property=\"og:locale\" content=\"en_US\" \/>\n<meta property=\"og:type\" content=\"article\" \/>\n<meta property=\"og:title\" content=\"Liefersituation - msd.ch\" \/>\n<meta property=\"og:description\" content=\"Einige unserer Produkte sind zurzeit nicht verf\u00fcgbar. Die folgende \u00dcbersicht zeigt die voraussichtlichen Liefertermine. Die \u00dcbersicht wird w\u00f6chentlich aktualisiert.\" \/>\n<meta property=\"og:url\" content=\"https:\/\/www.msd.ch\/de\/home\/liefersituation\/\" \/>\n<meta property=\"og:site_name\" content=\"msd.ch\" \/>\n<meta property=\"article:modified_time\" content=\"2024-12-09T08:38:53+00:00\" \/>\n<meta name=\"twitter:card\" content=\"summary_large_image\" \/>\n<meta name=\"twitter:label1\" content=\"Est. reading time\" \/>\n\t<meta name=\"twitter:data1\" content=\"1 minute\" \/>\n<script type=\"application\/ld+json\" class=\"yoast-schema-graph\">{\"@context\":\"https:\/\/schema.org\",\"@graph\":[{\"@type\":\"WebPage\",\"@id\":\"https:\/\/www.msd.ch\/de\/home\/liefersituation\/\",\"url\":\"https:\/\/www.msd.ch\/de\/home\/liefersituation\/\",\"name\":\"Liefersituation - msd.ch\",\"isPartOf\":{\"@id\":\"https:\/\/www.msd.ch\/de\/#website\"},\"datePublished\":\"2021-10-19T15:13:41+00:00\",\"dateModified\":\"2024-12-09T08:38:53+00:00\",\"description\":\"Einige unserer Produkte sind zurzeit nicht verf\u00fcgbar. Die folgende \u00dcbersicht zeigt die voraussichtlichen Liefertermine. Die \u00dcbersicht wird w\u00f6chentlich aktualisiert.\",\"breadcrumb\":{\"@id\":\"https:\/\/www.msd.ch\/de\/home\/liefersituation\/#breadcrumb\"},\"inLanguage\":\"en-US\",\"potentialAction\":[{\"@type\":\"ReadAction\",\"target\":[\"https:\/\/www.msd.ch\/de\/home\/liefersituation\/\"]}]},{\"@type\":\"BreadcrumbList\",\"@id\":\"https:\/\/www.msd.ch\/de\/home\/liefersituation\/#breadcrumb\",\"itemListElement\":[{\"@type\":\"ListItem\",\"position\":1,\"name\":\"Home\",\"item\":\"https:\/\/www.msd.ch\/de\/\"},{\"@type\":\"ListItem\",\"position\":2,\"name\":\"Liefersituation\"}]},{\"@type\":\"WebSite\",\"@id\":\"https:\/\/www.msd.ch\/de\/#website\",\"url\":\"https:\/\/www.msd.ch\/de\/\",\"name\":\"msd.ch\",\"description\":\"MSD erforscht und entwickelt Medikamente und Impfstoffe, die Leben retten und die Gesundheit von Patienten verbessern sollen. In der Schweiz setzen sich 1000 Mitarbeitende in Luzern und Z\u00fcrich daf\u00fcr ein.\",\"potentialAction\":[{\"@type\":\"SearchAction\",\"target\":{\"@type\":\"EntryPoint\",\"urlTemplate\":\"https:\/\/www.msd.ch\/de\/?s={search_term_string}\"},\"query-input\":\"required name=search_term_string\"}],\"inLanguage\":\"en-US\"}]}<\/script>\n<!-- \/ Yoast SEO plugin. -->","yoast_head_json":{"title":"Liefersituation - msd.ch","description":"Einige unserer Produkte sind zurzeit nicht verf\u00fcgbar. Die folgende \u00dcbersicht zeigt die voraussichtlichen Liefertermine. Die \u00dcbersicht wird w\u00f6chentlich aktualisiert.","robots":{"index":"index","follow":"follow","max-snippet":"max-snippet:-1","max-image-preview":"max-image-preview:large","max-video-preview":"max-video-preview:-1"},"canonical":"https:\/\/www.msd.ch\/de\/home\/liefersituation\/","og_locale":"en_US","og_type":"article","og_title":"Liefersituation - msd.ch","og_description":"Einige unserer Produkte sind zurzeit nicht verf\u00fcgbar. Die folgende \u00dcbersicht zeigt die voraussichtlichen Liefertermine. Die \u00dcbersicht wird w\u00f6chentlich aktualisiert.","og_url":"https:\/\/www.msd.ch\/de\/home\/liefersituation\/","og_site_name":"msd.ch","article_modified_time":"2024-12-09T08:38:53+00:00","twitter_card":"summary_large_image","twitter_misc":{"Est. reading time":"1 minute"},"schema":{"@context":"https:\/\/schema.org","@graph":[{"@type":"WebPage","@id":"https:\/\/www.msd.ch\/de\/home\/liefersituation\/","url":"https:\/\/www.msd.ch\/de\/home\/liefersituation\/","name":"Liefersituation - msd.ch","isPartOf":{"@id":"https:\/\/www.msd.ch\/de\/#website"},"datePublished":"2021-10-19T15:13:41+00:00","dateModified":"2024-12-09T08:38:53+00:00","description":"Einige unserer Produkte sind zurzeit nicht verf\u00fcgbar. Die folgende \u00dcbersicht zeigt die voraussichtlichen Liefertermine. Die \u00dcbersicht wird w\u00f6chentlich aktualisiert.","breadcrumb":{"@id":"https:\/\/www.msd.ch\/de\/home\/liefersituation\/#breadcrumb"},"inLanguage":"en-US","potentialAction":[{"@type":"ReadAction","target":["https:\/\/www.msd.ch\/de\/home\/liefersituation\/"]}]},{"@type":"BreadcrumbList","@id":"https:\/\/www.msd.ch\/de\/home\/liefersituation\/#breadcrumb","itemListElement":[{"@type":"ListItem","position":1,"name":"Home","item":"https:\/\/www.msd.ch\/de\/"},{"@type":"ListItem","position":2,"name":"Liefersituation"}]},{"@type":"WebSite","@id":"https:\/\/www.msd.ch\/de\/#website","url":"https:\/\/www.msd.ch\/de\/","name":"msd.ch","description":"MSD erforscht und entwickelt Medikamente und Impfstoffe, die Leben retten und die Gesundheit von Patienten verbessern sollen. In der Schweiz setzen sich 1000 Mitarbeitende in Luzern und Z\u00fcrich daf\u00fcr ein.","potentialAction":[{"@type":"SearchAction","target":{"@type":"EntryPoint","urlTemplate":"https:\/\/www.msd.ch\/de\/?s={search_term_string}"},"query-input":"required name=search_term_string"}],"inLanguage":"en-US"}]}},"acf":[],"_links":{"self":[{"href":"https:\/\/www.msd.ch\/de\/wp-json\/wp\/v2\/pages\/5728","targetHints":{"allow":["GET"]}}],"collection":[{"href":"https:\/\/www.msd.ch\/de\/wp-json\/wp\/v2\/pages"}],"about":[{"href":"https:\/\/www.msd.ch\/de\/wp-json\/wp\/v2\/types\/page"}],"author":[{"embeddable":true,"href":"https:\/\/www.msd.ch\/de\/wp-json\/wp\/v2\/users\/283"}],"replies":[{"embeddable":true,"href":"https:\/\/www.msd.ch\/de\/wp-json\/wp\/v2\/comments?post=5728"}],"version-history":[{"count":8,"href":"https:\/\/www.msd.ch\/de\/wp-json\/wp\/v2\/pages\/5728\/revisions"}],"predecessor-version":[{"id":11967,"href":"https:\/\/www.msd.ch\/de\/wp-json\/wp\/v2\/pages\/5728\/revisions\/11967"}],"up":[{"embeddable":true,"href":"https:\/\/www.msd.ch\/de\/wp-json\/wp\/v2\/pages\/1686"}],"wp:attachment":[{"href":"https:\/\/www.msd.ch\/de\/wp-json\/wp\/v2\/media?parent=5728"}],"curies":[{"name":"wp","href":"https:\/\/api.w.org\/{rel}","templated":true}]}}