{"id":6973,"date":"2026-04-02T15:39:43","date_gmt":"2026-04-02T13:39:43","guid":{"rendered":"https:\/\/www.msd.ch\/de\/?page_id=6973"},"modified":"2026-04-02T16:04:39","modified_gmt":"2026-04-02T14:04:39","slug":"media-library","status":"publish","type":"page","link":"https:\/\/www.msd.ch\/de\/home\/media-library\/","title":{"rendered":"Mediathek"},"content":{"rendered":"\n<div id=\"mco-b2-hero-block-block_42288c00848ed48be31bc815ec120db9\" class=\"mco-b2-hero-block full mccberg-block\">\n    <div class=\"mco-b2-hero-block-wrapper\">\n        <div class=\"mco-b2-hero-block-image-section \">\n                            <div class=\"mco-b2-hero-block-image-container \">\n                    <picture >\n\t<source media=\"(max-width: 767px)\" data-srcset=\"https:\/\/www.msd.ch\/de\/wp-content\/uploads\/sites\/88\/2022\/05\/Our-sites-MSD-logo-reception_hi_300dpi.jpg?w=768\" srcset=\"https:\/\/www.msd.ch\/de\/wp-content\/uploads\/sites\/88\/2022\/05\/Our-sites-MSD-logo-reception_hi_300dpi.jpg?w=768\" >\n<source media=\"(min-width: 768px) and (max-width: 1199px)\" data-srcset=\"https:\/\/www.msd.ch\/de\/wp-content\/uploads\/sites\/88\/2022\/05\/Our-sites-MSD-logo-reception_hi_300dpi.jpg?h=768\" srcset=\"https:\/\/www.msd.ch\/de\/wp-content\/uploads\/sites\/88\/2022\/05\/Our-sites-MSD-logo-reception_hi_300dpi.jpg?h=768\" >\n<source media=\"(min-width: 1200px) and (max-width: 1919px)\" data-srcset=\"https:\/\/www.msd.ch\/de\/wp-content\/uploads\/sites\/88\/2022\/05\/Our-sites-MSD-logo-reception_hi_300dpi.jpg?w=1200\" srcset=\"https:\/\/www.msd.ch\/de\/wp-content\/uploads\/sites\/88\/2022\/05\/Our-sites-MSD-logo-reception_hi_300dpi.jpg?w=1200\" >\n<source media=\"(min-width: 1920px)\" data-srcset=\"https:\/\/www.msd.ch\/de\/wp-content\/uploads\/sites\/88\/2022\/05\/Our-sites-MSD-logo-reception_hi_300dpi.jpg?w=1920\" srcset=\"https:\/\/www.msd.ch\/de\/wp-content\/uploads\/sites\/88\/2022\/05\/Our-sites-MSD-logo-reception_hi_300dpi.jpg?w=1920\" >\n\t<img data-src=\"https:\/\/www.msd.ch\/de\/wp-content\/uploads\/sites\/88\/2022\/05\/Our-sites-MSD-logo-reception_hi_300dpi.jpg?w=1920\" alt=\"MSD Logo\" class=\"eager \" loading=\"eager\" \/>\n<\/picture>                                    <\/div>\n                        <div class=\"mco-b2-hero-block-image-container-two\">\n                            <\/div>\n        <\/div>\n\n        <div class=\"mco-b2-hero-block-content-section\">\n            <nav class=\"breadcrumbs wrapper text-descriptive\"aria-label=\"Breadcrumbs\"><\/nav>            \n                            <h1>Mediathek<\/h1>\n            \n                            <div class=\"mco-b2-hero-block-description\"><p>Hier finden Sie Multimedia-Ressourcen von MSD Schweiz.<\/p>\n<\/div>\n            \n                    <\/div>\n    <\/div>\n\n    \n<\/div>\n\n\n\n<p>Die folgenden Multimedia-Ressourcen k\u00f6nnen f\u00fcr nicht-kommerzielle Zwecke wie Nachrichtenberichterstattung oder Forschung heruntergeladen werden. Sie d\u00fcrfen nicht ver\u00e4ndert werden und m\u00fcssen den folgenden Copyright-Hinweis enthalten: Copyright \u00a9 Merck &amp; Co., Inc., Rahway, NJ, USA und ihre Tochtergesellschaften. Alle Rechte vorbehalten.<\/p>\n\n\n\n<div style=\"height:100px\" aria-hidden=\"true\" class=\"wp-block-spacer\"><\/div>\n\n\n\n<h2 class=\"wp-block-heading\">Unternehmensvideo<\/h2>\n\n\n<div id=\"mco-b5-content-block-block_2d1e43828200eb9ba242af2e4d118d41\"\n     class=\"mco-b5-content-block mccberg-block mb-1 mt-1 negative right\">\n    <div class=\"wrapper\">\n\t\t\t\t\t\t\t            <div class=\"mco-b5-content-block-image-section mco-b5-content-block-toggle-btn\">\n\t\t\t\t                <picture >\n                                                                        <source media=\"(max-width: 767px)\"\n                                    data-srcset=\"https:\/\/www.msd.ch\/de\/wp-content\/uploads\/sites\/88\/2022\/05\/D-Thumbnail-Video-e1653414346471.jpg?resize=696,425\"\n                                    srcset=\"https:\/\/www.msd.ch\/de\/wp-content\/uploads\/sites\/88\/2022\/05\/D-Thumbnail-Video-e1653414346471.jpg?resize=696,425\" \/>\n                                                                                                <source media=\"(min-width: 768px) and (max-width: 1199px)\"\n                                    data-srcset=\"https:\/\/www.msd.ch\/de\/wp-content\/uploads\/sites\/88\/2022\/05\/D-Thumbnail-Video-e1653414346471.jpg?resize=384,468\"\n                                    srcset=\"https:\/\/www.msd.ch\/de\/wp-content\/uploads\/sites\/88\/2022\/05\/D-Thumbnail-Video-e1653414346471.jpg?resize=384,468\" \/>\n                                                                                                <source media=\"(min-width: 1200px)\"\n                                    data-srcset=\"https:\/\/www.msd.ch\/de\/wp-content\/uploads\/sites\/88\/2022\/05\/D-Thumbnail-Video-e1653414346471.jpg?resize=750,650\"\n                                    srcset=\"https:\/\/www.msd.ch\/de\/wp-content\/uploads\/sites\/88\/2022\/05\/D-Thumbnail-Video-e1653414346471.jpg?resize=750,650\" \/>\n                                                                                                <source media=\"(min-width: 1600px)\"\n                                    data-srcset=\"https:\/\/www.msd.ch\/de\/wp-content\/uploads\/sites\/88\/2022\/05\/D-Thumbnail-Video-e1653414346471.jpg?resize=850,744\"\n                                    srcset=\"https:\/\/www.msd.ch\/de\/wp-content\/uploads\/sites\/88\/2022\/05\/D-Thumbnail-Video-e1653414346471.jpg?resize=850,744\" \/>\n                                                                                                <source media=\"(min-width: 1920px)\"\n                                    data-srcset=\"https:\/\/www.msd.ch\/de\/wp-content\/uploads\/sites\/88\/2022\/05\/D-Thumbnail-Video-e1653414346471.jpg?resize=980,832\"\n                                    srcset=\"https:\/\/www.msd.ch\/de\/wp-content\/uploads\/sites\/88\/2022\/05\/D-Thumbnail-Video-e1653414346471.jpg?resize=980,832\" \/>\n                                                                                                <img\n                                data-src=\"https:\/\/www.msd.ch\/de\/wp-content\/uploads\/sites\/88\/2022\/05\/D-Thumbnail-Video-e1653414346471.jpg?resize=650,544\"\n                                alt=\"\"\n                                class=\"lazyload parallax-scroll\"\n                                loading=\"lazy\"\n                            \/>\n                                                            <\/picture>\n\t\t\t\t<button class='mco-b5-content-block-play-button btn-play youtube' aria-label=\"play button\" tabIndex='0'><\/button><div class='mco-b5-content-block-video-type' style='display: none;'>youtube<\/div><div class='mco-b5-content-block-youtube-id' style='display: none;'>0XccMBbB3jI<\/div><div class='mco-b5-content-block-brightcove-info' style='display: none;'>:https:\/\/www.youtube.com\/watch?v=0XccMBbB3jI<\/div><div class='mco-b5-content-block-video-accessible-name' style='display: none;'><\/div>            <\/div>\n\t\t        <div class=\"mco-b5-content-block-content-section\">\n\t\t\t\n\t\t\t\n\t\t\t                <div class=\"mco-b5-content-block-description\"><p>Bei MSD, bekannt als Merck &amp; Co., Inc., Rahway, NJ, USA in den Vereinigten Staaten und Kanada, sind wir uns einig \u00fcber unser Ziel: Wir nutzen die Kraft der Spitzenforschung, um Leben auf der ganzen Welt zu retten und zu verbessern.<\/p>\n<p>Schauen Sie das Video und erfahren Sie mehr!<\/p>\n<\/div>\n\t\t\t\n                        <div class=\"mco-b5-content-block-content-buttons-container\">\n\t\t\t\t\t\t\t\t\t\t\t\t            <\/div>\n        <\/div>\n    <\/div>\n<\/div>\n<div class=\"mco-b5-content-block-modal popup\" style=\"display: none;\" role=\"dialog\" >\n    <div class=\"popup-wrapper\">\n        <div class=\"mco-b5-content-block-modal-content popup-content\">\n            <button class=\"mco-b5-content-block-modal-close popup-close\" >&times;<\/button>\n            <div class=\"mco-b5-content-block-modal-video\"><\/div>\n        <\/div>\n    <\/div>\n<\/div>\n\n\n\n<div style=\"height:100px\" aria-hidden=\"true\" class=\"wp-block-spacer\"><\/div>\n\n\n\n<h2 class=\"wp-block-heading\">Logo<\/h2>\n\n\n\n<div class=\"wp-block-columns mb-2 is-layout-flex wp-container-core-columns-is-layout-9d6595d7 wp-block-columns-is-layout-flex\">\n<div class=\"wp-block-column mb-2 is-layout-flow wp-block-column-is-layout-flow\"><div class=\"wp-block-image\">\n<figure class=\"aligncenter size-large\"><img decoding=\"async\" src=\"https:\/\/www.msd.ch\/en\/wp-content\/uploads\/sites\/42\/2021\/09\/02852_MSD_Logo_Horizontal_TealGrey.png\" alt=\"\" class=\"wp-image-4299\"\/><\/figure><\/div>\n\n\n<h5 class=\"wp-block-heading\"><\/h5>\n\n\n\n<a href=\"https:\/\/www.msd.ch\/en\/wp-content\/uploads\/sites\/42\/2020\/11\/MSD.png\" target=\"_blank\" class=\"btn secondary\"><img decoding=\"async\" src=\"https:\/\/www.msd.ch\/de\/wp-content\/themes\/cex-wpvip-mhh-mhh2-mcc-theme\/images\/download.svg\" alt=\"\"\/>&nbsp;&nbsp;Download<\/a>\n<\/div>\n\n\n\n<div class=\"wp-block-column is-layout-flow wp-block-column-is-layout-flow\"><\/div>\n\n\n\n<div class=\"wp-block-column is-layout-flow wp-block-column-is-layout-flow\"><\/div>\n<\/div>\n\n\n\n<div style=\"height:100px\" aria-hidden=\"true\" class=\"wp-block-spacer\"><\/div>\n\n\n\n<h2 class=\"wp-block-heading\">Bilder <\/h2>\n\n\n\n<div id=\"mco-three-column-content-block-block_483961afd27efe7ed0bfc4686f85210d\"\n     class=\"mco-three-column-content-block mccberg-block mb-1 mt-1\">\n\n\t\n    <div class=\"mco-three-column-content-columns-container\">\n\n                <div class=\"mco-three-column-content-column\"\n                    >\n                        <div class=\"mco-three-column-content-col-img-container\">\n            <div class=\"mco-three-column-content-col-img\">\n                <picture>\n                    <source media=\"(max-width: 767px)\"\n                            data-srcset=\"https:\/\/www.msd.ch\/de\/wp-content\/uploads\/sites\/88\/2026\/03\/Roesslimatt-2.jpg?resize=767,469\">\n                    <source media=\"(min-width: 768px) and (max-width: 1199px)\"\n                            data-srcset=\"https:\/\/www.msd.ch\/de\/wp-content\/uploads\/sites\/88\/2026\/03\/Roesslimatt-2.jpg?resize=314,280\">\n                    <source media=\"(min-width: 1200px)\"\n                            data-srcset=\"https:\/\/www.msd.ch\/de\/wp-content\/uploads\/sites\/88\/2026\/03\/Roesslimatt-2.jpg?resize=404,268\">\n                    <img\n                        data-src=\"https:\/\/www.msd.ch\/de\/wp-content\/uploads\/sites\/88\/2026\/03\/Roesslimatt-2.jpg?resize=404,268\"\n                        class=\"lazyload\"\n                        loading=\"lazy\"\n                        alt=\"MSD-Niederlassung R\u00f6sslimatt in Luzern\"\n                            \/>\n                <\/picture>\n            <\/div>\n        <\/div>\n\n                            <div class=\"mco-three-column-content-col-content-container\">\n            \n                            <h3>MSD-Niederlassung Luzern<\/h3>\n            \n            \n                            <div class=\"mco-three-column-content-col-wysiwyg\"><a href=\"https:\/\/www.msd.ch\/de\/wp-content\/uploads\/sites\/88\/2026\/03\/Roesslimatt-2.jpg\" target=\"_blank\" class=\"btn secondary\"><img decoding=\"async\" src=\"https:\/\/www.msd.ch\/de\/wp-content\/themes\/cex-wpvip-mhh-mhh2-mcc-theme\/images\/download.svg\" alt=\"\" \/>&nbsp;&nbsp;Download<\/a>\n<\/div>\n                    <\/div>\n                <\/div>\n    \n                <div class=\"mco-three-column-content-column\"\n                    >\n                        <div class=\"mco-three-column-content-col-img-container\">\n            <div class=\"mco-three-column-content-col-img\">\n                <picture>\n                    <source media=\"(max-width: 767px)\"\n                            data-srcset=\"https:\/\/www.msd.ch\/de\/wp-content\/uploads\/sites\/88\/2026\/01\/2026-01_Schachen_e2.jpg?resize=767,469\">\n                    <source media=\"(min-width: 768px) and (max-width: 1199px)\"\n                            data-srcset=\"https:\/\/www.msd.ch\/de\/wp-content\/uploads\/sites\/88\/2026\/01\/2026-01_Schachen_e2.jpg?resize=314,280\">\n                    <source media=\"(min-width: 1200px)\"\n                            data-srcset=\"https:\/\/www.msd.ch\/de\/wp-content\/uploads\/sites\/88\/2026\/01\/2026-01_Schachen_e2.jpg?resize=404,268\">\n                    <img\n                        data-src=\"https:\/\/www.msd.ch\/de\/wp-content\/uploads\/sites\/88\/2026\/01\/2026-01_Schachen_e2.jpg?resize=404,268\"\n                        class=\"lazyload\"\n                        loading=\"lazy\"\n                        alt=\"Photo: MSD-Niederlassung Schachen\"\n                            \/>\n                <\/picture>\n            <\/div>\n        <\/div>\n\n                            <div class=\"mco-three-column-content-col-content-container\">\n            \n                            <h3>MSD-Niederlassung Schachen<\/h3>\n            \n            \n                            <div class=\"mco-three-column-content-col-wysiwyg\"><a href=\"https:\/\/www.msd.ch\/de\/wp-content\/uploads\/sites\/88\/2026\/01\/2026-01_Schachen_e2.jpg\" target=\"_blank\" class=\"btn secondary\"><img decoding=\"async\" src=\"https:\/\/www.msd.ch\/de\/wp-content\/themes\/cex-wpvip-mhh-mhh2-mcc-theme\/images\/download.svg\" alt=\"\" \/>&nbsp;&nbsp;Download<\/a>\n<\/div>\n                    <\/div>\n                <\/div>\n    \n                <div class=\"mco-three-column-content-column\"\n                    >\n                        <div class=\"mco-three-column-content-col-img-container\">\n            <div class=\"mco-three-column-content-col-img\">\n                <picture>\n                    <source media=\"(max-width: 767px)\"\n                            data-srcset=\"https:\/\/www.msd.ch\/de\/wp-content\/uploads\/sites\/88\/2026\/03\/zuerich-3.jpg?resize=767,469\">\n                    <source media=\"(min-width: 768px) and (max-width: 1199px)\"\n                            data-srcset=\"https:\/\/www.msd.ch\/de\/wp-content\/uploads\/sites\/88\/2026\/03\/zuerich-3.jpg?resize=314,280\">\n                    <source media=\"(min-width: 1200px)\"\n                            data-srcset=\"https:\/\/www.msd.ch\/de\/wp-content\/uploads\/sites\/88\/2026\/03\/zuerich-3.jpg?resize=404,268\">\n                    <img\n                        data-src=\"https:\/\/www.msd.ch\/de\/wp-content\/uploads\/sites\/88\/2026\/03\/zuerich-3.jpg?resize=404,268\"\n                        class=\"lazyload\"\n                        loading=\"lazy\"\n                        alt=\"Photo: MSD-Niederlassung Z\u00fcrich\"\n                            \/>\n                <\/picture>\n            <\/div>\n        <\/div>\n\n                            <div class=\"mco-three-column-content-col-content-container\">\n            \n                            <h3>MSD-Niederlassung Z\u00fcrich<\/h3>\n            \n            \n                            <div class=\"mco-three-column-content-col-wysiwyg\"><a href=\"https:\/\/www.msd.ch\/de\/wp-content\/uploads\/sites\/88\/2026\/03\/zuerich-3.jpg\" target=\"_blank\" class=\"btn secondary\"><img decoding=\"async\" src=\"https:\/\/www.msd.ch\/de\/wp-content\/themes\/cex-wpvip-mhh-mhh2-mcc-theme\/images\/download.svg\" alt=\"\" \/>&nbsp;&nbsp;Download<\/a>\n<\/div>\n                    <\/div>\n                <\/div>\n    \n\n    <\/div>\n<\/div>\n\n\n\n<div style=\"height:100px\" aria-hidden=\"true\" class=\"wp-block-spacer\"><\/div>\n\n\n\n<p><sup>CH-NON-01361, 04\/2026<\/sup><\/p>\n","protected":false},"excerpt":{"rendered":"<p>Die folgenden Multimedia-Ressourcen k\u00f6nnen f\u00fcr nicht-kommerzielle Zwecke wie Nachrichtenberichterstattung oder Forschung heruntergeladen werden. Sie d\u00fcrfen nicht ver\u00e4ndert werden und m\u00fcssen den folgenden Copyright-Hinweis enthalten: Copyright \u00a9 Merck &amp; Co., Inc., Rahway, NJ, USA und ihre Tochtergesellschaften. Alle Rechte vorbehalten. Unternehmensvideo Logo Bilder CH-NON-01361, 04\/2026<\/p>\n","protected":false},"author":974,"featured_media":7066,"parent":1686,"menu_order":0,"comment_status":"closed","ping_status":"closed","template":"","meta":{"_acf_changed":false,"bdl_company_name":[],"bdl_item_external_link":[],"editor_notices":[],"footnotes":""},"class_list":["post-6973","page","type-page","status-publish","has-post-thumbnail","hentry"],"yoast_head":"<!-- This site is optimized with the Yoast SEO plugin v21.9.1 - https:\/\/yoast.com\/wordpress\/plugins\/seo\/ -->\n<title>Mediathek - MSD Schweiz | msd.ch<\/title>\n<meta name=\"description\" content=\"Entdecken Sie die Mulitmedia-Ressourcen von MSD Schweiz. Sehen Sie sich das Unternehmensvideo und weitere Inhalte der Mediathek an.\" \/>\n<meta name=\"robots\" content=\"index, follow, max-snippet:-1, max-image-preview:large, max-video-preview:-1\" \/>\n<link rel=\"canonical\" href=\"https:\/\/www.msd.ch\/de\/home\/media-library\/\" \/>\n<meta property=\"og:locale\" content=\"en_US\" \/>\n<meta property=\"og:type\" content=\"article\" \/>\n<meta property=\"og:title\" content=\"Mediathek - MSD Schweiz | msd.ch\" \/>\n<meta property=\"og:description\" content=\"Entdecken Sie die Mulitmedia-Ressourcen von MSD Schweiz. Sehen Sie sich das Unternehmensvideo und weitere Inhalte der Mediathek an.\" \/>\n<meta property=\"og:url\" content=\"https:\/\/www.msd.ch\/de\/home\/media-library\/\" \/>\n<meta property=\"og:site_name\" content=\"msd.ch\" \/>\n<meta property=\"article:modified_time\" content=\"2026-04-02T14:04:39+00:00\" \/>\n<meta property=\"og:image\" content=\"https:\/\/www.msd.ch\/de\/wp-content\/uploads\/sites\/88\/2022\/05\/Our-sites-MSD-logo-reception_hi_300dpi.jpg?w=3240\" \/>\n\t<meta property=\"og:image:width\" content=\"3240\" \/>\n\t<meta property=\"og:image:height\" content=\"2160\" \/>\n\t<meta property=\"og:image:type\" content=\"image\/jpeg\" \/>\n<meta name=\"twitter:card\" content=\"summary_large_image\" \/>\n<meta name=\"twitter:image\" content=\"https:\/\/www.msd.ch\/de\/wp-content\/uploads\/sites\/88\/2022\/05\/Our-sites-MSD-logo-reception_hi_300dpi.jpg\" \/>\n<meta name=\"twitter:label1\" content=\"Est. reading time\" \/>\n\t<meta name=\"twitter:data1\" content=\"1 minute\" \/>\n<script type=\"application\/ld+json\" class=\"yoast-schema-graph\">{\"@context\":\"https:\/\/schema.org\",\"@graph\":[{\"@type\":\"WebPage\",\"@id\":\"https:\/\/www.msd.ch\/de\/home\/media-library\/\",\"url\":\"https:\/\/www.msd.ch\/de\/home\/media-library\/\",\"name\":\"Mediathek - MSD Schweiz | msd.ch\",\"isPartOf\":{\"@id\":\"https:\/\/www.msd.ch\/de\/#website\"},\"datePublished\":\"2026-04-02T13:39:43+00:00\",\"dateModified\":\"2026-04-02T14:04:39+00:00\",\"description\":\"Entdecken Sie die Mulitmedia-Ressourcen von MSD Schweiz. Sehen Sie sich das Unternehmensvideo und weitere Inhalte der Mediathek an.\",\"breadcrumb\":{\"@id\":\"https:\/\/www.msd.ch\/de\/home\/media-library\/#breadcrumb\"},\"inLanguage\":\"en-US\",\"potentialAction\":[{\"@type\":\"ReadAction\",\"target\":[\"https:\/\/www.msd.ch\/de\/home\/media-library\/\"]}]},{\"@type\":\"BreadcrumbList\",\"@id\":\"https:\/\/www.msd.ch\/de\/home\/media-library\/#breadcrumb\",\"itemListElement\":[{\"@type\":\"ListItem\",\"position\":1,\"name\":\"Home\",\"item\":\"https:\/\/www.msd.ch\/de\/\"},{\"@type\":\"ListItem\",\"position\":2,\"name\":\"Mediathek\"}]},{\"@type\":\"WebSite\",\"@id\":\"https:\/\/www.msd.ch\/de\/#website\",\"url\":\"https:\/\/www.msd.ch\/de\/\",\"name\":\"msd.ch\",\"description\":\"MSD erforscht und entwickelt Medikamente und Impfstoffe, die Leben retten und die Gesundheit von Patienten verbessern sollen. In der Schweiz setzen sich 1000 Mitarbeitende in Luzern und Z\u00fcrich daf\u00fcr ein.\",\"potentialAction\":[{\"@type\":\"SearchAction\",\"target\":{\"@type\":\"EntryPoint\",\"urlTemplate\":\"https:\/\/www.msd.ch\/de\/?s={search_term_string}\"},\"query-input\":\"required name=search_term_string\"}],\"inLanguage\":\"en-US\"}]}<\/script>\n<!-- \/ Yoast SEO plugin. -->","yoast_head_json":{"title":"Mediathek - MSD Schweiz | msd.ch","description":"Entdecken Sie die Mulitmedia-Ressourcen von MSD Schweiz. Sehen Sie sich das Unternehmensvideo und weitere Inhalte der Mediathek an.","robots":{"index":"index","follow":"follow","max-snippet":"max-snippet:-1","max-image-preview":"max-image-preview:large","max-video-preview":"max-video-preview:-1"},"canonical":"https:\/\/www.msd.ch\/de\/home\/media-library\/","og_locale":"en_US","og_type":"article","og_title":"Mediathek - MSD Schweiz | msd.ch","og_description":"Entdecken Sie die Mulitmedia-Ressourcen von MSD Schweiz. Sehen Sie sich das Unternehmensvideo und weitere Inhalte der Mediathek an.","og_url":"https:\/\/www.msd.ch\/de\/home\/media-library\/","og_site_name":"msd.ch","article_modified_time":"2026-04-02T14:04:39+00:00","og_image":[{"url":"https:\/\/www.msd.ch\/de\/wp-content\/uploads\/sites\/88\/2022\/05\/Our-sites-MSD-logo-reception_hi_300dpi.jpg?w=3240","width":3240,"height":2160,"type":"image\/jpeg"}],"twitter_card":"summary_large_image","twitter_image":"https:\/\/www.msd.ch\/de\/wp-content\/uploads\/sites\/88\/2022\/05\/Our-sites-MSD-logo-reception_hi_300dpi.jpg","twitter_misc":{"Est. reading time":"1 minute"},"schema":{"@context":"https:\/\/schema.org","@graph":[{"@type":"WebPage","@id":"https:\/\/www.msd.ch\/de\/home\/media-library\/","url":"https:\/\/www.msd.ch\/de\/home\/media-library\/","name":"Mediathek - MSD Schweiz | msd.ch","isPartOf":{"@id":"https:\/\/www.msd.ch\/de\/#website"},"datePublished":"2026-04-02T13:39:43+00:00","dateModified":"2026-04-02T14:04:39+00:00","description":"Entdecken Sie die Mulitmedia-Ressourcen von MSD Schweiz. Sehen Sie sich das Unternehmensvideo und weitere Inhalte der Mediathek an.","breadcrumb":{"@id":"https:\/\/www.msd.ch\/de\/home\/media-library\/#breadcrumb"},"inLanguage":"en-US","potentialAction":[{"@type":"ReadAction","target":["https:\/\/www.msd.ch\/de\/home\/media-library\/"]}]},{"@type":"BreadcrumbList","@id":"https:\/\/www.msd.ch\/de\/home\/media-library\/#breadcrumb","itemListElement":[{"@type":"ListItem","position":1,"name":"Home","item":"https:\/\/www.msd.ch\/de\/"},{"@type":"ListItem","position":2,"name":"Mediathek"}]},{"@type":"WebSite","@id":"https:\/\/www.msd.ch\/de\/#website","url":"https:\/\/www.msd.ch\/de\/","name":"msd.ch","description":"MSD erforscht und entwickelt Medikamente und Impfstoffe, die Leben retten und die Gesundheit von Patienten verbessern sollen. In der Schweiz setzen sich 1000 Mitarbeitende in Luzern und Z\u00fcrich daf\u00fcr ein.","potentialAction":[{"@type":"SearchAction","target":{"@type":"EntryPoint","urlTemplate":"https:\/\/www.msd.ch\/de\/?s={search_term_string}"},"query-input":"required name=search_term_string"}],"inLanguage":"en-US"}]}},"acf":[],"_links":{"self":[{"href":"https:\/\/www.msd.ch\/de\/wp-json\/wp\/v2\/pages\/6973","targetHints":{"allow":["GET"]}}],"collection":[{"href":"https:\/\/www.msd.ch\/de\/wp-json\/wp\/v2\/pages"}],"about":[{"href":"https:\/\/www.msd.ch\/de\/wp-json\/wp\/v2\/types\/page"}],"author":[{"embeddable":true,"href":"https:\/\/www.msd.ch\/de\/wp-json\/wp\/v2\/users\/974"}],"replies":[{"embeddable":true,"href":"https:\/\/www.msd.ch\/de\/wp-json\/wp\/v2\/comments?post=6973"}],"version-history":[{"count":79,"href":"https:\/\/www.msd.ch\/de\/wp-json\/wp\/v2\/pages\/6973\/revisions"}],"predecessor-version":[{"id":14114,"href":"https:\/\/www.msd.ch\/de\/wp-json\/wp\/v2\/pages\/6973\/revisions\/14114"}],"up":[{"embeddable":true,"href":"https:\/\/www.msd.ch\/de\/wp-json\/wp\/v2\/pages\/1686"}],"wp:featuredmedia":[{"embeddable":true,"href":"https:\/\/www.msd.ch\/de\/wp-json\/wp\/v2\/media\/7066"}],"wp:attachment":[{"href":"https:\/\/www.msd.ch\/de\/wp-json\/wp\/v2\/media?parent=6973"}],"curies":[{"name":"wp","href":"https:\/\/api.w.org\/{rel}","templated":true}]}}