{"id":9787,"date":"2023-06-20T11:16:10","date_gmt":"2023-06-20T09:16:10","guid":{"rendered":"https:\/\/www.msd.ch\/de\/?page_id=9787"},"modified":"2025-06-23T08:21:32","modified_gmt":"2025-06-23T06:21:32","slug":"ebrgs","status":"publish","type":"page","link":"https:\/\/www.msd.ch\/de\/home\/ebrgs\/","title":{"rendered":"Unsere EBRGs"},"content":{"rendered":"\n<div id=\"mco-b2-hero-block-block_5039165126c6534e4f78fec312a2637d\" class=\"mco-b2-hero-block full mccberg-block\">\n    <div class=\"mco-b2-hero-block-wrapper\">\n        <div class=\"mco-b2-hero-block-image-section \">\n                            <div class=\"mco-b2-hero-block-image-container \">\n                    <picture >\n\t<source media=\"(max-width: 767px)\" data-srcset=\"https:\/\/www.msd.ch\/de\/wp-content\/uploads\/sites\/88\/2023\/06\/rainbow-alliance_pride-month_6.png?w=768\" srcset=\"https:\/\/www.msd.ch\/de\/wp-content\/uploads\/sites\/88\/2023\/06\/rainbow-alliance_pride-month_6.png?w=768\" >\n<source media=\"(min-width: 768px) and (max-width: 1199px)\" data-srcset=\"https:\/\/www.msd.ch\/de\/wp-content\/uploads\/sites\/88\/2023\/06\/rainbow-alliance_pride-month_6.png?h=768\" srcset=\"https:\/\/www.msd.ch\/de\/wp-content\/uploads\/sites\/88\/2023\/06\/rainbow-alliance_pride-month_6.png?h=768\" >\n<source media=\"(min-width: 1200px) and (max-width: 1919px)\" data-srcset=\"https:\/\/www.msd.ch\/de\/wp-content\/uploads\/sites\/88\/2023\/06\/rainbow-alliance_pride-month_6.png?w=1200\" srcset=\"https:\/\/www.msd.ch\/de\/wp-content\/uploads\/sites\/88\/2023\/06\/rainbow-alliance_pride-month_6.png?w=1200\" >\n<source media=\"(min-width: 1920px)\" data-srcset=\"https:\/\/www.msd.ch\/de\/wp-content\/uploads\/sites\/88\/2023\/06\/rainbow-alliance_pride-month_6.png?w=1920\" srcset=\"https:\/\/www.msd.ch\/de\/wp-content\/uploads\/sites\/88\/2023\/06\/rainbow-alliance_pride-month_6.png?w=1920\" >\n\t<img data-src=\"https:\/\/www.msd.ch\/de\/wp-content\/uploads\/sites\/88\/2023\/06\/rainbow-alliance_pride-month_6.png?w=1920\" alt=\"MSD Pride Month\" class=\"eager \" loading=\"eager\" \/>\n<\/picture>                                    <\/div>\n                        <div class=\"mco-b2-hero-block-image-container-two\">\n                            <\/div>\n        <\/div>\n\n        <div class=\"mco-b2-hero-block-content-section\">\n            <nav class=\"breadcrumbs wrapper text-descriptive\"aria-label=\"Breadcrumbs\"><\/nav>                            <small class=\"tagline\">Diversit\u00e4t und Inklusion<\/small>\n            \n                            <h1>Employee Business Resource Groups (EBRGs)  bei MSD<\/h1>\n            \n                            <div class=\"mco-b2-hero-block-description\"><p>EBRGs sind eine unterst\u00fctzende Gemeinschaft von Menschen mit \u00e4hnlichem Hintergrund oder \u00e4hnlichen \u00dcberzeugungen. Sie f\u00f6rdern ein integratives Umfeld, das Mitarbeitende dazu ermutigt, zu wachsen, zu lernen, zu f\u00fchren und etwas zur\u00fcckzugeben.<\/p>\n<\/div>\n            \n                    <\/div>\n    <\/div>\n\n    \n<\/div>\n\n\n\n<div class=\"wp-block-columns is-layout-flex wp-container-core-columns-is-layout-9d6595d7 wp-block-columns-is-layout-flex\">\n<div class=\"wp-block-column is-layout-flow wp-block-column-is-layout-flow\">\n<h2 class=\"wp-block-heading\">EBRGs bieten unseren Mitarbeitenden die M\u00f6glichkeit<\/h2>\n<\/div>\n\n\n\n<div class=\"wp-block-column is-layout-flow wp-block-column-is-layout-flow\">\n<ul class=\"wp-block-list\">\n<li>die einzigartige Kultur, den Hintergrund und die Erfahrungen anderer Kolleg:innen kennenzulernen.<\/li>\n\n\n\n<li>Einblicke in Diversit\u00e4t in ihren Teams zu teilen.<\/li>\n\n\n\n<li>Community Events zu unterst\u00fctzen.<\/li>\n\n\n\n<li>bei der Rekrutierung und Bindung von Mitarbeitenden zu unterst\u00fctzen.<\/li>\n\n\n\n<li>ihre F\u00fchrungsqualit\u00e4ten zu verbessern.<\/li>\n\n\n\n<li>wichtige Gesch\u00e4ftsfunktionen zu unterst\u00fctzen.<\/li>\n<\/ul>\n<\/div>\n<\/div>\n\n\n\n<div style=\"height:70px\" aria-hidden=\"true\" class=\"wp-block-spacer\"><\/div>\n\n\n\n<hr class=\"wp-block-separator has-alpha-channel-opacity is-style-wide\"\/>\n\n\n\n<div style=\"height:50px\" aria-hidden=\"true\" class=\"wp-block-spacer\"><\/div>\n\n\n\n<h2 class=\"wp-block-heading has-text-align-center\">Unsere Employee Business Resource Groups (EBRGs)<\/h2>\n\n\n\n<div class=\"wp-block-columns is-layout-flex wp-container-core-columns-is-layout-9d6595d7 wp-block-columns-is-layout-flex\">\n<div class=\"wp-block-column is-vertically-aligned-center is-layout-flow wp-block-column-is-layout-flow\" style=\"flex-basis:32%\">\n<figure class=\"wp-block-image size-full\"><img loading=\"lazy\" decoding=\"async\" width=\"1250\" height=\"625\" src=\"https:\/\/www.msd.ch\/de\/wp-content\/uploads\/sites\/88\/2023\/07\/Logo-Allianza.png\" alt=\"Logo ALIANZA\" class=\"wp-image-9993\"\/><\/figure>\n<\/div>\n\n\n\n<div class=\"wp-block-column is-vertically-aligned-center is-layout-flow wp-block-column-is-layout-flow\" style=\"flex-basis:66.66%\">\n<p>Alianza bietet Mitarbeitenden hispanischer Abstammung eine Plattform, um ihre pers\u00f6nliche und berufliche Entwicklung zu f\u00f6rdern, ihre Arbeitsleistung zu verbessern und ihre Karriereziele zu unterst\u00fctzen.<\/p>\n<\/div>\n<\/div>\n\n\n\n<div class=\"wp-block-columns is-layout-flex wp-container-core-columns-is-layout-9d6595d7 wp-block-columns-is-layout-flex\">\n<div class=\"wp-block-column is-vertically-aligned-center is-layout-flow wp-block-column-is-layout-flow\" style=\"flex-basis:32%\">\n<figure class=\"wp-block-image size-full\"><img loading=\"lazy\" decoding=\"async\" width=\"1250\" height=\"625\" src=\"https:\/\/www.msd.ch\/de\/wp-content\/uploads\/sites\/88\/2023\/07\/Logo-Capability-Network.png\" alt=\"Logo Capability Network\" class=\"wp-image-9995\"\/><\/figure>\n<\/div>\n\n\n\n<div class=\"wp-block-column is-vertically-aligned-center is-layout-flow wp-block-column-is-layout-flow\" style=\"flex-basis:66.66%\">\n<p>Das capABILITY Network (cAN) bietet Mitarbeitenden mit Behinderungen und ihren Angeh\u00f6rigen eine Plattform, um sie bei ihrer beruflichen Entwicklung zu unterst\u00fctzen.<\/p>\n<\/div>\n<\/div>\n\n\n\n<div class=\"wp-block-columns is-layout-flex wp-container-core-columns-is-layout-9d6595d7 wp-block-columns-is-layout-flex\">\n<div class=\"wp-block-column is-vertically-aligned-center is-layout-flow wp-block-column-is-layout-flow\" style=\"flex-basis:32%\">\n<figure class=\"wp-block-image size-full\"><img loading=\"lazy\" decoding=\"async\" width=\"1250\" height=\"625\" src=\"https:\/\/www.msd.ch\/de\/wp-content\/uploads\/sites\/88\/2023\/07\/Logo-LEAD.png\" alt=\"Logo League of Employees of African Descent (LEAD)\" class=\"wp-image-9998\"\/><\/figure>\n<\/div>\n\n\n\n<div class=\"wp-block-column is-vertically-aligned-center is-layout-flow wp-block-column-is-layout-flow\" style=\"flex-basis:66.66%\">\n<p>Die League of Employees of African Descent (LEAD) hat zum Ziel, die Zahl der F\u00fchrungskr\u00e4fte afrikanischer Abstammung zu erh\u00f6hen und zu st\u00e4rken und das kollektive kulturelle Wissen der Mitglieder zu nutzen, um Innovation und Leistung zu f\u00f6rdern.<\/p>\n<\/div>\n<\/div>\n\n\n\n<div class=\"wp-block-columns is-layout-flex wp-container-core-columns-is-layout-9d6595d7 wp-block-columns-is-layout-flex\">\n<div class=\"wp-block-column is-vertically-aligned-center is-layout-flow wp-block-column-is-layout-flow\" style=\"flex-basis:33.33%\">\n<figure class=\"wp-block-image size-full\"><img loading=\"lazy\" decoding=\"async\" width=\"1250\" height=\"625\" src=\"https:\/\/www.msd.ch\/de\/wp-content\/uploads\/sites\/88\/2023\/07\/Logo-NextGen-Network.png\" alt=\"Logo Next Generation Network (NGN) \" class=\"wp-image-10000\"\/><\/figure>\n<\/div>\n\n\n\n<div class=\"wp-block-column is-vertically-aligned-center is-layout-flow wp-block-column-is-layout-flow\" style=\"flex-basis:66.66%\">\n<p>Das Next Generation Network (NGN) arbeitet daran, die n\u00e4chste Generation von Talenten im Unternehmen zu verankern. MSD f\u00f6rdert dabei Diversit\u00e4t und Inklusion, indem es das Wissen und die Kultur der jungen Generation als wichtige Ressource f\u00fcr Mitarbeitende aller Altersgruppen nutzt.<\/p>\n<\/div>\n<\/div>\n\n\n\n<div class=\"wp-block-columns is-layout-flex wp-container-core-columns-is-layout-9d6595d7 wp-block-columns-is-layout-flex\">\n<div class=\"wp-block-column is-vertically-aligned-center is-layout-flow wp-block-column-is-layout-flow\" style=\"flex-basis:32%\">\n<figure class=\"wp-block-image size-full\"><img loading=\"lazy\" decoding=\"async\" width=\"1250\" height=\"625\" src=\"https:\/\/www.msd.ch\/de\/wp-content\/uploads\/sites\/88\/2023\/07\/Logo-Rainbow-Alliance.png\" alt=\"Logo Rainbow Alliance (RA)\" class=\"wp-image-10002\"\/><\/figure>\n<\/div>\n\n\n\n<div class=\"wp-block-column is-vertically-aligned-center is-layout-flow wp-block-column-is-layout-flow\" style=\"flex-basis:66.66%\">\n<p>Die Rainbow Alliance (RA) konzentriert sich auf die F\u00f6rderung und den Ausbau eines integrativen Unternehmensumfelds, das ein lebendiges Netzwerk von lesbischen, homosexuellen, bisexuellen, transgender, heterosexuellen und anderen Mitarbeitenden unterst\u00fctzt, in dem die berufliche Entwicklung der Mitglieder eine wertsch\u00f6pfende Partnerschaft mit MSD gew\u00e4hrleistet.<\/p>\n<\/div>\n<\/div>\n\n\n\n<div class=\"wp-block-columns is-layout-flex wp-container-core-columns-is-layout-9d6595d7 wp-block-columns-is-layout-flex\">\n<div class=\"wp-block-column is-vertically-aligned-center is-layout-flow wp-block-column-is-layout-flow\" style=\"flex-basis:32%\">\n<figure class=\"wp-block-image size-full\"><img loading=\"lazy\" decoding=\"async\" width=\"1250\" height=\"625\" src=\"https:\/\/www.msd.ch\/de\/wp-content\/uploads\/sites\/88\/2023\/07\/Logo-Womens-Network.png\" alt=\"Logo Women's Network (WN) \" class=\"wp-image-10004\"\/><\/figure>\n<\/div>\n\n\n\n<div class=\"wp-block-column is-vertically-aligned-center is-layout-flow wp-block-column-is-layout-flow\" style=\"flex-basis:66.66%\">\n<p>Das Women&#8217;s Network (WN) erm\u00f6glicht es Frauen und M\u00e4nnern, ihr berufliches Potenzial voll auszusch\u00f6pfen und gleichzeitig die Gesch\u00e4ftsstrategien und das pers\u00f6nliche Potenzial von MSD in einem Umfeld von Networking und Mentoring zu unterst\u00fctzen.<\/p>\n<\/div>\n<\/div>\n\n\n<div id=\"mco-featured-banner-block-block_5dae101e35b1e815e81949ba32cd2206\" class=\"mco-featured-banner-block full mccberg-block mb-2\">\n\n\n            <div class=\"mco-featured-banner-image-container\">\n            <picture>\n                <source media=\"(max-width: 767px)\" data-srcset=\"https:\/\/www.msd.ch\/de\/wp-content\/uploads\/sites\/88\/2023\/06\/Pride-Month-Banner-Web.jpg?resize=767,956\">\n                <source media=\"(min-width: 768px) and (max-width: 1199px)\" data-srcset=\"https:\/\/www.msd.ch\/de\/wp-content\/uploads\/sites\/88\/2023\/06\/Pride-Month-Banner-Web.jpg?resize=768,448\">\n                <source media=\"(min-width: 1200px)\" data-srcset=\"https:\/\/www.msd.ch\/de\/wp-content\/uploads\/sites\/88\/2023\/06\/Pride-Month-Banner-Web.jpg?w=1600\">\n                <img data-src=\"https:\/\/www.msd.ch\/de\/wp-content\/uploads\/sites\/88\/2023\/06\/Pride-Month-Banner-Web.jpg?w=1600\" alt=\"Featured banner image\" class=\"lazyload\" loading=\"lazy\" \/>\n            <\/picture>\n        <\/div>\n    \n\n    <div class=\"mco-featured-banner-content-container\">\n        <div class=\"mco-featured-banner-content-card\">\n            \n                            <h3>Juni ist Pride Month<\/h3>\n            \n                            <div><p>Wir bei MSD glauben, dass ein Arbeitsplatz, an dem sich jede:r wertgesch\u00e4tzt, respektiert und anerkannt f\u00fchlt, f\u00fcr den gemeinsamen Erfolg unerl\u00e4sslich ist. Jedes Jahr im Juni f\u00e4rben wir anl\u00e4sslich des Pride Month unser Logo in die lebendigen Regenbogenfarben, die Einheit, Liebe und Akzeptanz innerhalb der LGBTQAI+ Gemeinschaft symbolisieren.<\/p>\n<p>&nbsp;<\/p>\n<p>&nbsp;<\/p>\n<p><img loading=\"lazy\" decoding=\"async\" class=\"alignnone wp-image-9658\" src=\"https:\/\/www.msd.ch\/de\/wp-content\/uploads\/sites\/88\/2023\/06\/PRIDE-Image-Web.png?w=1024\" alt=\"\" width=\"516\" height=\"180\" \/><\/p>\n<\/div>\n            \n            <div class=\"mco-featured-banner-btn-container\">\n                \n                            <\/div>\n        <\/div>\n    <\/div>\n<\/div>\n\n\n\n<div style=\"height:200px\" aria-hidden=\"true\" class=\"wp-block-spacer\"><\/div>\n\n\n\n<h2 class=\"wp-block-heading has-text-align-center\">MSD als Arbeitgeber<\/h2>\n\n\n\n<p class=\"has-text-align-center\">M\u00f6chten Sie mit uns daran arbeiten, unsere Medikamente und Gesundheitsl\u00f6sungen stetig weiterzuentwickeln, die medizinische Versorgung kontinuierlich zu verbessern und neue Generationen zu inspirieren? Werden Sie Teil unseres Teams!<\/p>\n\n\n\n<p class=\"has-text-align-center\"><strong><a href=\"https:\/\/jobs.msd.com\/switzerland\" target=\"_blank\" rel=\"noreferrer noopener\">Zum MSD-Stellenportal<\/a><\/strong><\/p>\n\n\n\n<div style=\"height:100px\" aria-hidden=\"true\" class=\"wp-block-spacer\"><\/div>\n\n\n\n<p><sup>CH-NON-02260, 06\/2025<\/sup><\/p>\n","protected":false},"excerpt":{"rendered":"<p>EBRGs bieten unseren Mitarbeitenden die M\u00f6glichkeit Unsere Employee Business Resource Groups (EBRGs) Alianza bietet Mitarbeitenden hispanischer Abstammung eine Plattform, um ihre pers\u00f6nliche und berufliche Entwicklung zu f\u00f6rdern, ihre Arbeitsleistung zu verbessern und ihre Karriereziele zu unterst\u00fctzen. Das capABILITY Network (cAN) bietet Mitarbeitenden mit Behinderungen und ihren Angeh\u00f6rigen eine Plattform, um sie bei ihrer beruflichen Entwicklung [&hellip;]<\/p>\n","protected":false},"author":282,"featured_media":9723,"parent":1686,"menu_order":0,"comment_status":"closed","ping_status":"closed","template":"","meta":{"_acf_changed":false,"bdl_company_name":[],"bdl_item_external_link":[],"editor_notices":[],"footnotes":""},"class_list":["post-9787","page","type-page","status-publish","has-post-thumbnail","hentry"],"yoast_head":"<!-- This site is optimized with the Yoast SEO plugin v21.9.1 - https:\/\/yoast.com\/wordpress\/plugins\/seo\/ -->\n<title>EBRGs - MSD Schweiz | msd.ch<\/title>\n<meta name=\"description\" content=\"Unsere EBRGs f\u00f6rdern ein integratives Umfeld, das Mitarbeitende dazu ermutigt, zu wachsen, zu lernen, zu f\u00fchren und etwas zur\u00fcckzugeben.\" \/>\n<meta name=\"robots\" content=\"index, follow, max-snippet:-1, max-image-preview:large, max-video-preview:-1\" \/>\n<link rel=\"canonical\" href=\"https:\/\/www.msd.ch\/de\/home\/ebrgs\/\" \/>\n<meta property=\"og:locale\" content=\"en_US\" \/>\n<meta property=\"og:type\" content=\"article\" \/>\n<meta property=\"og:title\" content=\"Unser Arbeit in der Onkologie\" \/>\n<meta property=\"og:description\" content=\"Unsere EBRGs f\u00f6rdern ein integratives Umfeld, das Mitarbeitende dazu ermutigt, zu wachsen, zu lernen, zu f\u00fchren und etwas zur\u00fcckzugeben.\" \/>\n<meta property=\"og:url\" content=\"https:\/\/www.msd.ch\/de\/home\/ebrgs\/\" \/>\n<meta property=\"og:site_name\" content=\"msd.ch\" \/>\n<meta property=\"article:modified_time\" content=\"2025-06-23T06:21:32+00:00\" \/>\n<meta property=\"og:image\" content=\"https:\/\/www.msd.ch\/de\/wp-content\/uploads\/sites\/88\/2021\/04\/focus-oncology.jpg\" \/>\n\t<meta property=\"og:image:width\" content=\"1114\" \/>\n\t<meta property=\"og:image:height\" content=\"904\" \/>\n\t<meta property=\"og:image:type\" content=\"image\/jpeg\" \/>\n<meta name=\"twitter:card\" content=\"summary_large_image\" \/>\n<meta name=\"twitter:title\" content=\"Unsere Arbeit in der Onkologie\" \/>\n<meta name=\"twitter:image\" content=\"https:\/\/www.msd.ch\/de\/wp-content\/uploads\/sites\/88\/2021\/04\/focus-oncology.jpg\" \/>\n<meta name=\"twitter:label1\" content=\"Est. reading time\" \/>\n\t<meta name=\"twitter:data1\" content=\"3 minutes\" \/>\n<script type=\"application\/ld+json\" class=\"yoast-schema-graph\">{\"@context\":\"https:\/\/schema.org\",\"@graph\":[{\"@type\":\"WebPage\",\"@id\":\"https:\/\/www.msd.ch\/de\/home\/ebrgs\/\",\"url\":\"https:\/\/www.msd.ch\/de\/home\/ebrgs\/\",\"name\":\"EBRGs - MSD Schweiz | msd.ch\",\"isPartOf\":{\"@id\":\"https:\/\/www.msd.ch\/de\/#website\"},\"datePublished\":\"2023-06-20T09:16:10+00:00\",\"dateModified\":\"2025-06-23T06:21:32+00:00\",\"description\":\"Unsere EBRGs f\u00f6rdern ein integratives Umfeld, das Mitarbeitende dazu ermutigt, zu wachsen, zu lernen, zu f\u00fchren und etwas zur\u00fcckzugeben.\",\"breadcrumb\":{\"@id\":\"https:\/\/www.msd.ch\/de\/home\/ebrgs\/#breadcrumb\"},\"inLanguage\":\"en-US\",\"potentialAction\":[{\"@type\":\"ReadAction\",\"target\":[\"https:\/\/www.msd.ch\/de\/home\/ebrgs\/\"]}]},{\"@type\":\"BreadcrumbList\",\"@id\":\"https:\/\/www.msd.ch\/de\/home\/ebrgs\/#breadcrumb\",\"itemListElement\":[{\"@type\":\"ListItem\",\"position\":1,\"name\":\"Home\",\"item\":\"https:\/\/www.msd.ch\/de\/\"},{\"@type\":\"ListItem\",\"position\":2,\"name\":\"Unsere EBRGs\"}]},{\"@type\":\"WebSite\",\"@id\":\"https:\/\/www.msd.ch\/de\/#website\",\"url\":\"https:\/\/www.msd.ch\/de\/\",\"name\":\"msd.ch\",\"description\":\"MSD erforscht und entwickelt Medikamente und Impfstoffe, die Leben retten und die Gesundheit von Patienten verbessern sollen. In der Schweiz setzen sich 1000 Mitarbeitende in Luzern und Z\u00fcrich daf\u00fcr ein.\",\"potentialAction\":[{\"@type\":\"SearchAction\",\"target\":{\"@type\":\"EntryPoint\",\"urlTemplate\":\"https:\/\/www.msd.ch\/de\/?s={search_term_string}\"},\"query-input\":\"required name=search_term_string\"}],\"inLanguage\":\"en-US\"}]}<\/script>\n<!-- \/ Yoast SEO plugin. -->","yoast_head_json":{"title":"EBRGs - MSD Schweiz | msd.ch","description":"Unsere EBRGs f\u00f6rdern ein integratives Umfeld, das Mitarbeitende dazu ermutigt, zu wachsen, zu lernen, zu f\u00fchren und etwas zur\u00fcckzugeben.","robots":{"index":"index","follow":"follow","max-snippet":"max-snippet:-1","max-image-preview":"max-image-preview:large","max-video-preview":"max-video-preview:-1"},"canonical":"https:\/\/www.msd.ch\/de\/home\/ebrgs\/","og_locale":"en_US","og_type":"article","og_title":"Unser Arbeit in der Onkologie","og_description":"Unsere EBRGs f\u00f6rdern ein integratives Umfeld, das Mitarbeitende dazu ermutigt, zu wachsen, zu lernen, zu f\u00fchren und etwas zur\u00fcckzugeben.","og_url":"https:\/\/www.msd.ch\/de\/home\/ebrgs\/","og_site_name":"msd.ch","article_modified_time":"2025-06-23T06:21:32+00:00","og_image":[{"width":1114,"height":904,"url":"https:\/\/www.msd.ch\/de\/wp-content\/uploads\/sites\/88\/2021\/04\/focus-oncology.jpg","type":"image\/jpeg"}],"twitter_card":"summary_large_image","twitter_title":"Unsere Arbeit in der Onkologie","twitter_image":"https:\/\/www.msd.ch\/de\/wp-content\/uploads\/sites\/88\/2021\/04\/focus-oncology.jpg","twitter_misc":{"Est. reading time":"3 minutes"},"schema":{"@context":"https:\/\/schema.org","@graph":[{"@type":"WebPage","@id":"https:\/\/www.msd.ch\/de\/home\/ebrgs\/","url":"https:\/\/www.msd.ch\/de\/home\/ebrgs\/","name":"EBRGs - MSD Schweiz | msd.ch","isPartOf":{"@id":"https:\/\/www.msd.ch\/de\/#website"},"datePublished":"2023-06-20T09:16:10+00:00","dateModified":"2025-06-23T06:21:32+00:00","description":"Unsere EBRGs f\u00f6rdern ein integratives Umfeld, das Mitarbeitende dazu ermutigt, zu wachsen, zu lernen, zu f\u00fchren und etwas zur\u00fcckzugeben.","breadcrumb":{"@id":"https:\/\/www.msd.ch\/de\/home\/ebrgs\/#breadcrumb"},"inLanguage":"en-US","potentialAction":[{"@type":"ReadAction","target":["https:\/\/www.msd.ch\/de\/home\/ebrgs\/"]}]},{"@type":"BreadcrumbList","@id":"https:\/\/www.msd.ch\/de\/home\/ebrgs\/#breadcrumb","itemListElement":[{"@type":"ListItem","position":1,"name":"Home","item":"https:\/\/www.msd.ch\/de\/"},{"@type":"ListItem","position":2,"name":"Unsere EBRGs"}]},{"@type":"WebSite","@id":"https:\/\/www.msd.ch\/de\/#website","url":"https:\/\/www.msd.ch\/de\/","name":"msd.ch","description":"MSD erforscht und entwickelt Medikamente und Impfstoffe, die Leben retten und die Gesundheit von Patienten verbessern sollen. In der Schweiz setzen sich 1000 Mitarbeitende in Luzern und Z\u00fcrich daf\u00fcr ein.","potentialAction":[{"@type":"SearchAction","target":{"@type":"EntryPoint","urlTemplate":"https:\/\/www.msd.ch\/de\/?s={search_term_string}"},"query-input":"required name=search_term_string"}],"inLanguage":"en-US"}]}},"acf":[],"_links":{"self":[{"href":"https:\/\/www.msd.ch\/de\/wp-json\/wp\/v2\/pages\/9787","targetHints":{"allow":["GET"]}}],"collection":[{"href":"https:\/\/www.msd.ch\/de\/wp-json\/wp\/v2\/pages"}],"about":[{"href":"https:\/\/www.msd.ch\/de\/wp-json\/wp\/v2\/types\/page"}],"author":[{"embeddable":true,"href":"https:\/\/www.msd.ch\/de\/wp-json\/wp\/v2\/users\/282"}],"replies":[{"embeddable":true,"href":"https:\/\/www.msd.ch\/de\/wp-json\/wp\/v2\/comments?post=9787"}],"version-history":[{"count":19,"href":"https:\/\/www.msd.ch\/de\/wp-json\/wp\/v2\/pages\/9787\/revisions"}],"predecessor-version":[{"id":12486,"href":"https:\/\/www.msd.ch\/de\/wp-json\/wp\/v2\/pages\/9787\/revisions\/12486"}],"up":[{"embeddable":true,"href":"https:\/\/www.msd.ch\/de\/wp-json\/wp\/v2\/pages\/1686"}],"wp:featuredmedia":[{"embeddable":true,"href":"https:\/\/www.msd.ch\/de\/wp-json\/wp\/v2\/media\/9723"}],"wp:attachment":[{"href":"https:\/\/www.msd.ch\/de\/wp-json\/wp\/v2\/media?parent=9787"}],"curies":[{"name":"wp","href":"https:\/\/api.w.org\/{rel}","templated":true}]}}