{"id":19,"date":"2020-10-19T20:23:46","date_gmt":"2020-10-19T18:23:46","guid":{"rendered":"https:\/\/vip2-msd.com\/switzerland\/?page_id=19"},"modified":"2022-05-24T08:58:30","modified_gmt":"2022-05-24T06:58:30","slug":"all-news","status":"publish","type":"page","link":"https:\/\/www.msd.ch\/fr\/home\/all-news\/","title":{"rendered":"Messages"},"content":{"rendered":"<div id=\"mco-title-block-block_5f9879ee90639\" \n\t class=\"mco-title-block mccberg-block alignleft\" \n\t \t >\n\t<div class=\"wrapper\">\n\t\t<div class=\"mco-title-block-content\">\n\t\t\t\n\t\t\t<h2 class=\"mco-title-block-title\">Messages<\/h2>\n\n\t\t\t\t\t\t\n\t\t\t\t\t<\/div>\n\t<\/div>\n<\/div>\n\n<div id=\"mco-d8-press-release-search-block-block_62349b9bd6fa6\" class=\"mco-d8-press-release-search-block\">\n    <!-- display search and filters conditionally -->\n\t    <div class=\"d8-search-container\">\n        <div class=\"d8-search-bar-container\">\n            <p class=\"d8-search-label\">Cherchez<\/p>\n            <input type=\"text\" id=\"d8-search-input\" class=\"d8-search-input\" placeholder=\"Recherche de mots-cl\u00e9s\"  aria-label=\"Search keyword\"\/>\n        <\/div>\n\n        <div class=\"d8-year-filter-container\">\n\t\t\t<label for=\"d8-year-filter\">\n\t\t\t\t<p class=\"d8-search-label\">Filtre par ann\u00e9e<\/p>\n\t\t\t<\/label>\n            <div class=\"dropdown-list-container\">\n                <select id=\"d8-year-filter\" class=\"dropdown-list d8-year-filter\" aria-label=\"Filter year\">\n                    <option>Tous<\/option>\n                    <option>2026<\/option><option>2025<\/option><option>2024<\/option><option>2023<\/option><option>2022<\/option>                <\/select>\n            <\/div>\n            \n            \n        <\/div>\n\t\t\n\t\t<!-- Loop through this -->\n\t\t\t\t\n    <\/div>\n\n    <div class=\"d8-search-buttons-container\">\n        <div>\n            <button class=\"btn d8-cancel\">R\u00e9initialiser<\/button> <button class=\"btn d8-search\">Cherchez<\/button>\n        <\/div>\n    <\/div>\n        <div class=\"d8-results-container\">\n        <h3 id=\"no-search-result-found\" style=\"display: none; text-align: center\">Aucun r\u00e9sultat trouv\u00e9<\/h3>\n    <\/div>\n\n    <div class=\"d8-pagination-container pagination-container\">\n        <div class=\"d8-pagination-settings pagination-settings\">\n\t\t\t<label for=\"d8-results-per-page-setting\">\n\t\t\t\t<p>\u00c9l\u00e9ments par page <\/p>\n\t\t\t<\/label>\n            <div class=\"dropdown-list-container\">\n                <select id=\"d8-results-per-page-setting\" class=\"dropdown-list d8-results-per-page-setting\" aria-label=\"\u00c9l\u00e9ments par page\">\n                    <option>10<\/option>\n                    <option>25<\/option>\n                    <option>50<\/option>\n                    <option>100<\/option>\n                <\/select>\n            <\/div>\n        <\/div>\n\n        <div class=\"d8-pagination-pagers pagination-pagers\">\n            <p>1-10 of 100<\/p>\n            <div id=\"d8-arrow-left\" class=\"d8-page-left page-left\"><\/div>\n            <div id=\"d8-arrow-right\" class=\"d8-page-right page-right\"><\/div>\n        <\/div>\n    <\/div>\n<\/div>\n<script>\n    var checkAll = document.querySelector('input[name=d8-all]');\n    var checkboxes = document.querySelectorAll('.d8-checkbox-category');\n\n\tif (checkAll) {\n\t\tcheckAll.onchange = function() {\n\t\t\tcheckboxes.forEach(x => x.checked = this.checked);\n\t\t};\n\t}\n\n\tif (checkboxes) {\n\t\tcheckboxes.forEach(x => {\n\t\tx.onchange = function() {\n\t\t\tif (this.checked) {\n\t\t\tvar checkboxesChecked = document.querySelectorAll(\".d8-checkbox-category:checked\"); \/\/ Collects all checked\/selected checkboxes.\n\t\t\t\tif (checkboxesChecked.length >= checkboxes.length) {\n\t\t\t\t\tcheckAll.checked = true;\n\t\t\t\t}\n\t\t\t\t} else {\n\t\t\t\t\tcheckAll.checked = false;\n\t\t\t\t}\n\t\t\t};\n\t\t});\n\t}\n<\/script>\n","protected":false},"excerpt":{"rendered":"","protected":false},"author":9,"featured_media":0,"parent":1686,"menu_order":1,"comment_status":"closed","ping_status":"closed","template":"","meta":{"_acf_changed":false,"bdl_company_name":[],"bdl_item_external_link":[],"editor_notices":[],"footnotes":""},"class_list":["post-19","page","type-page","status-publish","hentry"],"yoast_head":"<!-- This site is optimized with the Yoast SEO plugin v21.9.1 - https:\/\/yoast.com\/wordpress\/plugins\/seo\/ -->\n<title>Messages - msd.ch<\/title>\n<meta name=\"robots\" content=\"index, follow, max-snippet:-1, max-image-preview:large, max-video-preview:-1\" \/>\n<link rel=\"canonical\" href=\"https:\/\/www.msd.ch\/fr\/home\/all-news\/\" \/>\n<meta property=\"og:locale\" content=\"en_US\" \/>\n<meta property=\"og:type\" content=\"article\" \/>\n<meta property=\"og:title\" content=\"Messages - msd.ch\" \/>\n<meta property=\"og:url\" content=\"https:\/\/www.msd.ch\/fr\/home\/all-news\/\" \/>\n<meta property=\"og:site_name\" content=\"msd.ch\" \/>\n<meta property=\"article:modified_time\" content=\"2022-05-24T06:58:30+00:00\" \/>\n<meta name=\"twitter:card\" content=\"summary_large_image\" \/>\n<script type=\"application\/ld+json\" class=\"yoast-schema-graph\">{\"@context\":\"https:\/\/schema.org\",\"@graph\":[{\"@type\":\"WebPage\",\"@id\":\"https:\/\/www.msd.ch\/fr\/home\/all-news\/\",\"url\":\"https:\/\/www.msd.ch\/fr\/home\/all-news\/\",\"name\":\"Messages - msd.ch\",\"isPartOf\":{\"@id\":\"https:\/\/www.msd.ch\/fr\/#website\"},\"datePublished\":\"2020-10-19T18:23:46+00:00\",\"dateModified\":\"2022-05-24T06:58:30+00:00\",\"breadcrumb\":{\"@id\":\"https:\/\/www.msd.ch\/fr\/home\/all-news\/#breadcrumb\"},\"inLanguage\":\"en-US\",\"potentialAction\":[{\"@type\":\"ReadAction\",\"target\":[\"https:\/\/www.msd.ch\/fr\/home\/all-news\/\"]}]},{\"@type\":\"BreadcrumbList\",\"@id\":\"https:\/\/www.msd.ch\/fr\/home\/all-news\/#breadcrumb\",\"itemListElement\":[{\"@type\":\"ListItem\",\"position\":1,\"name\":\"Home\",\"item\":\"https:\/\/www.msd.ch\/fr\/\"},{\"@type\":\"ListItem\",\"position\":2,\"name\":\"Messages\"}]},{\"@type\":\"WebSite\",\"@id\":\"https:\/\/www.msd.ch\/fr\/#website\",\"url\":\"https:\/\/www.msd.ch\/fr\/\",\"name\":\"msd.ch\",\"description\":\"MSD recherche et d\u00e9veloppe des m\u00e9dicaments et des vaccins pour sauver des vies et am\u00e9liorer la sant\u00e9 des patients. En Suisse, 1000 employ\u00e9s \u00e0 Lucerne et \u00e0 Zurich s&#039;engagent dans ce sens.\",\"potentialAction\":[{\"@type\":\"SearchAction\",\"target\":{\"@type\":\"EntryPoint\",\"urlTemplate\":\"https:\/\/www.msd.ch\/fr\/?s={search_term_string}\"},\"query-input\":\"required name=search_term_string\"}],\"inLanguage\":\"en-US\"}]}<\/script>\n<!-- \/ Yoast SEO plugin. -->","yoast_head_json":{"title":"Messages - msd.ch","robots":{"index":"index","follow":"follow","max-snippet":"max-snippet:-1","max-image-preview":"max-image-preview:large","max-video-preview":"max-video-preview:-1"},"canonical":"https:\/\/www.msd.ch\/fr\/home\/all-news\/","og_locale":"en_US","og_type":"article","og_title":"Messages - msd.ch","og_url":"https:\/\/www.msd.ch\/fr\/home\/all-news\/","og_site_name":"msd.ch","article_modified_time":"2022-05-24T06:58:30+00:00","twitter_card":"summary_large_image","schema":{"@context":"https:\/\/schema.org","@graph":[{"@type":"WebPage","@id":"https:\/\/www.msd.ch\/fr\/home\/all-news\/","url":"https:\/\/www.msd.ch\/fr\/home\/all-news\/","name":"Messages - msd.ch","isPartOf":{"@id":"https:\/\/www.msd.ch\/fr\/#website"},"datePublished":"2020-10-19T18:23:46+00:00","dateModified":"2022-05-24T06:58:30+00:00","breadcrumb":{"@id":"https:\/\/www.msd.ch\/fr\/home\/all-news\/#breadcrumb"},"inLanguage":"en-US","potentialAction":[{"@type":"ReadAction","target":["https:\/\/www.msd.ch\/fr\/home\/all-news\/"]}]},{"@type":"BreadcrumbList","@id":"https:\/\/www.msd.ch\/fr\/home\/all-news\/#breadcrumb","itemListElement":[{"@type":"ListItem","position":1,"name":"Home","item":"https:\/\/www.msd.ch\/fr\/"},{"@type":"ListItem","position":2,"name":"Messages"}]},{"@type":"WebSite","@id":"https:\/\/www.msd.ch\/fr\/#website","url":"https:\/\/www.msd.ch\/fr\/","name":"msd.ch","description":"MSD recherche et d\u00e9veloppe des m\u00e9dicaments et des vaccins pour sauver des vies et am\u00e9liorer la sant\u00e9 des patients. En Suisse, 1000 employ\u00e9s \u00e0 Lucerne et \u00e0 Zurich s&#039;engagent dans ce sens.","potentialAction":[{"@type":"SearchAction","target":{"@type":"EntryPoint","urlTemplate":"https:\/\/www.msd.ch\/fr\/?s={search_term_string}"},"query-input":"required name=search_term_string"}],"inLanguage":"en-US"}]}},"acf":[],"_links":{"self":[{"href":"https:\/\/www.msd.ch\/fr\/wp-json\/wp\/v2\/pages\/19","targetHints":{"allow":["GET"]}}],"collection":[{"href":"https:\/\/www.msd.ch\/fr\/wp-json\/wp\/v2\/pages"}],"about":[{"href":"https:\/\/www.msd.ch\/fr\/wp-json\/wp\/v2\/types\/page"}],"author":[{"embeddable":true,"href":"https:\/\/www.msd.ch\/fr\/wp-json\/wp\/v2\/users\/9"}],"replies":[{"embeddable":true,"href":"https:\/\/www.msd.ch\/fr\/wp-json\/wp\/v2\/comments?post=19"}],"version-history":[{"count":28,"href":"https:\/\/www.msd.ch\/fr\/wp-json\/wp\/v2\/pages\/19\/revisions"}],"predecessor-version":[{"id":7150,"href":"https:\/\/www.msd.ch\/fr\/wp-json\/wp\/v2\/pages\/19\/revisions\/7150"}],"up":[{"embeddable":true,"href":"https:\/\/www.msd.ch\/fr\/wp-json\/wp\/v2\/pages\/1686"}],"wp:attachment":[{"href":"https:\/\/www.msd.ch\/fr\/wp-json\/wp\/v2\/media?parent=19"}],"curies":[{"name":"wp","href":"https:\/\/api.w.org\/{rel}","templated":true}]}}