{"id":1912,"date":"2022-09-25T06:41:00","date_gmt":"2022-09-25T04:41:00","guid":{"rendered":"https:\/\/vip2-msd.com\/switzerland\/?page_id=1912"},"modified":"2025-03-26T08:48:24","modified_gmt":"2025-03-26T06:48:24","slug":"partner","status":"publish","type":"page","link":"https:\/\/www.msd.ch\/fr\/home\/about-us\/partner\/","title":{"rendered":"MSD en tant que partenaire"},"content":{"rendered":"\n<div id=\"mco-b2-hero-block-block_107929923044f831451068edf2791903\" class=\"mco-b2-hero-block full mccberg-block\">\n    <div class=\"mco-b2-hero-block-wrapper\">\n        <div class=\"mco-b2-hero-block-image-section \">\n\n                            <div class=\"mco-b2-hero-block-image-container \">\n                    <picture >\n\t<source media=\"(max-width: 767px)\" data-srcset=\"https:\/\/www.msd.ch\/fr\/wp-content\/uploads\/sites\/87\/2021\/07\/partner_title-e1626793083988.jpg?w=768\" srcset=\"https:\/\/www.msd.ch\/fr\/wp-content\/uploads\/sites\/87\/2021\/07\/partner_title-e1626793083988.jpg?w=768\" >\n<source media=\"(min-width: 768px) and (max-width: 1199px)\" data-srcset=\"https:\/\/www.msd.ch\/fr\/wp-content\/uploads\/sites\/87\/2021\/07\/partner_title-e1626793083988.jpg?h=768\" srcset=\"https:\/\/www.msd.ch\/fr\/wp-content\/uploads\/sites\/87\/2021\/07\/partner_title-e1626793083988.jpg?h=768\" >\n<source media=\"(min-width: 1200px) and (max-width: 1919px)\" data-srcset=\"https:\/\/www.msd.ch\/fr\/wp-content\/uploads\/sites\/87\/2021\/07\/partner_title-e1626793083988.jpg?w=1200\" srcset=\"https:\/\/www.msd.ch\/fr\/wp-content\/uploads\/sites\/87\/2021\/07\/partner_title-e1626793083988.jpg?w=1200\" >\n<source media=\"(min-width: 1920px)\" data-srcset=\"https:\/\/www.msd.ch\/fr\/wp-content\/uploads\/sites\/87\/2021\/07\/partner_title-e1626793083988.jpg?w=1920\" srcset=\"https:\/\/www.msd.ch\/fr\/wp-content\/uploads\/sites\/87\/2021\/07\/partner_title-e1626793083988.jpg?w=1920\" >\n\t<img data-src=\"https:\/\/www.msd.ch\/fr\/wp-content\/uploads\/sites\/87\/2021\/07\/partner_title-e1626793083988.jpg?w=1920\" alt=\"Deux hommes se serrent la main\" class=\"eager \" loading=\"eager\" \/>\n<\/picture>                                    <\/div>\n                        <div class=\"mco-b2-hero-block-image-container-two\">\n                            <\/div>\n        <\/div>\n\n        <div class=\"mco-b2-hero-block-content-section\">\n            <nav class=\"breadcrumbs wrapper text-descriptive\"aria-label=\"Breadcrumbs\"><\/nav>            \n                            <h1>MSD en tant que partenaire<\/h1>\n            \n                            <div class=\"mco-b2-hero-block-description\"><p>Pour traiter des questions et des probl\u00e8mes de sant\u00e9, nous cherchons la collaboration partenariale avec des d\u00e9cideurs dans le domaine de la sant\u00e9. Ensemble, nous d\u00e9veloppons des solutions innovatrices contribuant \u00e0 l\u2019am\u00e9lioration de la sant\u00e9 des patients en Suisse.<\/p>\n<\/div>\n            \n                    <\/div>\n    <\/div>\n\n    \n<\/div>\n\n\n\n<h2 class=\"wp-block-heading has-text-align-center\">Nos initiatives et nos projets<\/h2>\n\n\n\n<div class=\"wp-block-columns is-layout-flex wp-container-core-columns-is-layout-9d6595d7 wp-block-columns-is-layout-flex\">\n<div class=\"wp-block-column is-layout-flow wp-block-column-is-layout-flow\" style=\"flex-basis:33.33%\"><div class=\"wp-block-image\">\n<figure class=\"aligncenter size-large\"><img loading=\"lazy\" decoding=\"async\" width=\"150\" height=\"150\" src=\"https:\/\/www.msd.ch\/fr\/wp-content\/uploads\/sites\/87\/2021\/10\/F-AllianceCompetence-150x150-1.jpg\" alt=\"\" class=\"wp-image-5034\"\/><\/figure><\/div><\/div>\n\n\n\n<div class=\"wp-block-column is-layout-flow wp-block-column-is-layout-flow\" style=\"flex-basis:66.66%\">\n<h3 class=\"wp-block-heading\">Am\u00e9lioration des comp\u00e9tences en mati\u00e8re de sant\u00e9<\/h3>\n\n\n\n<p>Depuis des d\u00e9cennies, MSD s\u2019engage au niveau local et sur le plan mondial pour le renforcement des comp\u00e9tences en mati\u00e8re de sant\u00e9. En Suisse, MSD s&#8217;est associ\u00e9 \u00e0 ses partenaires fondateurs, dont la FMH et Promotion Sant\u00e9 Suisse, pour former en 2010 \u00abL&#8217;alliance comp\u00e9tences en sant\u00e9\u00bb. En tant que plate-forme, l\u2019Alliance met en r\u00e9seau les acteurs du syst\u00e8me de sant\u00e9, de la science et de la politique, pousse le th\u00e8me \u00e0 un niveau strat\u00e9gique, soutient l\u2019impl\u00e9mentation d\u2019initiatives et attribue r\u00e9guli\u00e8rement un prix \u00e0 la promotion pour des projets innovateurs mis en \u0153uvre dans la pratique.<\/p>\n\n\n\n<p><a href=\"https:\/\/www.allianz-gesundheitskompetenz.ch\/logicio\/pmws\/indexDOM.php?client_id=allianz&amp;page_id=home&amp;lang_iso639=fr\" target=\"_blank\" rel=\"noreferrer noopener\"><\/a><a href=\"https:\/\/www.allianz-gesundheitskompetenz.ch\/fr\">En savoir plus<\/a><\/p>\n<\/div>\n<\/div>\n\n\n\n<div class=\"wp-block-columns is-layout-flex wp-container-core-columns-is-layout-9d6595d7 wp-block-columns-is-layout-flex\">\n<div class=\"wp-block-column is-layout-flow wp-block-column-is-layout-flow\" style=\"flex-basis:33.33%\"><div class=\"wp-block-image\">\n<figure class=\"aligncenter size-large\"><img loading=\"lazy\" decoding=\"async\" width=\"150\" height=\"150\" src=\"https:\/\/www.msd.ch\/fr\/wp-content\/uploads\/sites\/87\/2021\/10\/AllianzQ-150x150-1.jpg\" alt=\"\" class=\"wp-image-5037\"\/><\/figure><\/div><\/div>\n\n\n\n<div class=\"wp-block-column is-layout-flow wp-block-column-is-layout-flow\" style=\"flex-basis:66.66%\">\n<h3 class=\"wp-block-heading\">allianz q \u2013 La qualit\u00e9 avant les co\u00fbts dans le syst\u00e8me de sant\u00e9<\/h3>\n\n\n\n<p>L\u2019allianz q est un groupement d\u2019int\u00e9r\u00eat commun r\u00e9unissant des acteurs du syst\u00e8me de sant\u00e9. Dans le sens d\u2019un groupe de r\u00e9flexions, d\u2019allianz q rassemble des experts des diff\u00e9rents domaines du syst\u00e8me de sant\u00e9. Les fondements communs et la coh\u00e9sion ont d\u00e9bouch\u00e9 sur un manifeste. MSD est membre et soutient allianz q depuis le d\u00e9but.<\/p>\n\n\n\n<p><a href=\"http:\/\/www.allianzq.ch\/index.php\" target=\"_blank\" rel=\"noreferrer noopener\">En savoir plus<\/a> (Informations en allemand)<\/p>\n<\/div>\n<\/div>\n\n\n\n<div class=\"wp-block-columns is-layout-flex wp-container-core-columns-is-layout-9d6595d7 wp-block-columns-is-layout-flex\">\n<div class=\"wp-block-column is-layout-flow wp-block-column-is-layout-flow\" style=\"flex-basis:33.33%\"><div class=\"wp-block-image\">\n<figure class=\"aligncenter size-large\"><img loading=\"lazy\" decoding=\"async\" width=\"150\" height=\"150\" src=\"https:\/\/www.msd.ch\/fr\/wp-content\/uploads\/sites\/87\/2021\/10\/TGL-150x150-1.jpg\" alt=\"\" class=\"wp-image-5058\"\/><\/figure><\/div><\/div>\n\n\n\n<div class=\"wp-block-column is-layout-flow wp-block-column-is-layout-flow\" style=\"flex-basis:66.66%\">\n<h3 class=\"wp-block-heading\">Partenaire principal du congr\u00e8s \u00abTrendtage Gesundheit Luzern\u00bb<\/h3>\n\n\n\n<p>Chaque ann\u00e9e, plus de 600 leaders d\u2019opinion et d\u00e9cideurs des domaines de la m\u00e9decine, de la science, de l\u2019\u00e9conomie et de la politique se retrouve au KKL de Lucerne lors du congr\u00e8s \u00ab Trendtage Gesundheit im KKL \u00bb pour un dialogue sur les tendances et les perspectives du syst\u00e8me de sant\u00e9 suisse. En tant qu\u2019entreprise biopharmaceutique sise \u00e0 Lucerne, MSD soutient l\u2019\u00e9v\u00e9nement national de la branche depuis plusieurs ann\u00e9es et, depuis 2013, en tant que partenaire principal. MSD est membre du comit\u00e9 conseil et \u00e0 ce titre, elle donne son avis pour d\u00e9terminer les th\u00e8mes et d\u00e9finir le contenu des sessions.<\/p>\n\n\n\n<p><a href=\"https:\/\/www.trendtage-gesundheit.ch\/fr\/\" target=\"_blank\" rel=\"noreferrer noopener\">En savoir plus<\/a><\/p>\n<\/div>\n<\/div>\n\n\n<div id=\"mco-featured-banner-block-block_8fb3d365e82bfdabd0cf6a78e0468c3b\" class=\"mco-featured-banner-block full mccberg-block negative alignleft\">\n\n\n            <div class=\"mco-featured-banner-image-container\">\n            <picture>\n                <source media=\"(max-width: 767px)\" data-srcset=\"https:\/\/www.msd.ch\/fr\/wp-content\/uploads\/sites\/87\/2021\/07\/partner_verantwortung.jpg?resize=767,956\">\n                <source media=\"(min-width: 768px) and (max-width: 1199px)\" data-srcset=\"https:\/\/www.msd.ch\/fr\/wp-content\/uploads\/sites\/87\/2021\/07\/partner_verantwortung.jpg?resize=768,448\">\n                <source media=\"(min-width: 1200px)\" data-srcset=\"https:\/\/www.msd.ch\/fr\/wp-content\/uploads\/sites\/87\/2021\/07\/partner_verantwortung.jpg?w=1600\">\n                <img data-src=\"https:\/\/www.msd.ch\/fr\/wp-content\/uploads\/sites\/87\/2021\/07\/partner_verantwortung.jpg?w=1600\" alt=\"Featured banner image\" class=\"lazyload\" loading=\"lazy\" \/>\n            <\/picture>\n        <\/div>\n    \n\n    <div class=\"mco-featured-banner-content-container\">\n        <div class=\"mco-featured-banner-content-card\">\n            \n                            <h3>Nous assumons nos responsabilit\u00e9s<\/h3>\n            \n                            <div><p>Sachez en plus sur l\u2019approche de la responsabilit\u00e9 d\u2019entreprise au niveau mondial et sur notre engagement social en Suisse.<\/p>\n<\/div>\n            \n            <div class=\"mco-featured-banner-btn-container\">\n                                    <a class=\"btn\"\n                       href=\"https:\/\/www.msd.ch\/fr\/home\/about-us\/responsibility\/\"\n                       title=\"En savoir plus\"\n                       target=\"_blank\"\n                                           >En savoir plus<\/a>\n                \n                            <\/div>\n        <\/div>\n    <\/div>\n<\/div>\n\n\n\n<p><sup>CH-NON-00947, 02\/2025<\/sup><\/p>\n","protected":false},"excerpt":{"rendered":"<p>Nos initiatives et nos projets Am\u00e9lioration des comp\u00e9tences en mati\u00e8re de sant\u00e9 Depuis des d\u00e9cennies, MSD s\u2019engage au niveau local et sur le plan mondial pour le renforcement des comp\u00e9tences en mati\u00e8re de sant\u00e9. En Suisse, MSD s&#8217;est associ\u00e9 \u00e0 ses partenaires fondateurs, dont la FMH et Promotion Sant\u00e9 Suisse, pour former en 2010 \u00abL&#8217;alliance [&hellip;]<\/p>\n","protected":false},"author":283,"featured_media":0,"parent":6115,"menu_order":6,"comment_status":"closed","ping_status":"closed","template":"","meta":{"_acf_changed":false,"bdl_company_name":[],"bdl_item_external_link":[],"editor_notices":[],"footnotes":""},"class_list":["post-1912","page","type-page","status-publish","hentry"],"yoast_head":"<!-- This site is optimized with the Yoast SEO plugin v21.9.1 - https:\/\/yoast.com\/wordpress\/plugins\/seo\/ -->\n<title>MSD Suisse comme partenaire | msd.ch<\/title>\n<meta name=\"description\" content=\"Pour aborder les questions et les probl\u00e8mes de sant\u00e9, nous cherchons \u00e0 travailler en partenariat avec les d\u00e9cideurs du secteur de la sant\u00e9.\" \/>\n<meta name=\"robots\" content=\"index, follow, max-snippet:-1, max-image-preview:large, max-video-preview:-1\" \/>\n<link rel=\"canonical\" href=\"https:\/\/www.msd.ch\/fr\/home\/about-us\/partner\/\" \/>\n<meta property=\"og:locale\" content=\"en_US\" \/>\n<meta property=\"og:type\" content=\"article\" \/>\n<meta property=\"og:title\" content=\"MSD en tant que partenaire\" \/>\n<meta property=\"og:description\" content=\"Pour traiter des questions et des probl\u00e8mes de sant\u00e9, nous cherchons la collaboration partenariale avec des d\u00e9cideurs dans le domaine de la sant\u00e9. En savoir plus.\" \/>\n<meta property=\"og:url\" content=\"https:\/\/www.msd.ch\/fr\/home\/about-us\/partner\/\" \/>\n<meta property=\"og:site_name\" content=\"msd.ch\" \/>\n<meta property=\"article:modified_time\" content=\"2025-03-26T06:48:24+00:00\" \/>\n<meta property=\"og:image\" content=\"https:\/\/www.msd.ch\/fr\/wp-content\/uploads\/sites\/87\/2021\/04\/partner_title-1-e1618229316161.jpg\" \/>\n\t<meta property=\"og:image:width\" content=\"1040\" \/>\n\t<meta property=\"og:image:height\" content=\"549\" \/>\n\t<meta property=\"og:image:type\" content=\"image\/jpeg\" \/>\n<meta name=\"twitter:card\" content=\"summary_large_image\" \/>\n<meta name=\"twitter:title\" content=\"MSD en tant que partenaire\" \/>\n<meta name=\"twitter:description\" content=\"Pour traiter des questions et des probl\u00e8mes de sant\u00e9, nous cherchons la collaboration partenariale avec des d\u00e9cideurs dans le domaine de la sant\u00e9. En savoir plus.\" \/>\n<meta name=\"twitter:image\" content=\"https:\/\/www.msd.ch\/fr\/wp-content\/uploads\/sites\/87\/2021\/04\/partner_title-1-e1618229316161.jpg\" \/>\n<meta name=\"twitter:label1\" content=\"Est. reading time\" \/>\n\t<meta name=\"twitter:data1\" content=\"2 minutes\" \/>\n<script type=\"application\/ld+json\" class=\"yoast-schema-graph\">{\"@context\":\"https:\/\/schema.org\",\"@graph\":[{\"@type\":\"WebPage\",\"@id\":\"https:\/\/www.msd.ch\/fr\/home\/about-us\/partner\/\",\"url\":\"https:\/\/www.msd.ch\/fr\/home\/about-us\/partner\/\",\"name\":\"MSD Suisse comme partenaire | msd.ch\",\"isPartOf\":{\"@id\":\"https:\/\/www.msd.ch\/fr\/#website\"},\"datePublished\":\"2022-09-25T04:41:00+00:00\",\"dateModified\":\"2025-03-26T06:48:24+00:00\",\"description\":\"Pour aborder les questions et les probl\u00e8mes de sant\u00e9, nous cherchons \u00e0 travailler en partenariat avec les d\u00e9cideurs du secteur de la sant\u00e9.\",\"breadcrumb\":{\"@id\":\"https:\/\/www.msd.ch\/fr\/home\/about-us\/partner\/#breadcrumb\"},\"inLanguage\":\"en-US\",\"potentialAction\":[{\"@type\":\"ReadAction\",\"target\":[\"https:\/\/www.msd.ch\/fr\/home\/about-us\/partner\/\"]}]},{\"@type\":\"BreadcrumbList\",\"@id\":\"https:\/\/www.msd.ch\/fr\/home\/about-us\/partner\/#breadcrumb\",\"itemListElement\":[{\"@type\":\"ListItem\",\"position\":1,\"name\":\"Home\",\"item\":\"https:\/\/www.msd.ch\/fr\/\"},{\"@type\":\"ListItem\",\"position\":2,\"name\":\"\u00c0 propos de nous\",\"item\":\"https:\/\/www.msd.ch\/fr\/home\/about-us\/\"},{\"@type\":\"ListItem\",\"position\":3,\"name\":\"MSD en tant que partenaire\"}]},{\"@type\":\"WebSite\",\"@id\":\"https:\/\/www.msd.ch\/fr\/#website\",\"url\":\"https:\/\/www.msd.ch\/fr\/\",\"name\":\"msd.ch\",\"description\":\"MSD recherche et d\u00e9veloppe des m\u00e9dicaments et des vaccins pour sauver des vies et am\u00e9liorer la sant\u00e9 des patients. En Suisse, 1000 employ\u00e9s \u00e0 Lucerne et \u00e0 Zurich s&#039;engagent dans ce sens.\",\"potentialAction\":[{\"@type\":\"SearchAction\",\"target\":{\"@type\":\"EntryPoint\",\"urlTemplate\":\"https:\/\/www.msd.ch\/fr\/?s={search_term_string}\"},\"query-input\":\"required name=search_term_string\"}],\"inLanguage\":\"en-US\"}]}<\/script>\n<!-- \/ Yoast SEO plugin. -->","yoast_head_json":{"title":"MSD Suisse comme partenaire | msd.ch","description":"Pour aborder les questions et les probl\u00e8mes de sant\u00e9, nous cherchons \u00e0 travailler en partenariat avec les d\u00e9cideurs du secteur de la sant\u00e9.","robots":{"index":"index","follow":"follow","max-snippet":"max-snippet:-1","max-image-preview":"max-image-preview:large","max-video-preview":"max-video-preview:-1"},"canonical":"https:\/\/www.msd.ch\/fr\/home\/about-us\/partner\/","og_locale":"en_US","og_type":"article","og_title":"MSD en tant que partenaire","og_description":"Pour traiter des questions et des probl\u00e8mes de sant\u00e9, nous cherchons la collaboration partenariale avec des d\u00e9cideurs dans le domaine de la sant\u00e9. En savoir plus.","og_url":"https:\/\/www.msd.ch\/fr\/home\/about-us\/partner\/","og_site_name":"msd.ch","article_modified_time":"2025-03-26T06:48:24+00:00","og_image":[{"width":1040,"height":549,"url":"https:\/\/www.msd.ch\/fr\/wp-content\/uploads\/sites\/87\/2021\/04\/partner_title-1-e1618229316161.jpg","type":"image\/jpeg"}],"twitter_card":"summary_large_image","twitter_title":"MSD en tant que partenaire","twitter_description":"Pour traiter des questions et des probl\u00e8mes de sant\u00e9, nous cherchons la collaboration partenariale avec des d\u00e9cideurs dans le domaine de la sant\u00e9. En savoir plus.","twitter_image":"https:\/\/www.msd.ch\/fr\/wp-content\/uploads\/sites\/87\/2021\/04\/partner_title-1-e1618229316161.jpg","twitter_misc":{"Est. reading time":"2 minutes"},"schema":{"@context":"https:\/\/schema.org","@graph":[{"@type":"WebPage","@id":"https:\/\/www.msd.ch\/fr\/home\/about-us\/partner\/","url":"https:\/\/www.msd.ch\/fr\/home\/about-us\/partner\/","name":"MSD Suisse comme partenaire | msd.ch","isPartOf":{"@id":"https:\/\/www.msd.ch\/fr\/#website"},"datePublished":"2022-09-25T04:41:00+00:00","dateModified":"2025-03-26T06:48:24+00:00","description":"Pour aborder les questions et les probl\u00e8mes de sant\u00e9, nous cherchons \u00e0 travailler en partenariat avec les d\u00e9cideurs du secteur de la sant\u00e9.","breadcrumb":{"@id":"https:\/\/www.msd.ch\/fr\/home\/about-us\/partner\/#breadcrumb"},"inLanguage":"en-US","potentialAction":[{"@type":"ReadAction","target":["https:\/\/www.msd.ch\/fr\/home\/about-us\/partner\/"]}]},{"@type":"BreadcrumbList","@id":"https:\/\/www.msd.ch\/fr\/home\/about-us\/partner\/#breadcrumb","itemListElement":[{"@type":"ListItem","position":1,"name":"Home","item":"https:\/\/www.msd.ch\/fr\/"},{"@type":"ListItem","position":2,"name":"\u00c0 propos de nous","item":"https:\/\/www.msd.ch\/fr\/home\/about-us\/"},{"@type":"ListItem","position":3,"name":"MSD en tant que partenaire"}]},{"@type":"WebSite","@id":"https:\/\/www.msd.ch\/fr\/#website","url":"https:\/\/www.msd.ch\/fr\/","name":"msd.ch","description":"MSD recherche et d\u00e9veloppe des m\u00e9dicaments et des vaccins pour sauver des vies et am\u00e9liorer la sant\u00e9 des patients. En Suisse, 1000 employ\u00e9s \u00e0 Lucerne et \u00e0 Zurich s&#039;engagent dans ce sens.","potentialAction":[{"@type":"SearchAction","target":{"@type":"EntryPoint","urlTemplate":"https:\/\/www.msd.ch\/fr\/?s={search_term_string}"},"query-input":"required name=search_term_string"}],"inLanguage":"en-US"}]}},"acf":[],"_links":{"self":[{"href":"https:\/\/www.msd.ch\/fr\/wp-json\/wp\/v2\/pages\/1912","targetHints":{"allow":["GET"]}}],"collection":[{"href":"https:\/\/www.msd.ch\/fr\/wp-json\/wp\/v2\/pages"}],"about":[{"href":"https:\/\/www.msd.ch\/fr\/wp-json\/wp\/v2\/types\/page"}],"author":[{"embeddable":true,"href":"https:\/\/www.msd.ch\/fr\/wp-json\/wp\/v2\/users\/283"}],"replies":[{"embeddable":true,"href":"https:\/\/www.msd.ch\/fr\/wp-json\/wp\/v2\/comments?post=1912"}],"version-history":[{"count":70,"href":"https:\/\/www.msd.ch\/fr\/wp-json\/wp\/v2\/pages\/1912\/revisions"}],"predecessor-version":[{"id":8279,"href":"https:\/\/www.msd.ch\/fr\/wp-json\/wp\/v2\/pages\/1912\/revisions\/8279"}],"up":[{"embeddable":true,"href":"https:\/\/www.msd.ch\/fr\/wp-json\/wp\/v2\/pages\/6115"}],"wp:attachment":[{"href":"https:\/\/www.msd.ch\/fr\/wp-json\/wp\/v2\/media?parent=1912"}],"curies":[{"name":"wp","href":"https:\/\/api.w.org\/{rel}","templated":true}]}}