{"id":25,"date":"2020-10-19T20:28:45","date_gmt":"2020-10-19T18:28:45","guid":{"rendered":"https:\/\/vip2-msd.com\/switzerland\/?page_id=25"},"modified":"2025-03-24T19:01:15","modified_gmt":"2025-03-24T17:01:15","slug":"areas-of-focus","status":"publish","type":"page","link":"https:\/\/www.msd.ch\/fr\/home\/about-us\/areas-of-focus\/","title":{"rendered":"Domaines d&#8217;action"},"content":{"rendered":"\n<div class=\"text-hero-block mccberg-block\">\n\t<nav class=\"breadcrumbs wrapper text-descriptive\"aria-label=\"Breadcrumbs\"><\/nav>\t    <h1 class=\"heading\">Nos domaines d&#039;action<\/h1>\t<p><\/p>\n\n\t\n\t\n\t\n<\/div>\n\n\n\n<div id=\"mco-three-column-content-block-block_b9f83cbf62af24f949cf63776dd5a1e2\"\n     class=\"mco-three-column-content-block mccberg-block mb-1\">\n\n\t\n    <div class=\"mco-three-column-content-columns-container\">\n\n                <div class=\"mco-three-column-content-column\"\n                    >\n                        <div class=\"mco-three-column-content-col-img-container\">\n            <div class=\"mco-three-column-content-col-img\">\n                <picture>\n                    <source media=\"(max-width: 767px)\"\n                            data-srcset=\"https:\/\/www.msd.ch\/fr\/wp-content\/uploads\/sites\/87\/2021\/04\/focus-oncology.jpg?resize=767,469\">\n                    <source media=\"(min-width: 768px) and (max-width: 1199px)\"\n                            data-srcset=\"https:\/\/www.msd.ch\/fr\/wp-content\/uploads\/sites\/87\/2021\/04\/focus-oncology.jpg?resize=314,280\">\n                    <source media=\"(min-width: 1200px)\"\n                            data-srcset=\"https:\/\/www.msd.ch\/fr\/wp-content\/uploads\/sites\/87\/2021\/04\/focus-oncology.jpg?resize=404,268\">\n                    <img\n                        data-src=\"https:\/\/www.msd.ch\/fr\/wp-content\/uploads\/sites\/87\/2021\/04\/focus-oncology.jpg?resize=404,268\"\n                        class=\"lazyload\"\n                        loading=\"lazy\"\n                        alt=\"\"\n                            \/>\n                <\/picture>\n            <\/div>\n        <\/div>\n\n                            <div class=\"mco-three-column-content-col-content-container\">\n            \n                            <h3>Oncologie<\/h3>\n            \n            \n                            <div class=\"mco-three-column-content-col-wysiwyg\"><p>Nous travaillons \u00e0 pr\u00e9venir le cancer gr\u00e2ce \u00e0 des vaccins pr\u00e9ventifs et \u00e0 proposer aux oncologues des traitements qui offrent \u00e0 leurs patient(e)s une meilleure qualit\u00e9 de vie et plus de temps.<\/p>\n<p><a href=\"https:\/\/www.msd.ch\/fr\/home\/about-us\/areas-of-focus\/oncology\/\" target=\"_blank\" rel=\"noopener\">En savoir plus<\/a><\/p>\n<\/div>\n                    <\/div>\n                <\/div>\n    \n                <div class=\"mco-three-column-content-column\"\n                    >\n                        <div class=\"mco-three-column-content-col-img-container\">\n            <div class=\"mco-three-column-content-col-img\">\n                <picture>\n                    <source media=\"(max-width: 767px)\"\n                            data-srcset=\"https:\/\/www.msd.ch\/fr\/wp-content\/uploads\/sites\/87\/2020\/10\/vaccines.jpeg?resize=767,469\">\n                    <source media=\"(min-width: 768px) and (max-width: 1199px)\"\n                            data-srcset=\"https:\/\/www.msd.ch\/fr\/wp-content\/uploads\/sites\/87\/2020\/10\/vaccines.jpeg?resize=314,280\">\n                    <source media=\"(min-width: 1200px)\"\n                            data-srcset=\"https:\/\/www.msd.ch\/fr\/wp-content\/uploads\/sites\/87\/2020\/10\/vaccines.jpeg?resize=404,268\">\n                    <img\n                        data-src=\"https:\/\/www.msd.ch\/fr\/wp-content\/uploads\/sites\/87\/2020\/10\/vaccines.jpeg?resize=404,268\"\n                        class=\"lazyload\"\n                        loading=\"lazy\"\n                        alt=\"\"\n                            \/>\n                <\/picture>\n            <\/div>\n        <\/div>\n\n                            <div class=\"mco-three-column-content-col-content-container\">\n            \n                            <h3>Vaccins<\/h3>\n            \n            \n                            <div class=\"mco-three-column-content-col-wysiwyg\"><p>Les vaccins sont l&#8217;une des plus grandes r\u00e9ussites en mati\u00e8re de sant\u00e9 publique. Cela fait plus de 100\u00a0ans que nous cr\u00e9ons, d\u00e9veloppons et fournissons des vaccins pour aider \u00e0 pr\u00e9venir les\u00a0maladies.<\/p>\n<p><a href=\"https:\/\/www.msd.ch\/fr\/home\/about-us\/areas-of-focus\/vaccines\/\" target=\"_blank\" rel=\"noopener\">En savoir plus<\/a><\/p>\n<\/div>\n                    <\/div>\n                <\/div>\n    \n                <div class=\"mco-three-column-content-column\"\n                    >\n                        <div class=\"mco-three-column-content-col-img-container\">\n            <div class=\"mco-three-column-content-col-img\">\n                <picture>\n                    <source media=\"(max-width: 767px)\"\n                            data-srcset=\"https:\/\/www.msd.ch\/fr\/wp-content\/uploads\/sites\/87\/2020\/10\/Science-Visuals-Infectious-Disease-Virus-in-infected-organism-72469489-HI_42_high.jpg?resize=767,469\">\n                    <source media=\"(min-width: 768px) and (max-width: 1199px)\"\n                            data-srcset=\"https:\/\/www.msd.ch\/fr\/wp-content\/uploads\/sites\/87\/2020\/10\/Science-Visuals-Infectious-Disease-Virus-in-infected-organism-72469489-HI_42_high.jpg?resize=314,280\">\n                    <source media=\"(min-width: 1200px)\"\n                            data-srcset=\"https:\/\/www.msd.ch\/fr\/wp-content\/uploads\/sites\/87\/2020\/10\/Science-Visuals-Infectious-Disease-Virus-in-infected-organism-72469489-HI_42_high.jpg?resize=404,268\">\n                    <img\n                        data-src=\"https:\/\/www.msd.ch\/fr\/wp-content\/uploads\/sites\/87\/2020\/10\/Science-Visuals-Infectious-Disease-Virus-in-infected-organism-72469489-HI_42_high.jpg?resize=404,268\"\n                        class=\"lazyload\"\n                        loading=\"lazy\"\n                        alt=\"\"\n                            \/>\n                <\/picture>\n            <\/div>\n        <\/div>\n\n                            <div class=\"mco-three-column-content-col-content-container\">\n            \n                            <h3>Maladies infectieuses<\/h3>\n            \n            \n                            <div class=\"mco-three-column-content-col-wysiwyg\"><p>Nous jouons un r\u00f4le important dans la d\u00e9couverte et le d\u00e9veloppement de m\u00e9dicaments et de vaccins innovants pour traiter et pr\u00e9venir les maladies infectieuses, notamment le VIH, le CMV et les traitements antimicrobiens.<\/p>\n<p><a href=\"https:\/\/www.msd.ch\/fr\/home\/about-us\/areas-of-focus\/infectious-diseases\/\" target=\"_blank\" rel=\"noopener\">En savoir plus<\/a><\/p>\n<\/div>\n                    <\/div>\n                <\/div>\n    \n\n    <\/div>\n<\/div>\n\n\n\n<div id=\"mco-three-column-content-block-block_39589f98e4faddec716869e932ade898\"\n     class=\"mco-three-column-content-block mccberg-block mt-1 mb-1-mobile\">\n\n\t\n    <div class=\"mco-three-column-content-columns-container\">\n\n                <div class=\"mco-three-column-content-column\"\n                    >\n                        <div class=\"mco-three-column-content-col-img-container\">\n            <div class=\"mco-three-column-content-col-img\">\n                <picture>\n                    <source media=\"(max-width: 767px)\"\n                            data-srcset=\"https:\/\/www.msd.ch\/fr\/wp-content\/uploads\/sites\/87\/2023\/07\/Science-Visual.jpg?resize=767,469\">\n                    <source media=\"(min-width: 768px) and (max-width: 1199px)\"\n                            data-srcset=\"https:\/\/www.msd.ch\/fr\/wp-content\/uploads\/sites\/87\/2023\/07\/Science-Visual.jpg?resize=314,280\">\n                    <source media=\"(min-width: 1200px)\"\n                            data-srcset=\"https:\/\/www.msd.ch\/fr\/wp-content\/uploads\/sites\/87\/2023\/07\/Science-Visual.jpg?resize=404,268\">\n                    <img\n                        data-src=\"https:\/\/www.msd.ch\/fr\/wp-content\/uploads\/sites\/87\/2023\/07\/Science-Visual.jpg?resize=404,268\"\n                        class=\"lazyload\"\n                        loading=\"lazy\"\n                        alt=\"Notre travail dans le domaine du diab\u00e8te\"\n                            \/>\n                <\/picture>\n            <\/div>\n        <\/div>\n\n                            <div class=\"mco-three-column-content-col-content-container\">\n            \n                            <h3>Maladies cardio-m\u00e9taboliques<\/h3>\n            \n            \n                            <div class=\"mco-three-column-content-col-wysiwyg\"><p>Nous avons une longue tradition de contribution significative dans le domaine des maladies cardio-m\u00e9taboliques, notamment le diab\u00e8te de type 2 et les maladies cardiovasculaires.<\/p>\n<p><a href=\"https:\/\/www.msd.ch\/fr\/home\/about-us\/areas-of-focus\/cardio-metabolic-disorders\/\" target=\"_blank\" rel=\"noopener\">En savoir plus<\/a><\/p>\n<\/div>\n                    <\/div>\n                <\/div>\n    \n                <div class=\"mco-three-column-content-column\"\n                    >\n                                <div class=\"mco-three-column-content-col-content-container\">\n            \n            \n            \n                    <\/div>\n                <\/div>\n    \n                <div class=\"mco-three-column-content-column\"\n                    >\n                                <div class=\"mco-three-column-content-col-content-container\">\n            \n            \n            \n                    <\/div>\n                <\/div>\n    \n\n    <\/div>\n<\/div>\n","protected":false},"excerpt":{"rendered":"","protected":false},"author":9,"featured_media":0,"parent":6115,"menu_order":1,"comment_status":"closed","ping_status":"closed","template":"","meta":{"_acf_changed":false,"bdl_company_name":[],"bdl_item_external_link":[],"editor_notices":[],"footnotes":""},"class_list":["post-25","page","type-page","status-publish","hentry"],"yoast_head":"<!-- This site is optimized with the Yoast SEO plugin v21.9.1 - https:\/\/yoast.com\/wordpress\/plugins\/seo\/ -->\n<title>Domaines d&#039;action - msd.ch<\/title>\n<meta name=\"robots\" content=\"index, follow, max-snippet:-1, max-image-preview:large, max-video-preview:-1\" \/>\n<link rel=\"canonical\" href=\"https:\/\/www.msd.ch\/fr\/home\/about-us\/areas-of-focus\/\" \/>\n<meta property=\"og:locale\" content=\"en_US\" \/>\n<meta property=\"og:type\" content=\"article\" \/>\n<meta property=\"og:title\" content=\"Domaines d&#039;action - msd.ch\" \/>\n<meta property=\"og:url\" content=\"https:\/\/www.msd.ch\/fr\/home\/about-us\/areas-of-focus\/\" \/>\n<meta property=\"og:site_name\" content=\"msd.ch\" \/>\n<meta property=\"article:modified_time\" content=\"2025-03-24T17:01:15+00:00\" \/>\n<meta name=\"twitter:card\" content=\"summary_large_image\" \/>\n<script type=\"application\/ld+json\" class=\"yoast-schema-graph\">{\"@context\":\"https:\/\/schema.org\",\"@graph\":[{\"@type\":\"WebPage\",\"@id\":\"https:\/\/www.msd.ch\/fr\/home\/about-us\/areas-of-focus\/\",\"url\":\"https:\/\/www.msd.ch\/fr\/home\/about-us\/areas-of-focus\/\",\"name\":\"Domaines d'action - msd.ch\",\"isPartOf\":{\"@id\":\"https:\/\/www.msd.ch\/fr\/#website\"},\"datePublished\":\"2020-10-19T18:28:45+00:00\",\"dateModified\":\"2025-03-24T17:01:15+00:00\",\"breadcrumb\":{\"@id\":\"https:\/\/www.msd.ch\/fr\/home\/about-us\/areas-of-focus\/#breadcrumb\"},\"inLanguage\":\"en-US\",\"potentialAction\":[{\"@type\":\"ReadAction\",\"target\":[\"https:\/\/www.msd.ch\/fr\/home\/about-us\/areas-of-focus\/\"]}]},{\"@type\":\"BreadcrumbList\",\"@id\":\"https:\/\/www.msd.ch\/fr\/home\/about-us\/areas-of-focus\/#breadcrumb\",\"itemListElement\":[{\"@type\":\"ListItem\",\"position\":1,\"name\":\"Home\",\"item\":\"https:\/\/www.msd.ch\/fr\/\"},{\"@type\":\"ListItem\",\"position\":2,\"name\":\"\u00c0 propos de nous\",\"item\":\"https:\/\/www.msd.ch\/fr\/home\/about-us\/\"},{\"@type\":\"ListItem\",\"position\":3,\"name\":\"Domaines d&#8217;action\"}]},{\"@type\":\"WebSite\",\"@id\":\"https:\/\/www.msd.ch\/fr\/#website\",\"url\":\"https:\/\/www.msd.ch\/fr\/\",\"name\":\"msd.ch\",\"description\":\"MSD recherche et d\u00e9veloppe des m\u00e9dicaments et des vaccins pour sauver des vies et am\u00e9liorer la sant\u00e9 des patients. En Suisse, 1000 employ\u00e9s \u00e0 Lucerne et \u00e0 Zurich s&#039;engagent dans ce sens.\",\"potentialAction\":[{\"@type\":\"SearchAction\",\"target\":{\"@type\":\"EntryPoint\",\"urlTemplate\":\"https:\/\/www.msd.ch\/fr\/?s={search_term_string}\"},\"query-input\":\"required name=search_term_string\"}],\"inLanguage\":\"en-US\"}]}<\/script>\n<!-- \/ Yoast SEO plugin. -->","yoast_head_json":{"title":"Domaines d'action - msd.ch","robots":{"index":"index","follow":"follow","max-snippet":"max-snippet:-1","max-image-preview":"max-image-preview:large","max-video-preview":"max-video-preview:-1"},"canonical":"https:\/\/www.msd.ch\/fr\/home\/about-us\/areas-of-focus\/","og_locale":"en_US","og_type":"article","og_title":"Domaines d'action - msd.ch","og_url":"https:\/\/www.msd.ch\/fr\/home\/about-us\/areas-of-focus\/","og_site_name":"msd.ch","article_modified_time":"2025-03-24T17:01:15+00:00","twitter_card":"summary_large_image","schema":{"@context":"https:\/\/schema.org","@graph":[{"@type":"WebPage","@id":"https:\/\/www.msd.ch\/fr\/home\/about-us\/areas-of-focus\/","url":"https:\/\/www.msd.ch\/fr\/home\/about-us\/areas-of-focus\/","name":"Domaines d'action - msd.ch","isPartOf":{"@id":"https:\/\/www.msd.ch\/fr\/#website"},"datePublished":"2020-10-19T18:28:45+00:00","dateModified":"2025-03-24T17:01:15+00:00","breadcrumb":{"@id":"https:\/\/www.msd.ch\/fr\/home\/about-us\/areas-of-focus\/#breadcrumb"},"inLanguage":"en-US","potentialAction":[{"@type":"ReadAction","target":["https:\/\/www.msd.ch\/fr\/home\/about-us\/areas-of-focus\/"]}]},{"@type":"BreadcrumbList","@id":"https:\/\/www.msd.ch\/fr\/home\/about-us\/areas-of-focus\/#breadcrumb","itemListElement":[{"@type":"ListItem","position":1,"name":"Home","item":"https:\/\/www.msd.ch\/fr\/"},{"@type":"ListItem","position":2,"name":"\u00c0 propos de nous","item":"https:\/\/www.msd.ch\/fr\/home\/about-us\/"},{"@type":"ListItem","position":3,"name":"Domaines d&#8217;action"}]},{"@type":"WebSite","@id":"https:\/\/www.msd.ch\/fr\/#website","url":"https:\/\/www.msd.ch\/fr\/","name":"msd.ch","description":"MSD recherche et d\u00e9veloppe des m\u00e9dicaments et des vaccins pour sauver des vies et am\u00e9liorer la sant\u00e9 des patients. En Suisse, 1000 employ\u00e9s \u00e0 Lucerne et \u00e0 Zurich s&#039;engagent dans ce sens.","potentialAction":[{"@type":"SearchAction","target":{"@type":"EntryPoint","urlTemplate":"https:\/\/www.msd.ch\/fr\/?s={search_term_string}"},"query-input":"required name=search_term_string"}],"inLanguage":"en-US"}]}},"acf":[],"_links":{"self":[{"href":"https:\/\/www.msd.ch\/fr\/wp-json\/wp\/v2\/pages\/25","targetHints":{"allow":["GET"]}}],"collection":[{"href":"https:\/\/www.msd.ch\/fr\/wp-json\/wp\/v2\/pages"}],"about":[{"href":"https:\/\/www.msd.ch\/fr\/wp-json\/wp\/v2\/types\/page"}],"author":[{"embeddable":true,"href":"https:\/\/www.msd.ch\/fr\/wp-json\/wp\/v2\/users\/9"}],"replies":[{"embeddable":true,"href":"https:\/\/www.msd.ch\/fr\/wp-json\/wp\/v2\/comments?post=25"}],"version-history":[{"count":45,"href":"https:\/\/www.msd.ch\/fr\/wp-json\/wp\/v2\/pages\/25\/revisions"}],"predecessor-version":[{"id":8275,"href":"https:\/\/www.msd.ch\/fr\/wp-json\/wp\/v2\/pages\/25\/revisions\/8275"}],"up":[{"embeddable":true,"href":"https:\/\/www.msd.ch\/fr\/wp-json\/wp\/v2\/pages\/6115"}],"wp:attachment":[{"href":"https:\/\/www.msd.ch\/fr\/wp-json\/wp\/v2\/media?parent=25"}],"curies":[{"name":"wp","href":"https:\/\/api.w.org\/{rel}","templated":true}]}}