{"id":2754,"date":"2026-02-16T18:03:30","date_gmt":"2026-02-16T16:03:30","guid":{"rendered":"https:\/\/vip2-msd.com\/switzerland\/?page_id=2754"},"modified":"2026-02-26T17:14:21","modified_gmt":"2026-02-26T15:14:21","slug":"vaccines","status":"publish","type":"page","link":"https:\/\/www.msd.ch\/fr\/home\/vaccines\/","title":{"rendered":"Vaccins"},"content":{"rendered":"\n<div id=\"mco-b2-hero-block-block_75e83649cd96d58be18ddaa1889c9d14\" class=\"mco-b2-hero-block full mccberg-block\">\n    <div class=\"mco-b2-hero-block-wrapper\">\n        <div class=\"mco-b2-hero-block-image-section \">\n\n                            <div class=\"mco-b2-hero-block-image-container \">\n                    <picture >\n\t<source media=\"(max-width: 767px)\" data-srcset=\"https:\/\/www.msd.ch\/fr\/wp-content\/uploads\/sites\/87\/2021\/07\/AdobeStock_220120304.jpeg?w=768\" srcset=\"https:\/\/www.msd.ch\/fr\/wp-content\/uploads\/sites\/87\/2021\/07\/AdobeStock_220120304.jpeg?w=768\" >\n<source media=\"(min-width: 768px) and (max-width: 1199px)\" data-srcset=\"https:\/\/www.msd.ch\/fr\/wp-content\/uploads\/sites\/87\/2021\/07\/AdobeStock_220120304.jpeg?h=768\" srcset=\"https:\/\/www.msd.ch\/fr\/wp-content\/uploads\/sites\/87\/2021\/07\/AdobeStock_220120304.jpeg?h=768\" >\n<source media=\"(min-width: 1200px) and (max-width: 1919px)\" data-srcset=\"https:\/\/www.msd.ch\/fr\/wp-content\/uploads\/sites\/87\/2021\/07\/AdobeStock_220120304.jpeg?w=1200\" srcset=\"https:\/\/www.msd.ch\/fr\/wp-content\/uploads\/sites\/87\/2021\/07\/AdobeStock_220120304.jpeg?w=1200\" >\n<source media=\"(min-width: 1920px)\" data-srcset=\"https:\/\/www.msd.ch\/fr\/wp-content\/uploads\/sites\/87\/2021\/07\/AdobeStock_220120304.jpeg?w=1920\" srcset=\"https:\/\/www.msd.ch\/fr\/wp-content\/uploads\/sites\/87\/2021\/07\/AdobeStock_220120304.jpeg?w=1920\" >\n\t<img data-src=\"https:\/\/www.msd.ch\/fr\/wp-content\/uploads\/sites\/87\/2021\/07\/AdobeStock_220120304.jpeg?w=1920\" alt=\"Seringue avec m\u00e9dicament\" class=\"eager \" loading=\"eager\" \/>\n<\/picture>                                    <\/div>\n                        <div class=\"mco-b2-hero-block-image-container-two\">\n                            <\/div>\n        <\/div>\n\n        <div class=\"mco-b2-hero-block-content-section\">\n            <nav class=\"breadcrumbs wrapper text-descriptive\"aria-label=\"Breadcrumbs\"><\/nav>            \n                            <h1>Vaccins<\/h1>\n            \n            \n                    <\/div>\n    <\/div>\n\n    \n<\/div>\n\n\n\n<div class=\"wp-block-columns is-layout-flex wp-container-core-columns-is-layout-9d6595d7 wp-block-columns-is-layout-flex\">\n<div class=\"wp-block-column is-layout-flow wp-block-column-is-layout-flow\" style=\"flex-basis:66.66%\">\n<div class=\"wp-block-columns is-layout-flex wp-container-core-columns-is-layout-9d6595d7 wp-block-columns-is-layout-flex\">\n<div class=\"wp-block-column is-layout-flow wp-block-column-is-layout-flow\">\n<h2 class=\"wp-block-heading\">Vaccins de MSD<\/h2>\n\n\n\n<p class=\"has-medium-font-size\"><a href=\"https:\/\/www.msd.ch\/fr\/capvaxive-veroffentlichung-der-ergebnisse-klinischer-studien\/\">CAPVAXIVE<\/a><\/p>\n\n\n\n<p class=\"has-medium-font-size\"><a href=\"https:\/\/www.msd.ch\/fr\/enflonsia-publication-of-clinical-trial-results\/\" target=\"_blank\" rel=\"noreferrer noopener\">ENFLONSIA<\/a><\/p>\n\n\n\n<p class=\"has-medium-font-size\"><a href=\"https:\/\/www.msd.ch\/fr\/ervebo-publication-of-clinical-trial-results\/\" target=\"_blank\" rel=\"noreferrer noopener\">ERVEBO<\/a><\/p>\n\n\n\n<p class=\"has-medium-font-size\">GARDASIL 9<\/p>\n\n\n\n<p class=\"has-medium-font-size\">HBVAXPRO 10<\/p>\n\n\n\n<p class=\"has-medium-font-size\">HBVAXPRO 40<\/p>\n\n\n\n<p class=\"has-medium-font-size\">M-M-RVAXPRO<\/p>\n\n\n\n<p class=\"has-medium-font-size\">PNEUMOVAX-23<\/p>\n\n\n\n<p class=\"has-medium-font-size\">PROQUAD<\/p>\n\n\n\n<p class=\"has-medium-font-size\">VARIVAX<\/p>\n\n\n\n<p class=\"has-medium-font-size\"><a href=\"https:\/\/www.msd.ch\/fr\/vaxneuvance-publication-of-clinical-trial-results\" target=\"_blank\" rel=\"noreferrer noopener\">VAXNEUVANCE<\/a><\/p>\n\n\n\n<p>Les informations destin\u00e9es aux professionnels et aux patient(e)s sont disponibles sur <a href=\"https:\/\/swissmedicinfo-pro.ch\/?Lang=FR\" target=\"_blank\" rel=\"noreferrer noopener nofollow\">swissmedicinfo-pro.ch<\/a>.<\/p>\n<\/div>\n<\/div>\n<\/div>\n\n\n\n<div class=\"wp-block-column is-layout-flow wp-block-column-is-layout-flow\" style=\"flex-basis:33.33%\">\n<h4 class=\"wp-block-heading\">Informations pour les professionnels de la sant\u00e9<\/h4>\n\n\n\n<p>Pour plus d&#8217;informations sur les vaccins et les m\u00e9dicaments de MSD, visitez mymsd.ch, le portail web exclusivement destin\u00e9 aux professionnels de la sant\u00e9. (exploit\u00e9 en allemand et en fran\u00e7ais)<\/p>\n\n\n\n<p><a href=\"https:\/\/www.mymsd.ch\/fr\/\" target=\"_blank\" rel=\"noreferrer noopener\"><strong>Acc\u00e9der au site professionnel www.mymsd.ch<\/strong><\/a><\/p>\n\n\n\n<hr class=\"wp-block-separator has-css-opacity\"\/>\n\n\n\n<div style=\"height:50px\" aria-hidden=\"true\" class=\"wp-block-spacer\"><\/div>\n\n\n\n<h4 class=\"wp-block-heading\">Informations pour les patient(e)s<\/h4>\n\n\n\n<p>Vous cherchez des informations sur des maladies sp\u00e9cifiques, leurs causes, leurs sympt\u00f4mes, leur pr\u00e9vention ou leur traitement? D\u00e9couvrez msd-gesundheit.ch, la plateforme d&#8217;information exclusivement destin\u00e9e aux patients. (exploit\u00e9e en allemand et en fran\u00e7ais)<\/p>\n\n\n\n<p><strong><a href=\"http:\/\/www.msd-gesundheit.ch\/fr\" target=\"_blank\" rel=\"noreferrer noopener\">Acc\u00e9der au site pour les patient(e)s www.msd-gesundheit.ch<\/a><\/strong><\/p>\n<\/div>\n<\/div>\n\n\n\n<h3 class=\"wp-block-heading\">Commande de vaccins MSD<\/h3>\n\n\n\n<p>Vous pouvez commander les vaccins MSD directement dans le<a href=\"https:\/\/msdorders.ch\/ch\/fr\/login\"> MSD Online-Shop<\/a>. Vous trouverez des instructions sur la mani\u00e8re de proc\u00e9der dans la courte vid\u00e9o suivante.<\/p>\n\n\n\n<div  class=\"inpsyde-brightcove__player\" style=\"position: relative\">\n\n    \n    <video-js class=\"video-js vjs-16-9\" data-embed=\"default\" data-player=\"default\" data-account=\"4090876667001\" data-video-id=\"6381287710112\" controls><\/video-js>\n\n    \n    <script src=\"https:\/\/players.brightcove.net\/4090876667001\/default_default\/index.min.js\"><\/script>\n<\/div>\n\n\n<p class=\"mt-2\"><sup>CH-GSL-00127, 02\/2026<\/sup><\/p>\n","protected":false},"excerpt":{"rendered":"<p>Vaccins de MSD CAPVAXIVE ENFLONSIA ERVEBO GARDASIL 9 HBVAXPRO 10 HBVAXPRO 40 M-M-RVAXPRO PNEUMOVAX-23 PROQUAD VARIVAX VAXNEUVANCE Les informations destin\u00e9es aux professionnels et aux patient(e)s sont disponibles sur swissmedicinfo-pro.ch. Informations pour les professionnels de la sant\u00e9 Pour plus d&#8217;informations sur les vaccins et les m\u00e9dicaments de MSD, visitez mymsd.ch, le portail web exclusivement destin\u00e9 aux [&hellip;]<\/p>\n","protected":false},"author":974,"featured_media":3474,"parent":1686,"menu_order":0,"comment_status":"closed","ping_status":"closed","template":"","meta":{"_acf_changed":false,"bdl_company_name":[],"bdl_item_external_link":[],"editor_notices":[],"footnotes":""},"class_list":["post-2754","page","type-page","status-publish","has-post-thumbnail","hentry"],"yoast_head":"<!-- This site is optimized with the Yoast SEO plugin v21.9.1 - https:\/\/yoast.com\/wordpress\/plugins\/seo\/ -->\n<title>Vaccins - msd.ch<\/title>\n<meta name=\"description\" content=\"Aper\u00e7u des vaccins de MSD.\" \/>\n<meta name=\"robots\" content=\"index, follow, max-snippet:-1, max-image-preview:large, max-video-preview:-1\" \/>\n<link rel=\"canonical\" href=\"https:\/\/www.msd.ch\/fr\/home\/vaccines\/\" \/>\n<meta property=\"og:locale\" content=\"en_US\" \/>\n<meta property=\"og:type\" content=\"article\" \/>\n<meta property=\"og:title\" content=\"Vaccins - msd.ch\" \/>\n<meta property=\"og:description\" content=\"Aper\u00e7u des vaccins de MSD.\" \/>\n<meta property=\"og:url\" content=\"https:\/\/www.msd.ch\/fr\/home\/vaccines\/\" \/>\n<meta property=\"og:site_name\" content=\"msd.ch\" \/>\n<meta property=\"article:modified_time\" content=\"2026-02-26T15:14:21+00:00\" \/>\n<meta property=\"og:image\" content=\"https:\/\/www.msd.ch\/fr\/wp-content\/uploads\/sites\/87\/2021\/07\/AdobeStock_220120304.jpeg?w=3240\" \/>\n\t<meta property=\"og:image:width\" content=\"3240\" \/>\n\t<meta property=\"og:image:height\" content=\"2160\" \/>\n\t<meta property=\"og:image:type\" content=\"image\/jpeg\" \/>\n<meta name=\"twitter:card\" content=\"summary_large_image\" \/>\n<meta name=\"twitter:label1\" content=\"Est. reading time\" \/>\n\t<meta name=\"twitter:data1\" content=\"1 minute\" \/>\n<script type=\"application\/ld+json\" class=\"yoast-schema-graph\">{\"@context\":\"https:\/\/schema.org\",\"@graph\":[{\"@type\":\"WebPage\",\"@id\":\"https:\/\/www.msd.ch\/fr\/home\/vaccines\/\",\"url\":\"https:\/\/www.msd.ch\/fr\/home\/vaccines\/\",\"name\":\"Vaccins - msd.ch\",\"isPartOf\":{\"@id\":\"https:\/\/www.msd.ch\/fr\/#website\"},\"datePublished\":\"2026-02-16T16:03:30+00:00\",\"dateModified\":\"2026-02-26T15:14:21+00:00\",\"description\":\"Aper\u00e7u des vaccins de MSD.\",\"breadcrumb\":{\"@id\":\"https:\/\/www.msd.ch\/fr\/home\/vaccines\/#breadcrumb\"},\"inLanguage\":\"en-US\",\"potentialAction\":[{\"@type\":\"ReadAction\",\"target\":[\"https:\/\/www.msd.ch\/fr\/home\/vaccines\/\"]}]},{\"@type\":\"BreadcrumbList\",\"@id\":\"https:\/\/www.msd.ch\/fr\/home\/vaccines\/#breadcrumb\",\"itemListElement\":[{\"@type\":\"ListItem\",\"position\":1,\"name\":\"Home\",\"item\":\"https:\/\/www.msd.ch\/fr\/\"},{\"@type\":\"ListItem\",\"position\":2,\"name\":\"Vaccins\"}]},{\"@type\":\"WebSite\",\"@id\":\"https:\/\/www.msd.ch\/fr\/#website\",\"url\":\"https:\/\/www.msd.ch\/fr\/\",\"name\":\"msd.ch\",\"description\":\"MSD recherche et d\u00e9veloppe des m\u00e9dicaments et des vaccins pour sauver des vies et am\u00e9liorer la sant\u00e9 des patients. En Suisse, 1000 employ\u00e9s \u00e0 Lucerne et \u00e0 Zurich s&#039;engagent dans ce sens.\",\"potentialAction\":[{\"@type\":\"SearchAction\",\"target\":{\"@type\":\"EntryPoint\",\"urlTemplate\":\"https:\/\/www.msd.ch\/fr\/?s={search_term_string}\"},\"query-input\":\"required name=search_term_string\"}],\"inLanguage\":\"en-US\"}]}<\/script>\n<!-- \/ Yoast SEO plugin. -->","yoast_head_json":{"title":"Vaccins - msd.ch","description":"Aper\u00e7u des vaccins de MSD.","robots":{"index":"index","follow":"follow","max-snippet":"max-snippet:-1","max-image-preview":"max-image-preview:large","max-video-preview":"max-video-preview:-1"},"canonical":"https:\/\/www.msd.ch\/fr\/home\/vaccines\/","og_locale":"en_US","og_type":"article","og_title":"Vaccins - msd.ch","og_description":"Aper\u00e7u des vaccins de MSD.","og_url":"https:\/\/www.msd.ch\/fr\/home\/vaccines\/","og_site_name":"msd.ch","article_modified_time":"2026-02-26T15:14:21+00:00","og_image":[{"url":"https:\/\/www.msd.ch\/fr\/wp-content\/uploads\/sites\/87\/2021\/07\/AdobeStock_220120304.jpeg?w=3240","width":3240,"height":2160,"type":"image\/jpeg"}],"twitter_card":"summary_large_image","twitter_misc":{"Est. reading time":"1 minute"},"schema":{"@context":"https:\/\/schema.org","@graph":[{"@type":"WebPage","@id":"https:\/\/www.msd.ch\/fr\/home\/vaccines\/","url":"https:\/\/www.msd.ch\/fr\/home\/vaccines\/","name":"Vaccins - msd.ch","isPartOf":{"@id":"https:\/\/www.msd.ch\/fr\/#website"},"datePublished":"2026-02-16T16:03:30+00:00","dateModified":"2026-02-26T15:14:21+00:00","description":"Aper\u00e7u des vaccins de MSD.","breadcrumb":{"@id":"https:\/\/www.msd.ch\/fr\/home\/vaccines\/#breadcrumb"},"inLanguage":"en-US","potentialAction":[{"@type":"ReadAction","target":["https:\/\/www.msd.ch\/fr\/home\/vaccines\/"]}]},{"@type":"BreadcrumbList","@id":"https:\/\/www.msd.ch\/fr\/home\/vaccines\/#breadcrumb","itemListElement":[{"@type":"ListItem","position":1,"name":"Home","item":"https:\/\/www.msd.ch\/fr\/"},{"@type":"ListItem","position":2,"name":"Vaccins"}]},{"@type":"WebSite","@id":"https:\/\/www.msd.ch\/fr\/#website","url":"https:\/\/www.msd.ch\/fr\/","name":"msd.ch","description":"MSD recherche et d\u00e9veloppe des m\u00e9dicaments et des vaccins pour sauver des vies et am\u00e9liorer la sant\u00e9 des patients. En Suisse, 1000 employ\u00e9s \u00e0 Lucerne et \u00e0 Zurich s&#039;engagent dans ce sens.","potentialAction":[{"@type":"SearchAction","target":{"@type":"EntryPoint","urlTemplate":"https:\/\/www.msd.ch\/fr\/?s={search_term_string}"},"query-input":"required name=search_term_string"}],"inLanguage":"en-US"}]}},"acf":[],"_links":{"self":[{"href":"https:\/\/www.msd.ch\/fr\/wp-json\/wp\/v2\/pages\/2754","targetHints":{"allow":["GET"]}}],"collection":[{"href":"https:\/\/www.msd.ch\/fr\/wp-json\/wp\/v2\/pages"}],"about":[{"href":"https:\/\/www.msd.ch\/fr\/wp-json\/wp\/v2\/types\/page"}],"author":[{"embeddable":true,"href":"https:\/\/www.msd.ch\/fr\/wp-json\/wp\/v2\/users\/974"}],"replies":[{"embeddable":true,"href":"https:\/\/www.msd.ch\/fr\/wp-json\/wp\/v2\/comments?post=2754"}],"version-history":[{"count":88,"href":"https:\/\/www.msd.ch\/fr\/wp-json\/wp\/v2\/pages\/2754\/revisions"}],"predecessor-version":[{"id":9042,"href":"https:\/\/www.msd.ch\/fr\/wp-json\/wp\/v2\/pages\/2754\/revisions\/9042"}],"up":[{"embeddable":true,"href":"https:\/\/www.msd.ch\/fr\/wp-json\/wp\/v2\/pages\/1686"}],"wp:featuredmedia":[{"embeddable":true,"href":"https:\/\/www.msd.ch\/fr\/wp-json\/wp\/v2\/media\/3474"}],"wp:attachment":[{"href":"https:\/\/www.msd.ch\/fr\/wp-json\/wp\/v2\/media?parent=2754"}],"curies":[{"name":"wp","href":"https:\/\/api.w.org\/{rel}","templated":true}]}}