{"id":2984,"date":"2026-03-31T21:15:26","date_gmt":"2026-03-31T19:15:26","guid":{"rendered":"https:\/\/vip2-msd.com\/switzerland\/?page_id=2984"},"modified":"2026-03-31T21:16:44","modified_gmt":"2026-03-31T19:16:44","slug":"contact","status":"publish","type":"page","link":"https:\/\/www.msd.ch\/fr\/home\/contact\/","title":{"rendered":"Contact"},"content":{"rendered":"\n<div id=\"mco-b2-hero-block-block_d56a880b235805586c909adfd1bfdf26\" class=\"mco-b2-hero-block full mccberg-block\">\n    <div class=\"mco-b2-hero-block-wrapper\">\n        <div class=\"mco-b2-hero-block-image-section \">\n\n                            <div class=\"mco-b2-hero-block-image-container \">\n                    <picture >\n\t<source media=\"(max-width: 767px)\" data-srcset=\"https:\/\/www.msd.ch\/fr\/wp-content\/uploads\/sites\/87\/2023\/06\/AdobeStock_5453418121.jpeg?w=768\" srcset=\"https:\/\/www.msd.ch\/fr\/wp-content\/uploads\/sites\/87\/2023\/06\/AdobeStock_5453418121.jpeg?w=768\" >\n<source media=\"(min-width: 768px) and (max-width: 1199px)\" data-srcset=\"https:\/\/www.msd.ch\/fr\/wp-content\/uploads\/sites\/87\/2023\/06\/AdobeStock_5453418121.jpeg?h=768\" srcset=\"https:\/\/www.msd.ch\/fr\/wp-content\/uploads\/sites\/87\/2023\/06\/AdobeStock_5453418121.jpeg?h=768\" >\n<source media=\"(min-width: 1200px) and (max-width: 1919px)\" data-srcset=\"https:\/\/www.msd.ch\/fr\/wp-content\/uploads\/sites\/87\/2023\/06\/AdobeStock_5453418121.jpeg?w=1200\" srcset=\"https:\/\/www.msd.ch\/fr\/wp-content\/uploads\/sites\/87\/2023\/06\/AdobeStock_5453418121.jpeg?w=1200\" >\n<source media=\"(min-width: 1920px)\" data-srcset=\"https:\/\/www.msd.ch\/fr\/wp-content\/uploads\/sites\/87\/2023\/06\/AdobeStock_5453418121.jpeg?w=1920\" srcset=\"https:\/\/www.msd.ch\/fr\/wp-content\/uploads\/sites\/87\/2023\/06\/AdobeStock_5453418121.jpeg?w=1920\" >\n\t<img data-src=\"https:\/\/www.msd.ch\/fr\/wp-content\/uploads\/sites\/87\/2023\/06\/AdobeStock_5453418121.jpeg?w=1920\" alt=\"Femme avec casque\" class=\"eager \" loading=\"eager\" \/>\n<\/picture>                                    <\/div>\n                        <div class=\"mco-b2-hero-block-image-container-two\">\n                            <\/div>\n        <\/div>\n\n        <div class=\"mco-b2-hero-block-content-section\">\n            <nav class=\"breadcrumbs wrapper text-descriptive\"aria-label=\"Breadcrumbs\"><\/nav>            \n                            <h1>Comment nous joindre<\/h1>\n            \n                            <div class=\"mco-b2-hero-block-description\"><p>Nos sites, num\u00e9ros de t\u00e9l\u00e9phone et adresses \u00e9lectroniques<\/p>\n<\/div>\n            \n                    <\/div>\n    <\/div>\n\n    \n<\/div>\n\n\n\n<div class=\"wp-block-columns is-layout-flex wp-container-core-columns-is-layout-9d6595d7 wp-block-columns-is-layout-flex\">\n<div class=\"wp-block-column is-layout-flow wp-block-column-is-layout-flow\">\n<h3 class=\"wp-block-heading\">Sites et num\u00e9ros de t\u00e9l\u00e9phone<\/h3>\n\n\n\n<p id=\"block-7e1eeb94-9c86-4e81-92ca-91e5786224ef\"><strong>Site MSD de Lucerne<br><\/strong>B\u00fcrgenstrasse 8<br>T\u00e9l. R\u00e9ception +41 58 618 30 30<br>T\u00e9l. Service client\u00e8le sant\u00e9 humaine +41 58 618 38 38<br>T\u00e9l. Service client\u00e8le sant\u00e9 animale +41 58 618 14 14<br><a href=\"https:\/\/maps.app.goo.gl\/8hkSZMZXELbiauMQA\">Google Maps<\/a><\/p>\n\n\n\n<p id=\"block-4ad5b75f-938f-48e0-8b97-c54e8c195721\"><strong>Site MSD de Schachen<br><\/strong>Industrie Nord 1<br>CH-6105 Schachen (Lucerne)<br>T\u00e9l. R\u00e9ception +41 41 499 97 97<br><a href=\"https:\/\/www.google.com\/maps\/place\/MSD+Werthenstein+BioPharma+GmbH\/@47.041915,8.1308059,17z\/data=!3m1!4b1!4m5!3m4!1s0x478fe660161f0869:0x38bca28d055c80d5!8m2!3d47.041915!4d8.1329946\">Google Maps<\/a><\/p>\n\n\n\n<p id=\"block-cea63c1d-7af9-4b1e-908d-94c5b0d46b13\"><strong>Site MSD de Zurich<br><\/strong>The Circle 66<br>CH-8058 Zurich-A\u00e9roport<br>T\u00e9l. R\u00e9ception +41 58 618 40 40<br><a href=\"https:\/\/www.google.ch\/maps\/place\/The+Circle\/@47.4507143,8.5630023,17z\/data=!3m1!4b1!4m5!3m4!1s0x479075f86236f43f:0x3df7848cf9876342!8m2!3d47.4507107!4d8.565191\">Google Maps<\/a><\/p>\n<\/div>\n\n\n\n<div class=\"wp-block-column is-layout-flow wp-block-column-is-layout-flow\">\n<h3 class=\"wp-block-heading\">Adresses \u00e9lectroniques pour les demandes de renseignements et les services<\/h3>\n\n\n\n<p><strong>Demandes pour le service client\u00e8le MSD<\/strong><br><a href=\"mailto:msd.kundendienst@msd.com\">Email<\/a><\/p>\n\n\n\n<p><strong>R\u00e9clamations sur les produits ou contrefa\u00e7ons de produits<\/strong><br><a data-type=\"mailto\" data-id=\"mailto:dpoc.switzerland@msd.com\" href=\"mailto:dpoc.switzerland@msd.com\">Email<\/a><\/p>\n\n\n\n<p><strong>Demandes m\u00e9dicales<\/strong><br><a href=\"mailto:dpoc.switzerland@msd.com\">Email<\/a><\/p>\n\n\n\n<p><strong>Commande de brochures sur les produits et de mat\u00e9riel d&#8217;information sur les maladies<br><\/strong><a href=\"mailto:salesmarketing@msd.com\">Email<\/a><\/p>\n\n\n\n<p><strong>Questions sur les m\u00e9dicaments v\u00e9t\u00e9rinaires<\/strong><br><a href=\"mailto:info.ch.ah@msd.com\">Email<\/a><\/p>\n\n\n\n<p><strong>Annonces d\u2019effets secondaires ou d\u2019\u00e9v\u00e8nements ind\u00e9sirables<\/strong><br>Vous pouvez signaler des effets ind\u00e9sirables pr\u00e9sum\u00e9s ou des \u00e9v\u00e9nements \u00e0 <a>dpoc.switzerland@msd.com<\/a>.<br>Vous pouvez \u00e9galement soumettre des effets secondaires directement \u00e0 <a href=\"https:\/\/nebenwirkung-melden.swissmedic.admin.ch\/fr\/index.php\" target=\"_blank\" rel=\"noreferrer noopener\">Swissmedic <\/a>via un formulaire en ligne.<\/p>\n\n\n\n<div style=\"height:20px\" aria-hidden=\"true\" class=\"wp-block-spacer\"><\/div>\n\n\n\n<p><strong><strong>Si vous \u00eates un patient et que vous avez des questions d&#8217;ordre m\u00e9dical concernant votre \u00e9tat ou vos m\u00e9dicaments, veuillez consulter votre m\u00e9decin. MSD ne fournit pas de conseils m\u00e9dicaux sur les options de traitement et les m\u00e9dicaments pour les patients.<\/strong><\/strong><\/p>\n<\/div>\n<\/div>\n\n\n\n<p><sup>CH-NON-01362, 03\/2026<\/sup><\/p>\n","protected":false},"excerpt":{"rendered":"<p>Sites et num\u00e9ros de t\u00e9l\u00e9phone Site MSD de LucerneB\u00fcrgenstrasse 8T\u00e9l. R\u00e9ception +41 58 618 30 30T\u00e9l. Service client\u00e8le sant\u00e9 humaine +41 58 618 38 38T\u00e9l. Service client\u00e8le sant\u00e9 animale +41 58 618 14 14Google Maps Site MSD de SchachenIndustrie Nord 1CH-6105 Schachen (Lucerne)T\u00e9l. R\u00e9ception +41 41 499 97 97Google Maps Site MSD de ZurichThe Circle [&hellip;]<\/p>\n","protected":false},"author":974,"featured_media":2986,"parent":1686,"menu_order":0,"comment_status":"closed","ping_status":"closed","template":"","meta":{"_acf_changed":false,"bdl_company_name":[],"bdl_item_external_link":[],"editor_notices":[],"footnotes":""},"class_list":["post-2984","page","type-page","status-publish","has-post-thumbnail","hentry"],"yoast_head":"<!-- This site is optimized with the Yoast SEO plugin v21.9.1 - https:\/\/yoast.com\/wordpress\/plugins\/seo\/ -->\n<title>Contact - MSD Suisse | msd.ch<\/title>\n<meta name=\"description\" content=\"Vous souhaitez entrer en contact avec MSD Suisse? Voir nos emplacements, num\u00e9ros de t\u00e9l\u00e9phone et adresses e-mail.\" \/>\n<meta name=\"robots\" content=\"index, follow, max-snippet:-1, max-image-preview:large, max-video-preview:-1\" \/>\n<link rel=\"canonical\" href=\"https:\/\/www.msd.ch\/fr\/home\/contact\/\" \/>\n<meta property=\"og:locale\" content=\"en_US\" \/>\n<meta property=\"og:type\" content=\"article\" \/>\n<meta property=\"og:title\" content=\"Contact - MSD Suisse | msd.ch\" \/>\n<meta property=\"og:description\" content=\"Vous souhaitez entrer en contact avec MSD Suisse? Voir nos emplacements, num\u00e9ros de t\u00e9l\u00e9phone et adresses e-mail.\" \/>\n<meta property=\"og:url\" content=\"https:\/\/www.msd.ch\/fr\/home\/contact\/\" \/>\n<meta property=\"og:site_name\" content=\"msd.ch\" \/>\n<meta property=\"article:modified_time\" content=\"2026-03-31T19:16:44+00:00\" \/>\n<meta property=\"og:image\" content=\"https:\/\/www.msd.ch\/fr\/wp-content\/uploads\/sites\/87\/2021\/06\/contact_title-e1631709286186.jpg\" \/>\n\t<meta property=\"og:image:width\" content=\"1045\" \/>\n\t<meta property=\"og:image:height\" content=\"752\" \/>\n\t<meta property=\"og:image:type\" content=\"image\/jpeg\" \/>\n<meta name=\"twitter:card\" content=\"summary_large_image\" \/>\n<meta name=\"twitter:label1\" content=\"Est. reading time\" \/>\n\t<meta name=\"twitter:data1\" content=\"1 minute\" \/>\n<script type=\"application\/ld+json\" class=\"yoast-schema-graph\">{\"@context\":\"https:\/\/schema.org\",\"@graph\":[{\"@type\":\"WebPage\",\"@id\":\"https:\/\/www.msd.ch\/fr\/home\/contact\/\",\"url\":\"https:\/\/www.msd.ch\/fr\/home\/contact\/\",\"name\":\"Contact - MSD Suisse | msd.ch\",\"isPartOf\":{\"@id\":\"https:\/\/www.msd.ch\/fr\/#website\"},\"datePublished\":\"2026-03-31T19:15:26+00:00\",\"dateModified\":\"2026-03-31T19:16:44+00:00\",\"description\":\"Vous souhaitez entrer en contact avec MSD Suisse? Voir nos emplacements, num\u00e9ros de t\u00e9l\u00e9phone et adresses e-mail.\",\"breadcrumb\":{\"@id\":\"https:\/\/www.msd.ch\/fr\/home\/contact\/#breadcrumb\"},\"inLanguage\":\"en-US\",\"potentialAction\":[{\"@type\":\"ReadAction\",\"target\":[\"https:\/\/www.msd.ch\/fr\/home\/contact\/\"]}]},{\"@type\":\"BreadcrumbList\",\"@id\":\"https:\/\/www.msd.ch\/fr\/home\/contact\/#breadcrumb\",\"itemListElement\":[{\"@type\":\"ListItem\",\"position\":1,\"name\":\"Home\",\"item\":\"https:\/\/www.msd.ch\/fr\/\"},{\"@type\":\"ListItem\",\"position\":2,\"name\":\"Contact\"}]},{\"@type\":\"WebSite\",\"@id\":\"https:\/\/www.msd.ch\/fr\/#website\",\"url\":\"https:\/\/www.msd.ch\/fr\/\",\"name\":\"msd.ch\",\"description\":\"MSD recherche et d\u00e9veloppe des m\u00e9dicaments et des vaccins pour sauver des vies et am\u00e9liorer la sant\u00e9 des patients. En Suisse, 1000 employ\u00e9s \u00e0 Lucerne et \u00e0 Zurich s&#039;engagent dans ce sens.\",\"potentialAction\":[{\"@type\":\"SearchAction\",\"target\":{\"@type\":\"EntryPoint\",\"urlTemplate\":\"https:\/\/www.msd.ch\/fr\/?s={search_term_string}\"},\"query-input\":\"required name=search_term_string\"}],\"inLanguage\":\"en-US\"}]}<\/script>\n<!-- \/ Yoast SEO plugin. -->","yoast_head_json":{"title":"Contact - MSD Suisse | msd.ch","description":"Vous souhaitez entrer en contact avec MSD Suisse? Voir nos emplacements, num\u00e9ros de t\u00e9l\u00e9phone et adresses e-mail.","robots":{"index":"index","follow":"follow","max-snippet":"max-snippet:-1","max-image-preview":"max-image-preview:large","max-video-preview":"max-video-preview:-1"},"canonical":"https:\/\/www.msd.ch\/fr\/home\/contact\/","og_locale":"en_US","og_type":"article","og_title":"Contact - MSD Suisse | msd.ch","og_description":"Vous souhaitez entrer en contact avec MSD Suisse? Voir nos emplacements, num\u00e9ros de t\u00e9l\u00e9phone et adresses e-mail.","og_url":"https:\/\/www.msd.ch\/fr\/home\/contact\/","og_site_name":"msd.ch","article_modified_time":"2026-03-31T19:16:44+00:00","og_image":[{"width":1045,"height":752,"url":"https:\/\/www.msd.ch\/fr\/wp-content\/uploads\/sites\/87\/2021\/06\/contact_title-e1631709286186.jpg","type":"image\/jpeg"}],"twitter_card":"summary_large_image","twitter_misc":{"Est. reading time":"1 minute"},"schema":{"@context":"https:\/\/schema.org","@graph":[{"@type":"WebPage","@id":"https:\/\/www.msd.ch\/fr\/home\/contact\/","url":"https:\/\/www.msd.ch\/fr\/home\/contact\/","name":"Contact - MSD Suisse | msd.ch","isPartOf":{"@id":"https:\/\/www.msd.ch\/fr\/#website"},"datePublished":"2026-03-31T19:15:26+00:00","dateModified":"2026-03-31T19:16:44+00:00","description":"Vous souhaitez entrer en contact avec MSD Suisse? Voir nos emplacements, num\u00e9ros de t\u00e9l\u00e9phone et adresses e-mail.","breadcrumb":{"@id":"https:\/\/www.msd.ch\/fr\/home\/contact\/#breadcrumb"},"inLanguage":"en-US","potentialAction":[{"@type":"ReadAction","target":["https:\/\/www.msd.ch\/fr\/home\/contact\/"]}]},{"@type":"BreadcrumbList","@id":"https:\/\/www.msd.ch\/fr\/home\/contact\/#breadcrumb","itemListElement":[{"@type":"ListItem","position":1,"name":"Home","item":"https:\/\/www.msd.ch\/fr\/"},{"@type":"ListItem","position":2,"name":"Contact"}]},{"@type":"WebSite","@id":"https:\/\/www.msd.ch\/fr\/#website","url":"https:\/\/www.msd.ch\/fr\/","name":"msd.ch","description":"MSD recherche et d\u00e9veloppe des m\u00e9dicaments et des vaccins pour sauver des vies et am\u00e9liorer la sant\u00e9 des patients. En Suisse, 1000 employ\u00e9s \u00e0 Lucerne et \u00e0 Zurich s&#039;engagent dans ce sens.","potentialAction":[{"@type":"SearchAction","target":{"@type":"EntryPoint","urlTemplate":"https:\/\/www.msd.ch\/fr\/?s={search_term_string}"},"query-input":"required name=search_term_string"}],"inLanguage":"en-US"}]}},"acf":[],"_links":{"self":[{"href":"https:\/\/www.msd.ch\/fr\/wp-json\/wp\/v2\/pages\/2984","targetHints":{"allow":["GET"]}}],"collection":[{"href":"https:\/\/www.msd.ch\/fr\/wp-json\/wp\/v2\/pages"}],"about":[{"href":"https:\/\/www.msd.ch\/fr\/wp-json\/wp\/v2\/types\/page"}],"author":[{"embeddable":true,"href":"https:\/\/www.msd.ch\/fr\/wp-json\/wp\/v2\/users\/974"}],"replies":[{"embeddable":true,"href":"https:\/\/www.msd.ch\/fr\/wp-json\/wp\/v2\/comments?post=2984"}],"version-history":[{"count":45,"href":"https:\/\/www.msd.ch\/fr\/wp-json\/wp\/v2\/pages\/2984\/revisions"}],"predecessor-version":[{"id":9292,"href":"https:\/\/www.msd.ch\/fr\/wp-json\/wp\/v2\/pages\/2984\/revisions\/9292"}],"up":[{"embeddable":true,"href":"https:\/\/www.msd.ch\/fr\/wp-json\/wp\/v2\/pages\/1686"}],"wp:featuredmedia":[{"embeddable":true,"href":"https:\/\/www.msd.ch\/fr\/wp-json\/wp\/v2\/media\/2986"}],"wp:attachment":[{"href":"https:\/\/www.msd.ch\/fr\/wp-json\/wp\/v2\/media?parent=2984"}],"curies":[{"name":"wp","href":"https:\/\/api.w.org\/{rel}","templated":true}]}}