{"id":3071,"date":"2025-11-28T12:20:39","date_gmt":"2025-11-28T10:20:39","guid":{"rendered":"https:\/\/vip2-msd.com\/switzerland\/?page_id=3071"},"modified":"2026-02-02T22:19:43","modified_gmt":"2026-02-02T20:19:43","slug":"medicines","status":"publish","type":"page","link":"https:\/\/www.msd.ch\/fr\/home\/medicines\/","title":{"rendered":"M\u00e9dicaments"},"content":{"rendered":"\n<div id=\"mco-b2-hero-block-block_20bff3e8ca02ac5d721f6505d3ad6f48\" class=\"mco-b2-hero-block full mccberg-block\">\n    <div class=\"mco-b2-hero-block-wrapper\">\n        <div class=\"mco-b2-hero-block-image-section \">\n                            <div class=\"mco-b2-hero-block-image-container \">\n                    <picture >\n\t<source media=\"(max-width: 767px)\" data-srcset=\"https:\/\/www.msd.ch\/fr\/wp-content\/uploads\/sites\/87\/2021\/04\/MSD-Home-InventingforLife.jpg?w=768\" srcset=\"https:\/\/www.msd.ch\/fr\/wp-content\/uploads\/sites\/87\/2021\/04\/MSD-Home-InventingforLife.jpg?w=768\" >\n<source media=\"(min-width: 768px) and (max-width: 1199px)\" data-srcset=\"https:\/\/www.msd.ch\/fr\/wp-content\/uploads\/sites\/87\/2021\/04\/MSD-Home-InventingforLife.jpg?h=768\" srcset=\"https:\/\/www.msd.ch\/fr\/wp-content\/uploads\/sites\/87\/2021\/04\/MSD-Home-InventingforLife.jpg?h=768\" >\n<source media=\"(min-width: 1200px) and (max-width: 1919px)\" data-srcset=\"https:\/\/www.msd.ch\/fr\/wp-content\/uploads\/sites\/87\/2021\/04\/MSD-Home-InventingforLife.jpg?w=1200\" srcset=\"https:\/\/www.msd.ch\/fr\/wp-content\/uploads\/sites\/87\/2021\/04\/MSD-Home-InventingforLife.jpg?w=1200\" >\n<source media=\"(min-width: 1920px)\" data-srcset=\"https:\/\/www.msd.ch\/fr\/wp-content\/uploads\/sites\/87\/2021\/04\/MSD-Home-InventingforLife.jpg?w=1920\" srcset=\"https:\/\/www.msd.ch\/fr\/wp-content\/uploads\/sites\/87\/2021\/04\/MSD-Home-InventingforLife.jpg?w=1920\" >\n\t<img data-src=\"https:\/\/www.msd.ch\/fr\/wp-content\/uploads\/sites\/87\/2021\/04\/MSD-Home-InventingforLife.jpg?w=1920\" alt=\"\" class=\"eager \" loading=\"eager\" \/>\n<\/picture>                                    <\/div>\n                        <div class=\"mco-b2-hero-block-image-container-two\">\n                            <\/div>\n        <\/div>\n\n        <div class=\"mco-b2-hero-block-content-section\">\n            <nav class=\"breadcrumbs wrapper text-descriptive\"aria-label=\"Breadcrumbs\"><\/nav>            \n                            <h1>M\u00e9dicaments<\/h1>\n            \n            \n                    <\/div>\n    <\/div>\n\n    \n<\/div>\n\n\n\n<div class=\"wp-block-columns is-layout-flex wp-container-core-columns-is-layout-9d6595d7 wp-block-columns-is-layout-flex\">\n<div class=\"wp-block-column is-layout-flow wp-block-column-is-layout-flow\" style=\"flex-basis:66.66%\">\n<div class=\"wp-block-columns is-layout-flex wp-container-core-columns-is-layout-9d6595d7 wp-block-columns-is-layout-flex\">\n<div class=\"wp-block-column is-layout-flow wp-block-column-is-layout-flow\">\n<h2 class=\"wp-block-heading\">M\u00e9dicaments de MSD<\/h2>\n\n\n\n<p><strong>BRIDION <\/strong>(Sugammadex)<\/p>\n\n\n\n<p><strong>CUBICIN<\/strong> (Daptomycinum)<\/p>\n\n\n\n<p><strong>DELSTRIGO<\/strong> (Doravirinum, Lamivudinum, Tenofovirum disoproxilum)<\/p>\n\n\n\n<p><strong>EMEND <\/strong>(Aprepitant)<\/p>\n\n\n\n<p><strong>ESMERON<\/strong> (Rocuronium bromide)<\/p>\n\n\n\n<p><strong>INVANZ<\/strong> (Ertapenem)<\/p>\n\n\n\n<p><strong>ISENTRESS<\/strong> (Raltegravir)<\/p>\n\n\n\n<p><strong>IVEMEND 150 mg<\/strong> (Fosaprepitant Dimeglumine)<\/p>\n\n\n\n<p><strong>JANUMET<\/strong> (Sitagliptin, Metformin)<\/p>\n\n\n\n<p><strong>JANUMET XR<\/strong> (Sitagliptin, Metformine \u00e0 lib\u00e9ration retard\u00e9e)<\/p>\n\n\n\n<p><strong>JANUVIA<\/strong> (Sitagliptin)<\/p>\n\n\n\n<p><strong>KEYTRUDA <\/strong>(Pembrolizumab)<\/p>\n\n\n\n<p><a href=\"https:\/\/www.msd.ch\/fr\/lyfnua-publication-of-clinical-trial-results\/\" target=\"_blank\" rel=\"noreferrer noopener\"><strong>LYFNUA<\/strong> (Gefapixant)<\/a><\/p>\n\n\n\n<p><strong>NOXAFIL Concentr\u00e9 pour la pr\u00e9paration d&#8217;une solution de perfusion<\/strong> (Posaconazol)<\/p>\n\n\n\n<p><strong>NOXAFIL comprim\u00e9 ent\u00e9rique<\/strong> (Posaconazole)<\/p>\n\n\n\n<p><strong>NOXAFIL Suspension orale<\/strong> (Posaconazole)<\/p>\n\n\n\n<p><strong>ONCOTICE <\/strong>(Bacille de Calmette-Gu\u00e9rin)<\/p>\n\n\n\n<p><strong>PREVYMIS <\/strong>(L\u00e9termovir)<\/p>\n\n\n\n<p><strong>PREVYMIS IV<\/strong> (L\u00e9termovir)<\/p>\n\n\n\n<p><strong>PIFELTRO <\/strong>(Doravirinum)<\/p>\n\n\n\n<p><strong>PROGLICEM <\/strong>(Diazoxide)<\/p>\n\n\n\n<p><strong>STEGLATRO <\/strong>(Ertugliflozin)<\/p>\n\n\n\n<p><strong>STEGLUJAN <\/strong>(Ertugliflozin, Sitagliptin)<\/p>\n\n\n\n<p><strong>TEMODAL <\/strong>Kapseln (Temozolomide)<\/p>\n\n\n\n<p><strong><a href=\"https:\/\/www.msd.ch\/fr\/welireg-publication-of-clinical-trial-results\/\" target=\"_blank\" rel=\"noreferrer noopener\">WELIREG<\/a> <\/strong>(Belzutifan)<\/p>\n\n\n\n<p><strong><a href=\"https:\/\/www.msd.ch\/fr\/winrevair-publication-of-clinical-trial-results\/\" target=\"_blank\" rel=\"noreferrer noopener\">WINREVAIR<\/a><\/strong> (Sotatercept)<\/p>\n\n\n\n<p><strong>ZERBAXA <\/strong>(Ceftolozanum, Tazobactamum)<\/p>\n\n\n\n<p><strong>ZINPLAVA <\/strong>(Bezlotoxumab)<\/p>\n<\/div>\n<\/div>\n<\/div>\n\n\n\n<div class=\"wp-block-column is-layout-flow wp-block-column-is-layout-flow\" style=\"flex-basis:33.33%\">\n<h4 class=\"wp-block-heading\"><br>Informations pour les professionnels de la sant\u00e9<\/h4>\n\n\n\n<p>Vous trouverez de plus amples informations sur les m\u00e9dicaments de MSD sur mymsd.ch, le portail web exclusivement r\u00e9serv\u00e9 aux professionnels de la sant\u00e9.<\/p>\n\n\n\n<p><a href=\"https:\/\/www.mymsd.ch\/fr\/\" target=\"_blank\" rel=\"noreferrer noopener\"><strong>Acc\u00e9der au site professionnel www.mymsd.ch<\/strong><\/a><\/p>\n\n\n\n<div style=\"height:30px\" aria-hidden=\"true\" class=\"wp-block-spacer\"><\/div>\n\n\n\n<hr class=\"wp-block-separator has-css-opacity\" \/>\n\n\n\n<h4 class=\"wp-block-heading\">Informations pour les patient(e)s<\/h4>\n\n\n\n<p>Vous cherchez des informations sur certaines maladies, leurs causes, leurs sympt\u00f4mes, leur pr\u00e9vention ou leur traitement ? D\u00e9couvrez msd-gesundheit.ch, la plate-forme d&#8217;information exclusivement r\u00e9serv\u00e9e aux patients.<\/p>\n\n\n\n<p><strong><a href=\"http:\/\/www.msd-gesundheit.ch\/fr\" target=\"_blank\" rel=\"noreferrer noopener\">Acc\u00e9der au site pour les patient(e)s www.msd-gesundheit.ch<\/a><\/strong><\/p>\n\n\n\n<div style=\"height:30px\" aria-hidden=\"true\" class=\"wp-block-spacer\"><\/div>\n\n\n\n<hr class=\"wp-block-separator has-css-opacity\" \/>\n\n\n\n<h4 class=\"wp-block-heading\">Commande de m\u00e9dicaments MSD<\/h4>\n\n\n\n<p>Vous pouvez commander des vaccins MSD ainsi que certains m\u00e9dicaments dans la boutique en ligne de MSD. Un tutoriel vid\u00e9o est disponible plus bas.<\/p>\n\n\n\n<p><strong><a href=\"https:\/\/msdorders.ch\/fr\/\">Acc\u00e9der \u00e0 la boutique en ligne de MSD<\/a><\/strong><\/p>\n<\/div>\n<\/div>\n\n\n\n<p>Vous trouvez l\u2019information professionnelle et la notice d\u2019emballage pour les patients sous\u00a0<a href=\"https:\/\/swissmedicinfo-pro.ch\/?Lang=FR\" target=\"_blank\" rel=\"noreferrer noopener nofollow\">swissmedicinfo-pro.ch<\/a>.<\/p>\n\n\n\n<div style=\"height:60px\" aria-hidden=\"true\" class=\"wp-block-spacer\"><\/div>\n\n\n\n<h2 class=\"wp-block-heading\">Commande de m\u00e9dicaments MSD<\/h2>\n\n\n\n<p>Vous pouvez commander des vaccins MSD ainsi que certains m\u00e9dicaments dans la <a href=\"https:\/\/msdorders.ch\/fr\/\">boutique en ligne de MSD<\/a>. Vous trouverez les instructions dans la courte vid\u00e9o ci-dessous.<\/p>\n\n\n\n<div  class=\"inpsyde-brightcove__player\" style=\"position: relative\">\n\n    \n    <video-js class=\"video-js vjs-16-9\" data-embed=\"default\" data-player=\"default\" data-account=\"4090876667001\" data-video-id=\"6381287710112\" controls><\/video-js>\n\n    \n    <script src=\"https:\/\/players.brightcove.net\/4090876667001\/default_default\/index.min.js\"><\/script>\n<\/div>\n\n\n<div style=\"height:100px\" aria-hidden=\"true\" class=\"wp-block-spacer\"><\/div>\n\n\n\n<p><sup>CH-NON-01291, 11\/2025<\/sup><\/p>\n","protected":false},"excerpt":{"rendered":"<p>M\u00e9dicaments de MSD BRIDION (Sugammadex) CUBICIN (Daptomycinum) DELSTRIGO (Doravirinum, Lamivudinum, Tenofovirum disoproxilum) EMEND (Aprepitant) ESMERON (Rocuronium bromide) INVANZ (Ertapenem) ISENTRESS (Raltegravir) IVEMEND 150 mg (Fosaprepitant Dimeglumine) JANUMET (Sitagliptin, Metformin) JANUMET XR (Sitagliptin, Metformine \u00e0 lib\u00e9ration retard\u00e9e) JANUVIA (Sitagliptin) KEYTRUDA (Pembrolizumab) LYFNUA (Gefapixant) NOXAFIL Concentr\u00e9 pour la pr\u00e9paration d&#8217;une solution de perfusion (Posaconazol) NOXAFIL comprim\u00e9 ent\u00e9rique [&hellip;]<\/p>\n","protected":false},"author":974,"featured_media":4010,"parent":1686,"menu_order":0,"comment_status":"closed","ping_status":"closed","template":"","meta":{"_acf_changed":false,"bdl_company_name":[],"bdl_item_external_link":[],"editor_notices":[],"footnotes":""},"class_list":["post-3071","page","type-page","status-publish","has-post-thumbnail","hentry"],"yoast_head":"<!-- This site is optimized with the Yoast SEO plugin v21.9.1 - https:\/\/yoast.com\/wordpress\/plugins\/seo\/ -->\n<title>M\u00e9dicaments - msd.ch<\/title>\n<meta name=\"description\" content=\"M\u00e9dicaments de MSD\" \/>\n<meta name=\"robots\" content=\"index, follow, max-snippet:-1, max-image-preview:large, max-video-preview:-1\" \/>\n<link rel=\"canonical\" href=\"https:\/\/www.msd.ch\/fr\/home\/medicines\/\" \/>\n<meta property=\"og:locale\" content=\"en_US\" \/>\n<meta property=\"og:type\" content=\"article\" \/>\n<meta property=\"og:title\" content=\"M\u00e9dicaments - msd.ch\" \/>\n<meta property=\"og:description\" content=\"M\u00e9dicaments de MSD\" \/>\n<meta property=\"og:url\" content=\"https:\/\/www.msd.ch\/fr\/home\/medicines\/\" \/>\n<meta property=\"og:site_name\" content=\"msd.ch\" \/>\n<meta property=\"article:modified_time\" content=\"2026-02-02T20:19:43+00:00\" \/>\n<meta property=\"og:image\" content=\"https:\/\/www.msd.ch\/fr\/wp-content\/uploads\/sites\/87\/2021\/07\/iStock-137547809-1-300-CMYK.jpg?w=1440\" \/>\n\t<meta property=\"og:image:width\" content=\"1440\" \/>\n\t<meta property=\"og:image:height\" content=\"2160\" \/>\n\t<meta property=\"og:image:type\" content=\"image\/jpeg\" \/>\n<meta name=\"twitter:card\" content=\"summary_large_image\" \/>\n<meta name=\"twitter:label1\" content=\"Est. reading time\" \/>\n\t<meta name=\"twitter:data1\" content=\"1 minute\" \/>\n<script type=\"application\/ld+json\" class=\"yoast-schema-graph\">{\"@context\":\"https:\/\/schema.org\",\"@graph\":[{\"@type\":\"WebPage\",\"@id\":\"https:\/\/www.msd.ch\/fr\/home\/medicines\/\",\"url\":\"https:\/\/www.msd.ch\/fr\/home\/medicines\/\",\"name\":\"M\u00e9dicaments - msd.ch\",\"isPartOf\":{\"@id\":\"https:\/\/www.msd.ch\/fr\/#website\"},\"datePublished\":\"2025-11-28T10:20:39+00:00\",\"dateModified\":\"2026-02-02T20:19:43+00:00\",\"description\":\"M\u00e9dicaments de MSD\",\"breadcrumb\":{\"@id\":\"https:\/\/www.msd.ch\/fr\/home\/medicines\/#breadcrumb\"},\"inLanguage\":\"en-US\",\"potentialAction\":[{\"@type\":\"ReadAction\",\"target\":[\"https:\/\/www.msd.ch\/fr\/home\/medicines\/\"]}]},{\"@type\":\"BreadcrumbList\",\"@id\":\"https:\/\/www.msd.ch\/fr\/home\/medicines\/#breadcrumb\",\"itemListElement\":[{\"@type\":\"ListItem\",\"position\":1,\"name\":\"Home\",\"item\":\"https:\/\/www.msd.ch\/fr\/\"},{\"@type\":\"ListItem\",\"position\":2,\"name\":\"M\u00e9dicaments\"}]},{\"@type\":\"WebSite\",\"@id\":\"https:\/\/www.msd.ch\/fr\/#website\",\"url\":\"https:\/\/www.msd.ch\/fr\/\",\"name\":\"msd.ch\",\"description\":\"MSD recherche et d\u00e9veloppe des m\u00e9dicaments et des vaccins pour sauver des vies et am\u00e9liorer la sant\u00e9 des patients. En Suisse, 1000 employ\u00e9s \u00e0 Lucerne et \u00e0 Zurich s&#039;engagent dans ce sens.\",\"potentialAction\":[{\"@type\":\"SearchAction\",\"target\":{\"@type\":\"EntryPoint\",\"urlTemplate\":\"https:\/\/www.msd.ch\/fr\/?s={search_term_string}\"},\"query-input\":\"required name=search_term_string\"}],\"inLanguage\":\"en-US\"}]}<\/script>\n<!-- \/ Yoast SEO plugin. -->","yoast_head_json":{"title":"M\u00e9dicaments - msd.ch","description":"M\u00e9dicaments de MSD","robots":{"index":"index","follow":"follow","max-snippet":"max-snippet:-1","max-image-preview":"max-image-preview:large","max-video-preview":"max-video-preview:-1"},"canonical":"https:\/\/www.msd.ch\/fr\/home\/medicines\/","og_locale":"en_US","og_type":"article","og_title":"M\u00e9dicaments - msd.ch","og_description":"M\u00e9dicaments de MSD","og_url":"https:\/\/www.msd.ch\/fr\/home\/medicines\/","og_site_name":"msd.ch","article_modified_time":"2026-02-02T20:19:43+00:00","og_image":[{"url":"https:\/\/www.msd.ch\/fr\/wp-content\/uploads\/sites\/87\/2021\/07\/iStock-137547809-1-300-CMYK.jpg?w=1440","width":1440,"height":2160,"type":"image\/jpeg"}],"twitter_card":"summary_large_image","twitter_misc":{"Est. reading time":"1 minute"},"schema":{"@context":"https:\/\/schema.org","@graph":[{"@type":"WebPage","@id":"https:\/\/www.msd.ch\/fr\/home\/medicines\/","url":"https:\/\/www.msd.ch\/fr\/home\/medicines\/","name":"M\u00e9dicaments - msd.ch","isPartOf":{"@id":"https:\/\/www.msd.ch\/fr\/#website"},"datePublished":"2025-11-28T10:20:39+00:00","dateModified":"2026-02-02T20:19:43+00:00","description":"M\u00e9dicaments de MSD","breadcrumb":{"@id":"https:\/\/www.msd.ch\/fr\/home\/medicines\/#breadcrumb"},"inLanguage":"en-US","potentialAction":[{"@type":"ReadAction","target":["https:\/\/www.msd.ch\/fr\/home\/medicines\/"]}]},{"@type":"BreadcrumbList","@id":"https:\/\/www.msd.ch\/fr\/home\/medicines\/#breadcrumb","itemListElement":[{"@type":"ListItem","position":1,"name":"Home","item":"https:\/\/www.msd.ch\/fr\/"},{"@type":"ListItem","position":2,"name":"M\u00e9dicaments"}]},{"@type":"WebSite","@id":"https:\/\/www.msd.ch\/fr\/#website","url":"https:\/\/www.msd.ch\/fr\/","name":"msd.ch","description":"MSD recherche et d\u00e9veloppe des m\u00e9dicaments et des vaccins pour sauver des vies et am\u00e9liorer la sant\u00e9 des patients. En Suisse, 1000 employ\u00e9s \u00e0 Lucerne et \u00e0 Zurich s&#039;engagent dans ce sens.","potentialAction":[{"@type":"SearchAction","target":{"@type":"EntryPoint","urlTemplate":"https:\/\/www.msd.ch\/fr\/?s={search_term_string}"},"query-input":"required name=search_term_string"}],"inLanguage":"en-US"}]}},"acf":[],"_links":{"self":[{"href":"https:\/\/www.msd.ch\/fr\/wp-json\/wp\/v2\/pages\/3071","targetHints":{"allow":["GET"]}}],"collection":[{"href":"https:\/\/www.msd.ch\/fr\/wp-json\/wp\/v2\/pages"}],"about":[{"href":"https:\/\/www.msd.ch\/fr\/wp-json\/wp\/v2\/types\/page"}],"author":[{"embeddable":true,"href":"https:\/\/www.msd.ch\/fr\/wp-json\/wp\/v2\/users\/974"}],"replies":[{"embeddable":true,"href":"https:\/\/www.msd.ch\/fr\/wp-json\/wp\/v2\/comments?post=3071"}],"version-history":[{"count":136,"href":"https:\/\/www.msd.ch\/fr\/wp-json\/wp\/v2\/pages\/3071\/revisions"}],"predecessor-version":[{"id":8955,"href":"https:\/\/www.msd.ch\/fr\/wp-json\/wp\/v2\/pages\/3071\/revisions\/8955"}],"up":[{"embeddable":true,"href":"https:\/\/www.msd.ch\/fr\/wp-json\/wp\/v2\/pages\/1686"}],"wp:featuredmedia":[{"embeddable":true,"href":"https:\/\/www.msd.ch\/fr\/wp-json\/wp\/v2\/media\/4010"}],"wp:attachment":[{"href":"https:\/\/www.msd.ch\/fr\/wp-json\/wp\/v2\/media?parent=3071"}],"curies":[{"name":"wp","href":"https:\/\/api.w.org\/{rel}","templated":true}]}}