{"id":42,"date":"2025-10-31T10:31:07","date_gmt":"2025-10-31T08:31:07","guid":{"rendered":"https:\/\/vip2-msd.com\/switzerland\/?page_id=42"},"modified":"2026-02-16T21:47:11","modified_gmt":"2026-02-16T19:47:11","slug":"leadership","status":"publish","type":"page","link":"https:\/\/www.msd.ch\/fr\/home\/about-us\/leadership\/","title":{"rendered":"\u00c9quipe de direction"},"content":{"rendered":"\n<div id=\"mco-b2-hero-block-block_015b82ed75624ba93c817c56d48acbb3\" class=\"mco-b2-hero-block full mccberg-block\">\n    <div class=\"mco-b2-hero-block-wrapper\">\n        <div class=\"mco-b2-hero-block-image-section \">\n\n                            <div class=\"mco-b2-hero-block-image-container \">\n                    <picture >\n\t<source media=\"(max-width: 767px)\" data-srcset=\"https:\/\/www.msd.ch\/fr\/wp-content\/uploads\/sites\/87\/2022\/06\/Leadership-illustration.jpeg?w=768\" srcset=\"https:\/\/www.msd.ch\/fr\/wp-content\/uploads\/sites\/87\/2022\/06\/Leadership-illustration.jpeg?w=768\" >\n<source media=\"(min-width: 768px) and (max-width: 1199px)\" data-srcset=\"https:\/\/www.msd.ch\/fr\/wp-content\/uploads\/sites\/87\/2022\/06\/Leadership-illustration.jpeg?h=768\" srcset=\"https:\/\/www.msd.ch\/fr\/wp-content\/uploads\/sites\/87\/2022\/06\/Leadership-illustration.jpeg?h=768\" >\n<source media=\"(min-width: 1200px) and (max-width: 1919px)\" data-srcset=\"https:\/\/www.msd.ch\/fr\/wp-content\/uploads\/sites\/87\/2022\/06\/Leadership-illustration.jpeg?w=1200\" srcset=\"https:\/\/www.msd.ch\/fr\/wp-content\/uploads\/sites\/87\/2022\/06\/Leadership-illustration.jpeg?w=1200\" >\n<source media=\"(min-width: 1920px)\" data-srcset=\"https:\/\/www.msd.ch\/fr\/wp-content\/uploads\/sites\/87\/2022\/06\/Leadership-illustration.jpeg?w=1920\" srcset=\"https:\/\/www.msd.ch\/fr\/wp-content\/uploads\/sites\/87\/2022\/06\/Leadership-illustration.jpeg?w=1920\" >\n\t<img data-src=\"https:\/\/www.msd.ch\/fr\/wp-content\/uploads\/sites\/87\/2022\/06\/Leadership-illustration.jpeg?w=1920\" alt=\"\" class=\"eager \" loading=\"eager\" \/>\n<\/picture>                                    <\/div>\n                        <div class=\"mco-b2-hero-block-image-container-two\">\n                            <\/div>\n        <\/div>\n\n        <div class=\"mco-b2-hero-block-content-section\">\n            <nav class=\"breadcrumbs wrapper text-descriptive\"aria-label=\"Breadcrumbs\"><\/nav>            \n                            <h1>Notre \u00e9quipe de direction<\/h1>\n            \n                            <div class=\"mco-b2-hero-block-description\"><p>L&#8217;\u00e9quipe de direction de MSD Suisse dans le domaine de la sant\u00e9 humaine<\/p>\n<\/div>\n            \n                    <\/div>\n    <\/div>\n\n    \n<\/div>\n\n\n<div id=\"mco-title-block-block_1ef4232bcdd10a40a3ca23a3d97f0365\" \n\t class=\"mco-title-block mccberg-block alignleft\" \n\t \t >\n\t<div class=\"wrapper\">\n\t\t<div class=\"mco-title-block-content\">\n\t\t\t\n\t\t\t<h2 class=\"mco-title-block-title\">L&#039;esprit d&#039;invention commence par nos valeurs<\/h2>\n\n\t\t\t\t\t\t\t<p class=\"mco-title-block-description\"><p>Nous sommes fiers d\u2019apporter une contribution active au succ\u00e8s de MSD Suisse, pour les patientes et les patients, les collaboratrices et les collaborateurs et les clients. Nous nous engageons pour un environnement de travail int\u00e9grateur, \u00e9thique et performant et nous n\u2019investissons pas seulement dans le d\u00e9veloppement de nos employ\u00e9s mais nous soutenons aussi ensemble la recherche de solutions capables de remplir les besoins de nos clients et des patients. Ensemble, nous pouvons faire bouger les choses. Ensemble, nous nous engageons pour sauver et am\u00e9liorer des vies.<\/p>\n<\/p>\n\t\t\t\t\t\t\n\t\t\t\t\t<\/div>\n\t<\/div>\n<\/div>\n\n<div id=\"mco-title-block-block_edf694f33e8a84f4c1ccab8cb261ac33\" \n\t class=\"mco-title-block mccberg-block mb-2 alignleft\" \n\t \t >\n\t<div class=\"wrapper\">\n\t\t<div class=\"mco-title-block-content\">\n\t\t\t\n\t\t\t<h2 class=\"mco-title-block-title\">L&#039;\u00e9quipe de direction<\/h2>\n\n\t\t\t\t\t\t\n\t\t\t\t\t<\/div>\n\t<\/div>\n<\/div>\n\n\n<div class=\"wp-block-columns is-layout-flex wp-container-core-columns-is-layout-9d6595d7 wp-block-columns-is-layout-flex\">\n<div class=\"wp-block-column is-layout-flow wp-block-column-is-layout-flow\"><div class=\"wp-block-image\">\n<figure class=\"alignleft size-large\"><img loading=\"lazy\" decoding=\"async\" width=\"1400\" height=\"1400\" src=\"https:\/\/www.msd.ch\/fr\/wp-content\/uploads\/sites\/87\/2025\/10\/Jasper-Kunow-202510.jpg?w=1400\" alt=\"Jasper Kunow, Managing Director (ad interim)\" class=\"wp-image-8635\"\/><\/figure><\/div>\n\n\n<h5 class=\"wp-block-heading\">Jasper Kunow<\/h5>\n\n\n\n<p>Managing Director (ad interim)<\/p>\n<\/div>\n\n\n\n<div class=\"wp-block-column is-layout-flow wp-block-column-is-layout-flow\"><div class=\"wp-block-image\">\n<figure class=\"alignleft size-large\"><img loading=\"lazy\" decoding=\"async\" width=\"1400\" height=\"1400\" src=\"https:\/\/www.msd.ch\/fr\/wp-content\/uploads\/sites\/87\/2025\/10\/Morgan-Andersen-202510.jpg?w=1400\" alt=\"Morgan Andersen, Director Business Unit Vaccines\" class=\"wp-image-8632\"\/><\/figure><\/div>\n\n\n<h5 class=\"wp-block-heading\">Morgan Andersen<\/h5>\n\n\n\n<p>Director Business Unit Vaccines <\/p>\n<\/div>\n\n\n\n<div class=\"wp-block-column is-layout-flow wp-block-column-is-layout-flow\"><div class=\"wp-block-image\">\n<figure class=\"alignleft size-large\"><img loading=\"lazy\" decoding=\"async\" width=\"1400\" height=\"1400\" src=\"https:\/\/www.msd.ch\/fr\/wp-content\/uploads\/sites\/87\/2025\/10\/Angela-Weber-202510.jpg?w=1400\" alt=\"Angela Weber, Director Business Unit Pharma\" class=\"wp-image-8629\"\/><\/figure><\/div>\n\n\n<h5 class=\"wp-block-heading\">Angela Weber<\/h5>\n\n\n\n<p>Director Business Unit Pharma<\/p>\n<\/div>\n\n\n\n<div class=\"wp-block-column is-layout-flow wp-block-column-is-layout-flow\"><div class=\"wp-block-image\">\n<figure class=\"alignleft size-full\"><img loading=\"lazy\" decoding=\"async\" width=\"1400\" height=\"1400\" src=\"https:\/\/www.msd.ch\/fr\/wp-content\/uploads\/sites\/87\/2025\/10\/Anthony-Behr-202510_2.jpg\" alt=\"Anthony Behr, Director Business Unit Oncology\" class=\"wp-image-8622\"\/><\/figure><\/div>\n\n\n<h5 class=\"wp-block-heading\">Anthony Behr<\/h5>\n\n\n\n<p>Director Business Unit Oncology<\/p>\n<\/div>\n<\/div>\n\n\n\n<div class=\"wp-block-columns is-layout-flex wp-container-core-columns-is-layout-9d6595d7 wp-block-columns-is-layout-flex\">\n<div class=\"wp-block-column is-layout-flow wp-block-column-is-layout-flow\"><div class=\"wp-block-image\">\n<figure class=\"alignleft size-large\"><img loading=\"lazy\" decoding=\"async\" width=\"1400\" height=\"1400\" src=\"https:\/\/www.msd.ch\/fr\/wp-content\/uploads\/sites\/87\/2025\/10\/Gila-Stump-202510.jpg?w=1400\" alt=\"Dr. Gila Stump, Director External Affairs &amp; Market Access\" class=\"wp-image-8636\"\/><\/figure><\/div>\n\n\n<h5 class=\"wp-block-heading\">Dr. Gila Stump<\/h5>\n\n\n\n<p>Director External Affairs &amp; Market Access<\/p>\n<\/div>\n\n\n\n<div class=\"wp-block-column is-layout-flow wp-block-column-is-layout-flow\"><div class=\"wp-block-image\">\n<figure class=\"alignleft size-large\"><img loading=\"lazy\" decoding=\"async\" width=\"1400\" height=\"1400\" src=\"https:\/\/www.msd.ch\/fr\/wp-content\/uploads\/sites\/87\/2025\/10\/Beat-Obrist-202510.jpg?w=1400\" alt=\"Beat Obrist, Director DDA Operations\" class=\"wp-image-8627\"\/><\/figure><\/div>\n\n\n<h5 class=\"wp-block-heading\">Beat Obrist<\/h5>\n\n\n\n<p>Director DDA Operations<\/p>\n<\/div>\n\n\n\n<div class=\"wp-block-column is-layout-flow wp-block-column-is-layout-flow\"><div class=\"wp-block-image\">\n<figure class=\"alignleft size-large\"><img loading=\"lazy\" decoding=\"async\" width=\"1400\" height=\"1400\" src=\"https:\/\/www.msd.ch\/fr\/wp-content\/uploads\/sites\/87\/2025\/10\/Jean-Blaise-Defago-202510.jpg?w=1400\" alt=\"Jean-Blaise Defago, Lead Government &amp; Public Affairs\" class=\"wp-image-8634\"\/><\/figure><\/div>\n\n\n<h5 class=\"wp-block-heading\">Jean-Blaise Defago<\/h5>\n\n\n\n<p>Lead Government &amp; Public Affairs<\/p>\n<\/div>\n\n\n\n<div class=\"wp-block-column is-layout-flow wp-block-column-is-layout-flow\"><div class=\"wp-block-image\">\n<figure class=\"alignleft size-large\"><img loading=\"lazy\" decoding=\"async\" width=\"1400\" height=\"1400\" src=\"https:\/\/www.msd.ch\/fr\/wp-content\/uploads\/sites\/87\/2025\/10\/Christoph-Brombacher-202510.jpg?w=1400\" alt=\"Dr. Christoph Brombacher, Manager Compliance &amp; Business Practices\" class=\"wp-image-8626\"\/><\/figure><\/div>\n\n\n<h5 class=\"wp-block-heading\">Dr. Christoph Brombacher<\/h5>\n\n\n\n<p>Manager Compliance &amp; Business Practices<\/p>\n<\/div>\n<\/div>\n\n\n\n<div class=\"wp-block-columns is-layout-flex wp-container-core-columns-is-layout-9d6595d7 wp-block-columns-is-layout-flex\">\n<div class=\"wp-block-column is-layout-flow wp-block-column-is-layout-flow\"><div class=\"wp-block-image\">\n<figure class=\"alignleft size-full\"><img loading=\"lazy\" decoding=\"async\" width=\"1400\" height=\"1400\" src=\"https:\/\/www.msd.ch\/fr\/wp-content\/uploads\/sites\/87\/2025\/10\/Diana-Arnet-202510.jpg\" alt=\"Dr. med. Diana Arnet, Sr. Director Medical Affairs\" class=\"wp-image-8624\"\/><\/figure><\/div>\n\n\n<h5 class=\"wp-block-heading\">Dr m\u00e9d. Diana Arnet<\/h5>\n\n\n\n<p>Sr. Director Medical Affairs<\/p>\n<\/div>\n\n\n\n<div class=\"wp-block-column is-layout-flow wp-block-column-is-layout-flow\"><div class=\"wp-block-image\">\n<figure class=\"alignleft size-large\"><img loading=\"lazy\" decoding=\"async\" width=\"1400\" height=\"1400\" src=\"https:\/\/www.msd.ch\/fr\/wp-content\/uploads\/sites\/87\/2025\/10\/Claudia-Stadelmann-202510.jpg?w=1400\" alt=\"Claudia Stadelmann, Director Regulatory Affairs\" class=\"wp-image-8625\"\/><\/figure><\/div>\n\n\n<h5 class=\"wp-block-heading\">Claudia Stadelmann<\/h5>\n\n\n\n<p>Director Regulatory Affairs<\/p>\n<\/div>\n\n\n\n<div class=\"wp-block-column is-layout-flow wp-block-column-is-layout-flow\"><div class=\"wp-block-image\">\n<figure class=\"alignleft size-large\"><img loading=\"lazy\" decoding=\"async\" width=\"1400\" height=\"1400\" src=\"https:\/\/www.msd.ch\/fr\/wp-content\/uploads\/sites\/87\/2025\/10\/Klaudia-Georgi-202510.jpg?w=1400\" alt=\"Klaudia Georgi, Sr. Director Clinical Research MSD Switzerland &amp; Austria\" class=\"wp-image-8623\"\/><\/figure><\/div>\n\n\n<h5 class=\"wp-block-heading\">Klaudia Georgi<\/h5>\n\n\n\n<p>Sr. Director Clinical Research<br>MSD Switzerland &amp; Serbia<\/p>\n<\/div>\n\n\n\n<div class=\"wp-block-column is-layout-flow wp-block-column-is-layout-flow\"><div class=\"wp-block-image\">\n<figure class=\"alignleft size-large\"><img loading=\"lazy\" decoding=\"async\" width=\"1400\" height=\"1400\" src=\"https:\/\/www.msd.ch\/fr\/wp-content\/uploads\/sites\/87\/2025\/10\/Lars-Andresen-202510.jpg?w=1400\" alt=\"Lars Andresen, Director Finance\" class=\"wp-image-8633\"\/><\/figure><\/div>\n\n\n<h5 class=\"wp-block-heading\">Lars Andresen<\/h5>\n\n\n\n<p>Director Finance<\/p>\n<\/div>\n<\/div>\n\n\n\n<div class=\"wp-block-columns is-layout-flex wp-container-core-columns-is-layout-9d6595d7 wp-block-columns-is-layout-flex\">\n<div class=\"wp-block-column is-layout-flow wp-block-column-is-layout-flow\"><div class=\"wp-block-image\">\n<figure class=\"alignleft size-large\"><img loading=\"lazy\" decoding=\"async\" width=\"1400\" height=\"1400\" src=\"https:\/\/www.msd.ch\/fr\/wp-content\/uploads\/sites\/87\/2025\/10\/Aleksandra-Kuzmicka-202510.jpg?w=1400\" alt=\"Aleksandra (Ola) Kuzmicka, HR Business Partner Lead\" class=\"wp-image-8630\"\/><\/figure><\/div>\n\n\n<h5 class=\"wp-block-heading\">Aleksandra (Ola) Kuzmicka&nbsp;<\/h5>\n\n\n\n<p>HR Business Partner Lead<\/p>\n<\/div>\n\n\n\n<div class=\"wp-block-column is-layout-flow wp-block-column-is-layout-flow\"><div class=\"wp-block-image\">\n<figure class=\"alignleft size-large\"><img loading=\"lazy\" decoding=\"async\" width=\"1400\" height=\"1400\" src=\"https:\/\/www.msd.ch\/fr\/wp-content\/uploads\/sites\/87\/2025\/10\/Pascal-Nosetti-202510.jpg?w=1400\" alt=\"Dr. Pascal Nosetti, Legal &amp; Compliance DACH\" class=\"wp-image-8631\"\/><\/figure><\/div>\n\n\n<h5 class=\"wp-block-heading\">Dr. Pascal Nosetti<\/h5>\n\n\n\n<p>Legal &amp; Compliance DACH<\/p>\n<\/div>\n\n\n\n<div class=\"wp-block-column is-layout-flow wp-block-column-is-layout-flow\">\n<h5 class=\"wp-block-heading\"><\/h5>\n\n\n\n<p><\/p>\n<\/div>\n\n\n\n<div class=\"wp-block-column is-layout-flow wp-block-column-is-layout-flow\">\n<p><\/p>\n<\/div>\n<\/div>\n\n\n\n<div style=\"height:100px\" aria-hidden=\"true\" class=\"wp-block-spacer\"><\/div>\n\n\n\n<p><sup>CH-NON-00389, 12\/2024<\/sup><\/p>\n","protected":false},"excerpt":{"rendered":"<p>Jasper Kunow Managing Director (ad interim) Morgan Andersen Director Business Unit Vaccines Angela Weber Director Business Unit Pharma Anthony Behr Director Business Unit Oncology Dr. Gila Stump Director External Affairs &amp; Market Access Beat Obrist Director DDA Operations Jean-Blaise Defago Lead Government &amp; Public Affairs Dr. Christoph Brombacher Manager Compliance &amp; Business Practices Dr m\u00e9d. [&hellip;]<\/p>\n","protected":false},"author":282,"featured_media":5687,"parent":6115,"menu_order":1,"comment_status":"closed","ping_status":"closed","template":"","meta":{"_acf_changed":false,"bdl_company_name":[],"bdl_item_external_link":[],"editor_notices":[],"footnotes":""},"class_list":["post-42","page","type-page","status-publish","has-post-thumbnail","hentry"],"yoast_head":"<!-- This site is optimized with the Yoast SEO plugin v21.9.1 - https:\/\/yoast.com\/wordpress\/plugins\/seo\/ -->\n<title>Notre \u00e9quipe de direction - MSD Suisse | msd.ch<\/title>\n<meta name=\"description\" content=\"Notre \u00e9quipe de direction g\u00e8re l&#039;orientation strat\u00e9gique de MSD en Suisse. Nos dirigeants viennent de tous les secteurs de l&#039;entreprise.\" \/>\n<meta name=\"robots\" content=\"index, follow, max-snippet:-1, max-image-preview:large, max-video-preview:-1\" \/>\n<link rel=\"canonical\" href=\"https:\/\/www.msd.ch\/fr\/home\/about-us\/leadership\/\" \/>\n<meta property=\"og:locale\" content=\"en_US\" \/>\n<meta property=\"og:type\" content=\"article\" \/>\n<meta property=\"og:title\" content=\"Notre \u00e9quipe de direction - MSD Suisse | msd.ch\" \/>\n<meta property=\"og:description\" content=\"Notre \u00e9quipe de direction g\u00e8re l&#039;orientation strat\u00e9gique de MSD en Suisse. Nos dirigeants viennent de tous les secteurs de l&#039;entreprise.\" \/>\n<meta property=\"og:url\" content=\"https:\/\/www.msd.ch\/fr\/home\/about-us\/leadership\/\" \/>\n<meta property=\"og:site_name\" content=\"msd.ch\" \/>\n<meta property=\"article:modified_time\" content=\"2026-02-16T19:47:11+00:00\" \/>\n<meta property=\"og:image\" content=\"https:\/\/www.msd.ch\/fr\/wp-content\/uploads\/sites\/87\/2022\/06\/Leadership-illustration.jpeg\" \/>\n\t<meta property=\"og:image:width\" content=\"1200\" \/>\n\t<meta property=\"og:image:height\" content=\"674\" \/>\n\t<meta property=\"og:image:type\" content=\"image\/jpeg\" \/>\n<meta name=\"twitter:card\" content=\"summary_large_image\" \/>\n<meta name=\"twitter:label1\" content=\"Est. reading time\" \/>\n\t<meta name=\"twitter:data1\" content=\"3 minutes\" \/>\n<script type=\"application\/ld+json\" class=\"yoast-schema-graph\">{\"@context\":\"https:\/\/schema.org\",\"@graph\":[{\"@type\":\"WebPage\",\"@id\":\"https:\/\/www.msd.ch\/fr\/home\/about-us\/leadership\/\",\"url\":\"https:\/\/www.msd.ch\/fr\/home\/about-us\/leadership\/\",\"name\":\"Notre \u00e9quipe de direction - MSD Suisse | msd.ch\",\"isPartOf\":{\"@id\":\"https:\/\/www.msd.ch\/fr\/#website\"},\"datePublished\":\"2025-10-31T08:31:07+00:00\",\"dateModified\":\"2026-02-16T19:47:11+00:00\",\"description\":\"Notre \u00e9quipe de direction g\u00e8re l'orientation strat\u00e9gique de MSD en Suisse. Nos dirigeants viennent de tous les secteurs de l'entreprise.\",\"breadcrumb\":{\"@id\":\"https:\/\/www.msd.ch\/fr\/home\/about-us\/leadership\/#breadcrumb\"},\"inLanguage\":\"en-US\",\"potentialAction\":[{\"@type\":\"ReadAction\",\"target\":[\"https:\/\/www.msd.ch\/fr\/home\/about-us\/leadership\/\"]}]},{\"@type\":\"BreadcrumbList\",\"@id\":\"https:\/\/www.msd.ch\/fr\/home\/about-us\/leadership\/#breadcrumb\",\"itemListElement\":[{\"@type\":\"ListItem\",\"position\":1,\"name\":\"Home\",\"item\":\"https:\/\/www.msd.ch\/fr\/\"},{\"@type\":\"ListItem\",\"position\":2,\"name\":\"\u00c0 propos de nous\",\"item\":\"https:\/\/www.msd.ch\/fr\/home\/about-us\/\"},{\"@type\":\"ListItem\",\"position\":3,\"name\":\"\u00c9quipe de direction\"}]},{\"@type\":\"WebSite\",\"@id\":\"https:\/\/www.msd.ch\/fr\/#website\",\"url\":\"https:\/\/www.msd.ch\/fr\/\",\"name\":\"msd.ch\",\"description\":\"MSD recherche et d\u00e9veloppe des m\u00e9dicaments et des vaccins pour sauver des vies et am\u00e9liorer la sant\u00e9 des patients. En Suisse, 1000 employ\u00e9s \u00e0 Lucerne et \u00e0 Zurich s&#039;engagent dans ce sens.\",\"potentialAction\":[{\"@type\":\"SearchAction\",\"target\":{\"@type\":\"EntryPoint\",\"urlTemplate\":\"https:\/\/www.msd.ch\/fr\/?s={search_term_string}\"},\"query-input\":\"required name=search_term_string\"}],\"inLanguage\":\"en-US\"}]}<\/script>\n<!-- \/ Yoast SEO plugin. -->","yoast_head_json":{"title":"Notre \u00e9quipe de direction - MSD Suisse | msd.ch","description":"Notre \u00e9quipe de direction g\u00e8re l'orientation strat\u00e9gique de MSD en Suisse. Nos dirigeants viennent de tous les secteurs de l'entreprise.","robots":{"index":"index","follow":"follow","max-snippet":"max-snippet:-1","max-image-preview":"max-image-preview:large","max-video-preview":"max-video-preview:-1"},"canonical":"https:\/\/www.msd.ch\/fr\/home\/about-us\/leadership\/","og_locale":"en_US","og_type":"article","og_title":"Notre \u00e9quipe de direction - MSD Suisse | msd.ch","og_description":"Notre \u00e9quipe de direction g\u00e8re l'orientation strat\u00e9gique de MSD en Suisse. Nos dirigeants viennent de tous les secteurs de l'entreprise.","og_url":"https:\/\/www.msd.ch\/fr\/home\/about-us\/leadership\/","og_site_name":"msd.ch","article_modified_time":"2026-02-16T19:47:11+00:00","og_image":[{"width":1200,"height":674,"url":"https:\/\/www.msd.ch\/fr\/wp-content\/uploads\/sites\/87\/2022\/06\/Leadership-illustration.jpeg","type":"image\/jpeg"}],"twitter_card":"summary_large_image","twitter_misc":{"Est. reading time":"3 minutes"},"schema":{"@context":"https:\/\/schema.org","@graph":[{"@type":"WebPage","@id":"https:\/\/www.msd.ch\/fr\/home\/about-us\/leadership\/","url":"https:\/\/www.msd.ch\/fr\/home\/about-us\/leadership\/","name":"Notre \u00e9quipe de direction - MSD Suisse | msd.ch","isPartOf":{"@id":"https:\/\/www.msd.ch\/fr\/#website"},"datePublished":"2025-10-31T08:31:07+00:00","dateModified":"2026-02-16T19:47:11+00:00","description":"Notre \u00e9quipe de direction g\u00e8re l'orientation strat\u00e9gique de MSD en Suisse. Nos dirigeants viennent de tous les secteurs de l'entreprise.","breadcrumb":{"@id":"https:\/\/www.msd.ch\/fr\/home\/about-us\/leadership\/#breadcrumb"},"inLanguage":"en-US","potentialAction":[{"@type":"ReadAction","target":["https:\/\/www.msd.ch\/fr\/home\/about-us\/leadership\/"]}]},{"@type":"BreadcrumbList","@id":"https:\/\/www.msd.ch\/fr\/home\/about-us\/leadership\/#breadcrumb","itemListElement":[{"@type":"ListItem","position":1,"name":"Home","item":"https:\/\/www.msd.ch\/fr\/"},{"@type":"ListItem","position":2,"name":"\u00c0 propos de nous","item":"https:\/\/www.msd.ch\/fr\/home\/about-us\/"},{"@type":"ListItem","position":3,"name":"\u00c9quipe de direction"}]},{"@type":"WebSite","@id":"https:\/\/www.msd.ch\/fr\/#website","url":"https:\/\/www.msd.ch\/fr\/","name":"msd.ch","description":"MSD recherche et d\u00e9veloppe des m\u00e9dicaments et des vaccins pour sauver des vies et am\u00e9liorer la sant\u00e9 des patients. En Suisse, 1000 employ\u00e9s \u00e0 Lucerne et \u00e0 Zurich s&#039;engagent dans ce sens.","potentialAction":[{"@type":"SearchAction","target":{"@type":"EntryPoint","urlTemplate":"https:\/\/www.msd.ch\/fr\/?s={search_term_string}"},"query-input":"required name=search_term_string"}],"inLanguage":"en-US"}]}},"acf":[],"_links":{"self":[{"href":"https:\/\/www.msd.ch\/fr\/wp-json\/wp\/v2\/pages\/42","targetHints":{"allow":["GET"]}}],"collection":[{"href":"https:\/\/www.msd.ch\/fr\/wp-json\/wp\/v2\/pages"}],"about":[{"href":"https:\/\/www.msd.ch\/fr\/wp-json\/wp\/v2\/types\/page"}],"author":[{"embeddable":true,"href":"https:\/\/www.msd.ch\/fr\/wp-json\/wp\/v2\/users\/282"}],"replies":[{"embeddable":true,"href":"https:\/\/www.msd.ch\/fr\/wp-json\/wp\/v2\/comments?post=42"}],"version-history":[{"count":135,"href":"https:\/\/www.msd.ch\/fr\/wp-json\/wp\/v2\/pages\/42\/revisions"}],"predecessor-version":[{"id":9000,"href":"https:\/\/www.msd.ch\/fr\/wp-json\/wp\/v2\/pages\/42\/revisions\/9000"}],"up":[{"embeddable":true,"href":"https:\/\/www.msd.ch\/fr\/wp-json\/wp\/v2\/pages\/6115"}],"wp:featuredmedia":[{"embeddable":true,"href":"https:\/\/www.msd.ch\/fr\/wp-json\/wp\/v2\/media\/5687"}],"wp:attachment":[{"href":"https:\/\/www.msd.ch\/fr\/wp-json\/wp\/v2\/media?parent=42"}],"curies":[{"name":"wp","href":"https:\/\/api.w.org\/{rel}","templated":true}]}}