{"id":4341,"date":"2022-09-25T16:20:00","date_gmt":"2022-09-25T14:20:00","guid":{"rendered":"https:\/\/www.msd.ch\/fr\/?page_id=4341"},"modified":"2026-02-16T21:18:40","modified_gmt":"2026-02-16T19:18:40","slug":"apprenticeships","status":"publish","type":"page","link":"https:\/\/www.msd.ch\/fr\/apprenticeships\/","title":{"rendered":"Formation"},"content":{"rendered":"\n<div id=\"mco-b2-hero-block-block_2274207a9b528024e87c43a3e9cc6bcd\" class=\"mco-b2-hero-block full mccberg-block\">\n    <div class=\"mco-b2-hero-block-wrapper\">\n        <div class=\"mco-b2-hero-block-image-section \">\n                            <div class=\"mco-b2-hero-block-image-container \">\n                    <picture >\n\t<source media=\"(max-width: 767px)\" data-srcset=\"https:\/\/www.msd.ch\/fr\/wp-content\/uploads\/sites\/87\/2022\/12\/191219150405_lomA.jpg?w=768\" srcset=\"https:\/\/www.msd.ch\/fr\/wp-content\/uploads\/sites\/87\/2022\/12\/191219150405_lomA.jpg?w=768\" >\n<source media=\"(min-width: 768px) and (max-width: 1199px)\" data-srcset=\"https:\/\/www.msd.ch\/fr\/wp-content\/uploads\/sites\/87\/2022\/12\/191219150405_lomA.jpg?h=768\" srcset=\"https:\/\/www.msd.ch\/fr\/wp-content\/uploads\/sites\/87\/2022\/12\/191219150405_lomA.jpg?h=768\" >\n<source media=\"(min-width: 1200px) and (max-width: 1919px)\" data-srcset=\"https:\/\/www.msd.ch\/fr\/wp-content\/uploads\/sites\/87\/2022\/12\/191219150405_lomA.jpg?w=1200\" srcset=\"https:\/\/www.msd.ch\/fr\/wp-content\/uploads\/sites\/87\/2022\/12\/191219150405_lomA.jpg?w=1200\" >\n<source media=\"(min-width: 1920px)\" data-srcset=\"https:\/\/www.msd.ch\/fr\/wp-content\/uploads\/sites\/87\/2022\/12\/191219150405_lomA.jpg?w=1920\" srcset=\"https:\/\/www.msd.ch\/fr\/wp-content\/uploads\/sites\/87\/2022\/12\/191219150405_lomA.jpg?w=1920\" >\n\t<img data-src=\"https:\/\/www.msd.ch\/fr\/wp-content\/uploads\/sites\/87\/2022\/12\/191219150405_lomA.jpg?w=1920\" alt=\"Photo : deux chercheurs chez MSD\" class=\"eager \" loading=\"eager\" \/>\n<\/picture>                                    <\/div>\n                        <div class=\"mco-b2-hero-block-image-container-two\">\n                            <\/div>\n        <\/div>\n\n        <div class=\"mco-b2-hero-block-content-section\">\n                        \n                            <h1>Formation<\/h1>\n            \n                            <div class=\"mco-b2-hero-block-description\"><p>Nous offrons aux jeunes un bon d\u00e9part dans leur carri\u00e8re et leur fournissons la formation dont ils ont besoin pour devenir des professionnels qualifi\u00e9s.\u00a0Nous comprenons qu\u2019offrir une perspective professionnelle \u00e0 des jeunes de la r\u00e9gion fait partie de notre <a href=\"https:\/\/www.msd.ch\/fr\/home\/about-us\/responsibility\/\">responsabilit\u00e9<\/a> entrepreneuriale.<\/p>\n<p><!-- wp:heading --><\/p>\n<p><!-- \/wp:heading --> <!-- wp:paragraph --><\/p>\n<p>Depuis 1977, nous formons dans notre <a href=\"https:\/\/www.msd.ch\/fr\/home\/about-us\/sites\/\">site MSD de Schachen<\/a> des laborantines et des laborantins CFC (certificat f\u00e9d\u00e9ral de capacit\u00e9) avec sp\u00e9cialisation en chimie et, depuis 2010, \u00e9galement avec sp\u00e9cialisation en biologie.<\/p>\n<p><!-- \/wp:paragraph --><\/p>\n<\/div>\n            \n                    <\/div>\n    <\/div>\n\n    \n<\/div>\n\n\n\n<h2 class=\"wp-block-heading\">Laborantine \/ Laborantin CFC avec sp\u00e9cialisation en chimie et en biologie<\/h2>\n\n\n\n<p><strong>Dur\u00e9e de la formation<\/strong><\/p>\n\n\n\n<p>3 ans<\/p>\n\n\n\n<p><strong>Lieu de la formation<\/strong><\/p>\n\n\n\n<p>Werthenstein BioPharma GmbH, Industrie Nord 1, 6105 Schachen LU<\/p>\n\n\n\n<p><strong>Exigences<\/strong><\/p>\n\n\n\n<ul class=\"wp-block-list\">\n<li>Ecole secondaire A ou B avec de bonnes notes en math\u00e9matiques<\/li>\n\n\n\n<li>Int\u00e9r\u00eat pour l\u2019exp\u00e9rimentation<\/li>\n\n\n\n<li>Bonnes dispositions \u00e0 l\u2019observation<\/li>\n\n\n\n<li>Travail propre et pr\u00e9cis<\/li>\n\n\n\n<li>Pers\u00e9v\u00e9rance et patience marqu\u00e9es<\/li>\n\n\n\n<li>Haute fiabilit\u00e9<\/li>\n\n\n\n<li>Int\u00e9r\u00eat pour le travail avec des appareils complexes<\/li>\n\n\n\n<li>Esprit d\u2019\u00e9quipe<\/li>\n<\/ul>\n\n\n\n<p><strong>Dossier de candidature<\/strong><\/p>\n\n\n\n<p>Courrier de candidature (lettre de motivation)<\/p>\n\n\n\n<ul class=\"wp-block-list\">\n<li>Pourquoi est-ce que je d\u00e9pose ma candidature aupr\u00e8s de Werthenstein BioPharma GmbH?<\/li>\n\n\n\n<li>Pourquoi est-ce que je souhaite apprendre pr\u00e9cis\u00e9ment cette profession?<\/li>\n\n\n\n<li>Pour quelles raisons l\u2019entreprise d\u2019apprentissage doit elle m\u2019engager?<\/li>\n<\/ul>\n\n\n\n<p><strong>Annexes<\/strong><\/p>\n\n\n\n<ul class=\"wp-block-list\">\n<li>Curriculum Vitae<\/li>\n\n\n\n<li>Copies des certificats de la derni\u00e8re ann\u00e9e d\u2019\u00e9cole et de celle en cours<\/li>\n\n\n\n<li>Rapports d\u2019initiation<\/li>\n<\/ul>\n\n\n\n<p><strong>Apprentissage ouvert<\/strong><\/p>\n\n\n\n<p>Nous n&#8217;avons actuellement aucune place d&#8217;apprentissage vacante.<\/p>\n\n\n\n<p><strong>Contact<\/strong><\/p>\n\n\n\n<p>Werthenstein BioPharma GmbH<br>Natasa Zivanovic<br>Industrie Nord 1<br>6105 Schachen<br><a href=\"mailto:natasa.zivanovic@msd.com\">natasa.zivanovic@msd.com<\/a><\/p>\n\n\n\n<p><\/p>\n\n\n\n<p><sup>CH-NON-00581, 08\/2024<\/sup><\/p>\n","protected":false},"excerpt":{"rendered":"<p>Laborantine \/ Laborantin CFC avec sp\u00e9cialisation en chimie et en biologie Dur\u00e9e de la formation 3 ans Lieu de la formation Werthenstein BioPharma GmbH, Industrie Nord 1, 6105 Schachen LU Exigences Dossier de candidature Courrier de candidature (lettre de motivation) Annexes Apprentissage ouvert Nous n&#8217;avons actuellement aucune place d&#8217;apprentissage vacante. Contact Werthenstein BioPharma GmbHNatasa ZivanovicIndustrie [&hellip;]<\/p>\n","protected":false},"author":283,"featured_media":0,"parent":0,"menu_order":0,"comment_status":"closed","ping_status":"closed","template":"","meta":{"_acf_changed":false,"bdl_company_name":[],"bdl_item_external_link":[],"editor_notices":[],"footnotes":""},"class_list":["post-4341","page","type-page","status-publish","hentry"],"yoast_head":"<!-- This site is optimized with the Yoast SEO plugin v21.9.1 - https:\/\/yoast.com\/wordpress\/plugins\/seo\/ -->\n<title>Apprentissages - MSD Suisse | msd.ch<\/title>\n<meta name=\"description\" content=\"MSD offre aux jeunes un bon d\u00e9part dans leur carri\u00e8re et leur fournit la formation n\u00e9cessaire pour devenir des professionnels qualifi\u00e9s.\" \/>\n<meta name=\"robots\" content=\"index, follow, max-snippet:-1, max-image-preview:large, max-video-preview:-1\" \/>\n<link rel=\"canonical\" href=\"https:\/\/www.msd.ch\/fr\/apprenticeships\/\" \/>\n<meta property=\"og:locale\" content=\"en_US\" \/>\n<meta property=\"og:type\" content=\"article\" \/>\n<meta property=\"og:title\" content=\"Nous formons\" \/>\n<meta property=\"og:description\" content=\"Depuis 1977, nous formons dans notre site MSD de Schachen des laborantines et des laborantins CFC (certificat f\u00e9d\u00e9ral de capacit\u00e9) avec sp\u00e9cialisation en chimie et, depuis 2010, \u00e9galement avec sp\u00e9cialisation en biologie.\" \/>\n<meta property=\"og:url\" content=\"https:\/\/www.msd.ch\/fr\/apprenticeships\/\" \/>\n<meta property=\"og:site_name\" content=\"msd.ch\" \/>\n<meta property=\"article:modified_time\" content=\"2026-02-16T19:18:40+00:00\" \/>\n<meta property=\"og:image\" content=\"https:\/\/www.msd.ch\/fr\/wp-content\/uploads\/sites\/87\/2022\/12\/191219150405_lomA.jpg\" \/>\n\t<meta property=\"og:image:width\" content=\"4000\" \/>\n\t<meta property=\"og:image:height\" content=\"2667\" \/>\n\t<meta property=\"og:image:type\" content=\"image\/jpeg\" \/>\n<meta name=\"twitter:card\" content=\"summary_large_image\" \/>\n<meta name=\"twitter:title\" content=\"Nous formons\" \/>\n<meta name=\"twitter:description\" content=\"Depuis 1977, nous formons dans notre site MSD de Schachen des laborantines et des laborantins CFC (certificat f\u00e9d\u00e9ral de capacit\u00e9) avec sp\u00e9cialisation en chimie et, depuis 2010, \u00e9galement avec sp\u00e9cialisation en biologie.\" \/>\n<meta name=\"twitter:image\" content=\"https:\/\/www.msd.ch\/fr\/wp-content\/uploads\/sites\/87\/2022\/12\/191219150405_lomA.jpg\" \/>\n<meta name=\"twitter:label1\" content=\"Est. reading time\" \/>\n\t<meta name=\"twitter:data1\" content=\"1 minute\" \/>\n<script type=\"application\/ld+json\" class=\"yoast-schema-graph\">{\"@context\":\"https:\/\/schema.org\",\"@graph\":[{\"@type\":\"WebPage\",\"@id\":\"https:\/\/www.msd.ch\/fr\/apprenticeships\/\",\"url\":\"https:\/\/www.msd.ch\/fr\/apprenticeships\/\",\"name\":\"Apprentissages - MSD Suisse | msd.ch\",\"isPartOf\":{\"@id\":\"https:\/\/www.msd.ch\/fr\/#website\"},\"datePublished\":\"2022-09-25T14:20:00+00:00\",\"dateModified\":\"2026-02-16T19:18:40+00:00\",\"description\":\"MSD offre aux jeunes un bon d\u00e9part dans leur carri\u00e8re et leur fournit la formation n\u00e9cessaire pour devenir des professionnels qualifi\u00e9s.\",\"inLanguage\":\"en-US\",\"potentialAction\":[{\"@type\":\"ReadAction\",\"target\":[\"https:\/\/www.msd.ch\/fr\/apprenticeships\/\"]}]},{\"@type\":\"WebSite\",\"@id\":\"https:\/\/www.msd.ch\/fr\/#website\",\"url\":\"https:\/\/www.msd.ch\/fr\/\",\"name\":\"msd.ch\",\"description\":\"MSD recherche et d\u00e9veloppe des m\u00e9dicaments et des vaccins pour sauver des vies et am\u00e9liorer la sant\u00e9 des patients. En Suisse, 1000 employ\u00e9s \u00e0 Lucerne et \u00e0 Zurich s&#039;engagent dans ce sens.\",\"potentialAction\":[{\"@type\":\"SearchAction\",\"target\":{\"@type\":\"EntryPoint\",\"urlTemplate\":\"https:\/\/www.msd.ch\/fr\/?s={search_term_string}\"},\"query-input\":\"required name=search_term_string\"}],\"inLanguage\":\"en-US\"}]}<\/script>\n<!-- \/ Yoast SEO plugin. -->","yoast_head_json":{"title":"Apprentissages - MSD Suisse | msd.ch","description":"MSD offre aux jeunes un bon d\u00e9part dans leur carri\u00e8re et leur fournit la formation n\u00e9cessaire pour devenir des professionnels qualifi\u00e9s.","robots":{"index":"index","follow":"follow","max-snippet":"max-snippet:-1","max-image-preview":"max-image-preview:large","max-video-preview":"max-video-preview:-1"},"canonical":"https:\/\/www.msd.ch\/fr\/apprenticeships\/","og_locale":"en_US","og_type":"article","og_title":"Nous formons","og_description":"Depuis 1977, nous formons dans notre site MSD de Schachen des laborantines et des laborantins CFC (certificat f\u00e9d\u00e9ral de capacit\u00e9) avec sp\u00e9cialisation en chimie et, depuis 2010, \u00e9galement avec sp\u00e9cialisation en biologie.","og_url":"https:\/\/www.msd.ch\/fr\/apprenticeships\/","og_site_name":"msd.ch","article_modified_time":"2026-02-16T19:18:40+00:00","og_image":[{"width":4000,"height":2667,"url":"https:\/\/www.msd.ch\/fr\/wp-content\/uploads\/sites\/87\/2022\/12\/191219150405_lomA.jpg","type":"image\/jpeg"}],"twitter_card":"summary_large_image","twitter_title":"Nous formons","twitter_description":"Depuis 1977, nous formons dans notre site MSD de Schachen des laborantines et des laborantins CFC (certificat f\u00e9d\u00e9ral de capacit\u00e9) avec sp\u00e9cialisation en chimie et, depuis 2010, \u00e9galement avec sp\u00e9cialisation en biologie.","twitter_image":"https:\/\/www.msd.ch\/fr\/wp-content\/uploads\/sites\/87\/2022\/12\/191219150405_lomA.jpg","twitter_misc":{"Est. reading time":"1 minute"},"schema":{"@context":"https:\/\/schema.org","@graph":[{"@type":"WebPage","@id":"https:\/\/www.msd.ch\/fr\/apprenticeships\/","url":"https:\/\/www.msd.ch\/fr\/apprenticeships\/","name":"Apprentissages - MSD Suisse | msd.ch","isPartOf":{"@id":"https:\/\/www.msd.ch\/fr\/#website"},"datePublished":"2022-09-25T14:20:00+00:00","dateModified":"2026-02-16T19:18:40+00:00","description":"MSD offre aux jeunes un bon d\u00e9part dans leur carri\u00e8re et leur fournit la formation n\u00e9cessaire pour devenir des professionnels qualifi\u00e9s.","inLanguage":"en-US","potentialAction":[{"@type":"ReadAction","target":["https:\/\/www.msd.ch\/fr\/apprenticeships\/"]}]},{"@type":"WebSite","@id":"https:\/\/www.msd.ch\/fr\/#website","url":"https:\/\/www.msd.ch\/fr\/","name":"msd.ch","description":"MSD recherche et d\u00e9veloppe des m\u00e9dicaments et des vaccins pour sauver des vies et am\u00e9liorer la sant\u00e9 des patients. En Suisse, 1000 employ\u00e9s \u00e0 Lucerne et \u00e0 Zurich s&#039;engagent dans ce sens.","potentialAction":[{"@type":"SearchAction","target":{"@type":"EntryPoint","urlTemplate":"https:\/\/www.msd.ch\/fr\/?s={search_term_string}"},"query-input":"required name=search_term_string"}],"inLanguage":"en-US"}]}},"acf":[],"_links":{"self":[{"href":"https:\/\/www.msd.ch\/fr\/wp-json\/wp\/v2\/pages\/4341","targetHints":{"allow":["GET"]}}],"collection":[{"href":"https:\/\/www.msd.ch\/fr\/wp-json\/wp\/v2\/pages"}],"about":[{"href":"https:\/\/www.msd.ch\/fr\/wp-json\/wp\/v2\/types\/page"}],"author":[{"embeddable":true,"href":"https:\/\/www.msd.ch\/fr\/wp-json\/wp\/v2\/users\/283"}],"replies":[{"embeddable":true,"href":"https:\/\/www.msd.ch\/fr\/wp-json\/wp\/v2\/comments?post=4341"}],"version-history":[{"count":54,"href":"https:\/\/www.msd.ch\/fr\/wp-json\/wp\/v2\/pages\/4341\/revisions"}],"predecessor-version":[{"id":8995,"href":"https:\/\/www.msd.ch\/fr\/wp-json\/wp\/v2\/pages\/4341\/revisions\/8995"}],"wp:attachment":[{"href":"https:\/\/www.msd.ch\/fr\/wp-json\/wp\/v2\/media?parent=4341"}],"curies":[{"name":"wp","href":"https:\/\/api.w.org\/{rel}","templated":true}]}}