{"id":46,"date":"2024-12-09T15:41:00","date_gmt":"2024-12-09T13:41:00","guid":{"rendered":"https:\/\/vip2-msd.com\/switzerland\/?page_id=46"},"modified":"2025-02-20T12:53:12","modified_gmt":"2025-02-20T10:53:12","slug":"our-values","status":"publish","type":"page","link":"https:\/\/www.msd.ch\/fr\/home\/about-us\/our-values\/","title":{"rendered":"Nos valeurs"},"content":{"rendered":"\n<div id=\"mco-b2-hero-block-block_048de2031354ff2dc8ac2d630d202e9f\" class=\"mco-b2-hero-block full mccberg-block\">\n    <div class=\"mco-b2-hero-block-wrapper\">\n        <div class=\"mco-b2-hero-block-image-section \">\n                            <div class=\"mco-b2-hero-block-image-container \">\n                    <picture >\n\t<source media=\"(max-width: 767px)\" data-srcset=\"https:\/\/www.msd.ch\/fr\/wp-content\/uploads\/sites\/87\/2021\/06\/our-values-banner-1.png?w=768\" srcset=\"https:\/\/www.msd.ch\/fr\/wp-content\/uploads\/sites\/87\/2021\/06\/our-values-banner-1.png?w=768\" >\n<source media=\"(min-width: 768px) and (max-width: 1199px)\" data-srcset=\"https:\/\/www.msd.ch\/fr\/wp-content\/uploads\/sites\/87\/2021\/06\/our-values-banner-1.png?h=768\" srcset=\"https:\/\/www.msd.ch\/fr\/wp-content\/uploads\/sites\/87\/2021\/06\/our-values-banner-1.png?h=768\" >\n<source media=\"(min-width: 1200px) and (max-width: 1919px)\" data-srcset=\"https:\/\/www.msd.ch\/fr\/wp-content\/uploads\/sites\/87\/2021\/06\/our-values-banner-1.png?w=1200\" srcset=\"https:\/\/www.msd.ch\/fr\/wp-content\/uploads\/sites\/87\/2021\/06\/our-values-banner-1.png?w=1200\" >\n<source media=\"(min-width: 1920px)\" data-srcset=\"https:\/\/www.msd.ch\/fr\/wp-content\/uploads\/sites\/87\/2021\/06\/our-values-banner-1.png?w=1920\" srcset=\"https:\/\/www.msd.ch\/fr\/wp-content\/uploads\/sites\/87\/2021\/06\/our-values-banner-1.png?w=1920\" >\n\t<img data-src=\"https:\/\/www.msd.ch\/fr\/wp-content\/uploads\/sites\/87\/2021\/06\/our-values-banner-1.png?w=1920\" alt=\"\" class=\"eager \" loading=\"eager\" \/>\n<\/picture>                                    <\/div>\n                        <div class=\"mco-b2-hero-block-image-container-two\">\n                            <\/div>\n        <\/div>\n\n        <div class=\"mco-b2-hero-block-content-section\">\n            <nav class=\"breadcrumbs wrapper text-descriptive\"aria-label=\"Breadcrumbs\"><\/nav>            \n                            <h1>Nos valeurs<\/h1>\n            \n                            <div class=\"mco-b2-hero-block-description\"><p>Nos valeurs repr\u00e9sentent le c\u0153ur m\u00eame de notre caract\u00e8re. Elles guident chacune de nos d\u00e9cisions et de nos actions.<\/p>\n<\/div>\n            \n                    <\/div>\n    <\/div>\n\n    \n<\/div>\n\n\n\n<h3 class=\"wp-block-heading has-text-align-center\">Patients<\/h3>\n\n\n\n<p class=\"has-text-align-center\">Nous sommes tous responsables de la fourniture de produits et de services de haute qualit\u00e9. Nous aspirons \u00e0 am\u00e9liorer la sant\u00e9 et le bien-\u00eatre des personnes et des animaux dans le monde entier et \u00e0 \u00e9largir l&#8217;acc\u00e8s \u00e0 nos m\u00e9dicaments et vaccins. Toutes nos actions doivent \u00eatre mesur\u00e9es \u00e0 l&#8217;aune de notre responsabilit\u00e9 envers ceux qui utilisent ou ont besoin de nos produits.<\/p>\n\n\n\n<p class=\"has-text-align-center\"><br><\/p>\n\n\n\n<h3 class=\"wp-block-heading has-text-align-center\">Respect des personnes<\/h3>\n\n\n\n<p class=\"has-text-align-center\">Notre capacit\u00e9 \u00e0 exceller d\u00e9pend de l&#8217;int\u00e9grit\u00e9, des connaissances, de l&#8217;imagination, des comp\u00e9tences, de la diversit\u00e9, de la s\u00e9curit\u00e9 et du travail d&#8217;\u00e9quipe de nos employ\u00e9s. \u00c0 cette fin, nous nous effor\u00e7ons de cr\u00e9er un environnement de respect mutuel, d&#8217;inclusion et de responsabilit\u00e9. Nous r\u00e9compensons l&#8217;engagement et les performances et sommes attentifs aux besoins de nos employ\u00e9s et de leurs familles.<\/p>\n\n\n\n<p class=\"has-text-align-center\"><br><\/p>\n\n\n\n<h3 class=\"wp-block-heading has-text-align-center\">\u00c9thique et int\u00e9grit\u00e9<\/h3>\n\n\n\n<p class=\"has-text-align-center\">Dans toutes nos activit\u00e9s, la transparence la plus grande possible est essentielle. Nous soutenons les efforts de l\u2019European Federation of Pharmaceutical Industries and Associations (EFPIA, F\u00e9d\u00e9ration europ\u00e9enne des associations et industries pharmaceutiques) visant \u00e0 augmenter la transparence dans la branche de l\u2019industrie pharmaceutique.<\/p>\n\n\n\n<p class=\"has-text-align-center\"><a href=\"https:\/\/www.msd.ch\/fr\/home\/about-us\/responsibility\/transparence\/\" target=\"_blank\" rel=\"noreferrer noopener\">En savoir plus<\/a><\/p>\n\n\n\n<p class=\"has-text-align-center\"><br><\/p>\n\n\n\n<h3 class=\"wp-block-heading has-text-align-center\">Innovation et excellence scientifique<\/h3>\n\n\n\n<p class=\"has-text-align-center\">Nous nous consacrons \u00e0 l&#8217;innovation et \u00e0 l&#8217;excellence scientifique. Notre recherche est guid\u00e9e par un engagement \u00e0 am\u00e9liorer la sant\u00e9 et la qualit\u00e9 de vie. Nous nous effor\u00e7ons d&#8217;identifier les besoins les plus critiques des patients et des clients, et gr\u00e2ce \u00e0 une innovation continue, nous nous mettons au d\u00e9fi de r\u00e9pondre \u00e0 ces besoins.<\/p>\n\n\n\n<p> <\/p>\n\n\n\n<p><br><sup><br>CH-NON-02012, 12\/2024<\/sup><\/p>\n","protected":false},"excerpt":{"rendered":"<p>Patients Nous sommes tous responsables de la fourniture de produits et de services de haute qualit\u00e9. Nous aspirons \u00e0 am\u00e9liorer la sant\u00e9 et le bien-\u00eatre des personnes et des animaux dans le monde entier et \u00e0 \u00e9largir l&#8217;acc\u00e8s \u00e0 nos m\u00e9dicaments et vaccins. Toutes nos actions doivent \u00eatre mesur\u00e9es \u00e0 l&#8217;aune de notre responsabilit\u00e9 envers [&hellip;]<\/p>\n","protected":false},"author":9,"featured_media":0,"parent":6115,"menu_order":5,"comment_status":"closed","ping_status":"closed","template":"","meta":{"_acf_changed":false,"bdl_company_name":[],"bdl_item_external_link":[],"editor_notices":[],"footnotes":""},"class_list":["post-46","page","type-page","status-publish","hentry"],"yoast_head":"<!-- This site is optimized with the Yoast SEO plugin v21.9.1 - https:\/\/yoast.com\/wordpress\/plugins\/seo\/ -->\n<title>Nos valeurs - MSD Suisse | msd.ch<\/title>\n<meta name=\"description\" content=\"Chez MSD, nos valeurs guident chacune de nos d\u00e9cisions et actions. En savoir plus sur nos valeurs.\" \/>\n<meta name=\"robots\" content=\"index, follow, max-snippet:-1, max-image-preview:large, max-video-preview:-1\" \/>\n<link rel=\"canonical\" href=\"https:\/\/www.msd.ch\/fr\/home\/about-us\/our-values\/\" \/>\n<meta property=\"og:locale\" content=\"en_US\" \/>\n<meta property=\"og:type\" content=\"article\" \/>\n<meta property=\"og:title\" content=\"Nos valeurs\" \/>\n<meta property=\"og:description\" content=\"Chez MSD, nos valeurs guident chacune de nos d\u00e9cisions et actions. En savoir plus sur nos valeurs.\" \/>\n<meta property=\"og:url\" content=\"https:\/\/www.msd.ch\/fr\/home\/about-us\/our-values\/\" \/>\n<meta property=\"og:site_name\" content=\"msd.ch\" \/>\n<meta property=\"article:modified_time\" content=\"2025-02-20T10:53:12+00:00\" \/>\n<meta property=\"og:image\" content=\"https:\/\/www.msd.ch\/fr\/wp-content\/uploads\/sites\/87\/2021\/06\/our-values-banner-1.png\" \/>\n\t<meta property=\"og:image:width\" content=\"1900\" \/>\n\t<meta property=\"og:image:height\" content=\"550\" \/>\n\t<meta property=\"og:image:type\" content=\"image\/png\" \/>\n<meta name=\"twitter:card\" content=\"summary_large_image\" \/>\n<meta name=\"twitter:title\" content=\"Nos valeurs\" \/>\n<meta name=\"twitter:description\" content=\"Chez MSD, nos valeurs guident chacune de nos d\u00e9cisions et actions. En savoir plus sur nos valeurs.\" \/>\n<meta name=\"twitter:image\" content=\"https:\/\/www.msd.ch\/fr\/wp-content\/uploads\/sites\/87\/2021\/06\/our-values-banner-1.png\" \/>\n<meta name=\"twitter:label1\" content=\"Est. reading time\" \/>\n\t<meta name=\"twitter:data1\" content=\"2 minutes\" \/>\n<script type=\"application\/ld+json\" class=\"yoast-schema-graph\">{\"@context\":\"https:\/\/schema.org\",\"@graph\":[{\"@type\":\"WebPage\",\"@id\":\"https:\/\/www.msd.ch\/fr\/home\/about-us\/our-values\/\",\"url\":\"https:\/\/www.msd.ch\/fr\/home\/about-us\/our-values\/\",\"name\":\"Nos valeurs - MSD Suisse | msd.ch\",\"isPartOf\":{\"@id\":\"https:\/\/www.msd.ch\/fr\/#website\"},\"datePublished\":\"2024-12-09T13:41:00+00:00\",\"dateModified\":\"2025-02-20T10:53:12+00:00\",\"description\":\"Chez MSD, nos valeurs guident chacune de nos d\u00e9cisions et actions. En savoir plus sur nos valeurs.\",\"breadcrumb\":{\"@id\":\"https:\/\/www.msd.ch\/fr\/home\/about-us\/our-values\/#breadcrumb\"},\"inLanguage\":\"en-US\",\"potentialAction\":[{\"@type\":\"ReadAction\",\"target\":[\"https:\/\/www.msd.ch\/fr\/home\/about-us\/our-values\/\"]}]},{\"@type\":\"BreadcrumbList\",\"@id\":\"https:\/\/www.msd.ch\/fr\/home\/about-us\/our-values\/#breadcrumb\",\"itemListElement\":[{\"@type\":\"ListItem\",\"position\":1,\"name\":\"Home\",\"item\":\"https:\/\/www.msd.ch\/fr\/\"},{\"@type\":\"ListItem\",\"position\":2,\"name\":\"\u00c0 propos de nous\",\"item\":\"https:\/\/www.msd.ch\/fr\/home\/about-us\/\"},{\"@type\":\"ListItem\",\"position\":3,\"name\":\"Nos valeurs\"}]},{\"@type\":\"WebSite\",\"@id\":\"https:\/\/www.msd.ch\/fr\/#website\",\"url\":\"https:\/\/www.msd.ch\/fr\/\",\"name\":\"msd.ch\",\"description\":\"MSD recherche et d\u00e9veloppe des m\u00e9dicaments et des vaccins pour sauver des vies et am\u00e9liorer la sant\u00e9 des patients. En Suisse, 1000 employ\u00e9s \u00e0 Lucerne et \u00e0 Zurich s&#039;engagent dans ce sens.\",\"potentialAction\":[{\"@type\":\"SearchAction\",\"target\":{\"@type\":\"EntryPoint\",\"urlTemplate\":\"https:\/\/www.msd.ch\/fr\/?s={search_term_string}\"},\"query-input\":\"required name=search_term_string\"}],\"inLanguage\":\"en-US\"}]}<\/script>\n<!-- \/ Yoast SEO plugin. -->","yoast_head_json":{"title":"Nos valeurs - MSD Suisse | msd.ch","description":"Chez MSD, nos valeurs guident chacune de nos d\u00e9cisions et actions. En savoir plus sur nos valeurs.","robots":{"index":"index","follow":"follow","max-snippet":"max-snippet:-1","max-image-preview":"max-image-preview:large","max-video-preview":"max-video-preview:-1"},"canonical":"https:\/\/www.msd.ch\/fr\/home\/about-us\/our-values\/","og_locale":"en_US","og_type":"article","og_title":"Nos valeurs","og_description":"Chez MSD, nos valeurs guident chacune de nos d\u00e9cisions et actions. En savoir plus sur nos valeurs.","og_url":"https:\/\/www.msd.ch\/fr\/home\/about-us\/our-values\/","og_site_name":"msd.ch","article_modified_time":"2025-02-20T10:53:12+00:00","og_image":[{"width":1900,"height":550,"url":"https:\/\/www.msd.ch\/fr\/wp-content\/uploads\/sites\/87\/2021\/06\/our-values-banner-1.png","type":"image\/png"}],"twitter_card":"summary_large_image","twitter_title":"Nos valeurs","twitter_description":"Chez MSD, nos valeurs guident chacune de nos d\u00e9cisions et actions. En savoir plus sur nos valeurs.","twitter_image":"https:\/\/www.msd.ch\/fr\/wp-content\/uploads\/sites\/87\/2021\/06\/our-values-banner-1.png","twitter_misc":{"Est. reading time":"2 minutes"},"schema":{"@context":"https:\/\/schema.org","@graph":[{"@type":"WebPage","@id":"https:\/\/www.msd.ch\/fr\/home\/about-us\/our-values\/","url":"https:\/\/www.msd.ch\/fr\/home\/about-us\/our-values\/","name":"Nos valeurs - MSD Suisse | msd.ch","isPartOf":{"@id":"https:\/\/www.msd.ch\/fr\/#website"},"datePublished":"2024-12-09T13:41:00+00:00","dateModified":"2025-02-20T10:53:12+00:00","description":"Chez MSD, nos valeurs guident chacune de nos d\u00e9cisions et actions. En savoir plus sur nos valeurs.","breadcrumb":{"@id":"https:\/\/www.msd.ch\/fr\/home\/about-us\/our-values\/#breadcrumb"},"inLanguage":"en-US","potentialAction":[{"@type":"ReadAction","target":["https:\/\/www.msd.ch\/fr\/home\/about-us\/our-values\/"]}]},{"@type":"BreadcrumbList","@id":"https:\/\/www.msd.ch\/fr\/home\/about-us\/our-values\/#breadcrumb","itemListElement":[{"@type":"ListItem","position":1,"name":"Home","item":"https:\/\/www.msd.ch\/fr\/"},{"@type":"ListItem","position":2,"name":"\u00c0 propos de nous","item":"https:\/\/www.msd.ch\/fr\/home\/about-us\/"},{"@type":"ListItem","position":3,"name":"Nos valeurs"}]},{"@type":"WebSite","@id":"https:\/\/www.msd.ch\/fr\/#website","url":"https:\/\/www.msd.ch\/fr\/","name":"msd.ch","description":"MSD recherche et d\u00e9veloppe des m\u00e9dicaments et des vaccins pour sauver des vies et am\u00e9liorer la sant\u00e9 des patients. En Suisse, 1000 employ\u00e9s \u00e0 Lucerne et \u00e0 Zurich s&#039;engagent dans ce sens.","potentialAction":[{"@type":"SearchAction","target":{"@type":"EntryPoint","urlTemplate":"https:\/\/www.msd.ch\/fr\/?s={search_term_string}"},"query-input":"required name=search_term_string"}],"inLanguage":"en-US"}]}},"acf":[],"_links":{"self":[{"href":"https:\/\/www.msd.ch\/fr\/wp-json\/wp\/v2\/pages\/46","targetHints":{"allow":["GET"]}}],"collection":[{"href":"https:\/\/www.msd.ch\/fr\/wp-json\/wp\/v2\/pages"}],"about":[{"href":"https:\/\/www.msd.ch\/fr\/wp-json\/wp\/v2\/types\/page"}],"author":[{"embeddable":true,"href":"https:\/\/www.msd.ch\/fr\/wp-json\/wp\/v2\/users\/9"}],"replies":[{"embeddable":true,"href":"https:\/\/www.msd.ch\/fr\/wp-json\/wp\/v2\/comments?post=46"}],"version-history":[{"count":46,"href":"https:\/\/www.msd.ch\/fr\/wp-json\/wp\/v2\/pages\/46\/revisions"}],"predecessor-version":[{"id":8200,"href":"https:\/\/www.msd.ch\/fr\/wp-json\/wp\/v2\/pages\/46\/revisions\/8200"}],"up":[{"embeddable":true,"href":"https:\/\/www.msd.ch\/fr\/wp-json\/wp\/v2\/pages\/6115"}],"wp:attachment":[{"href":"https:\/\/www.msd.ch\/fr\/wp-json\/wp\/v2\/media?parent=46"}],"curies":[{"name":"wp","href":"https:\/\/api.w.org\/{rel}","templated":true}]}}