{"id":5076,"date":"2021-10-19T17:13:20","date_gmt":"2021-10-19T15:13:20","guid":{"rendered":"https:\/\/www.msd.ch\/fr\/?page_id=5076"},"modified":"2024-12-09T10:39:20","modified_gmt":"2024-12-09T08:39:20","slug":"situation-de-la-livraison","status":"publish","type":"page","link":"https:\/\/www.msd.ch\/fr\/home\/situation-de-la-livraison\/","title":{"rendered":"Situation de la livraison"},"content":{"rendered":"\n<h1 class=\"wp-block-heading\">Situation de la livraison<\/h1>\n\n\n\n<p>Certains de nos produits ne sont actuellement pas disponibles. L&#8217;aper\u00e7u suivant indique les dates de livraison <strong>pr\u00e9vues<\/strong>. La liste sera actualis\u00e9e chaque semaine.<\/p>\n\n\n\n<p><a href=\"https:\/\/www.msd.ch\/en\/uebersicht-liefersituation\/\" target=\"_blank\" rel=\"noreferrer noopener\">Aper\u00e7u de la situation des livraisons<\/a><\/p>\n\n\n\n<p>MSD Merck Sharp &amp; Dohme AG dispose d&#8217;une <a href=\"https:\/\/www.msd.ch\/en\/wp-content\/uploads\/sites\/42\/2021\/10\/Betriebsbewilligung_Arzneimittel.pdf\" target=\"_blank\" rel=\"noreferrer noopener\">licence d&#8217;exploitation pour les produits pharmaceutiques<\/a>.<\/p>\n\n\n\n<p><sup>CH-NON-00596, 10\/2023<\/sup><\/p>\n","protected":false},"excerpt":{"rendered":"<p>Situation de la livraison Certains de nos produits ne sont actuellement pas disponibles. L&#8217;aper\u00e7u suivant indique les dates de livraison pr\u00e9vues. La liste sera actualis\u00e9e chaque semaine. Aper\u00e7u de la situation des livraisons MSD Merck Sharp &amp; Dohme AG dispose d&#8217;une licence d&#8217;exploitation pour les produits pharmaceutiques. CH-NON-00596, 10\/2023<\/p>\n","protected":false},"author":283,"featured_media":0,"parent":1686,"menu_order":0,"comment_status":"closed","ping_status":"closed","template":"","meta":{"_acf_changed":false,"bdl_company_name":[],"bdl_item_external_link":[],"editor_notices":[],"footnotes":""},"class_list":["post-5076","page","type-page","status-publish","hentry"],"yoast_head":"<!-- This site is optimized with the Yoast SEO plugin v21.9.1 - https:\/\/yoast.com\/wordpress\/plugins\/seo\/ -->\n<title>Situation de la livraison - msd.ch<\/title>\n<meta name=\"description\" content=\"Certains de nos produits ne sont actuellement pas disponibles. L&#039;aper\u00e7u suivant indique les dates de livraison pr\u00e9vues. La liste sera actualis\u00e9e chaque semaine.\" \/>\n<meta name=\"robots\" content=\"index, follow, max-snippet:-1, max-image-preview:large, max-video-preview:-1\" \/>\n<link rel=\"canonical\" href=\"https:\/\/www.msd.ch\/fr\/home\/situation-de-la-livraison\/\" \/>\n<meta property=\"og:locale\" content=\"en_US\" \/>\n<meta property=\"og:type\" content=\"article\" \/>\n<meta property=\"og:title\" content=\"Situation de la livraison - msd.ch\" \/>\n<meta property=\"og:description\" content=\"Certains de nos produits ne sont actuellement pas disponibles. L&#039;aper\u00e7u suivant indique les dates de livraison pr\u00e9vues. La liste sera actualis\u00e9e chaque semaine.\" \/>\n<meta property=\"og:url\" content=\"https:\/\/www.msd.ch\/fr\/home\/situation-de-la-livraison\/\" \/>\n<meta property=\"og:site_name\" content=\"msd.ch\" \/>\n<meta property=\"article:modified_time\" content=\"2024-12-09T08:39:20+00:00\" \/>\n<meta name=\"twitter:card\" content=\"summary_large_image\" \/>\n<script type=\"application\/ld+json\" class=\"yoast-schema-graph\">{\"@context\":\"https:\/\/schema.org\",\"@graph\":[{\"@type\":\"WebPage\",\"@id\":\"https:\/\/www.msd.ch\/fr\/home\/situation-de-la-livraison\/\",\"url\":\"https:\/\/www.msd.ch\/fr\/home\/situation-de-la-livraison\/\",\"name\":\"Situation de la livraison - msd.ch\",\"isPartOf\":{\"@id\":\"https:\/\/www.msd.ch\/fr\/#website\"},\"datePublished\":\"2021-10-19T15:13:20+00:00\",\"dateModified\":\"2024-12-09T08:39:20+00:00\",\"description\":\"Certains de nos produits ne sont actuellement pas disponibles. L'aper\u00e7u suivant indique les dates de livraison pr\u00e9vues. La liste sera actualis\u00e9e chaque semaine.\",\"breadcrumb\":{\"@id\":\"https:\/\/www.msd.ch\/fr\/home\/situation-de-la-livraison\/#breadcrumb\"},\"inLanguage\":\"en-US\",\"potentialAction\":[{\"@type\":\"ReadAction\",\"target\":[\"https:\/\/www.msd.ch\/fr\/home\/situation-de-la-livraison\/\"]}]},{\"@type\":\"BreadcrumbList\",\"@id\":\"https:\/\/www.msd.ch\/fr\/home\/situation-de-la-livraison\/#breadcrumb\",\"itemListElement\":[{\"@type\":\"ListItem\",\"position\":1,\"name\":\"Home\",\"item\":\"https:\/\/www.msd.ch\/fr\/\"},{\"@type\":\"ListItem\",\"position\":2,\"name\":\"Situation de la livraison\"}]},{\"@type\":\"WebSite\",\"@id\":\"https:\/\/www.msd.ch\/fr\/#website\",\"url\":\"https:\/\/www.msd.ch\/fr\/\",\"name\":\"msd.ch\",\"description\":\"MSD recherche et d\u00e9veloppe des m\u00e9dicaments et des vaccins pour sauver des vies et am\u00e9liorer la sant\u00e9 des patients. En Suisse, 1000 employ\u00e9s \u00e0 Lucerne et \u00e0 Zurich s&#039;engagent dans ce sens.\",\"potentialAction\":[{\"@type\":\"SearchAction\",\"target\":{\"@type\":\"EntryPoint\",\"urlTemplate\":\"https:\/\/www.msd.ch\/fr\/?s={search_term_string}\"},\"query-input\":\"required name=search_term_string\"}],\"inLanguage\":\"en-US\"}]}<\/script>\n<!-- \/ Yoast SEO plugin. -->","yoast_head_json":{"title":"Situation de la livraison - msd.ch","description":"Certains de nos produits ne sont actuellement pas disponibles. L'aper\u00e7u suivant indique les dates de livraison pr\u00e9vues. La liste sera actualis\u00e9e chaque semaine.","robots":{"index":"index","follow":"follow","max-snippet":"max-snippet:-1","max-image-preview":"max-image-preview:large","max-video-preview":"max-video-preview:-1"},"canonical":"https:\/\/www.msd.ch\/fr\/home\/situation-de-la-livraison\/","og_locale":"en_US","og_type":"article","og_title":"Situation de la livraison - msd.ch","og_description":"Certains de nos produits ne sont actuellement pas disponibles. L'aper\u00e7u suivant indique les dates de livraison pr\u00e9vues. La liste sera actualis\u00e9e chaque semaine.","og_url":"https:\/\/www.msd.ch\/fr\/home\/situation-de-la-livraison\/","og_site_name":"msd.ch","article_modified_time":"2024-12-09T08:39:20+00:00","twitter_card":"summary_large_image","schema":{"@context":"https:\/\/schema.org","@graph":[{"@type":"WebPage","@id":"https:\/\/www.msd.ch\/fr\/home\/situation-de-la-livraison\/","url":"https:\/\/www.msd.ch\/fr\/home\/situation-de-la-livraison\/","name":"Situation de la livraison - msd.ch","isPartOf":{"@id":"https:\/\/www.msd.ch\/fr\/#website"},"datePublished":"2021-10-19T15:13:20+00:00","dateModified":"2024-12-09T08:39:20+00:00","description":"Certains de nos produits ne sont actuellement pas disponibles. L'aper\u00e7u suivant indique les dates de livraison pr\u00e9vues. La liste sera actualis\u00e9e chaque semaine.","breadcrumb":{"@id":"https:\/\/www.msd.ch\/fr\/home\/situation-de-la-livraison\/#breadcrumb"},"inLanguage":"en-US","potentialAction":[{"@type":"ReadAction","target":["https:\/\/www.msd.ch\/fr\/home\/situation-de-la-livraison\/"]}]},{"@type":"BreadcrumbList","@id":"https:\/\/www.msd.ch\/fr\/home\/situation-de-la-livraison\/#breadcrumb","itemListElement":[{"@type":"ListItem","position":1,"name":"Home","item":"https:\/\/www.msd.ch\/fr\/"},{"@type":"ListItem","position":2,"name":"Situation de la livraison"}]},{"@type":"WebSite","@id":"https:\/\/www.msd.ch\/fr\/#website","url":"https:\/\/www.msd.ch\/fr\/","name":"msd.ch","description":"MSD recherche et d\u00e9veloppe des m\u00e9dicaments et des vaccins pour sauver des vies et am\u00e9liorer la sant\u00e9 des patients. En Suisse, 1000 employ\u00e9s \u00e0 Lucerne et \u00e0 Zurich s&#039;engagent dans ce sens.","potentialAction":[{"@type":"SearchAction","target":{"@type":"EntryPoint","urlTemplate":"https:\/\/www.msd.ch\/fr\/?s={search_term_string}"},"query-input":"required name=search_term_string"}],"inLanguage":"en-US"}]}},"acf":[],"_links":{"self":[{"href":"https:\/\/www.msd.ch\/fr\/wp-json\/wp\/v2\/pages\/5076","targetHints":{"allow":["GET"]}}],"collection":[{"href":"https:\/\/www.msd.ch\/fr\/wp-json\/wp\/v2\/pages"}],"about":[{"href":"https:\/\/www.msd.ch\/fr\/wp-json\/wp\/v2\/types\/page"}],"author":[{"embeddable":true,"href":"https:\/\/www.msd.ch\/fr\/wp-json\/wp\/v2\/users\/283"}],"replies":[{"embeddable":true,"href":"https:\/\/www.msd.ch\/fr\/wp-json\/wp\/v2\/comments?post=5076"}],"version-history":[{"count":7,"href":"https:\/\/www.msd.ch\/fr\/wp-json\/wp\/v2\/pages\/5076\/revisions"}],"predecessor-version":[{"id":7977,"href":"https:\/\/www.msd.ch\/fr\/wp-json\/wp\/v2\/pages\/5076\/revisions\/7977"}],"up":[{"embeddable":true,"href":"https:\/\/www.msd.ch\/fr\/wp-json\/wp\/v2\/pages\/1686"}],"wp:attachment":[{"href":"https:\/\/www.msd.ch\/fr\/wp-json\/wp\/v2\/media?parent=5076"}],"curies":[{"name":"wp","href":"https:\/\/api.w.org\/{rel}","templated":true}]}}