{"id":5524,"date":"2022-09-25T13:59:00","date_gmt":"2022-09-25T11:59:00","guid":{"rendered":"https:\/\/www.msd.ch\/fr\/?page_id=5524"},"modified":"2025-10-31T12:28:21","modified_gmt":"2025-10-31T10:28:21","slug":"media-contacts","status":"publish","type":"page","link":"https:\/\/www.msd.ch\/fr\/home\/media-contacts\/","title":{"rendered":"Contact m\u00e9dias"},"content":{"rendered":"\n<div id=\"mco-b2-hero-block-block_d3231cdf61584a4894f28d026d39a1c9\" class=\"mco-b2-hero-block full mccberg-block\">\n    <div class=\"mco-b2-hero-block-wrapper\">\n        <div class=\"mco-b2-hero-block-image-section \">\n\n                            <div class=\"mco-b2-hero-block-image-container \">\n                    <picture >\n\t<source media=\"(max-width: 767px)\" data-srcset=\"https:\/\/www.msd.ch\/fr\/wp-content\/uploads\/sites\/87\/2022\/05\/Our-employees-close-up-listening-during-team-meeting_hi_300dpi.jpg?w=768\" srcset=\"https:\/\/www.msd.ch\/fr\/wp-content\/uploads\/sites\/87\/2022\/05\/Our-employees-close-up-listening-during-team-meeting_hi_300dpi.jpg?w=768\" >\n<source media=\"(min-width: 768px) and (max-width: 1199px)\" data-srcset=\"https:\/\/www.msd.ch\/fr\/wp-content\/uploads\/sites\/87\/2022\/05\/Our-employees-close-up-listening-during-team-meeting_hi_300dpi.jpg?h=768\" srcset=\"https:\/\/www.msd.ch\/fr\/wp-content\/uploads\/sites\/87\/2022\/05\/Our-employees-close-up-listening-during-team-meeting_hi_300dpi.jpg?h=768\" >\n<source media=\"(min-width: 1200px) and (max-width: 1919px)\" data-srcset=\"https:\/\/www.msd.ch\/fr\/wp-content\/uploads\/sites\/87\/2022\/05\/Our-employees-close-up-listening-during-team-meeting_hi_300dpi.jpg?w=1200\" srcset=\"https:\/\/www.msd.ch\/fr\/wp-content\/uploads\/sites\/87\/2022\/05\/Our-employees-close-up-listening-during-team-meeting_hi_300dpi.jpg?w=1200\" >\n<source media=\"(min-width: 1920px)\" data-srcset=\"https:\/\/www.msd.ch\/fr\/wp-content\/uploads\/sites\/87\/2022\/05\/Our-employees-close-up-listening-during-team-meeting_hi_300dpi.jpg?w=1920\" srcset=\"https:\/\/www.msd.ch\/fr\/wp-content\/uploads\/sites\/87\/2022\/05\/Our-employees-close-up-listening-during-team-meeting_hi_300dpi.jpg?w=1920\" >\n\t<img data-src=\"https:\/\/www.msd.ch\/fr\/wp-content\/uploads\/sites\/87\/2022\/05\/Our-employees-close-up-listening-during-team-meeting_hi_300dpi.jpg?w=1920\" alt=\"\u00c9quipe de direction de Close-up\" class=\"eager \" loading=\"eager\" \/>\n<\/picture>                                    <\/div>\n                        <div class=\"mco-b2-hero-block-image-container-two\">\n                            <\/div>\n        <\/div>\n\n        <div class=\"mco-b2-hero-block-content-section\">\n            <nav class=\"breadcrumbs wrapper text-descriptive\"aria-label=\"Breadcrumbs\"><\/nav>            \n                            <h1>Contact m\u00e9dias<\/h1>\n            \n            \n                    <\/div>\n    <\/div>\n\n    \n<\/div>\n\n\n\n<h2 class=\"wp-block-heading\">Contact m\u00e9dias<\/h2>\n\n\n\n<div class=\"wp-block-columns is-layout-flex wp-container-core-columns-is-layout-9d6595d7 wp-block-columns-is-layout-flex\">\n<div class=\"wp-block-column is-layout-flow wp-block-column-is-layout-flow\">\n<figure class=\"wp-block-image size-large is-resized\"><img loading=\"lazy\" decoding=\"async\" width=\"1400\" height=\"1400\" src=\"https:\/\/www.msd.ch\/fr\/wp-content\/uploads\/sites\/87\/2025\/10\/Antonio-Ligi-202510.jpg?w=1400\" alt=\"Antonio Ligi, Head of Communications\" class=\"wp-image-8628\" style=\"width:200px\" \/><\/figure>\n\n\n\n<p><strong>Antonio Ligi<\/strong><\/p>\n\n\n\n<p>Head of Communications <br>MSD Switzerland<\/p>\n\n\n\n<p><a href=\"mailto:media.switzerland@msd.com\" target=\"_blank\" rel=\"noreferrer noopener\">media.switzerland@msd.com<\/a><\/p>\n<\/div>\n<\/div>\n\n\n\n<div style=\"height:100px\" aria-hidden=\"true\" class=\"wp-block-spacer\"><\/div>\n\n\n\n<p><sup>CH-NON-01361, 08\/2024<\/sup><\/p>\n","protected":false},"excerpt":{"rendered":"<p>Contact m\u00e9dias Antonio Ligi Head of Communications MSD Switzerland media.switzerland@msd.com CH-NON-01361, 08\/2024<\/p>\n","protected":false},"author":283,"featured_media":5602,"parent":1686,"menu_order":0,"comment_status":"closed","ping_status":"closed","template":"","meta":{"_acf_changed":false,"bdl_company_name":[],"bdl_item_external_link":[],"editor_notices":[],"footnotes":""},"class_list":["post-5524","page","type-page","status-publish","has-post-thumbnail","hentry"],"yoast_head":"<!-- This site is optimized with the Yoast SEO plugin v21.9.1 - https:\/\/yoast.com\/wordpress\/plugins\/seo\/ -->\n<title>Contact m\u00e9dias - MSD Suisse | msd.ch<\/title>\n<meta name=\"description\" content=\"Vous avez des questions sur MSD Suisse? Trouvez le bon contact m\u00e9dia.\" \/>\n<meta name=\"robots\" content=\"index, follow, max-snippet:-1, max-image-preview:large, max-video-preview:-1\" \/>\n<link rel=\"canonical\" href=\"https:\/\/www.msd.ch\/fr\/home\/media-contacts\/\" \/>\n<meta property=\"og:locale\" content=\"en_US\" \/>\n<meta property=\"og:type\" content=\"article\" \/>\n<meta property=\"og:title\" content=\"Contact m\u00e9dias - MSD Suisse | msd.ch\" \/>\n<meta property=\"og:description\" content=\"Vous avez des questions sur MSD Suisse? Trouvez le bon contact m\u00e9dia.\" \/>\n<meta property=\"og:url\" content=\"https:\/\/www.msd.ch\/fr\/home\/media-contacts\/\" \/>\n<meta property=\"og:site_name\" content=\"msd.ch\" \/>\n<meta property=\"article:modified_time\" content=\"2025-10-31T10:28:21+00:00\" \/>\n<meta property=\"og:image\" content=\"https:\/\/www.msd.ch\/fr\/wp-content\/uploads\/sites\/87\/2022\/05\/Our-employees-close-up-listening-during-team-meeting_hi_300dpi.jpg?w=3240\" \/>\n\t<meta property=\"og:image:width\" content=\"3240\" \/>\n\t<meta property=\"og:image:height\" content=\"2160\" \/>\n\t<meta property=\"og:image:type\" content=\"image\/jpeg\" \/>\n<meta name=\"twitter:card\" content=\"summary_large_image\" \/>\n<meta name=\"twitter:image\" content=\"https:\/\/www.msd.ch\/fr\/wp-content\/uploads\/sites\/87\/2022\/05\/Our-employees-close-up-listening-during-team-meeting_hi_300dpi.jpg\" \/>\n<meta name=\"twitter:label1\" content=\"Est. reading time\" \/>\n\t<meta name=\"twitter:data1\" content=\"1 minute\" \/>\n<script type=\"application\/ld+json\" class=\"yoast-schema-graph\">{\"@context\":\"https:\/\/schema.org\",\"@graph\":[{\"@type\":\"WebPage\",\"@id\":\"https:\/\/www.msd.ch\/fr\/home\/media-contacts\/\",\"url\":\"https:\/\/www.msd.ch\/fr\/home\/media-contacts\/\",\"name\":\"Contact m\u00e9dias - MSD Suisse | msd.ch\",\"isPartOf\":{\"@id\":\"https:\/\/www.msd.ch\/fr\/#website\"},\"datePublished\":\"2022-09-25T11:59:00+00:00\",\"dateModified\":\"2025-10-31T10:28:21+00:00\",\"description\":\"Vous avez des questions sur MSD Suisse? Trouvez le bon contact m\u00e9dia.\",\"breadcrumb\":{\"@id\":\"https:\/\/www.msd.ch\/fr\/home\/media-contacts\/#breadcrumb\"},\"inLanguage\":\"en-US\",\"potentialAction\":[{\"@type\":\"ReadAction\",\"target\":[\"https:\/\/www.msd.ch\/fr\/home\/media-contacts\/\"]}]},{\"@type\":\"BreadcrumbList\",\"@id\":\"https:\/\/www.msd.ch\/fr\/home\/media-contacts\/#breadcrumb\",\"itemListElement\":[{\"@type\":\"ListItem\",\"position\":1,\"name\":\"Home\",\"item\":\"https:\/\/www.msd.ch\/fr\/\"},{\"@type\":\"ListItem\",\"position\":2,\"name\":\"Contact m\u00e9dias\"}]},{\"@type\":\"WebSite\",\"@id\":\"https:\/\/www.msd.ch\/fr\/#website\",\"url\":\"https:\/\/www.msd.ch\/fr\/\",\"name\":\"msd.ch\",\"description\":\"MSD recherche et d\u00e9veloppe des m\u00e9dicaments et des vaccins pour sauver des vies et am\u00e9liorer la sant\u00e9 des patients. En Suisse, 1000 employ\u00e9s \u00e0 Lucerne et \u00e0 Zurich s&#039;engagent dans ce sens.\",\"potentialAction\":[{\"@type\":\"SearchAction\",\"target\":{\"@type\":\"EntryPoint\",\"urlTemplate\":\"https:\/\/www.msd.ch\/fr\/?s={search_term_string}\"},\"query-input\":\"required name=search_term_string\"}],\"inLanguage\":\"en-US\"}]}<\/script>\n<!-- \/ Yoast SEO plugin. -->","yoast_head_json":{"title":"Contact m\u00e9dias - MSD Suisse | msd.ch","description":"Vous avez des questions sur MSD Suisse? Trouvez le bon contact m\u00e9dia.","robots":{"index":"index","follow":"follow","max-snippet":"max-snippet:-1","max-image-preview":"max-image-preview:large","max-video-preview":"max-video-preview:-1"},"canonical":"https:\/\/www.msd.ch\/fr\/home\/media-contacts\/","og_locale":"en_US","og_type":"article","og_title":"Contact m\u00e9dias - MSD Suisse | msd.ch","og_description":"Vous avez des questions sur MSD Suisse? Trouvez le bon contact m\u00e9dia.","og_url":"https:\/\/www.msd.ch\/fr\/home\/media-contacts\/","og_site_name":"msd.ch","article_modified_time":"2025-10-31T10:28:21+00:00","og_image":[{"url":"https:\/\/www.msd.ch\/fr\/wp-content\/uploads\/sites\/87\/2022\/05\/Our-employees-close-up-listening-during-team-meeting_hi_300dpi.jpg?w=3240","width":3240,"height":2160,"type":"image\/jpeg"}],"twitter_card":"summary_large_image","twitter_image":"https:\/\/www.msd.ch\/fr\/wp-content\/uploads\/sites\/87\/2022\/05\/Our-employees-close-up-listening-during-team-meeting_hi_300dpi.jpg","twitter_misc":{"Est. reading time":"1 minute"},"schema":{"@context":"https:\/\/schema.org","@graph":[{"@type":"WebPage","@id":"https:\/\/www.msd.ch\/fr\/home\/media-contacts\/","url":"https:\/\/www.msd.ch\/fr\/home\/media-contacts\/","name":"Contact m\u00e9dias - MSD Suisse | msd.ch","isPartOf":{"@id":"https:\/\/www.msd.ch\/fr\/#website"},"datePublished":"2022-09-25T11:59:00+00:00","dateModified":"2025-10-31T10:28:21+00:00","description":"Vous avez des questions sur MSD Suisse? Trouvez le bon contact m\u00e9dia.","breadcrumb":{"@id":"https:\/\/www.msd.ch\/fr\/home\/media-contacts\/#breadcrumb"},"inLanguage":"en-US","potentialAction":[{"@type":"ReadAction","target":["https:\/\/www.msd.ch\/fr\/home\/media-contacts\/"]}]},{"@type":"BreadcrumbList","@id":"https:\/\/www.msd.ch\/fr\/home\/media-contacts\/#breadcrumb","itemListElement":[{"@type":"ListItem","position":1,"name":"Home","item":"https:\/\/www.msd.ch\/fr\/"},{"@type":"ListItem","position":2,"name":"Contact m\u00e9dias"}]},{"@type":"WebSite","@id":"https:\/\/www.msd.ch\/fr\/#website","url":"https:\/\/www.msd.ch\/fr\/","name":"msd.ch","description":"MSD recherche et d\u00e9veloppe des m\u00e9dicaments et des vaccins pour sauver des vies et am\u00e9liorer la sant\u00e9 des patients. En Suisse, 1000 employ\u00e9s \u00e0 Lucerne et \u00e0 Zurich s&#039;engagent dans ce sens.","potentialAction":[{"@type":"SearchAction","target":{"@type":"EntryPoint","urlTemplate":"https:\/\/www.msd.ch\/fr\/?s={search_term_string}"},"query-input":"required name=search_term_string"}],"inLanguage":"en-US"}]}},"acf":[],"_links":{"self":[{"href":"https:\/\/www.msd.ch\/fr\/wp-json\/wp\/v2\/pages\/5524","targetHints":{"allow":["GET"]}}],"collection":[{"href":"https:\/\/www.msd.ch\/fr\/wp-json\/wp\/v2\/pages"}],"about":[{"href":"https:\/\/www.msd.ch\/fr\/wp-json\/wp\/v2\/types\/page"}],"author":[{"embeddable":true,"href":"https:\/\/www.msd.ch\/fr\/wp-json\/wp\/v2\/users\/283"}],"replies":[{"embeddable":true,"href":"https:\/\/www.msd.ch\/fr\/wp-json\/wp\/v2\/comments?post=5524"}],"version-history":[{"count":30,"href":"https:\/\/www.msd.ch\/fr\/wp-json\/wp\/v2\/pages\/5524\/revisions"}],"predecessor-version":[{"id":8637,"href":"https:\/\/www.msd.ch\/fr\/wp-json\/wp\/v2\/pages\/5524\/revisions\/8637"}],"up":[{"embeddable":true,"href":"https:\/\/www.msd.ch\/fr\/wp-json\/wp\/v2\/pages\/1686"}],"wp:featuredmedia":[{"embeddable":true,"href":"https:\/\/www.msd.ch\/fr\/wp-json\/wp\/v2\/media\/5602"}],"wp:attachment":[{"href":"https:\/\/www.msd.ch\/fr\/wp-json\/wp\/v2\/media?parent=5524"}],"curies":[{"name":"wp","href":"https:\/\/api.w.org\/{rel}","templated":true}]}}