{"id":5530,"date":"2026-04-02T15:51:33","date_gmt":"2026-04-02T13:51:33","guid":{"rendered":"https:\/\/www.msd.ch\/fr\/?page_id=5530"},"modified":"2026-04-02T15:51:45","modified_gmt":"2026-04-02T13:51:45","slug":"media-library","status":"publish","type":"page","link":"https:\/\/www.msd.ch\/fr\/home\/media-library\/","title":{"rendered":"M\u00e9diath\u00e8que"},"content":{"rendered":"\n<div id=\"mco-b2-hero-block-block_686e53aed0fd6a7bb3d59dd589143af1\" class=\"mco-b2-hero-block full mccberg-block\">\n    <div class=\"mco-b2-hero-block-wrapper\">\n        <div class=\"mco-b2-hero-block-image-section \">\n\n                            <div class=\"mco-b2-hero-block-image-container \">\n                    <picture >\n\t<source media=\"(max-width: 767px)\" data-srcset=\"https:\/\/www.msd.ch\/fr\/wp-content\/uploads\/sites\/87\/2023\/06\/Our-sites-MSD-logo-reception_hi.jpg?w=768\" srcset=\"https:\/\/www.msd.ch\/fr\/wp-content\/uploads\/sites\/87\/2023\/06\/Our-sites-MSD-logo-reception_hi.jpg?w=768\" >\n<source media=\"(min-width: 768px) and (max-width: 1199px)\" data-srcset=\"https:\/\/www.msd.ch\/fr\/wp-content\/uploads\/sites\/87\/2023\/06\/Our-sites-MSD-logo-reception_hi.jpg?h=768\" srcset=\"https:\/\/www.msd.ch\/fr\/wp-content\/uploads\/sites\/87\/2023\/06\/Our-sites-MSD-logo-reception_hi.jpg?h=768\" >\n<source media=\"(min-width: 1200px) and (max-width: 1919px)\" data-srcset=\"https:\/\/www.msd.ch\/fr\/wp-content\/uploads\/sites\/87\/2023\/06\/Our-sites-MSD-logo-reception_hi.jpg?w=1200\" srcset=\"https:\/\/www.msd.ch\/fr\/wp-content\/uploads\/sites\/87\/2023\/06\/Our-sites-MSD-logo-reception_hi.jpg?w=1200\" >\n<source media=\"(min-width: 1920px)\" data-srcset=\"https:\/\/www.msd.ch\/fr\/wp-content\/uploads\/sites\/87\/2023\/06\/Our-sites-MSD-logo-reception_hi.jpg?w=1920\" srcset=\"https:\/\/www.msd.ch\/fr\/wp-content\/uploads\/sites\/87\/2023\/06\/Our-sites-MSD-logo-reception_hi.jpg?w=1920\" >\n\t<img data-src=\"https:\/\/www.msd.ch\/fr\/wp-content\/uploads\/sites\/87\/2023\/06\/Our-sites-MSD-logo-reception_hi.jpg?w=1920\" alt=\"\" class=\"eager \" loading=\"eager\" \/>\n<\/picture>                                    <\/div>\n                        <div class=\"mco-b2-hero-block-image-container-two\">\n                            <\/div>\n        <\/div>\n\n        <div class=\"mco-b2-hero-block-content-section\">\n            <nav class=\"breadcrumbs wrapper text-descriptive\"aria-label=\"Breadcrumbs\"><\/nav>            \n                            <h1>M\u00e9diath\u00e8que<\/h1>\n            \n                            <div class=\"mco-b2-hero-block-description\"><p>Vous trouverez ici des ressources multim\u00e9dias de MSD Suisse.<\/p>\n<\/div>\n            \n                    <\/div>\n    <\/div>\n\n    \n<\/div>\n\n\n\n<p>Les ressources multim\u00e9dias suivantes peuvent \u00eatre t\u00e9l\u00e9charg\u00e9es \u00e0 des fins non commerciales telles que des reportages ou des recherches. Ils ne peuvent pas \u00eatre modifi\u00e9s et doivent contenir la mention de copyright suivante: Copyright \u00a9 Merck &amp; Co., Inc., Rahway, NJ, USA et ses filiales. Tous les droits sont r\u00e9serv\u00e9s.<\/p>\n\n\n\n<div style=\"height:100px\" aria-hidden=\"true\" class=\"wp-block-spacer\"><\/div>\n\n\n\n<h2 class=\"wp-block-heading\">Notre vid\u00e9o d&#8217;entreprise<\/h2>\n\n\n<div id=\"mco-b5-content-block-block_f0556d7c5aad1964136eff68dbbbe775\"\n     class=\"mco-b5-content-block mccberg-block mb-1 mt-1 negative right\">\n    <div class=\"wrapper\">\n\t\t\t\t\t\t\t            <div class=\"mco-b5-content-block-image-section mco-b5-content-block-toggle-btn\">\n\t\t\t\t                <picture >\n                                                                        <source media=\"(max-width: 767px)\"\n                                    data-srcset=\"https:\/\/www.msd.ch\/fr\/wp-content\/uploads\/sites\/87\/2022\/05\/F-Thumbnail-Video-e1653415725418.jpg?resize=696,425\"\n                                    srcset=\"https:\/\/www.msd.ch\/fr\/wp-content\/uploads\/sites\/87\/2022\/05\/F-Thumbnail-Video-e1653415725418.jpg?resize=696,425\" \/>\n                                                                                                <source media=\"(min-width: 768px) and (max-width: 1199px)\"\n                                    data-srcset=\"https:\/\/www.msd.ch\/fr\/wp-content\/uploads\/sites\/87\/2022\/05\/F-Thumbnail-Video-e1653415725418.jpg?resize=384,468\"\n                                    srcset=\"https:\/\/www.msd.ch\/fr\/wp-content\/uploads\/sites\/87\/2022\/05\/F-Thumbnail-Video-e1653415725418.jpg?resize=384,468\" \/>\n                                                                                                <source media=\"(min-width: 1200px)\"\n                                    data-srcset=\"https:\/\/www.msd.ch\/fr\/wp-content\/uploads\/sites\/87\/2022\/05\/F-Thumbnail-Video-e1653415725418.jpg?resize=750,650\"\n                                    srcset=\"https:\/\/www.msd.ch\/fr\/wp-content\/uploads\/sites\/87\/2022\/05\/F-Thumbnail-Video-e1653415725418.jpg?resize=750,650\" \/>\n                                                                                                <source media=\"(min-width: 1600px)\"\n                                    data-srcset=\"https:\/\/www.msd.ch\/fr\/wp-content\/uploads\/sites\/87\/2022\/05\/F-Thumbnail-Video-e1653415725418.jpg?resize=850,744\"\n                                    srcset=\"https:\/\/www.msd.ch\/fr\/wp-content\/uploads\/sites\/87\/2022\/05\/F-Thumbnail-Video-e1653415725418.jpg?resize=850,744\" \/>\n                                                                                                <source media=\"(min-width: 1920px)\"\n                                    data-srcset=\"https:\/\/www.msd.ch\/fr\/wp-content\/uploads\/sites\/87\/2022\/05\/F-Thumbnail-Video-e1653415725418.jpg?resize=980,832\"\n                                    srcset=\"https:\/\/www.msd.ch\/fr\/wp-content\/uploads\/sites\/87\/2022\/05\/F-Thumbnail-Video-e1653415725418.jpg?resize=980,832\" \/>\n                                                                                                <img\n                                data-src=\"https:\/\/www.msd.ch\/fr\/wp-content\/uploads\/sites\/87\/2022\/05\/F-Thumbnail-Video-e1653415725418.jpg?resize=650,544\"\n                                alt=\"\"\n                                class=\"lazyload parallax-scroll\"\n                                loading=\"lazy\"\n                            \/>\n                                                            <\/picture>\n\t\t\t\t<button class='mco-b5-content-block-play-button btn-play youtube' aria-label=\"play button\" tabIndex='0'><\/button><div class='mco-b5-content-block-video-type' style='display: none;'>youtube<\/div><div class='mco-b5-content-block-youtube-id' style='display: none;'>BSLXwpfoa4s<\/div><div class='mco-b5-content-block-brightcove-info' style='display: none;'>:FR https:\/\/www.youtube.com\/watch?v=BSLXwpfoa4s<\/div><div class='mco-b5-content-block-video-accessible-name' style='display: none;'><\/div>            <\/div>\n\t\t        <div class=\"mco-b5-content-block-content-section\">\n\t\t\t\n\t\t\t\n\t\t\t                <div class=\"mco-b5-content-block-description\"><p>Chez MSD, connu sous le nom de Merck &amp; Co., Inc., Rahway, NJ, USA aux \u00c9tats-Unis et au Canada, nous sommes unis autour de notre objectif: nous utilisons la puissance de la science de pointe pour sauver et am\u00e9liorer des vies dans le monde entier.<\/p>\n<p>Regardez la vid\u00e9o pour en savoir plus!<\/p>\n<\/div>\n\t\t\t\n                        <div class=\"mco-b5-content-block-content-buttons-container\">\n\t\t\t\t\t\t\t\t\t\t\t\t            <\/div>\n        <\/div>\n    <\/div>\n<\/div>\n<div class=\"mco-b5-content-block-modal popup\" style=\"display: none;\" role=\"dialog\" >\n    <div class=\"popup-wrapper\">\n        <div class=\"mco-b5-content-block-modal-content popup-content\">\n            <button class=\"mco-b5-content-block-modal-close popup-close\" >&times;<\/button>\n            <div class=\"mco-b5-content-block-modal-video\"><\/div>\n        <\/div>\n    <\/div>\n<\/div>\n\n\n\n<div style=\"height:100px\" aria-hidden=\"true\" class=\"wp-block-spacer\"><\/div>\n\n\n\n<h2 class=\"wp-block-heading\">Logo<\/h2>\n\n\n\n<div class=\"wp-block-columns is-layout-flex wp-container-core-columns-is-layout-9d6595d7 wp-block-columns-is-layout-flex\">\n<div class=\"wp-block-column mb-2 is-layout-flow wp-block-column-is-layout-flow\"><div class=\"wp-block-image\">\n<figure class=\"aligncenter size-large\"><img decoding=\"async\" src=\"https:\/\/www.msd.ch\/en\/wp-content\/uploads\/sites\/42\/2021\/09\/02852_MSD_Logo_Horizontal_TealGrey.png\" alt=\"\" class=\"wp-image-4299\"\/><\/figure><\/div>\n\n\n<a href=\"https:\/\/www.msd.ch\/en\/wp-content\/uploads\/sites\/42\/2020\/11\/MSD.png\" target=\"_blank\" class=\"btn secondary\"><img decoding=\"async\" src=\"https:\/\/www.msd.ch\/fr\/wp-content\/themes\/cex-wpvip-mhh-mhh2-mcc-theme\/images\/download.svg\" alt=\"\"\/>&nbsp;&nbsp;Download<\/a>\n<\/div>\n\n\n\n<div class=\"wp-block-column is-layout-flow wp-block-column-is-layout-flow\"><\/div>\n\n\n\n<div class=\"wp-block-column is-layout-flow wp-block-column-is-layout-flow\"><\/div>\n<\/div>\n\n\n\n<div style=\"height:100px\" aria-hidden=\"true\" class=\"wp-block-spacer\"><\/div>\n\n\n\n<h2 class=\"wp-block-heading\">Images<\/h2>\n\n\n\n<div id=\"mco-three-column-content-block-block_099b293fda569c5073940c6f4cdc3857\"\n     class=\"mco-three-column-content-block mccberg-block mb-1 mt-1\">\n\n\t\n    <div class=\"mco-three-column-content-columns-container\">\n\n                <div class=\"mco-three-column-content-column\"\n                    >\n                        <div class=\"mco-three-column-content-col-img-container\">\n            <div class=\"mco-three-column-content-col-img\">\n                <picture>\n                    <source media=\"(max-width: 767px)\"\n                            data-srcset=\"https:\/\/www.msd.ch\/fr\/wp-content\/uploads\/sites\/87\/2026\/03\/Roesslimatt-2.jpg?resize=767,469\">\n                    <source media=\"(min-width: 768px) and (max-width: 1199px)\"\n                            data-srcset=\"https:\/\/www.msd.ch\/fr\/wp-content\/uploads\/sites\/87\/2026\/03\/Roesslimatt-2.jpg?resize=314,280\">\n                    <source media=\"(min-width: 1200px)\"\n                            data-srcset=\"https:\/\/www.msd.ch\/fr\/wp-content\/uploads\/sites\/87\/2026\/03\/Roesslimatt-2.jpg?resize=404,268\">\n                    <img\n                        data-src=\"https:\/\/www.msd.ch\/fr\/wp-content\/uploads\/sites\/87\/2026\/03\/Roesslimatt-2.jpg?resize=404,268\"\n                        class=\"lazyload\"\n                        loading=\"lazy\"\n                        alt=\"MSD site de R\u00f6sslimatt \u00e0 Lucerne\"\n                            \/>\n                <\/picture>\n            <\/div>\n        <\/div>\n\n                            <div class=\"mco-three-column-content-col-content-container\">\n            \n                            <h3>Site MSD de Lucerne<\/h3>\n            \n            \n                            <div class=\"mco-three-column-content-col-wysiwyg\"><a href=\"https:\/\/www.msd.ch\/fr\/wp-content\/uploads\/sites\/87\/2026\/03\/Roesslimatt-2.jpg\" target=\"_blank\" class=\"btn secondary\"><img decoding=\"async\" src=\"https:\/\/www.msd.ch\/fr\/wp-content\/themes\/cex-wpvip-mhh-mhh2-mcc-theme\/images\/download.svg\" alt=\"\" \/>&nbsp;&nbsp;Download<\/a>\n<\/div>\n                    <\/div>\n                <\/div>\n    \n                <div class=\"mco-three-column-content-column\"\n                    >\n                        <div class=\"mco-three-column-content-col-img-container\">\n            <div class=\"mco-three-column-content-col-img\">\n                <picture>\n                    <source media=\"(max-width: 767px)\"\n                            data-srcset=\"https:\/\/www.msd.ch\/fr\/wp-content\/uploads\/sites\/87\/2026\/01\/2026-01_Schachen_e2.jpg?resize=767,469\">\n                    <source media=\"(min-width: 768px) and (max-width: 1199px)\"\n                            data-srcset=\"https:\/\/www.msd.ch\/fr\/wp-content\/uploads\/sites\/87\/2026\/01\/2026-01_Schachen_e2.jpg?resize=314,280\">\n                    <source media=\"(min-width: 1200px)\"\n                            data-srcset=\"https:\/\/www.msd.ch\/fr\/wp-content\/uploads\/sites\/87\/2026\/01\/2026-01_Schachen_e2.jpg?resize=404,268\">\n                    <img\n                        data-src=\"https:\/\/www.msd.ch\/fr\/wp-content\/uploads\/sites\/87\/2026\/01\/2026-01_Schachen_e2.jpg?resize=404,268\"\n                        class=\"lazyload\"\n                        loading=\"lazy\"\n                        alt=\"Photo: MSD-Succursale de Schachen\"\n                            \/>\n                <\/picture>\n            <\/div>\n        <\/div>\n\n                            <div class=\"mco-three-column-content-col-content-container\">\n            \n                            <h3>Site MSD de Schachen<\/h3>\n            \n            \n                            <div class=\"mco-three-column-content-col-wysiwyg\"><a href=\"https:\/\/www.msd.ch\/fr\/wp-content\/uploads\/sites\/87\/2026\/01\/2026-01_Schachen_e2.jpg\" target=\"_blank\" class=\"btn secondary\"><img decoding=\"async\" src=\"https:\/\/www.msd.ch\/fr\/wp-content\/themes\/cex-wpvip-mhh-mhh2-mcc-theme\/images\/download.svg\" alt=\"\" \/>&nbsp;&nbsp;Download<\/a>\n<\/div>\n                    <\/div>\n                <\/div>\n    \n                <div class=\"mco-three-column-content-column\"\n                    >\n                        <div class=\"mco-three-column-content-col-img-container\">\n            <div class=\"mco-three-column-content-col-img\">\n                <picture>\n                    <source media=\"(max-width: 767px)\"\n                            data-srcset=\"https:\/\/www.msd.ch\/fr\/wp-content\/uploads\/sites\/87\/2026\/04\/zuerich-3.jpg?resize=767,469\">\n                    <source media=\"(min-width: 768px) and (max-width: 1199px)\"\n                            data-srcset=\"https:\/\/www.msd.ch\/fr\/wp-content\/uploads\/sites\/87\/2026\/04\/zuerich-3.jpg?resize=314,280\">\n                    <source media=\"(min-width: 1200px)\"\n                            data-srcset=\"https:\/\/www.msd.ch\/fr\/wp-content\/uploads\/sites\/87\/2026\/04\/zuerich-3.jpg?resize=404,268\">\n                    <img\n                        data-src=\"https:\/\/www.msd.ch\/fr\/wp-content\/uploads\/sites\/87\/2026\/04\/zuerich-3.jpg?resize=404,268\"\n                        class=\"lazyload\"\n                        loading=\"lazy\"\n                        alt=\"Photo: Site de Z\u00fcrich\"\n                            \/>\n                <\/picture>\n            <\/div>\n        <\/div>\n\n                            <div class=\"mco-three-column-content-col-content-container\">\n            \n                            <h3>Site MSD de Zurich<\/h3>\n            \n            \n                            <div class=\"mco-three-column-content-col-wysiwyg\"><a href=\"https:\/\/www.msd.ch\/fr\/wp-content\/uploads\/sites\/87\/2026\/04\/zuerich-3.jpg\" target=\"_blank\" class=\"btn secondary\"><img decoding=\"async\" src=\"https:\/\/www.msd.ch\/fr\/wp-content\/themes\/cex-wpvip-mhh-mhh2-mcc-theme\/images\/download.svg\" alt=\"\" \/>&nbsp;&nbsp;Download<\/a>\n<\/div>\n                    <\/div>\n                <\/div>\n    \n\n    <\/div>\n<\/div>\n\n\n\n<div style=\"height:100px\" aria-hidden=\"true\" class=\"wp-block-spacer\"><\/div>\n\n\n\n<p><sup>CH-NON-01361, 04\/2026<\/sup><\/p>\n","protected":false},"excerpt":{"rendered":"<p>Les ressources multim\u00e9dias suivantes peuvent \u00eatre t\u00e9l\u00e9charg\u00e9es \u00e0 des fins non commerciales telles que des reportages ou des recherches. Ils ne peuvent pas \u00eatre modifi\u00e9s et doivent contenir la mention de copyright suivante: Copyright \u00a9 Merck &amp; Co., Inc., Rahway, NJ, USA et ses filiales. Tous les droits sont r\u00e9serv\u00e9s. Notre vid\u00e9o d&#8217;entreprise Logo Images [&hellip;]<\/p>\n","protected":false},"author":974,"featured_media":6632,"parent":1686,"menu_order":0,"comment_status":"closed","ping_status":"closed","template":"","meta":{"_acf_changed":false,"bdl_company_name":[],"bdl_item_external_link":[],"editor_notices":[],"footnotes":""},"class_list":["post-5530","page","type-page","status-publish","has-post-thumbnail","hentry"],"yoast_head":"<!-- This site is optimized with the Yoast SEO plugin v21.9.1 - https:\/\/yoast.com\/wordpress\/plugins\/seo\/ -->\n<title>M\u00e9diath\u00e8que - MSD Suisse | msd.ch<\/title>\n<meta name=\"description\" content=\"D\u00e9couvrez les ressources multim\u00e9dia de MSD Suisse. D\u00e9couvrez la vid\u00e9o d&#039;entreprise et d&#039;autres contenus de la m\u00e9diath\u00e8que.\" \/>\n<meta name=\"robots\" content=\"index, follow, max-snippet:-1, max-image-preview:large, max-video-preview:-1\" \/>\n<link rel=\"canonical\" href=\"https:\/\/www.msd.ch\/fr\/home\/media-library\/\" \/>\n<meta property=\"og:locale\" content=\"en_US\" \/>\n<meta property=\"og:type\" content=\"article\" \/>\n<meta property=\"og:title\" content=\"M\u00e9diath\u00e8que - MSD Suisse | msd.ch\" \/>\n<meta property=\"og:description\" content=\"D\u00e9couvrez les ressources multim\u00e9dia de MSD Suisse. D\u00e9couvrez la vid\u00e9o d&#039;entreprise et d&#039;autres contenus de la m\u00e9diath\u00e8que.\" \/>\n<meta property=\"og:url\" content=\"https:\/\/www.msd.ch\/fr\/home\/media-library\/\" \/>\n<meta property=\"og:site_name\" content=\"msd.ch\" \/>\n<meta property=\"article:modified_time\" content=\"2026-04-02T13:51:45+00:00\" \/>\n<meta name=\"twitter:card\" content=\"summary_large_image\" \/>\n<meta name=\"twitter:label1\" content=\"Est. reading time\" \/>\n\t<meta name=\"twitter:data1\" content=\"1 minute\" \/>\n<script type=\"application\/ld+json\" class=\"yoast-schema-graph\">{\"@context\":\"https:\/\/schema.org\",\"@graph\":[{\"@type\":\"WebPage\",\"@id\":\"https:\/\/www.msd.ch\/fr\/home\/media-library\/\",\"url\":\"https:\/\/www.msd.ch\/fr\/home\/media-library\/\",\"name\":\"M\u00e9diath\u00e8que - MSD Suisse | msd.ch\",\"isPartOf\":{\"@id\":\"https:\/\/www.msd.ch\/fr\/#website\"},\"datePublished\":\"2026-04-02T13:51:33+00:00\",\"dateModified\":\"2026-04-02T13:51:45+00:00\",\"description\":\"D\u00e9couvrez les ressources multim\u00e9dia de MSD Suisse. D\u00e9couvrez la vid\u00e9o d'entreprise et d'autres contenus de la m\u00e9diath\u00e8que.\",\"breadcrumb\":{\"@id\":\"https:\/\/www.msd.ch\/fr\/home\/media-library\/#breadcrumb\"},\"inLanguage\":\"en-US\",\"potentialAction\":[{\"@type\":\"ReadAction\",\"target\":[\"https:\/\/www.msd.ch\/fr\/home\/media-library\/\"]}]},{\"@type\":\"BreadcrumbList\",\"@id\":\"https:\/\/www.msd.ch\/fr\/home\/media-library\/#breadcrumb\",\"itemListElement\":[{\"@type\":\"ListItem\",\"position\":1,\"name\":\"Home\",\"item\":\"https:\/\/www.msd.ch\/fr\/\"},{\"@type\":\"ListItem\",\"position\":2,\"name\":\"M\u00e9diath\u00e8que\"}]},{\"@type\":\"WebSite\",\"@id\":\"https:\/\/www.msd.ch\/fr\/#website\",\"url\":\"https:\/\/www.msd.ch\/fr\/\",\"name\":\"msd.ch\",\"description\":\"MSD recherche et d\u00e9veloppe des m\u00e9dicaments et des vaccins pour sauver des vies et am\u00e9liorer la sant\u00e9 des patients. En Suisse, 1000 employ\u00e9s \u00e0 Lucerne et \u00e0 Zurich s&#039;engagent dans ce sens.\",\"potentialAction\":[{\"@type\":\"SearchAction\",\"target\":{\"@type\":\"EntryPoint\",\"urlTemplate\":\"https:\/\/www.msd.ch\/fr\/?s={search_term_string}\"},\"query-input\":\"required name=search_term_string\"}],\"inLanguage\":\"en-US\"}]}<\/script>\n<!-- \/ Yoast SEO plugin. -->","yoast_head_json":{"title":"M\u00e9diath\u00e8que - MSD Suisse | msd.ch","description":"D\u00e9couvrez les ressources multim\u00e9dia de MSD Suisse. D\u00e9couvrez la vid\u00e9o d'entreprise et d'autres contenus de la m\u00e9diath\u00e8que.","robots":{"index":"index","follow":"follow","max-snippet":"max-snippet:-1","max-image-preview":"max-image-preview:large","max-video-preview":"max-video-preview:-1"},"canonical":"https:\/\/www.msd.ch\/fr\/home\/media-library\/","og_locale":"en_US","og_type":"article","og_title":"M\u00e9diath\u00e8que - MSD Suisse | msd.ch","og_description":"D\u00e9couvrez les ressources multim\u00e9dia de MSD Suisse. D\u00e9couvrez la vid\u00e9o d'entreprise et d'autres contenus de la m\u00e9diath\u00e8que.","og_url":"https:\/\/www.msd.ch\/fr\/home\/media-library\/","og_site_name":"msd.ch","article_modified_time":"2026-04-02T13:51:45+00:00","twitter_card":"summary_large_image","twitter_misc":{"Est. reading time":"1 minute"},"schema":{"@context":"https:\/\/schema.org","@graph":[{"@type":"WebPage","@id":"https:\/\/www.msd.ch\/fr\/home\/media-library\/","url":"https:\/\/www.msd.ch\/fr\/home\/media-library\/","name":"M\u00e9diath\u00e8que - MSD Suisse | msd.ch","isPartOf":{"@id":"https:\/\/www.msd.ch\/fr\/#website"},"datePublished":"2026-04-02T13:51:33+00:00","dateModified":"2026-04-02T13:51:45+00:00","description":"D\u00e9couvrez les ressources multim\u00e9dia de MSD Suisse. D\u00e9couvrez la vid\u00e9o d'entreprise et d'autres contenus de la m\u00e9diath\u00e8que.","breadcrumb":{"@id":"https:\/\/www.msd.ch\/fr\/home\/media-library\/#breadcrumb"},"inLanguage":"en-US","potentialAction":[{"@type":"ReadAction","target":["https:\/\/www.msd.ch\/fr\/home\/media-library\/"]}]},{"@type":"BreadcrumbList","@id":"https:\/\/www.msd.ch\/fr\/home\/media-library\/#breadcrumb","itemListElement":[{"@type":"ListItem","position":1,"name":"Home","item":"https:\/\/www.msd.ch\/fr\/"},{"@type":"ListItem","position":2,"name":"M\u00e9diath\u00e8que"}]},{"@type":"WebSite","@id":"https:\/\/www.msd.ch\/fr\/#website","url":"https:\/\/www.msd.ch\/fr\/","name":"msd.ch","description":"MSD recherche et d\u00e9veloppe des m\u00e9dicaments et des vaccins pour sauver des vies et am\u00e9liorer la sant\u00e9 des patients. En Suisse, 1000 employ\u00e9s \u00e0 Lucerne et \u00e0 Zurich s&#039;engagent dans ce sens.","potentialAction":[{"@type":"SearchAction","target":{"@type":"EntryPoint","urlTemplate":"https:\/\/www.msd.ch\/fr\/?s={search_term_string}"},"query-input":"required name=search_term_string"}],"inLanguage":"en-US"}]}},"acf":[],"_links":{"self":[{"href":"https:\/\/www.msd.ch\/fr\/wp-json\/wp\/v2\/pages\/5530","targetHints":{"allow":["GET"]}}],"collection":[{"href":"https:\/\/www.msd.ch\/fr\/wp-json\/wp\/v2\/pages"}],"about":[{"href":"https:\/\/www.msd.ch\/fr\/wp-json\/wp\/v2\/types\/page"}],"author":[{"embeddable":true,"href":"https:\/\/www.msd.ch\/fr\/wp-json\/wp\/v2\/users\/974"}],"replies":[{"embeddable":true,"href":"https:\/\/www.msd.ch\/fr\/wp-json\/wp\/v2\/comments?post=5530"}],"version-history":[{"count":61,"href":"https:\/\/www.msd.ch\/fr\/wp-json\/wp\/v2\/pages\/5530\/revisions"}],"predecessor-version":[{"id":9302,"href":"https:\/\/www.msd.ch\/fr\/wp-json\/wp\/v2\/pages\/5530\/revisions\/9302"}],"up":[{"embeddable":true,"href":"https:\/\/www.msd.ch\/fr\/wp-json\/wp\/v2\/pages\/1686"}],"wp:featuredmedia":[{"embeddable":true,"href":"https:\/\/www.msd.ch\/fr\/wp-json\/wp\/v2\/media\/6632"}],"wp:attachment":[{"href":"https:\/\/www.msd.ch\/fr\/wp-json\/wp\/v2\/media?parent=5530"}],"curies":[{"name":"wp","href":"https:\/\/api.w.org\/{rel}","templated":true}]}}