{"id":5539,"date":"2022-09-25T14:49:00","date_gmt":"2022-09-25T12:49:00","guid":{"rendered":"https:\/\/www.msd.ch\/fr\/?page_id=5539"},"modified":"2025-02-19T17:26:49","modified_gmt":"2025-02-19T15:26:49","slug":"news","status":"publish","type":"page","link":"https:\/\/www.msd.ch\/fr\/home\/news\/","title":{"rendered":"Communiqu\u00e9s de presse"},"content":{"rendered":"\n<div id=\"mco-b2-hero-block-block_f8e95e118bd8137a33e5d2b90e99170a\" class=\"mco-b2-hero-block full mccberg-block\">\n    <div class=\"mco-b2-hero-block-wrapper\">\n        <div class=\"mco-b2-hero-block-image-section \">\n\n                            <div class=\"mco-b2-hero-block-image-container \">\n                    <picture >\n\t<source media=\"(max-width: 767px)\" data-srcset=\"https:\/\/www.msd.ch\/fr\/wp-content\/uploads\/sites\/87\/2022\/05\/aboutus_msd_building-e1631609822207.jpg?w=768\" srcset=\"https:\/\/www.msd.ch\/fr\/wp-content\/uploads\/sites\/87\/2022\/05\/aboutus_msd_building-e1631609822207.jpg?w=768\" >\n<source media=\"(min-width: 768px) and (max-width: 1199px)\" data-srcset=\"https:\/\/www.msd.ch\/fr\/wp-content\/uploads\/sites\/87\/2022\/05\/aboutus_msd_building-e1631609822207.jpg?h=768\" srcset=\"https:\/\/www.msd.ch\/fr\/wp-content\/uploads\/sites\/87\/2022\/05\/aboutus_msd_building-e1631609822207.jpg?h=768\" >\n<source media=\"(min-width: 1200px) and (max-width: 1919px)\" data-srcset=\"https:\/\/www.msd.ch\/fr\/wp-content\/uploads\/sites\/87\/2022\/05\/aboutus_msd_building-e1631609822207.jpg?w=1200\" srcset=\"https:\/\/www.msd.ch\/fr\/wp-content\/uploads\/sites\/87\/2022\/05\/aboutus_msd_building-e1631609822207.jpg?w=1200\" >\n<source media=\"(min-width: 1920px)\" data-srcset=\"https:\/\/www.msd.ch\/fr\/wp-content\/uploads\/sites\/87\/2022\/05\/aboutus_msd_building-e1631609822207.jpg?w=1920\" srcset=\"https:\/\/www.msd.ch\/fr\/wp-content\/uploads\/sites\/87\/2022\/05\/aboutus_msd_building-e1631609822207.jpg?w=1920\" >\n\t<img data-src=\"https:\/\/www.msd.ch\/fr\/wp-content\/uploads\/sites\/87\/2022\/05\/aboutus_msd_building-e1631609822207.jpg?w=1920\" alt=\"Photo : B\u00e2timent de MSD\" class=\"eager \" loading=\"eager\" \/>\n<\/picture>                                    <\/div>\n                        <div class=\"mco-b2-hero-block-image-container-two\">\n                            <\/div>\n        <\/div>\n\n        <div class=\"mco-b2-hero-block-content-section\">\n            <nav class=\"breadcrumbs wrapper text-descriptive\"aria-label=\"Breadcrumbs\"><\/nav>            \n                            <h1>Communiqu\u00e9s de presse<\/h1>\n            \n                            <div class=\"mco-b2-hero-block-description\"><p>Nous publions ici les derniers communiqu\u00e9s de MSD Suisse.<\/p>\n<\/div>\n            \n                    <\/div>\n    <\/div>\n\n    \n<\/div>\n\n\n\n<h2 class=\"wp-block-heading\">Communiqu\u00e9s de presse<\/h2>\n\n\n<div id=\"mcc-q4-news-list-block-block_26521b59fcab11183b6989e72272ea4a\" class=\"mcc-q4-news-list-block\">\n            <div class=\"mcc-q4-news-list-block-news-item-container\">\n            <div class=\"mcc-q4-news-list-news-item-date\">\n                <p><a href=\"https:\/\/www.msd.ch\/fr\/news\/msd-aux-trendtage-gesundheit-lucerne-2026\/\">26.03.2026<\/a><\/p>\n            <\/div>\n            <div class='mcc-q4-news-lock-container'>\n                            <\/div>\n            <div class=\"mcc-q4-news-list-news-item-headline\">\n                <p><a href=\"https:\/\/www.msd.ch\/fr\/news\/msd-aux-trendtage-gesundheit-lucerne-2026\/\">MSD plaide en faveur d\u2019une industrie suisse de la sant\u00e9 tourn\u00e9e vers l\u2019avenir lors des Trendtage Gesundheit Lucerne<\/a><\/p>\n            <\/div>\n        <\/div>\n            <div class=\"mcc-q4-news-list-block-news-item-container\">\n            <div class=\"mcc-q4-news-list-news-item-date\">\n                <p><a href=\"https:\/\/www.msd.ch\/fr\/news\/msd-suisse-publie-son-premier-synthese-de-durabilite\/\">05.03.2026<\/a><\/p>\n            <\/div>\n            <div class='mcc-q4-news-lock-container'>\n                            <\/div>\n            <div class=\"mcc-q4-news-list-news-item-headline\">\n                <p><a href=\"https:\/\/www.msd.ch\/fr\/news\/msd-suisse-publie-son-premier-synthese-de-durabilite\/\">MSD Suisse publie sa premi\u00e8re synth\u00e8se de durabilit\u00e9 et met en lumi\u00e8re les progr\u00e8s r\u00e9alis\u00e9s en mati\u00e8re de durabilit\u00e9, d\u2019inclusion et d\u2019innovation dans le domaine de la sant\u00e9<\/a><\/p>\n            <\/div>\n        <\/div>\n            <div class=\"mcc-q4-news-list-block-news-item-container\">\n            <div class=\"mcc-q4-news-list-news-item-date\">\n                <p><a href=\"https:\/\/www.msd.ch\/fr\/news\/capvaxive-nouveau-vaccin-antipneumococcique-de-msd-pour-adultes\/\">02.03.2026<\/a><\/p>\n            <\/div>\n            <div class='mcc-q4-news-lock-container'>\n                <img decoding=\"async\" src=\"https:\/\/www.msd.ch\/fr\/wp-content\/themes\/cex-wpvip-mhh-mhh2-mcc-theme\/images\/lock_icon.svg\" alt=\"lock icon\" \/>\n            <\/div>\n            <div class=\"mcc-q4-news-list-news-item-headline\">\n                <p><a href=\"https:\/\/www.msd.ch\/fr\/news\/capvaxive-nouveau-vaccin-antipneumococcique-de-msd-pour-adultes\/\">CAPVAXIVE\u00ae &#8211; Nouveau vaccin antipneumococcique de MSD pour adultes disponible, recommand\u00e9 et rembours\u00e9 en Suisse<\/a><\/p>\n            <\/div>\n        <\/div>\n            <div class=\"mcc-q4-news-list-block-news-item-container\">\n            <div class=\"mcc-q4-news-list-news-item-date\">\n                <p><a href=\"https:\/\/www.msd.ch\/fr\/news\/journee-mondiale-contre-le-cancer-2026-prevention-en-suisse\/\">04.02.2026<\/a><\/p>\n            <\/div>\n            <div class='mcc-q4-news-lock-container'>\n                            <\/div>\n            <div class=\"mcc-q4-news-list-news-item-headline\">\n                <p><a href=\"https:\/\/www.msd.ch\/fr\/news\/journee-mondiale-contre-le-cancer-2026-prevention-en-suisse\/\">Journ\u00e9e mondiale contre le cancer 2026 : les lacunes en mati\u00e8re de pr\u00e9vention en Suisse doivent \u00eatre combl\u00e9es<\/a><\/p>\n            <\/div>\n        <\/div>\n            <div class=\"mcc-q4-news-list-block-news-item-container\">\n            <div class=\"mcc-q4-news-list-news-item-date\">\n                <p><a href=\"https:\/\/www.msd.ch\/fr\/news\/nouvelle-prise-en-charge-pour-le-cancer-du-sein-et-du-poumon\/\">18.12.2025<\/a><\/p>\n            <\/div>\n            <div class='mcc-q4-news-lock-container'>\n                <img decoding=\"async\" src=\"https:\/\/www.msd.ch\/fr\/wp-content\/themes\/cex-wpvip-mhh-mhh2-mcc-theme\/images\/lock_icon.svg\" alt=\"lock icon\" \/>\n            <\/div>\n            <div class=\"mcc-q4-news-list-news-item-headline\">\n                <p><a href=\"https:\/\/www.msd.ch\/fr\/news\/nouvelle-prise-en-charge-pour-le-cancer-du-sein-et-du-poumon\/\">L\u2019Office f\u00e9d\u00e9ral de la sant\u00e9 publique inscrit le pembrolizumab pour deux nouvelles indications \u2013 de cancer du sein et de cancer du poumon \u2013 sur la Liste des sp\u00e9cialit\u00e9s pour le remboursement<\/a><\/p>\n            <\/div>\n        <\/div>\n            <div class=\"mcc-q4-news-list-block-news-item-container\">\n            <div class=\"mcc-q4-news-list-news-item-date\">\n                <p><a href=\"https:\/\/www.msd.ch\/fr\/news\/journee-mondiale-de-lutte-contre-le-sida-2025\/\">01.12.2025<\/a><\/p>\n            <\/div>\n            <div class='mcc-q4-news-lock-container'>\n                            <\/div>\n            <div class=\"mcc-q4-news-list-news-item-headline\">\n                <p><a href=\"https:\/\/www.msd.ch\/fr\/news\/journee-mondiale-de-lutte-contre-le-sida-2025\/\">Journ\u00e9e mondiale de lutte contre le sida 2025: la recherche reste d\u00e9cisive<\/a><\/p>\n            <\/div>\n        <\/div>\n                <p><a href=\"https:\/\/www.msd.ch\/fr\/home\/all-news\/\" target=\"\" class=\"btn\">Tous les messages<\/a><\/p>\n    <\/div>\n\n\n\n<p><a href=\"https:\/\/www.msd.ch\/fr\/home\/all-news\/\">Tous les messages<\/a><\/p>\n\n\n\n<h4 class=\"wp-block-heading\">Avez-vous une question ou souhaitez-vous plus d\u2019informations? Vous pouvez trouver le contact m\u00e9dia <a href=\"https:\/\/www.msd.ch\/fr\/home\/media-contacts\/\">ici<\/a>.<\/h4>\n\n\n\n<div style=\"height:100px\" aria-hidden=\"true\" class=\"wp-block-spacer\"><\/div>\n\n\n\n<p><sup>CH-NON-01361, 08\/2024<\/sup><\/p>\n","protected":false},"excerpt":{"rendered":"<p>Communiqu\u00e9s de presse Tous les messages Avez-vous une question ou souhaitez-vous plus d\u2019informations? Vous pouvez trouver le contact m\u00e9dia ici. CH-NON-01361, 08\/2024<\/p>\n","protected":false},"author":283,"featured_media":5525,"parent":1686,"menu_order":0,"comment_status":"closed","ping_status":"closed","template":"","meta":{"_acf_changed":false,"bdl_company_name":[],"bdl_item_external_link":[],"editor_notices":[],"footnotes":""},"class_list":["post-5539","page","type-page","status-publish","has-post-thumbnail","hentry"],"yoast_head":"<!-- This site is optimized with the Yoast SEO plugin v21.9.1 - https:\/\/yoast.com\/wordpress\/plugins\/seo\/ -->\n<title>Communiqu\u00e9s de presse - MSD Suisse | msd.ch<\/title>\n<meta name=\"description\" content=\"D\u00e9couvrez les derni\u00e8res actualit\u00e9s de MSD Suisse. Cliquez pour v\u00e9rifier les derni\u00e8res versions publi\u00e9es.\" \/>\n<meta name=\"robots\" content=\"index, follow, max-snippet:-1, max-image-preview:large, max-video-preview:-1\" \/>\n<link rel=\"canonical\" href=\"https:\/\/www.msd.ch\/fr\/home\/news\/\" \/>\n<meta property=\"og:locale\" content=\"en_US\" \/>\n<meta property=\"og:type\" content=\"article\" \/>\n<meta property=\"og:title\" content=\"Communiqu\u00e9s de presse - MSD Suisse | msd.ch\" \/>\n<meta property=\"og:description\" content=\"D\u00e9couvrez les derni\u00e8res actualit\u00e9s de MSD Suisse. Cliquez pour v\u00e9rifier les derni\u00e8res versions publi\u00e9es.\" \/>\n<meta property=\"og:url\" content=\"https:\/\/www.msd.ch\/fr\/home\/news\/\" \/>\n<meta property=\"og:site_name\" content=\"msd.ch\" \/>\n<meta property=\"article:modified_time\" content=\"2025-02-19T15:26:49+00:00\" \/>\n<meta property=\"og:image\" content=\"https:\/\/www.msd.ch\/fr\/wp-content\/uploads\/sites\/87\/2022\/05\/aboutus_msd_building-e1631609822207.jpg\" \/>\n\t<meta property=\"og:image:width\" content=\"1696\" \/>\n\t<meta property=\"og:image:height\" content=\"1267\" \/>\n\t<meta property=\"og:image:type\" content=\"image\/jpeg\" \/>\n<meta name=\"twitter:card\" content=\"summary_large_image\" \/>\n<meta name=\"twitter:image\" content=\"https:\/\/www.msd.ch\/fr\/wp-content\/uploads\/sites\/87\/2022\/05\/aboutus_msd_building-e1631609822207.jpg\" \/>\n<meta name=\"twitter:label1\" content=\"Est. reading time\" \/>\n\t<meta name=\"twitter:data1\" content=\"1 minute\" \/>\n<script type=\"application\/ld+json\" class=\"yoast-schema-graph\">{\"@context\":\"https:\/\/schema.org\",\"@graph\":[{\"@type\":\"WebPage\",\"@id\":\"https:\/\/www.msd.ch\/fr\/home\/news\/\",\"url\":\"https:\/\/www.msd.ch\/fr\/home\/news\/\",\"name\":\"Communiqu\u00e9s de presse - MSD Suisse | msd.ch\",\"isPartOf\":{\"@id\":\"https:\/\/www.msd.ch\/fr\/#website\"},\"datePublished\":\"2022-09-25T12:49:00+00:00\",\"dateModified\":\"2025-02-19T15:26:49+00:00\",\"description\":\"D\u00e9couvrez les derni\u00e8res actualit\u00e9s de MSD Suisse. Cliquez pour v\u00e9rifier les derni\u00e8res versions publi\u00e9es.\",\"breadcrumb\":{\"@id\":\"https:\/\/www.msd.ch\/fr\/home\/news\/#breadcrumb\"},\"inLanguage\":\"en-US\",\"potentialAction\":[{\"@type\":\"ReadAction\",\"target\":[\"https:\/\/www.msd.ch\/fr\/home\/news\/\"]}]},{\"@type\":\"BreadcrumbList\",\"@id\":\"https:\/\/www.msd.ch\/fr\/home\/news\/#breadcrumb\",\"itemListElement\":[{\"@type\":\"ListItem\",\"position\":1,\"name\":\"Home\",\"item\":\"https:\/\/www.msd.ch\/fr\/\"},{\"@type\":\"ListItem\",\"position\":2,\"name\":\"Communiqu\u00e9s de presse\"}]},{\"@type\":\"WebSite\",\"@id\":\"https:\/\/www.msd.ch\/fr\/#website\",\"url\":\"https:\/\/www.msd.ch\/fr\/\",\"name\":\"msd.ch\",\"description\":\"MSD recherche et d\u00e9veloppe des m\u00e9dicaments et des vaccins pour sauver des vies et am\u00e9liorer la sant\u00e9 des patients. En Suisse, 1000 employ\u00e9s \u00e0 Lucerne et \u00e0 Zurich s&#039;engagent dans ce sens.\",\"potentialAction\":[{\"@type\":\"SearchAction\",\"target\":{\"@type\":\"EntryPoint\",\"urlTemplate\":\"https:\/\/www.msd.ch\/fr\/?s={search_term_string}\"},\"query-input\":\"required name=search_term_string\"}],\"inLanguage\":\"en-US\"}]}<\/script>\n<!-- \/ Yoast SEO plugin. -->","yoast_head_json":{"title":"Communiqu\u00e9s de presse - MSD Suisse | msd.ch","description":"D\u00e9couvrez les derni\u00e8res actualit\u00e9s de MSD Suisse. Cliquez pour v\u00e9rifier les derni\u00e8res versions publi\u00e9es.","robots":{"index":"index","follow":"follow","max-snippet":"max-snippet:-1","max-image-preview":"max-image-preview:large","max-video-preview":"max-video-preview:-1"},"canonical":"https:\/\/www.msd.ch\/fr\/home\/news\/","og_locale":"en_US","og_type":"article","og_title":"Communiqu\u00e9s de presse - MSD Suisse | msd.ch","og_description":"D\u00e9couvrez les derni\u00e8res actualit\u00e9s de MSD Suisse. Cliquez pour v\u00e9rifier les derni\u00e8res versions publi\u00e9es.","og_url":"https:\/\/www.msd.ch\/fr\/home\/news\/","og_site_name":"msd.ch","article_modified_time":"2025-02-19T15:26:49+00:00","og_image":[{"width":1696,"height":1267,"url":"https:\/\/www.msd.ch\/fr\/wp-content\/uploads\/sites\/87\/2022\/05\/aboutus_msd_building-e1631609822207.jpg","type":"image\/jpeg"}],"twitter_card":"summary_large_image","twitter_image":"https:\/\/www.msd.ch\/fr\/wp-content\/uploads\/sites\/87\/2022\/05\/aboutus_msd_building-e1631609822207.jpg","twitter_misc":{"Est. reading time":"1 minute"},"schema":{"@context":"https:\/\/schema.org","@graph":[{"@type":"WebPage","@id":"https:\/\/www.msd.ch\/fr\/home\/news\/","url":"https:\/\/www.msd.ch\/fr\/home\/news\/","name":"Communiqu\u00e9s de presse - MSD Suisse | msd.ch","isPartOf":{"@id":"https:\/\/www.msd.ch\/fr\/#website"},"datePublished":"2022-09-25T12:49:00+00:00","dateModified":"2025-02-19T15:26:49+00:00","description":"D\u00e9couvrez les derni\u00e8res actualit\u00e9s de MSD Suisse. Cliquez pour v\u00e9rifier les derni\u00e8res versions publi\u00e9es.","breadcrumb":{"@id":"https:\/\/www.msd.ch\/fr\/home\/news\/#breadcrumb"},"inLanguage":"en-US","potentialAction":[{"@type":"ReadAction","target":["https:\/\/www.msd.ch\/fr\/home\/news\/"]}]},{"@type":"BreadcrumbList","@id":"https:\/\/www.msd.ch\/fr\/home\/news\/#breadcrumb","itemListElement":[{"@type":"ListItem","position":1,"name":"Home","item":"https:\/\/www.msd.ch\/fr\/"},{"@type":"ListItem","position":2,"name":"Communiqu\u00e9s de presse"}]},{"@type":"WebSite","@id":"https:\/\/www.msd.ch\/fr\/#website","url":"https:\/\/www.msd.ch\/fr\/","name":"msd.ch","description":"MSD recherche et d\u00e9veloppe des m\u00e9dicaments et des vaccins pour sauver des vies et am\u00e9liorer la sant\u00e9 des patients. En Suisse, 1000 employ\u00e9s \u00e0 Lucerne et \u00e0 Zurich s&#039;engagent dans ce sens.","potentialAction":[{"@type":"SearchAction","target":{"@type":"EntryPoint","urlTemplate":"https:\/\/www.msd.ch\/fr\/?s={search_term_string}"},"query-input":"required name=search_term_string"}],"inLanguage":"en-US"}]}},"acf":[],"_links":{"self":[{"href":"https:\/\/www.msd.ch\/fr\/wp-json\/wp\/v2\/pages\/5539","targetHints":{"allow":["GET"]}}],"collection":[{"href":"https:\/\/www.msd.ch\/fr\/wp-json\/wp\/v2\/pages"}],"about":[{"href":"https:\/\/www.msd.ch\/fr\/wp-json\/wp\/v2\/types\/page"}],"author":[{"embeddable":true,"href":"https:\/\/www.msd.ch\/fr\/wp-json\/wp\/v2\/users\/283"}],"replies":[{"embeddable":true,"href":"https:\/\/www.msd.ch\/fr\/wp-json\/wp\/v2\/comments?post=5539"}],"version-history":[{"count":29,"href":"https:\/\/www.msd.ch\/fr\/wp-json\/wp\/v2\/pages\/5539\/revisions"}],"predecessor-version":[{"id":8195,"href":"https:\/\/www.msd.ch\/fr\/wp-json\/wp\/v2\/pages\/5539\/revisions\/8195"}],"up":[{"embeddable":true,"href":"https:\/\/www.msd.ch\/fr\/wp-json\/wp\/v2\/pages\/1686"}],"wp:featuredmedia":[{"embeddable":true,"href":"https:\/\/www.msd.ch\/fr\/wp-json\/wp\/v2\/media\/5525"}],"wp:attachment":[{"href":"https:\/\/www.msd.ch\/fr\/wp-json\/wp\/v2\/media?parent=5539"}],"curies":[{"name":"wp","href":"https:\/\/api.w.org\/{rel}","templated":true}]}}