{"id":5693,"date":"2026-02-24T09:48:09","date_gmt":"2026-02-24T07:48:09","guid":{"rendered":"https:\/\/www.msd.ch\/fr\/?page_id=5693"},"modified":"2026-02-24T09:48:37","modified_gmt":"2026-02-24T07:48:37","slug":"transparence","status":"publish","type":"page","link":"https:\/\/www.msd.ch\/fr\/home\/about-us\/responsibility\/transparence\/","title":{"rendered":"Transparence"},"content":{"rendered":"\n<div id=\"mco-b2-hero-block-block_cedea9567174e968019635f521b7f757\" class=\"mco-b2-hero-block full mccberg-block\">\n    <div class=\"mco-b2-hero-block-wrapper\">\n        <div class=\"mco-b2-hero-block-image-section \">\n\n                            <div class=\"mco-b2-hero-block-image-container \">\n                    <picture >\n\t<source media=\"(max-width: 767px)\" data-srcset=\"https:\/\/www.msd.ch\/fr\/wp-content\/uploads\/sites\/87\/2021\/06\/transparency_title-1.jpg?w=768\" srcset=\"https:\/\/www.msd.ch\/fr\/wp-content\/uploads\/sites\/87\/2021\/06\/transparency_title-1.jpg?w=768\" >\n<source media=\"(min-width: 768px) and (max-width: 1199px)\" data-srcset=\"https:\/\/www.msd.ch\/fr\/wp-content\/uploads\/sites\/87\/2021\/06\/transparency_title-1.jpg?h=768\" srcset=\"https:\/\/www.msd.ch\/fr\/wp-content\/uploads\/sites\/87\/2021\/06\/transparency_title-1.jpg?h=768\" >\n<source media=\"(min-width: 1200px) and (max-width: 1919px)\" data-srcset=\"https:\/\/www.msd.ch\/fr\/wp-content\/uploads\/sites\/87\/2021\/06\/transparency_title-1.jpg?w=1200\" srcset=\"https:\/\/www.msd.ch\/fr\/wp-content\/uploads\/sites\/87\/2021\/06\/transparency_title-1.jpg?w=1200\" >\n<source media=\"(min-width: 1920px)\" data-srcset=\"https:\/\/www.msd.ch\/fr\/wp-content\/uploads\/sites\/87\/2021\/06\/transparency_title-1.jpg?w=1920\" srcset=\"https:\/\/www.msd.ch\/fr\/wp-content\/uploads\/sites\/87\/2021\/06\/transparency_title-1.jpg?w=1920\" >\n\t<img data-src=\"https:\/\/www.msd.ch\/fr\/wp-content\/uploads\/sites\/87\/2021\/06\/transparency_title-1.jpg?w=1920\" alt=\"\" class=\"eager \" loading=\"eager\" \/>\n<\/picture>                                    <\/div>\n                        <div class=\"mco-b2-hero-block-image-container-two\">\n                            <\/div>\n        <\/div>\n\n        <div class=\"mco-b2-hero-block-content-section\">\n            <nav class=\"breadcrumbs wrapper text-descriptive\"aria-label=\"Breadcrumbs\"><\/nav>            \n                            <h1>Transparence<\/h1>\n            \n                            <div class=\"mco-b2-hero-block-description\"><div id=\"u15314\" class=\"ax_default paragraph\">\n<div id=\"u15314_text\" class=\"text \">\n<p>Toutes nos actions sont model\u00e9es par les plus hauts standards en termes d\u2019\u00e9thique et d\u2019int\u00e9grit\u00e9.<\/p>\n<\/div>\n<\/div>\n<\/div>\n            \n                    <\/div>\n    <\/div>\n\n    \n<\/div>\n\n\n\n<p>En tant qu\u2019entreprise pharmaceutique, nous d\u00e9pendons \u00e9troitement de la confiance que nous accordent nos clients et partenaires, nos collaborateurs et l\u2019opinion publique. Nous travaillons quotidiennement \u00e0 m\u00e9riter cette confiance. Une communication transparente sur l\u2019entreprise en fait partie int\u00e9grante.<\/p>\n\n\n\n<p>Nous communiquons donc de fa\u00e7on pro active et d\u00e9taill\u00e9e sur tout ce qui concerne notre maison-m\u00e8re aux Etats-Unis:<\/p>\n\n\n\n<ul class=\"wp-block-list\">\n<li>Dans nos rapports financiers et nos rapports de responsabilit\u00e9 soci\u00e9tale<\/li>\n<\/ul>\n\n\n\n<ul class=\"wp-block-list\">\n<li>Par l\u2019enregistrement de toutes nos \u00e9tudes cliniques sur <a href=\"http:\/\/www.clinicaltrials.gov\" target=\"_blank\" rel=\"noreferrer noopener\">www.clinicaltrials.gov<\/a> et la publication des r\u00e9sultats<\/li>\n<\/ul>\n\n\n\n<ul class=\"wp-block-list\">\n<li>Par les m\u00e9dias<\/li>\n<\/ul>\n\n\n\n<p>Depuis 2011, nous publions le soutien aux organisations de patients au niveau national. A partir de 2016, nous divulguons en plus nos prestations p\u00e9cuniaires annuelles aux professionnels et aux organisations dans le domaine de la sant\u00e9.<\/p>\n\n\n\n<div class=\"wp-block-columns is-layout-flex wp-container-core-columns-is-layout-9d6595d7 wp-block-columns-is-layout-flex\">\n<div class=\"wp-block-column is-layout-flow wp-block-column-is-layout-flow\">\n<h3 class=\"wp-block-heading\">Associations de patients soutenues par MSD<\/h3>\n\n\n\n<p><a href=\"https:\/\/www.msd.ch\/fr\/wp-content\/uploads\/sites\/87\/2025\/06\/FINAL_MSD-Switzerland_Patient-Organisations-2024.pdf\">2024<\/a><br><a href=\"https:\/\/www.msd.ch\/fr\/wp-content\/uploads\/sites\/87\/2024\/06\/MSD-Switzerland_Patient-Organizations-2023.pdf\" target=\"_blank\" rel=\"noreferrer noopener\">2023<\/a><br><a href=\"https:\/\/www.msd.ch\/en\/wp-content\/uploads\/sites\/42\/2023\/06\/FINAL_1204_2036-MSD-Switzerland_Patient-Organizations-2022.pdf\">2022<\/a><br><\/p>\n<\/div>\n\n\n\n<div class=\"wp-block-column is-layout-flow wp-block-column-is-layout-flow\">\n<h3 class=\"wp-block-heading\">Divulgation des prestations p\u00e9cuniaires \u00e0 des organisations ou \u00e0 des professionnels dans le domaine des soins de sant\u00e9<\/h3>\n\n\n\n<h5 class=\"wp-block-heading\">MSD Methodology Statement<\/h5>\n\n\n\n<p><a href=\"https:\/\/www.msd.ch\/fr\/wp-content\/uploads\/sites\/87\/2025\/06\/FINAL_MSD-Switzerland_Methodology-Statement-2024.pdf\" target=\"_blank\" rel=\"noreferrer noopener\">MSD Methodology Statement<\/a><\/p>\n\n\n\n<h5 class=\"wp-block-heading\">2024<\/h5>\n\n\n\n<p><a href=\"http:\/\/public-disclosure.msd.com\/2024+Disclosure+Reports\/Switzerland\/Switzerland+Final+disclosure+report_English_2024.pdf\" target=\"_blank\" rel=\"noreferrer noopener\">MSD Report 2024<\/a><br><a href=\"https:\/\/www.msd.ch\/fr\/wp-content\/uploads\/sites\/87\/2025\/06\/FINAL_MSD-Switzerland_Self-Certification-Letter-2024.pdf\" target=\"_blank\" rel=\"noreferrer noopener\">MSD Self-Certification Letter, issued by Merck &amp; Co., Inc., Rahway, NJ, USA<\/a><\/p>\n\n\n\n<h5 class=\"wp-block-heading\">2023<\/h5>\n\n\n\n<p><a href=\"https:\/\/public-disclosure.msd.com\/2023 Disclosure Report\/Switzerland\/Switzerland Final disclosure report_English_2023.pdf\" target=\"_blank\" rel=\"noreferrer noopener\">MSD Report 2023<\/a><br><a href=\"https:\/\/www.msd.ch\/fr\/wp-content\/uploads\/sites\/87\/2024\/06\/MSD-Switzerland_Self-Certification-Letter-2023.pdf\" target=\"_blank\" rel=\"noreferrer noopener\">MSD Self-Certification Letter, issued by Merck &amp; Co., Inc., Rahway, NJ, USA<\/a><\/p>\n\n\n\n<h5 class=\"wp-block-heading\">2022<\/h5>\n\n\n\n<p><a href=\"https:\/\/www.msd.ch\/fr\/wp-content\/uploads\/sites\/87\/2024\/05\/FINAL_1204_2036-MSD-Switzerland_2022_Final-Disclosure-Report_English.pdf\" target=\"_blank\" rel=\"noreferrer noopener\">MSD Report 2022<\/a><br><a href=\"https:\/\/www.msd.ch\/en\/wp-content\/uploads\/sites\/42\/2023\/06\/FINAL_1204_2036-MSD-Switzerland_Self-Certification-Letter-2022.pdf\">MSD Self-Certification Letter, issued by Merck &amp; Co., Inc., Rahway, NJ, USA<\/a><\/p>\n<\/div>\n<\/div>\n\n\n\n<p><sup>CH-NON-00866, 02\/2026<\/sup><\/p>\n","protected":false},"excerpt":{"rendered":"<p>En tant qu\u2019entreprise pharmaceutique, nous d\u00e9pendons \u00e9troitement de la confiance que nous accordent nos clients et partenaires, nos collaborateurs et l\u2019opinion publique. Nous travaillons quotidiennement \u00e0 m\u00e9riter cette confiance. Une communication transparente sur l\u2019entreprise en fait partie int\u00e9grante. Nous communiquons donc de fa\u00e7on pro active et d\u00e9taill\u00e9e sur tout ce qui concerne notre maison-m\u00e8re aux [&hellip;]<\/p>\n","protected":false},"author":974,"featured_media":0,"parent":36,"menu_order":0,"comment_status":"closed","ping_status":"closed","template":"","meta":{"_acf_changed":false,"bdl_company_name":[],"bdl_item_external_link":[],"editor_notices":[],"footnotes":""},"class_list":["post-5693","page","type-page","status-publish","hentry"],"yoast_head":"<!-- This site is optimized with the Yoast SEO plugin v21.9.1 - https:\/\/yoast.com\/wordpress\/plugins\/seo\/ -->\n<title>Transparence - msd.ch<\/title>\n<meta name=\"robots\" content=\"index, follow, max-snippet:-1, max-image-preview:large, max-video-preview:-1\" \/>\n<link rel=\"canonical\" href=\"https:\/\/www.msd.ch\/fr\/home\/about-us\/responsibility\/transparence\/\" \/>\n<meta property=\"og:locale\" content=\"en_US\" \/>\n<meta property=\"og:type\" content=\"article\" \/>\n<meta property=\"og:title\" content=\"Transparence\" \/>\n<meta property=\"og:description\" content=\"Chez MSD, nous appliquons les normes les plus \u00e9lev\u00e9es en mati\u00e8re d&#039;\u00e9thique et d&#039;int\u00e9grit\u00e9 dans tout ce que nous faisons.\" \/>\n<meta property=\"og:url\" content=\"https:\/\/www.msd.ch\/fr\/home\/about-us\/responsibility\/transparence\/\" \/>\n<meta property=\"og:site_name\" content=\"msd.ch\" \/>\n<meta property=\"article:modified_time\" content=\"2026-02-24T07:48:37+00:00\" \/>\n<meta property=\"og:image\" content=\"https:\/\/www.msd.ch\/fr\/wp-content\/uploads\/sites\/87\/2021\/06\/transparency_title-1.jpg\" \/>\n\t<meta property=\"og:image:width\" content=\"1900\" \/>\n\t<meta property=\"og:image:height\" content=\"1258\" \/>\n\t<meta property=\"og:image:type\" content=\"image\/jpeg\" \/>\n<meta name=\"twitter:card\" content=\"summary_large_image\" \/>\n<meta name=\"twitter:title\" content=\"Transparence\" \/>\n<meta name=\"twitter:description\" content=\"Chez MSD, nous appliquons les normes les plus \u00e9lev\u00e9es en mati\u00e8re d&#039;\u00e9thique et d&#039;int\u00e9grit\u00e9 dans tout ce que nous faisons.\" \/>\n<meta name=\"twitter:image\" content=\"https:\/\/www.msd.ch\/fr\/wp-content\/uploads\/sites\/87\/2021\/06\/transparency_title-1.jpg\" \/>\n<meta name=\"twitter:label1\" content=\"Est. reading time\" \/>\n\t<meta name=\"twitter:data1\" content=\"1 minute\" \/>\n<script type=\"application\/ld+json\" class=\"yoast-schema-graph\">{\"@context\":\"https:\/\/schema.org\",\"@graph\":[{\"@type\":\"WebPage\",\"@id\":\"https:\/\/www.msd.ch\/fr\/home\/about-us\/responsibility\/transparence\/\",\"url\":\"https:\/\/www.msd.ch\/fr\/home\/about-us\/responsibility\/transparence\/\",\"name\":\"Transparence - msd.ch\",\"isPartOf\":{\"@id\":\"https:\/\/www.msd.ch\/fr\/#website\"},\"datePublished\":\"2026-02-24T07:48:09+00:00\",\"dateModified\":\"2026-02-24T07:48:37+00:00\",\"breadcrumb\":{\"@id\":\"https:\/\/www.msd.ch\/fr\/home\/about-us\/responsibility\/transparence\/#breadcrumb\"},\"inLanguage\":\"en-US\",\"potentialAction\":[{\"@type\":\"ReadAction\",\"target\":[\"https:\/\/www.msd.ch\/fr\/home\/about-us\/responsibility\/transparence\/\"]}]},{\"@type\":\"BreadcrumbList\",\"@id\":\"https:\/\/www.msd.ch\/fr\/home\/about-us\/responsibility\/transparence\/#breadcrumb\",\"itemListElement\":[{\"@type\":\"ListItem\",\"position\":1,\"name\":\"Home\",\"item\":\"https:\/\/www.msd.ch\/fr\/\"},{\"@type\":\"ListItem\",\"position\":2,\"name\":\"\u00c0 propos de nous\",\"item\":\"https:\/\/www.msd.ch\/fr\/home\/about-us\/\"},{\"@type\":\"ListItem\",\"position\":3,\"name\":\"Responsabilit\u00e9\",\"item\":\"https:\/\/www.msd.ch\/fr\/home\/about-us\/responsibility\/\"},{\"@type\":\"ListItem\",\"position\":4,\"name\":\"Transparence\"}]},{\"@type\":\"WebSite\",\"@id\":\"https:\/\/www.msd.ch\/fr\/#website\",\"url\":\"https:\/\/www.msd.ch\/fr\/\",\"name\":\"msd.ch\",\"description\":\"MSD recherche et d\u00e9veloppe des m\u00e9dicaments et des vaccins pour sauver des vies et am\u00e9liorer la sant\u00e9 des patients. En Suisse, 1000 employ\u00e9s \u00e0 Lucerne et \u00e0 Zurich s&#039;engagent dans ce sens.\",\"potentialAction\":[{\"@type\":\"SearchAction\",\"target\":{\"@type\":\"EntryPoint\",\"urlTemplate\":\"https:\/\/www.msd.ch\/fr\/?s={search_term_string}\"},\"query-input\":\"required name=search_term_string\"}],\"inLanguage\":\"en-US\"}]}<\/script>\n<!-- \/ Yoast SEO plugin. -->","yoast_head_json":{"title":"Transparence - msd.ch","robots":{"index":"index","follow":"follow","max-snippet":"max-snippet:-1","max-image-preview":"max-image-preview:large","max-video-preview":"max-video-preview:-1"},"canonical":"https:\/\/www.msd.ch\/fr\/home\/about-us\/responsibility\/transparence\/","og_locale":"en_US","og_type":"article","og_title":"Transparence","og_description":"Chez MSD, nous appliquons les normes les plus \u00e9lev\u00e9es en mati\u00e8re d'\u00e9thique et d'int\u00e9grit\u00e9 dans tout ce que nous faisons.","og_url":"https:\/\/www.msd.ch\/fr\/home\/about-us\/responsibility\/transparence\/","og_site_name":"msd.ch","article_modified_time":"2026-02-24T07:48:37+00:00","og_image":[{"width":1900,"height":1258,"url":"https:\/\/www.msd.ch\/fr\/wp-content\/uploads\/sites\/87\/2021\/06\/transparency_title-1.jpg","type":"image\/jpeg"}],"twitter_card":"summary_large_image","twitter_title":"Transparence","twitter_description":"Chez MSD, nous appliquons les normes les plus \u00e9lev\u00e9es en mati\u00e8re d'\u00e9thique et d'int\u00e9grit\u00e9 dans tout ce que nous faisons.","twitter_image":"https:\/\/www.msd.ch\/fr\/wp-content\/uploads\/sites\/87\/2021\/06\/transparency_title-1.jpg","twitter_misc":{"Est. reading time":"1 minute"},"schema":{"@context":"https:\/\/schema.org","@graph":[{"@type":"WebPage","@id":"https:\/\/www.msd.ch\/fr\/home\/about-us\/responsibility\/transparence\/","url":"https:\/\/www.msd.ch\/fr\/home\/about-us\/responsibility\/transparence\/","name":"Transparence - msd.ch","isPartOf":{"@id":"https:\/\/www.msd.ch\/fr\/#website"},"datePublished":"2026-02-24T07:48:09+00:00","dateModified":"2026-02-24T07:48:37+00:00","breadcrumb":{"@id":"https:\/\/www.msd.ch\/fr\/home\/about-us\/responsibility\/transparence\/#breadcrumb"},"inLanguage":"en-US","potentialAction":[{"@type":"ReadAction","target":["https:\/\/www.msd.ch\/fr\/home\/about-us\/responsibility\/transparence\/"]}]},{"@type":"BreadcrumbList","@id":"https:\/\/www.msd.ch\/fr\/home\/about-us\/responsibility\/transparence\/#breadcrumb","itemListElement":[{"@type":"ListItem","position":1,"name":"Home","item":"https:\/\/www.msd.ch\/fr\/"},{"@type":"ListItem","position":2,"name":"\u00c0 propos de nous","item":"https:\/\/www.msd.ch\/fr\/home\/about-us\/"},{"@type":"ListItem","position":3,"name":"Responsabilit\u00e9","item":"https:\/\/www.msd.ch\/fr\/home\/about-us\/responsibility\/"},{"@type":"ListItem","position":4,"name":"Transparence"}]},{"@type":"WebSite","@id":"https:\/\/www.msd.ch\/fr\/#website","url":"https:\/\/www.msd.ch\/fr\/","name":"msd.ch","description":"MSD recherche et d\u00e9veloppe des m\u00e9dicaments et des vaccins pour sauver des vies et am\u00e9liorer la sant\u00e9 des patients. En Suisse, 1000 employ\u00e9s \u00e0 Lucerne et \u00e0 Zurich s&#039;engagent dans ce sens.","potentialAction":[{"@type":"SearchAction","target":{"@type":"EntryPoint","urlTemplate":"https:\/\/www.msd.ch\/fr\/?s={search_term_string}"},"query-input":"required name=search_term_string"}],"inLanguage":"en-US"}]}},"acf":[],"_links":{"self":[{"href":"https:\/\/www.msd.ch\/fr\/wp-json\/wp\/v2\/pages\/5693","targetHints":{"allow":["GET"]}}],"collection":[{"href":"https:\/\/www.msd.ch\/fr\/wp-json\/wp\/v2\/pages"}],"about":[{"href":"https:\/\/www.msd.ch\/fr\/wp-json\/wp\/v2\/types\/page"}],"author":[{"embeddable":true,"href":"https:\/\/www.msd.ch\/fr\/wp-json\/wp\/v2\/users\/974"}],"replies":[{"embeddable":true,"href":"https:\/\/www.msd.ch\/fr\/wp-json\/wp\/v2\/comments?post=5693"}],"version-history":[{"count":15,"href":"https:\/\/www.msd.ch\/fr\/wp-json\/wp\/v2\/pages\/5693\/revisions"}],"predecessor-version":[{"id":9018,"href":"https:\/\/www.msd.ch\/fr\/wp-json\/wp\/v2\/pages\/5693\/revisions\/9018"}],"up":[{"embeddable":true,"href":"https:\/\/www.msd.ch\/fr\/wp-json\/wp\/v2\/pages\/36"}],"wp:attachment":[{"href":"https:\/\/www.msd.ch\/fr\/wp-json\/wp\/v2\/media?parent=5693"}],"curies":[{"name":"wp","href":"https:\/\/api.w.org\/{rel}","templated":true}]}}