{"id":6739,"date":"2026-03-11T16:59:44","date_gmt":"2026-03-11T14:59:44","guid":{"rendered":"https:\/\/www.msd.ch\/fr\/?page_id=6739"},"modified":"2026-03-11T16:59:45","modified_gmt":"2026-03-11T14:59:45","slug":"diversity-and-inclusion","status":"publish","type":"page","link":"https:\/\/www.msd.ch\/fr\/home\/diversity-and-inclusion\/","title":{"rendered":"Diversit\u00e9 et inclusion"},"content":{"rendered":"\n<div id=\"mco-b2-hero-block-block_789a2ab28d4f2c81b492bda269e0923f\" class=\"mco-b2-hero-block full mccberg-block\">\n    <div class=\"mco-b2-hero-block-wrapper\">\n        <div class=\"mco-b2-hero-block-image-section \">\n\n                            <div class=\"mco-b2-hero-block-image-container \">\n                    <picture >\n\t<source media=\"(max-width: 767px)\" data-srcset=\"https:\/\/www.msd.ch\/fr\/wp-content\/uploads\/sites\/87\/2023\/06\/02_REA_MSD_BannerLandingpage_1200x801px-1.png?w=768\" srcset=\"https:\/\/www.msd.ch\/fr\/wp-content\/uploads\/sites\/87\/2023\/06\/02_REA_MSD_BannerLandingpage_1200x801px-1.png?w=768\" >\n<source media=\"(min-width: 768px) and (max-width: 1199px)\" data-srcset=\"https:\/\/www.msd.ch\/fr\/wp-content\/uploads\/sites\/87\/2023\/06\/02_REA_MSD_BannerLandingpage_1200x801px-1.png?h=768\" srcset=\"https:\/\/www.msd.ch\/fr\/wp-content\/uploads\/sites\/87\/2023\/06\/02_REA_MSD_BannerLandingpage_1200x801px-1.png?h=768\" >\n<source media=\"(min-width: 1200px) and (max-width: 1919px)\" data-srcset=\"https:\/\/www.msd.ch\/fr\/wp-content\/uploads\/sites\/87\/2023\/06\/02_REA_MSD_BannerLandingpage_1200x801px-1.png?w=1200\" srcset=\"https:\/\/www.msd.ch\/fr\/wp-content\/uploads\/sites\/87\/2023\/06\/02_REA_MSD_BannerLandingpage_1200x801px-1.png?w=1200\" >\n<source media=\"(min-width: 1920px)\" data-srcset=\"https:\/\/www.msd.ch\/fr\/wp-content\/uploads\/sites\/87\/2023\/06\/02_REA_MSD_BannerLandingpage_1200x801px-1.png?w=1920\" srcset=\"https:\/\/www.msd.ch\/fr\/wp-content\/uploads\/sites\/87\/2023\/06\/02_REA_MSD_BannerLandingpage_1200x801px-1.png?w=1920\" >\n\t<img data-src=\"https:\/\/www.msd.ch\/fr\/wp-content\/uploads\/sites\/87\/2023\/06\/02_REA_MSD_BannerLandingpage_1200x801px-1.png?w=1920\" alt=\"Banner-Pharma-for-Pride\" class=\"eager \" loading=\"eager\" \/>\n<\/picture>                                    <\/div>\n                        <div class=\"mco-b2-hero-block-image-container-two\">\n                            <\/div>\n        <\/div>\n\n        <div class=\"mco-b2-hero-block-content-section\">\n            <nav class=\"breadcrumbs wrapper text-descriptive\"aria-label=\"Breadcrumbs\"><\/nav>            \n                            <h1>Diversit\u00e9 et inclusion<\/h1>\n            \n                            <div class=\"mco-b2-hero-block-description\"><p>En tant que l&#8217;un des leaders de la recherche pharmaceutique, nous nous consacrons \u00e0 la sant\u00e9 de tous, ind\u00e9pendamment du sexe, de l&#8217;\u00e2ge, de\u00a0l&#8217;origine et de l&#8217;orientation sexuelle. Nous soutenons la diversit\u00e9 et l&#8217;inclusion, tant chez MSD qu&#8217;en dehors. Nous participons donc \u00e0 diff\u00e9rents projets et initiatives centr\u00e9s sur les personnes.<\/p>\n<\/div>\n            \n                    <\/div>\n    <\/div>\n\n    \n<\/div>\n\n\n\n<h2 class=\"wp-block-heading has-text-align-center\">La tradition de diversit\u00e9 chez MSD<\/h2>\n\n\n\n<p class=\"has-text-align-center\">Chez nous, la diversit\u00e9 et l&#8217;inclusion vont au-del\u00e0 des mots. Il s&#8217;agit du fondement de notre mission en tant qu&#8217;entreprise: utiliser la puissance de la recherche de pointe pour sauver et am\u00e9liorer des vies dans le monde entier.<\/p>\n\n\n<div id=\"mco-b5-content-block-block_1571b578b301da5704f56e901133ef34\"\n     class=\"mco-b5-content-block mccberg-block left\">\n    <div class=\"wrapper\">\n\t\t\t\t\t\t\t            <div class=\"mco-b5-content-block-image-section \">\n\t\t\t\t                <picture aria-label=\"Des personnes lors d&#039;un d\u00e9fil\u00e9 du mois de la fiert\u00e9\">\n                                                                        <source media=\"(max-width: 767px)\"\n                                    data-srcset=\"https:\/\/www.msd.ch\/fr\/wp-content\/uploads\/sites\/87\/2023\/06\/rainbow-alliance_pride-month_61.png?resize=696,425\" \/>\n                                                                                                <source media=\"(min-width: 768px) and (max-width: 1199px)\"\n                                    data-srcset=\"https:\/\/www.msd.ch\/fr\/wp-content\/uploads\/sites\/87\/2023\/06\/rainbow-alliance_pride-month_61.png?resize=384,468\" \/>\n                                                                                                <source media=\"(min-width: 1200px)\"\n                                    data-srcset=\"https:\/\/www.msd.ch\/fr\/wp-content\/uploads\/sites\/87\/2023\/06\/rainbow-alliance_pride-month_61.png?resize=750,650\" \/>\n                                                                                                <source media=\"(min-width: 1600px)\"\n                                    data-srcset=\"https:\/\/www.msd.ch\/fr\/wp-content\/uploads\/sites\/87\/2023\/06\/rainbow-alliance_pride-month_61.png?resize=850,744\" \/>\n                                                                                                <source media=\"(min-width: 1920px)\"\n                                    data-srcset=\"https:\/\/www.msd.ch\/fr\/wp-content\/uploads\/sites\/87\/2023\/06\/rainbow-alliance_pride-month_61.png?resize=980,832\" \/>\n                                                                                                <img\n                                data-src=\"https:\/\/www.msd.ch\/fr\/wp-content\/uploads\/sites\/87\/2023\/06\/rainbow-alliance_pride-month_61.png?resize=650,544\"\n                                alt=\"Des personnes lors d&#039;un d\u00e9fil\u00e9 du mois de la fiert\u00e9\"\n                                class=\"lazyload parallax-scroll\"\n                                loading=\"lazy\"\n                            \/>\n                                                            <\/picture>\n\t\t\t\t            <\/div>\n\t\t        <div class=\"mco-b5-content-block-content-section\">\n\t\t\t\n\t\t\t                <h3 class=\"mco-b5-content-block-heading mcc-b5-normal-title\">\n                    Diversit\u00e9, \u00e9galit\u00e9 et inclusion chez MSD                <\/h3 >\n\t\t\t\n\t\t\t                <div class=\"mco-b5-content-block-description\"><p><!-- wp:heading {\"level\":3} --><\/p>\n<p>Chez MSD, nous sommes convaincus que les \u00e9quipes diverses ont plus de succ\u00e8s. Nous encourageons donc activement la diversit\u00e9 et l&#8217;inclusion depuis longtemps.<\/p>\n<p>En outre, nos collaborateurs s&#8217;engagent dans le cadre de nombreux EBRG (Employee Business Resource Groups) fond\u00e9s sur les int\u00e9r\u00eats de divers groupes de personnes dans l&#8217;entreprise. Notre Rainbow Alliance repr\u00e9sente par exemple nos coll\u00e8gues LGBTQAI+.<\/p>\n<p><!-- \/wp:heading --><\/p>\n<\/div>\n\t\t\t\n                        <div class=\"mco-b5-content-block-content-buttons-container\">\n\t\t\t\t                    <a class=\"btn secondary read_more\"\n                       href=\"https:\/\/www.msd.ch\/fr\/home\/ebrgs\/\"\n                       title=\"Nos EBRG\"\n                                              target=\"_blank\">Nos EBRG<\/a>\n\t\t\t\t\t\t\t\t\t\t\t\t            <\/div>\n        <\/div>\n    <\/div>\n<\/div>\n<div class=\"mco-b5-content-block-modal popup\" style=\"display: none;\" role=\"dialog\" >\n    <div class=\"popup-wrapper\">\n        <div class=\"mco-b5-content-block-modal-content popup-content\">\n            <button class=\"mco-b5-content-block-modal-close popup-close\" >&times;<\/button>\n            <div class=\"mco-b5-content-block-modal-video\"><\/div>\n        <\/div>\n    <\/div>\n<\/div>\n\n\n<div id=\"mco-b5-content-block-block_fba456587621200bb706c3dec0119254\"\n     class=\"mco-b5-content-block mccberg-block right\">\n    <div class=\"wrapper\">\n\t\t\t\t\t\t\t            <div class=\"mco-b5-content-block-image-section \">\n\t\t\t\t                <picture aria-label=\"Femmes chez MSD\">\n                                                                        <source media=\"(max-width: 767px)\"\n                                    data-srcset=\"https:\/\/www.msd.ch\/fr\/wp-content\/uploads\/sites\/87\/2023\/06\/Frauen-bei-MSD1.png?resize=696,425\" \/>\n                                                                                                <source media=\"(min-width: 768px) and (max-width: 1199px)\"\n                                    data-srcset=\"https:\/\/www.msd.ch\/fr\/wp-content\/uploads\/sites\/87\/2023\/06\/Frauen-bei-MSD1.png?resize=384,468\" \/>\n                                                                                                <source media=\"(min-width: 1200px)\"\n                                    data-srcset=\"https:\/\/www.msd.ch\/fr\/wp-content\/uploads\/sites\/87\/2023\/06\/Frauen-bei-MSD1.png?resize=750,650\" \/>\n                                                                                                <source media=\"(min-width: 1600px)\"\n                                    data-srcset=\"https:\/\/www.msd.ch\/fr\/wp-content\/uploads\/sites\/87\/2023\/06\/Frauen-bei-MSD1.png?resize=850,744\" \/>\n                                                                                                <source media=\"(min-width: 1920px)\"\n                                    data-srcset=\"https:\/\/www.msd.ch\/fr\/wp-content\/uploads\/sites\/87\/2023\/06\/Frauen-bei-MSD1.png?resize=980,832\" \/>\n                                                                                                <img\n                                data-src=\"https:\/\/www.msd.ch\/fr\/wp-content\/uploads\/sites\/87\/2023\/06\/Frauen-bei-MSD1.png?resize=650,544\"\n                                alt=\"Femmes chez MSD\"\n                                class=\"lazyload parallax-scroll\"\n                                loading=\"lazy\"\n                            \/>\n                                                            <\/picture>\n\t\t\t\t            <\/div>\n\t\t        <div class=\"mco-b5-content-block-content-section\">\n\t\t\t\n\t\t\t                <h3 class=\"mco-b5-content-block-heading mcc-b5-normal-title\">\n                    L&#039;\u00e9galit\u00e9 est importante pour nous                <\/h3 >\n\t\t\t\n\t\t\t                <div class=\"mco-b5-content-block-description\"><p><!-- wp:heading {\"level\":3} --><\/p>\n<p>La diversit\u00e9 et l&#8217;inclusion font depuis longtemps partie int\u00e9grante de la culture d&#8217;entreprise chez MSD. Les 130\u00a0ans d&#8217;histoire de l&#8217;entreprise ont \u00e9t\u00e9 marqu\u00e9s par de nombreuses femmes.<\/p>\n<p>Quelque 50% de nos postes dirigeants sont occup\u00e9s par des femmes en Suisse et \u00e0 l&#8217;internationale.<\/p>\n<p><!-- \/wp:heading --><\/p>\n<\/div>\n\t\t\t\n                        <div class=\"mco-b5-content-block-content-buttons-container\">\n\t\t\t\t                    <a class=\"btn secondary read_more\"\n                       href=\"https:\/\/www.msd.ch\/fr\/stories\/les-femmes-chez-msd\/\"\n                       title=\"Les femmes chez MSD\"\n                                              target=\"_blank\">Les femmes chez MSD<\/a>\n\t\t\t\t\t\t\t\t\t\t\t\t            <\/div>\n        <\/div>\n    <\/div>\n<\/div>\n<div class=\"mco-b5-content-block-modal popup\" style=\"display: none;\" role=\"dialog\" >\n    <div class=\"popup-wrapper\">\n        <div class=\"mco-b5-content-block-modal-content popup-content\">\n            <button class=\"mco-b5-content-block-modal-close popup-close\" >&times;<\/button>\n            <div class=\"mco-b5-content-block-modal-video\"><\/div>\n        <\/div>\n    <\/div>\n<\/div>\n\n\n<div id=\"mco-b5-content-block-block_fb69a8a69e037bd0b584765770659006\"\n     class=\"mco-b5-content-block mccberg-block left\">\n    <div class=\"wrapper\">\n\t\t\t\t\t\t\t            <div class=\"mco-b5-content-block-image-section \">\n\t\t\t\t                <picture aria-label=\"40 ans de recherche sur le VIH\">\n                                                                        <source media=\"(max-width: 767px)\"\n                                    data-srcset=\"https:\/\/www.msd.ch\/fr\/wp-content\/uploads\/sites\/87\/2023\/06\/40-Jahre-HIV-Forschung1.png?resize=696,425\" \/>\n                                                                                                <source media=\"(min-width: 768px) and (max-width: 1199px)\"\n                                    data-srcset=\"https:\/\/www.msd.ch\/fr\/wp-content\/uploads\/sites\/87\/2023\/06\/40-Jahre-HIV-Forschung1.png?resize=384,468\" \/>\n                                                                                                <source media=\"(min-width: 1200px)\"\n                                    data-srcset=\"https:\/\/www.msd.ch\/fr\/wp-content\/uploads\/sites\/87\/2023\/06\/40-Jahre-HIV-Forschung1.png?resize=750,650\" \/>\n                                                                                                <source media=\"(min-width: 1600px)\"\n                                    data-srcset=\"https:\/\/www.msd.ch\/fr\/wp-content\/uploads\/sites\/87\/2023\/06\/40-Jahre-HIV-Forschung1.png?resize=850,744\" \/>\n                                                                                                <source media=\"(min-width: 1920px)\"\n                                    data-srcset=\"https:\/\/www.msd.ch\/fr\/wp-content\/uploads\/sites\/87\/2023\/06\/40-Jahre-HIV-Forschung1.png?resize=980,832\" \/>\n                                                                                                <img\n                                data-src=\"https:\/\/www.msd.ch\/fr\/wp-content\/uploads\/sites\/87\/2023\/06\/40-Jahre-HIV-Forschung1.png?resize=650,544\"\n                                alt=\"40 ans de recherche sur le VIH\"\n                                class=\"lazyload parallax-scroll\"\n                                loading=\"lazy\"\n                            \/>\n                                                            <\/picture>\n\t\t\t\t            <\/div>\n\t\t        <div class=\"mco-b5-content-block-content-section\">\n\t\t\t\n\t\t\t                <h3 class=\"mco-b5-content-block-heading mcc-b5-normal-title\">\n                    Plus de 40 ans de recherche sur le VIH chez MSD                <\/h3 >\n\t\t\t\n\t\t\t                <div class=\"mco-b5-content-block-description\"><p><!-- wp:heading {\"level\":3} --><\/p>\n<p>D\u00e8s la moiti\u00e9 des ann\u00e9es 1980, MSD a lanc\u00e9 son premier programme de recherche sur le VIH en r\u00e9ponse \u00e0 la maladie que nous consid\u00e9rions d&#8217;ores et d\u00e9j\u00e0 comme une \u00e9pid\u00e9mie potentielle.<\/p>\n<p>Nos \u00e9quipes de scientifiques ont \u00e9t\u00e9 parmi les premi\u00e8res \u00e0 d\u00e9couvrir et \u00e0\u00a0d\u00e9velopper des m\u00e9dicaments pour le traitement du VIH.<\/p>\n<p><!-- \/wp:heading --><\/p>\n<\/div>\n\t\t\t\n                        <div class=\"mco-b5-content-block-content-buttons-container\">\n\t\t\t\t\t\t\t\t\t\t\t\t                                        <a class=\"btn secondary\" href=\"https:\/\/www.msd.ch\/fr\/stories\/hiv\/\"\n                       title=\"En savoir plus\"\n                                              target=\"_blank\">En savoir plus<\/a>\n\t\t\t\t            <\/div>\n        <\/div>\n    <\/div>\n<\/div>\n<div class=\"mco-b5-content-block-modal popup\" style=\"display: none;\" role=\"dialog\" >\n    <div class=\"popup-wrapper\">\n        <div class=\"mco-b5-content-block-modal-content popup-content\">\n            <button class=\"mco-b5-content-block-modal-close popup-close\" >&times;<\/button>\n            <div class=\"mco-b5-content-block-modal-video\"><\/div>\n        <\/div>\n    <\/div>\n<\/div>\n\n\n<div id=\"mco-featured-banner-block-block_ce2ca20b8f98bc94866d0aaed6a65b08\" class=\"mco-featured-banner-block full mccberg-block mb-2\">\n\n\n            <div class=\"mco-featured-banner-image-container\">\n            <picture>\n                <source media=\"(max-width: 767px)\" data-srcset=\"https:\/\/www.msd.ch\/fr\/wp-content\/uploads\/sites\/87\/2023\/06\/Pride-Month-Banner-Web1.jpg?resize=767,956\">\n                <source media=\"(min-width: 768px) and (max-width: 1199px)\" data-srcset=\"https:\/\/www.msd.ch\/fr\/wp-content\/uploads\/sites\/87\/2023\/06\/Pride-Month-Banner-Web1.jpg?resize=768,448\">\n                <source media=\"(min-width: 1200px)\" data-srcset=\"https:\/\/www.msd.ch\/fr\/wp-content\/uploads\/sites\/87\/2023\/06\/Pride-Month-Banner-Web1.jpg?w=1600\">\n                <img data-src=\"https:\/\/www.msd.ch\/fr\/wp-content\/uploads\/sites\/87\/2023\/06\/Pride-Month-Banner-Web1.jpg?w=1600\" alt=\"Featured banner image\" class=\"lazyload\" loading=\"lazy\" \/>\n            <\/picture>\n        <\/div>\n    \n\n    <div class=\"mco-featured-banner-content-container\">\n        <div class=\"mco-featured-banner-content-card\">\n            \n                            <h3>Juin est le mois des fiert\u00e9s<\/h3>\n            \n                            <div><p>Chez MSD, nous pensons qu&#8217;un lieu de travail dans lequel chaque personne se sent valoris\u00e9e, respect\u00e9e et reconnue est indispensable \u00e0 la r\u00e9ussite commune. Chaque ann\u00e9e au mois de juin, notre logo se pare des couleurs chatoyantes de l&#8217;arc-en-ciel pour le mois des fiert\u00e9s, symboles de l&#8217;unit\u00e9, de l&#8217;amour et de l&#8217;acceptation au sein de la communaut\u00e9 LGBTQAI+.<\/p>\n<p>&nbsp;<\/p>\n<p>&nbsp;<\/p>\n<p><img loading=\"lazy\" decoding=\"async\" class=\"alignnone wp-image-9658\" src=\"https:\/\/www.msd.ch\/de\/wp-content\/uploads\/sites\/88\/2023\/06\/PRIDE-Image-Web.png?w=1024\" alt=\"\" width=\"516\" height=\"180\" \/><\/p>\n<\/div>\n            \n            <div class=\"mco-featured-banner-btn-container\">\n                \n                            <\/div>\n        <\/div>\n    <\/div>\n<\/div>\n\n\n\n<div style=\"height:200px\" aria-hidden=\"true\" class=\"wp-block-spacer\"><\/div>\n\n\n\n<h2 class=\"wp-block-heading has-text-align-center\">MSD en tant qu&#8217;employeur<\/h2>\n\n\n\n<p class=\"has-text-align-center\">Souhaitez-vous nous aider \u00e0 d\u00e9velopper sans rel\u00e2che nos m\u00e9dicaments et solutions de sant\u00e9, \u00e0 am\u00e9liorer continuellement la prise en charge m\u00e9dicale et \u00e0 inspirer de nouvelles g\u00e9n\u00e9rations? Rejoignez notre \u00e9quipe!<\/p>\n\n\n\n<p class=\"has-text-align-center\"><strong><a href=\"https:\/\/jobs.msd.com\/switzerland\" target=\"_blank\" rel=\"noreferrer noopener\">Vers le portail des emplois de MSD<\/a><\/strong><\/p>\n\n\n\n<div style=\"height:100px\" aria-hidden=\"true\" class=\"wp-block-spacer\"><\/div>\n\n\n\n<p><sup>CH-NON-02259, 03\/2026<\/sup><\/p>\n","protected":false},"excerpt":{"rendered":"<p>La tradition de diversit\u00e9 chez MSD Chez nous, la diversit\u00e9 et l&#8217;inclusion vont au-del\u00e0 des mots. Il s&#8217;agit du fondement de notre mission en tant qu&#8217;entreprise: utiliser la puissance de la recherche de pointe pour sauver et am\u00e9liorer des vies dans le monde entier. MSD en tant qu&#8217;employeur Souhaitez-vous nous aider \u00e0 d\u00e9velopper sans rel\u00e2che [&hellip;]<\/p>\n","protected":false},"author":282,"featured_media":6713,"parent":1686,"menu_order":1,"comment_status":"closed","ping_status":"closed","template":"","meta":{"_acf_changed":false,"bdl_company_name":[],"bdl_item_external_link":[],"editor_notices":[],"footnotes":""},"class_list":["post-6739","page","type-page","status-publish","has-post-thumbnail","hentry"],"yoast_head":"<!-- This site is optimized with the Yoast SEO plugin v21.9.1 - https:\/\/yoast.com\/wordpress\/plugins\/seo\/ -->\n<title>Diversit\u00e9 et inclusion - MSD Suisse I msd.ch<\/title>\n<meta name=\"description\" content=\"MSD s&#039;efforce d&#039;\u00eatre la premi\u00e8re entreprise biopharmaceutique de recherche. Apprenez-en plus sur notre engagement \u00e0 sauver et \u00e0 am\u00e9liorer des vies.\" \/>\n<meta name=\"robots\" content=\"index, follow, max-snippet:-1, max-image-preview:large, max-video-preview:-1\" \/>\n<link rel=\"canonical\" href=\"https:\/\/www.msd.ch\/fr\/home\/diversity-and-inclusion\/\" \/>\n<meta property=\"og:locale\" content=\"en_US\" \/>\n<meta property=\"og:type\" content=\"article\" \/>\n<meta property=\"og:title\" content=\"Diversit\u00e9 et inclusion - MSD Suisse I msd.ch\" \/>\n<meta property=\"og:description\" content=\"MSD s&#039;efforce d&#039;\u00eatre la premi\u00e8re entreprise biopharmaceutique de recherche. Apprenez-en plus sur notre engagement \u00e0 sauver et \u00e0 am\u00e9liorer des vies.\" \/>\n<meta property=\"og:url\" content=\"https:\/\/www.msd.ch\/fr\/home\/diversity-and-inclusion\/\" \/>\n<meta property=\"og:site_name\" content=\"msd.ch\" \/>\n<meta property=\"article:modified_time\" content=\"2026-03-11T14:59:45+00:00\" \/>\n<meta property=\"og:image\" content=\"https:\/\/www.msd.ch\/fr\/wp-content\/uploads\/sites\/87\/2023\/06\/02_REA_MSD_BannerLandingpage_1200x801px-1.png\" \/>\n\t<meta property=\"og:image:width\" content=\"666\" \/>\n\t<meta property=\"og:image:height\" content=\"664\" \/>\n\t<meta property=\"og:image:type\" content=\"image\/png\" \/>\n<meta name=\"twitter:card\" content=\"summary_large_image\" \/>\n<meta name=\"twitter:label1\" content=\"Est. reading time\" \/>\n\t<meta name=\"twitter:data1\" content=\"1 minute\" \/>\n<script type=\"application\/ld+json\" class=\"yoast-schema-graph\">{\"@context\":\"https:\/\/schema.org\",\"@graph\":[{\"@type\":\"WebPage\",\"@id\":\"https:\/\/www.msd.ch\/fr\/home\/diversity-and-inclusion\/\",\"url\":\"https:\/\/www.msd.ch\/fr\/home\/diversity-and-inclusion\/\",\"name\":\"Diversit\u00e9 et inclusion - MSD Suisse I msd.ch\",\"isPartOf\":{\"@id\":\"https:\/\/www.msd.ch\/fr\/#website\"},\"datePublished\":\"2026-03-11T14:59:44+00:00\",\"dateModified\":\"2026-03-11T14:59:45+00:00\",\"description\":\"MSD s'efforce d'\u00eatre la premi\u00e8re entreprise biopharmaceutique de recherche. Apprenez-en plus sur notre engagement \u00e0 sauver et \u00e0 am\u00e9liorer des vies.\",\"breadcrumb\":{\"@id\":\"https:\/\/www.msd.ch\/fr\/home\/diversity-and-inclusion\/#breadcrumb\"},\"inLanguage\":\"en-US\",\"potentialAction\":[{\"@type\":\"ReadAction\",\"target\":[\"https:\/\/www.msd.ch\/fr\/home\/diversity-and-inclusion\/\"]}]},{\"@type\":\"BreadcrumbList\",\"@id\":\"https:\/\/www.msd.ch\/fr\/home\/diversity-and-inclusion\/#breadcrumb\",\"itemListElement\":[{\"@type\":\"ListItem\",\"position\":1,\"name\":\"Home\",\"item\":\"https:\/\/www.msd.ch\/fr\/\"},{\"@type\":\"ListItem\",\"position\":2,\"name\":\"Diversit\u00e9 et inclusion\"}]},{\"@type\":\"WebSite\",\"@id\":\"https:\/\/www.msd.ch\/fr\/#website\",\"url\":\"https:\/\/www.msd.ch\/fr\/\",\"name\":\"msd.ch\",\"description\":\"MSD recherche et d\u00e9veloppe des m\u00e9dicaments et des vaccins pour sauver des vies et am\u00e9liorer la sant\u00e9 des patients. En Suisse, 1000 employ\u00e9s \u00e0 Lucerne et \u00e0 Zurich s&#039;engagent dans ce sens.\",\"potentialAction\":[{\"@type\":\"SearchAction\",\"target\":{\"@type\":\"EntryPoint\",\"urlTemplate\":\"https:\/\/www.msd.ch\/fr\/?s={search_term_string}\"},\"query-input\":\"required name=search_term_string\"}],\"inLanguage\":\"en-US\"}]}<\/script>\n<!-- \/ Yoast SEO plugin. -->","yoast_head_json":{"title":"Diversit\u00e9 et inclusion - MSD Suisse I msd.ch","description":"MSD s'efforce d'\u00eatre la premi\u00e8re entreprise biopharmaceutique de recherche. Apprenez-en plus sur notre engagement \u00e0 sauver et \u00e0 am\u00e9liorer des vies.","robots":{"index":"index","follow":"follow","max-snippet":"max-snippet:-1","max-image-preview":"max-image-preview:large","max-video-preview":"max-video-preview:-1"},"canonical":"https:\/\/www.msd.ch\/fr\/home\/diversity-and-inclusion\/","og_locale":"en_US","og_type":"article","og_title":"Diversit\u00e9 et inclusion - MSD Suisse I msd.ch","og_description":"MSD s'efforce d'\u00eatre la premi\u00e8re entreprise biopharmaceutique de recherche. Apprenez-en plus sur notre engagement \u00e0 sauver et \u00e0 am\u00e9liorer des vies.","og_url":"https:\/\/www.msd.ch\/fr\/home\/diversity-and-inclusion\/","og_site_name":"msd.ch","article_modified_time":"2026-03-11T14:59:45+00:00","og_image":[{"width":666,"height":664,"url":"https:\/\/www.msd.ch\/fr\/wp-content\/uploads\/sites\/87\/2023\/06\/02_REA_MSD_BannerLandingpage_1200x801px-1.png","type":"image\/png"}],"twitter_card":"summary_large_image","twitter_misc":{"Est. reading time":"1 minute"},"schema":{"@context":"https:\/\/schema.org","@graph":[{"@type":"WebPage","@id":"https:\/\/www.msd.ch\/fr\/home\/diversity-and-inclusion\/","url":"https:\/\/www.msd.ch\/fr\/home\/diversity-and-inclusion\/","name":"Diversit\u00e9 et inclusion - MSD Suisse I msd.ch","isPartOf":{"@id":"https:\/\/www.msd.ch\/fr\/#website"},"datePublished":"2026-03-11T14:59:44+00:00","dateModified":"2026-03-11T14:59:45+00:00","description":"MSD s'efforce d'\u00eatre la premi\u00e8re entreprise biopharmaceutique de recherche. Apprenez-en plus sur notre engagement \u00e0 sauver et \u00e0 am\u00e9liorer des vies.","breadcrumb":{"@id":"https:\/\/www.msd.ch\/fr\/home\/diversity-and-inclusion\/#breadcrumb"},"inLanguage":"en-US","potentialAction":[{"@type":"ReadAction","target":["https:\/\/www.msd.ch\/fr\/home\/diversity-and-inclusion\/"]}]},{"@type":"BreadcrumbList","@id":"https:\/\/www.msd.ch\/fr\/home\/diversity-and-inclusion\/#breadcrumb","itemListElement":[{"@type":"ListItem","position":1,"name":"Home","item":"https:\/\/www.msd.ch\/fr\/"},{"@type":"ListItem","position":2,"name":"Diversit\u00e9 et inclusion"}]},{"@type":"WebSite","@id":"https:\/\/www.msd.ch\/fr\/#website","url":"https:\/\/www.msd.ch\/fr\/","name":"msd.ch","description":"MSD recherche et d\u00e9veloppe des m\u00e9dicaments et des vaccins pour sauver des vies et am\u00e9liorer la sant\u00e9 des patients. En Suisse, 1000 employ\u00e9s \u00e0 Lucerne et \u00e0 Zurich s&#039;engagent dans ce sens.","potentialAction":[{"@type":"SearchAction","target":{"@type":"EntryPoint","urlTemplate":"https:\/\/www.msd.ch\/fr\/?s={search_term_string}"},"query-input":"required name=search_term_string"}],"inLanguage":"en-US"}]}},"acf":[],"_links":{"self":[{"href":"https:\/\/www.msd.ch\/fr\/wp-json\/wp\/v2\/pages\/6739","targetHints":{"allow":["GET"]}}],"collection":[{"href":"https:\/\/www.msd.ch\/fr\/wp-json\/wp\/v2\/pages"}],"about":[{"href":"https:\/\/www.msd.ch\/fr\/wp-json\/wp\/v2\/types\/page"}],"author":[{"embeddable":true,"href":"https:\/\/www.msd.ch\/fr\/wp-json\/wp\/v2\/users\/282"}],"replies":[{"embeddable":true,"href":"https:\/\/www.msd.ch\/fr\/wp-json\/wp\/v2\/comments?post=6739"}],"version-history":[{"count":9,"href":"https:\/\/www.msd.ch\/fr\/wp-json\/wp\/v2\/pages\/6739\/revisions"}],"predecessor-version":[{"id":9136,"href":"https:\/\/www.msd.ch\/fr\/wp-json\/wp\/v2\/pages\/6739\/revisions\/9136"}],"up":[{"embeddable":true,"href":"https:\/\/www.msd.ch\/fr\/wp-json\/wp\/v2\/pages\/1686"}],"wp:featuredmedia":[{"embeddable":true,"href":"https:\/\/www.msd.ch\/fr\/wp-json\/wp\/v2\/media\/6713"}],"wp:attachment":[{"href":"https:\/\/www.msd.ch\/fr\/wp-json\/wp\/v2\/media?parent=6739"}],"curies":[{"name":"wp","href":"https:\/\/api.w.org\/{rel}","templated":true}]}}