{"id":6741,"date":"2023-06-20T11:19:44","date_gmt":"2023-06-20T09:19:44","guid":{"rendered":"https:\/\/www.msd.ch\/fr\/?page_id=6741"},"modified":"2025-06-23T08:22:10","modified_gmt":"2025-06-23T06:22:10","slug":"ebrgs","status":"publish","type":"page","link":"https:\/\/www.msd.ch\/fr\/home\/ebrgs\/","title":{"rendered":"Nos EBRG"},"content":{"rendered":"\n<div id=\"mco-b2-hero-block-block_9e3c1347ae2e4d4d070f2b041cdc821a\" class=\"mco-b2-hero-block full mccberg-block\">\n    <div class=\"mco-b2-hero-block-wrapper\">\n        <div class=\"mco-b2-hero-block-image-section \">\n\n                            <div class=\"mco-b2-hero-block-image-container \">\n                    <picture >\n\t<source media=\"(max-width: 767px)\" data-srcset=\"https:\/\/www.msd.ch\/fr\/wp-content\/uploads\/sites\/87\/2023\/06\/rainbow-alliance_pride-month_61.png?w=768\" srcset=\"https:\/\/www.msd.ch\/fr\/wp-content\/uploads\/sites\/87\/2023\/06\/rainbow-alliance_pride-month_61.png?w=768\" >\n<source media=\"(min-width: 768px) and (max-width: 1199px)\" data-srcset=\"https:\/\/www.msd.ch\/fr\/wp-content\/uploads\/sites\/87\/2023\/06\/rainbow-alliance_pride-month_61.png?h=768\" srcset=\"https:\/\/www.msd.ch\/fr\/wp-content\/uploads\/sites\/87\/2023\/06\/rainbow-alliance_pride-month_61.png?h=768\" >\n<source media=\"(min-width: 1200px) and (max-width: 1919px)\" data-srcset=\"https:\/\/www.msd.ch\/fr\/wp-content\/uploads\/sites\/87\/2023\/06\/rainbow-alliance_pride-month_61.png?w=1200\" srcset=\"https:\/\/www.msd.ch\/fr\/wp-content\/uploads\/sites\/87\/2023\/06\/rainbow-alliance_pride-month_61.png?w=1200\" >\n<source media=\"(min-width: 1920px)\" data-srcset=\"https:\/\/www.msd.ch\/fr\/wp-content\/uploads\/sites\/87\/2023\/06\/rainbow-alliance_pride-month_61.png?w=1920\" srcset=\"https:\/\/www.msd.ch\/fr\/wp-content\/uploads\/sites\/87\/2023\/06\/rainbow-alliance_pride-month_61.png?w=1920\" >\n\t<img data-src=\"https:\/\/www.msd.ch\/fr\/wp-content\/uploads\/sites\/87\/2023\/06\/rainbow-alliance_pride-month_61.png?w=1920\" alt=\"MSD Pride Month\" class=\"eager \" loading=\"eager\" \/>\n<\/picture>                                    <\/div>\n                        <div class=\"mco-b2-hero-block-image-container-two\">\n                            <\/div>\n        <\/div>\n\n        <div class=\"mco-b2-hero-block-content-section\">\n            <nav class=\"breadcrumbs wrapper text-descriptive\"aria-label=\"Breadcrumbs\"><\/nav>                            <small class=\"tagline\">Diversit\u00e9 et inclusion<\/small>\n            \n                            <h1>Les Employee Business Resource Groups (EBRG) chez MSD<\/h1>\n            \n                            <div class=\"mco-b2-hero-block-description\"><p>Les EBRG constituent une communaut\u00e9 de soutien regroupant des personnes qui partagent le m\u00eame parcours ou les m\u00eames convictions. Ils favorisent un environnement inclusif qui encourage les collaborateurs \u00e0 grandir, \u00e0 apprendre, \u00e0 diriger et \u00e0 donner en retour.<\/p>\n<\/div>\n            \n                    <\/div>\n    <\/div>\n\n    \n<\/div>\n\n\n\n<div class=\"wp-block-columns is-layout-flex wp-container-core-columns-is-layout-9d6595d7 wp-block-columns-is-layout-flex\">\n<div class=\"wp-block-column is-layout-flow wp-block-column-is-layout-flow\">\n<h2 class=\"wp-block-heading\">Les EBRG offrent \u00e0 nos collaborateurs la possibilit\u00e9:<\/h2>\n<\/div>\n\n\n\n<div class=\"wp-block-column is-layout-flow wp-block-column-is-layout-flow\">\n<ul class=\"wp-block-list\">\n<li>d&#8217;apprendre \u00e0 conna\u00eetre la culture, le parcours et les exp\u00e9riences de leurs coll\u00e8gues;<\/li>\n\n\n\n<li>de partager des id\u00e9es au sujet de la diversit\u00e9 au sein de leurs \u00e9quipes;<\/li>\n\n\n\n<li>de soutenir les \u00e9v\u00e9nements de la communaut\u00e9;<\/li>\n\n\n\n<li>de contribuer au recrutement des collaborateurs et \u00e0 la cr\u00e9ation de liens entre eux;<\/li>\n\n\n\n<li>d&#8217;am\u00e9liorer leurs capacit\u00e9s de leadership;<\/li>\n\n\n\n<li>de participer \u00e0 des activit\u00e9s commerciales importantes.<\/li>\n<\/ul>\n<\/div>\n<\/div>\n\n\n\n<div style=\"height:70px\" aria-hidden=\"true\" class=\"wp-block-spacer\"><\/div>\n\n\n\n<hr class=\"wp-block-separator has-alpha-channel-opacity is-style-wide\"\/>\n\n\n\n<div style=\"height:50px\" aria-hidden=\"true\" class=\"wp-block-spacer\"><\/div>\n\n\n\n<h2 class=\"wp-block-heading has-text-align-center\">Nos Employee Business Resource Groups (EBRG)<\/h2>\n\n\n\n<div class=\"wp-block-columns is-layout-flex wp-container-core-columns-is-layout-9d6595d7 wp-block-columns-is-layout-flex\">\n<div class=\"wp-block-column is-vertically-aligned-center is-layout-flow wp-block-column-is-layout-flow\" style=\"flex-basis:32%\">\n<figure class=\"wp-block-image size-full\"><img decoding=\"async\" src=\"https:\/\/www.msd.ch\/de\/wp-content\/uploads\/sites\/88\/2023\/07\/Logo-Allianza.png\" alt=\"Logo ALIANZA\" class=\"wp-image-9993\"\/><\/figure>\n<\/div>\n\n\n\n<div class=\"wp-block-column is-vertically-aligned-center is-layout-flow wp-block-column-is-layout-flow\" style=\"flex-basis:66.66%\">\n<p>Alianza offre aux collaborateurs d&#8217;origine hispanique une plateforme con\u00e7ue non seulement pour favoriser leur d\u00e9veloppement personnel et professionnel, mais aussi pour les aider \u00e0 am\u00e9liorer leurs performances au travail et \u00e0 atteindre leurs objectifs de carri\u00e8re.<\/p>\n<\/div>\n<\/div>\n\n\n\n<div class=\"wp-block-columns is-layout-flex wp-container-core-columns-is-layout-9d6595d7 wp-block-columns-is-layout-flex\">\n<div class=\"wp-block-column is-vertically-aligned-center is-layout-flow wp-block-column-is-layout-flow\" style=\"flex-basis:32%\">\n<figure class=\"wp-block-image size-full\"><img decoding=\"async\" src=\"https:\/\/www.msd.ch\/de\/wp-content\/uploads\/sites\/88\/2023\/07\/Logo-Capability-Network.png\" alt=\"Logo Capability Network\" class=\"wp-image-9995\"\/><\/figure>\n<\/div>\n\n\n\n<div class=\"wp-block-column is-vertically-aligned-center is-layout-flow wp-block-column-is-layout-flow\" style=\"flex-basis:66.66%\">\n<p>Le capABILITY Network (cAN) offre aux collaborateurs souffrant d&#8217;un handicap, ainsi qu&#8217;\u00e0 leurs proches, une plateforme con\u00e7ue pour les soutenir dans leur d\u00e9veloppement professionnel.<\/p>\n<\/div>\n<\/div>\n\n\n\n<div class=\"wp-block-columns is-layout-flex wp-container-core-columns-is-layout-9d6595d7 wp-block-columns-is-layout-flex\">\n<div class=\"wp-block-column is-vertically-aligned-center is-layout-flow wp-block-column-is-layout-flow\" style=\"flex-basis:32%\">\n<figure class=\"wp-block-image size-full\"><img decoding=\"async\" src=\"https:\/\/www.msd.ch\/de\/wp-content\/uploads\/sites\/88\/2023\/07\/Logo-LEAD.png\" alt=\"Logo League of Employees of African Descent (LEAD)\" class=\"wp-image-9998\"\/><\/figure>\n<\/div>\n\n\n\n<div class=\"wp-block-column is-vertically-aligned-center is-layout-flow wp-block-column-is-layout-flow\" style=\"flex-basis:66.66%\">\n<p>La League of Employees of African Descent (LEAD) a pour objectif d&#8217;accro\u00eetre le nombre de cadres d&#8217;origine africaine et de tirer parti du savoir culturel collectif des membres afin de favoriser l&#8217;innovation et les performances.<\/p>\n<\/div>\n<\/div>\n\n\n\n<div class=\"wp-block-columns is-layout-flex wp-container-core-columns-is-layout-9d6595d7 wp-block-columns-is-layout-flex\">\n<div class=\"wp-block-column is-vertically-aligned-center is-layout-flow wp-block-column-is-layout-flow\" style=\"flex-basis:33.33%\">\n<figure class=\"wp-block-image size-full\"><img decoding=\"async\" src=\"https:\/\/www.msd.ch\/de\/wp-content\/uploads\/sites\/88\/2023\/07\/Logo-NextGen-Network.png\" alt=\"Logo Next Generation Network (NGN) \" class=\"wp-image-10000\"\/><\/figure>\n<\/div>\n\n\n\n<div class=\"wp-block-column is-vertically-aligned-center is-layout-flow wp-block-column-is-layout-flow\" style=\"flex-basis:66.66%\">\n<p>Le Next Generation Network (NGN) s&#8217;attache \u00e0 ancrer la prochaine g\u00e9n\u00e9ration de talents dans l&#8217;entreprise. MSD favorise ainsi la diversit\u00e9 et l&#8217;inclusion en faisant des connaissances et de la culture de la nouvelle g\u00e9n\u00e9ration une ressource pr\u00e9cieuse pour l&#8217;ensemble des collaborateurs, quel que soit leur \u00e2ge.<\/p>\n<\/div>\n<\/div>\n\n\n\n<div class=\"wp-block-columns is-layout-flex wp-container-core-columns-is-layout-9d6595d7 wp-block-columns-is-layout-flex\">\n<div class=\"wp-block-column is-vertically-aligned-center is-layout-flow wp-block-column-is-layout-flow\" style=\"flex-basis:32%\">\n<figure class=\"wp-block-image size-full\"><img decoding=\"async\" src=\"https:\/\/www.msd.ch\/de\/wp-content\/uploads\/sites\/88\/2023\/07\/Logo-Rainbow-Alliance.png\" alt=\"Logo Rainbow Alliance (RA)\" class=\"wp-image-10002\"\/><\/figure>\n<\/div>\n\n\n\n<div class=\"wp-block-column is-vertically-aligned-center is-layout-flow wp-block-column-is-layout-flow\" style=\"flex-basis:66.66%\">\n<p>La Rainbow Alliance (RA) se concentre sur la promotion et la mise en \u0153uvre, au sein des entreprises, d&#8217;un environnement inclusif qui favorise la constitution d&#8217;un r\u00e9seau dynamique dont les membres se composent de personnes lesbiennes, homosexuelles, bisexuelles, transgenres, h\u00e9t\u00e9rosexuelles ou de collaborateurs d&#8217;une autre identit\u00e9, et dont le d\u00e9veloppement professionnel garantit un partenariat prometteur avec MSD.<\/p>\n<\/div>\n<\/div>\n\n\n\n<div class=\"wp-block-columns is-layout-flex wp-container-core-columns-is-layout-9d6595d7 wp-block-columns-is-layout-flex\">\n<div class=\"wp-block-column is-vertically-aligned-center is-layout-flow wp-block-column-is-layout-flow\" style=\"flex-basis:32%\">\n<figure class=\"wp-block-image size-full\"><img decoding=\"async\" src=\"https:\/\/www.msd.ch\/de\/wp-content\/uploads\/sites\/88\/2023\/07\/Logo-Womens-Network.png\" alt=\"Logo Women's Network (WN) \" class=\"wp-image-10004\"\/><\/figure>\n<\/div>\n\n\n\n<div class=\"wp-block-column is-vertically-aligned-center is-layout-flow wp-block-column-is-layout-flow\" style=\"flex-basis:66.66%\">\n<p>Le Women&#8217;s Network (WN) permet aux femmes et aux hommes de se r\u00e9aliser pleinement dans leur travail tout en contribuant aux strat\u00e9gies commerciales ainsi qu&#8217;au potentiel personnel de MSD au sein d&#8217;un environnement caract\u00e9ris\u00e9 par la mise en place de r\u00e9seaux et de mentorats.<\/p>\n<\/div>\n<\/div>\n\n\n<div id=\"mco-featured-banner-block-block_0c0ed9834f870464b7697bdcb31fcb66\" class=\"mco-featured-banner-block full mccberg-block mb-2\">\n\n\n            <div class=\"mco-featured-banner-image-container\">\n            <picture>\n                <source media=\"(max-width: 767px)\" data-srcset=\"https:\/\/www.msd.ch\/fr\/wp-content\/uploads\/sites\/87\/2023\/06\/Pride-Month-Banner-Web1.jpg?resize=767,956\">\n                <source media=\"(min-width: 768px) and (max-width: 1199px)\" data-srcset=\"https:\/\/www.msd.ch\/fr\/wp-content\/uploads\/sites\/87\/2023\/06\/Pride-Month-Banner-Web1.jpg?resize=768,448\">\n                <source media=\"(min-width: 1200px)\" data-srcset=\"https:\/\/www.msd.ch\/fr\/wp-content\/uploads\/sites\/87\/2023\/06\/Pride-Month-Banner-Web1.jpg?w=1600\">\n                <img data-src=\"https:\/\/www.msd.ch\/fr\/wp-content\/uploads\/sites\/87\/2023\/06\/Pride-Month-Banner-Web1.jpg?w=1600\" alt=\"Featured banner image\" class=\"lazyload\" loading=\"lazy\" \/>\n            <\/picture>\n        <\/div>\n    \n\n    <div class=\"mco-featured-banner-content-container\">\n        <div class=\"mco-featured-banner-content-card\">\n            \n                            <h3>Juin est le mois des fiert\u00e9s<\/h3>\n            \n                            <div><p>Chez MSD, nous pensons qu&#8217;un lieu de travail dans lequel chaque personne se sent valoris\u00e9e, respect\u00e9e et reconnue est indispensable \u00e0 la r\u00e9ussite commune. Chaque ann\u00e9e au mois de juin, notre logo se pare des couleurs chatoyantes de l&#8217;arc-en-ciel pour le mois des fiert\u00e9s, symboles de l&#8217;unit\u00e9, de l&#8217;amour et de l&#8217;acceptation au sein de la communaut\u00e9 LGBTQAI+.<\/p>\n<p>&nbsp;<\/p>\n<p>&nbsp;<\/p>\n<p><img loading=\"lazy\" decoding=\"async\" class=\"alignnone wp-image-9658\" src=\"https:\/\/www.msd.ch\/de\/wp-content\/uploads\/sites\/88\/2023\/06\/PRIDE-Image-Web.png?w=1024\" alt=\"\" width=\"516\" height=\"180\" \/><\/p>\n<\/div>\n            \n            <div class=\"mco-featured-banner-btn-container\">\n                \n                            <\/div>\n        <\/div>\n    <\/div>\n<\/div>\n\n\n\n<div style=\"height:200px\" aria-hidden=\"true\" class=\"wp-block-spacer\"><\/div>\n\n\n\n<h2 class=\"wp-block-heading has-text-align-center\">MSD en tant qu&#8217;employeur<\/h2>\n\n\n\n<p class=\"has-text-align-center\">Souhaitez-vous nous aider \u00e0 d\u00e9velopper sans rel\u00e2che nos m\u00e9dicaments et solutions de sant\u00e9, \u00e0 am\u00e9liorer continuellement la prise en charge m\u00e9dicale et \u00e0 inspirer de nouvelles g\u00e9n\u00e9rations? Rejoignez notre \u00e9quipe!<\/p>\n\n\n\n<p class=\"has-text-align-center\"><strong><a href=\"https:\/\/jobs.msd.com\/switzerland\" target=\"_blank\" rel=\"noreferrer noopener\">Vers le portail des emplois de MSD<\/a><\/strong><\/p>\n\n\n\n<div style=\"height:100px\" aria-hidden=\"true\" class=\"wp-block-spacer\"><\/div>\n\n\n\n<p><sup>CH-NON-02260, 06\/2025<\/sup><\/p>\n","protected":false},"excerpt":{"rendered":"<p>Les EBRG offrent \u00e0 nos collaborateurs la possibilit\u00e9: Nos Employee Business Resource Groups (EBRG) Alianza offre aux collaborateurs d&#8217;origine hispanique une plateforme con\u00e7ue non seulement pour favoriser leur d\u00e9veloppement personnel et professionnel, mais aussi pour les aider \u00e0 am\u00e9liorer leurs performances au travail et \u00e0 atteindre leurs objectifs de carri\u00e8re. Le capABILITY Network (cAN) offre [&hellip;]<\/p>\n","protected":false},"author":282,"featured_media":6721,"parent":1686,"menu_order":0,"comment_status":"closed","ping_status":"closed","template":"","meta":{"_acf_changed":false,"bdl_company_name":[],"bdl_item_external_link":[],"editor_notices":[],"footnotes":""},"class_list":["post-6741","page","type-page","status-publish","has-post-thumbnail","hentry"],"yoast_head":"<!-- This site is optimized with the Yoast SEO plugin v21.9.1 - https:\/\/yoast.com\/wordpress\/plugins\/seo\/ -->\n<title>EBRG - MSD Suisse | msd.ch<\/title>\n<meta name=\"description\" content=\"Nos EBRG favorisent un environnement inclusif qui encourage les collaborateurs \u00e0 grandir, \u00e0 apprendre, \u00e0 diriger et \u00e0 donner en retour.\" \/>\n<meta name=\"robots\" content=\"index, follow, max-snippet:-1, max-image-preview:large, max-video-preview:-1\" \/>\n<link rel=\"canonical\" href=\"https:\/\/www.msd.ch\/fr\/home\/ebrgs\/\" \/>\n<meta property=\"og:locale\" content=\"en_US\" \/>\n<meta property=\"og:type\" content=\"article\" \/>\n<meta property=\"og:title\" content=\"EBRG - MSD Suisse | msd.ch\" \/>\n<meta property=\"og:description\" content=\"Nos EBRG favorisent un environnement inclusif qui encourage les collaborateurs \u00e0 grandir, \u00e0 apprendre, \u00e0 diriger et \u00e0 donner en retour.\" \/>\n<meta property=\"og:url\" content=\"https:\/\/www.msd.ch\/fr\/home\/ebrgs\/\" \/>\n<meta property=\"og:site_name\" content=\"msd.ch\" \/>\n<meta property=\"article:modified_time\" content=\"2025-06-23T06:22:10+00:00\" \/>\n<meta property=\"og:image\" content=\"https:\/\/www.msd.ch\/fr\/wp-content\/uploads\/sites\/87\/2023\/06\/rainbow-alliance_pride-month_61.png\" \/>\n\t<meta property=\"og:image:width\" content=\"650\" \/>\n\t<meta property=\"og:image:height\" content=\"544\" \/>\n\t<meta property=\"og:image:type\" content=\"image\/png\" \/>\n<meta name=\"twitter:card\" content=\"summary_large_image\" \/>\n<meta name=\"twitter:label1\" content=\"Est. reading time\" \/>\n\t<meta name=\"twitter:data1\" content=\"3 minutes\" \/>\n<script type=\"application\/ld+json\" class=\"yoast-schema-graph\">{\"@context\":\"https:\/\/schema.org\",\"@graph\":[{\"@type\":\"WebPage\",\"@id\":\"https:\/\/www.msd.ch\/fr\/home\/ebrgs\/\",\"url\":\"https:\/\/www.msd.ch\/fr\/home\/ebrgs\/\",\"name\":\"EBRG - MSD Suisse | msd.ch\",\"isPartOf\":{\"@id\":\"https:\/\/www.msd.ch\/fr\/#website\"},\"datePublished\":\"2023-06-20T09:19:44+00:00\",\"dateModified\":\"2025-06-23T06:22:10+00:00\",\"description\":\"Nos EBRG favorisent un environnement inclusif qui encourage les collaborateurs \u00e0 grandir, \u00e0 apprendre, \u00e0 diriger et \u00e0 donner en retour.\",\"breadcrumb\":{\"@id\":\"https:\/\/www.msd.ch\/fr\/home\/ebrgs\/#breadcrumb\"},\"inLanguage\":\"en-US\",\"potentialAction\":[{\"@type\":\"ReadAction\",\"target\":[\"https:\/\/www.msd.ch\/fr\/home\/ebrgs\/\"]}]},{\"@type\":\"BreadcrumbList\",\"@id\":\"https:\/\/www.msd.ch\/fr\/home\/ebrgs\/#breadcrumb\",\"itemListElement\":[{\"@type\":\"ListItem\",\"position\":1,\"name\":\"Home\",\"item\":\"https:\/\/www.msd.ch\/fr\/\"},{\"@type\":\"ListItem\",\"position\":2,\"name\":\"Nos EBRG\"}]},{\"@type\":\"WebSite\",\"@id\":\"https:\/\/www.msd.ch\/fr\/#website\",\"url\":\"https:\/\/www.msd.ch\/fr\/\",\"name\":\"msd.ch\",\"description\":\"MSD recherche et d\u00e9veloppe des m\u00e9dicaments et des vaccins pour sauver des vies et am\u00e9liorer la sant\u00e9 des patients. En Suisse, 1000 employ\u00e9s \u00e0 Lucerne et \u00e0 Zurich s&#039;engagent dans ce sens.\",\"potentialAction\":[{\"@type\":\"SearchAction\",\"target\":{\"@type\":\"EntryPoint\",\"urlTemplate\":\"https:\/\/www.msd.ch\/fr\/?s={search_term_string}\"},\"query-input\":\"required name=search_term_string\"}],\"inLanguage\":\"en-US\"}]}<\/script>\n<!-- \/ Yoast SEO plugin. -->","yoast_head_json":{"title":"EBRG - MSD Suisse | msd.ch","description":"Nos EBRG favorisent un environnement inclusif qui encourage les collaborateurs \u00e0 grandir, \u00e0 apprendre, \u00e0 diriger et \u00e0 donner en retour.","robots":{"index":"index","follow":"follow","max-snippet":"max-snippet:-1","max-image-preview":"max-image-preview:large","max-video-preview":"max-video-preview:-1"},"canonical":"https:\/\/www.msd.ch\/fr\/home\/ebrgs\/","og_locale":"en_US","og_type":"article","og_title":"EBRG - MSD Suisse | msd.ch","og_description":"Nos EBRG favorisent un environnement inclusif qui encourage les collaborateurs \u00e0 grandir, \u00e0 apprendre, \u00e0 diriger et \u00e0 donner en retour.","og_url":"https:\/\/www.msd.ch\/fr\/home\/ebrgs\/","og_site_name":"msd.ch","article_modified_time":"2025-06-23T06:22:10+00:00","og_image":[{"width":650,"height":544,"url":"https:\/\/www.msd.ch\/fr\/wp-content\/uploads\/sites\/87\/2023\/06\/rainbow-alliance_pride-month_61.png","type":"image\/png"}],"twitter_card":"summary_large_image","twitter_misc":{"Est. reading time":"3 minutes"},"schema":{"@context":"https:\/\/schema.org","@graph":[{"@type":"WebPage","@id":"https:\/\/www.msd.ch\/fr\/home\/ebrgs\/","url":"https:\/\/www.msd.ch\/fr\/home\/ebrgs\/","name":"EBRG - MSD Suisse | msd.ch","isPartOf":{"@id":"https:\/\/www.msd.ch\/fr\/#website"},"datePublished":"2023-06-20T09:19:44+00:00","dateModified":"2025-06-23T06:22:10+00:00","description":"Nos EBRG favorisent un environnement inclusif qui encourage les collaborateurs \u00e0 grandir, \u00e0 apprendre, \u00e0 diriger et \u00e0 donner en retour.","breadcrumb":{"@id":"https:\/\/www.msd.ch\/fr\/home\/ebrgs\/#breadcrumb"},"inLanguage":"en-US","potentialAction":[{"@type":"ReadAction","target":["https:\/\/www.msd.ch\/fr\/home\/ebrgs\/"]}]},{"@type":"BreadcrumbList","@id":"https:\/\/www.msd.ch\/fr\/home\/ebrgs\/#breadcrumb","itemListElement":[{"@type":"ListItem","position":1,"name":"Home","item":"https:\/\/www.msd.ch\/fr\/"},{"@type":"ListItem","position":2,"name":"Nos EBRG"}]},{"@type":"WebSite","@id":"https:\/\/www.msd.ch\/fr\/#website","url":"https:\/\/www.msd.ch\/fr\/","name":"msd.ch","description":"MSD recherche et d\u00e9veloppe des m\u00e9dicaments et des vaccins pour sauver des vies et am\u00e9liorer la sant\u00e9 des patients. En Suisse, 1000 employ\u00e9s \u00e0 Lucerne et \u00e0 Zurich s&#039;engagent dans ce sens.","potentialAction":[{"@type":"SearchAction","target":{"@type":"EntryPoint","urlTemplate":"https:\/\/www.msd.ch\/fr\/?s={search_term_string}"},"query-input":"required name=search_term_string"}],"inLanguage":"en-US"}]}},"acf":[],"_links":{"self":[{"href":"https:\/\/www.msd.ch\/fr\/wp-json\/wp\/v2\/pages\/6741","targetHints":{"allow":["GET"]}}],"collection":[{"href":"https:\/\/www.msd.ch\/fr\/wp-json\/wp\/v2\/pages"}],"about":[{"href":"https:\/\/www.msd.ch\/fr\/wp-json\/wp\/v2\/types\/page"}],"author":[{"embeddable":true,"href":"https:\/\/www.msd.ch\/fr\/wp-json\/wp\/v2\/users\/282"}],"replies":[{"embeddable":true,"href":"https:\/\/www.msd.ch\/fr\/wp-json\/wp\/v2\/comments?post=6741"}],"version-history":[{"count":20,"href":"https:\/\/www.msd.ch\/fr\/wp-json\/wp\/v2\/pages\/6741\/revisions"}],"predecessor-version":[{"id":8379,"href":"https:\/\/www.msd.ch\/fr\/wp-json\/wp\/v2\/pages\/6741\/revisions\/8379"}],"up":[{"embeddable":true,"href":"https:\/\/www.msd.ch\/fr\/wp-json\/wp\/v2\/pages\/1686"}],"wp:featuredmedia":[{"embeddable":true,"href":"https:\/\/www.msd.ch\/fr\/wp-json\/wp\/v2\/media\/6721"}],"wp:attachment":[{"href":"https:\/\/www.msd.ch\/fr\/wp-json\/wp\/v2\/media?parent=6741"}],"curies":[{"name":"wp","href":"https:\/\/api.w.org\/{rel}","templated":true}]}}