{"id":8694,"date":"2026-02-13T11:24:45","date_gmt":"2026-02-13T09:24:45","guid":{"rendered":"https:\/\/www.msd.ch\/fr\/?page_id=8694"},"modified":"2026-02-13T11:24:46","modified_gmt":"2026-02-13T09:24:46","slug":"access-to-healthcare","status":"publish","type":"page","link":"https:\/\/www.msd.ch\/fr\/home\/about-us\/responsibility\/msd-switzerland-sustainability-and-global-health\/access-to-healthcare\/","title":{"rendered":"Access to Healthcare"},"content":{"rendered":"\n<div style=\"height:100px\" aria-hidden=\"true\" class=\"wp-block-spacer\"><\/div>\n\n\n<div class=\"wp-block-image\">\n<figure class=\"aligncenter size-large\"><img loading=\"lazy\" decoding=\"async\" width=\"3202\" height=\"206\" src=\"https:\/\/www.msd.ch\/fr\/wp-content\/uploads\/sites\/87\/2025\/11\/Banner-Access-To-Health.png?w=3202\" alt=\"Image: banner Access To Healthcare\" class=\"wp-image-8686\"\/><\/figure><\/div>\n\n\n<div style=\"height:20px\" aria-hidden=\"true\" class=\"wp-block-spacer\"><\/div>\n\n\n\n<h2 class=\"wp-block-heading has-text-color has-link-color wp-elements-631cbbd21f2fb478c8fa9298442cb811\" style=\"color:#5350e4\"><strong>Am\u00e9liorer la sensibilisation \u00e0 la sant\u00e9, la pr\u00e9vention et l\u2019acc\u00e8s aux soins<\/strong><\/h2>\n\n\n\n<div class=\"wp-block-columns is-layout-flex wp-container-core-columns-is-layout-9d6595d7 wp-block-columns-is-layout-flex\">\n<div class=\"wp-block-column is-vertically-aligned-top is-layout-flow wp-block-column-is-layout-flow\">\n<p>Chez MSD Suisse, nous nous engageons \u00e0 \u00e9largir l\u2019acc\u00e8s \u00e0 des soins de sant\u00e9 de qualit\u00e9 par la sensibilisation, la pr\u00e9vention et la collaboration. Notre engagement s\u2019enracine dans des partenariats significatifs avec les soignants, les autorit\u00e9s sanitaires, les institutions de recherche et les associations de patient(e)s &#8211; travaillant ensemble pour rendre les soins de sant\u00e9 plus inclusifs et plus efficaces.<\/p>\n\n\n\n<p>Gr\u00e2ce \u00e0 un engagement actif avec ces parties prenantes, nous identifions et comblons les lacunes dans le parcours patient et les connaissances en sant\u00e9, aidant les personnes \u00e0 mieux comprendre leur sant\u00e9 et \u00e0 recevoir les soins complets qu\u2019elles m\u00e9ritent. Nos initiatives en mati\u00e8re de pr\u00e9vention des maladies soutiennent non seulement le bien-\u00eatre individuel, mais contribuent \u00e9galement \u00e0 des syst\u00e8mes de sant\u00e9 durables et \u00e0 de meilleurs r\u00e9sultats de sant\u00e9 pour la population.<\/p>\n\n\n\n<p>Parmi nos initiatives en cours figurent PINK CUBE Test Your Breast, les Journ\u00e9es des tendances de la sant\u00e9 de Lucerne (Trendtage Gesundheit Luzern), et le Comit\u00e9 consultatif des patient(e)s &#8211; des programmes qui illustrent notre approche collaborative pour am\u00e9liorer l\u2019acc\u00e8s aux soins et l\u2019\u00e9ducation \u00e0 la sant\u00e9.<br>Vous pouvez en apprendre davantage sur ces partenariats et leur impact dans les sections qui suivent.<\/p>\n<\/div>\n\n\n\n<div class=\"wp-block-column is-layout-flow wp-block-column-is-layout-flow\">\n<div style=\"height:25px\" aria-hidden=\"true\" class=\"wp-block-spacer\"><\/div>\n\n\n\n<figure class=\"wp-block-image size-large\"><img loading=\"lazy\" decoding=\"async\" width=\"7395\" height=\"4930\" src=\"https:\/\/www.msd.ch\/fr\/wp-content\/uploads\/sites\/87\/2025\/04\/sponsoring-gv-award_1811.jpg?w=3240\" alt=\"PINK CUBE Test Your Breast remporte le prix du public et le prix de la responsabilit\u00e9 lors de la 6e Nuit du Sponsoring\" class=\"wp-image-8317\"\/><figcaption class=\"wp-element-caption\"><sub>PINK CUBE Test Your Breast a remport\u00e9 le Prix du public et le Prix de la responsabilit\u00e9 lors de la 6e Nuit du sponsoring 2025.<\/sub><\/figcaption><\/figure>\n<\/div>\n<\/div>\n\n\n<div class=\"wp-block-image\">\n<figure class=\"aligncenter size-large is-resized\"><img loading=\"lazy\" decoding=\"async\" width=\"500\" height=\"15\" src=\"https:\/\/www.msd.ch\/fr\/wp-content\/uploads\/sites\/87\/2025\/11\/Separator-Access-To-Health.png?w=500\" alt=\"Image: separator\" class=\"wp-image-8682\" style=\"object-fit:cover;width:667px;height:auto\"\/><\/figure><\/div>\n\n\n<div style=\"height:20px\" aria-hidden=\"true\" class=\"wp-block-spacer\"><\/div>\n\n\n\n<p>Chez MSD Suisse, nous travaillons avec des partenaires locaux pour transformer notre mission mondiale en action. Ensemble, nous faisons progresser la sensibilisation \u00e0 la sant\u00e9, la pr\u00e9vention, et l\u2019acc\u00e8s aux soins de sant\u00e9\u2014cr\u00e9ant un impact durable pour les communaut\u00e9s \u00e0 travers la Suisse. D\u00e9couvrez certaines de nos initiatives cl\u00e9s ci-dessous.<\/p>\n\n\n\n<div style=\"height:20px\" aria-hidden=\"true\" class=\"wp-block-spacer\"><\/div>\n\n\n\n<div class=\"wp-block-columns is-layout-flex wp-container-core-columns-is-layout-9d6595d7 wp-block-columns-is-layout-flex\">\n<div class=\"wp-block-column is-layout-flow wp-block-column-is-layout-flow\"><div class=\"wp-block-image\">\n<figure class=\"aligncenter size-full\"><img loading=\"lazy\" decoding=\"async\" width=\"1033\" height=\"585\" src=\"https:\/\/www.msd.ch\/fr\/wp-content\/uploads\/sites\/87\/2025\/11\/OSI-ATH-LucerneHealthTrendDays.jpg\" alt=\"Photo : collaborateurs et collaboratrices de MSD lors des Journ\u00e9es de la sant\u00e9 \u00e0 Lucerne\" class=\"wp-image-8693\" style=\"object-fit:cover\"\/><\/figure><\/div>\n\n\n<h4 class=\"wp-block-heading has-text-align-left has-text-color has-link-color wp-elements-592ab050307bea2d6d9a335c15fbc4ef\" style=\"color:#5350e4\"><strong>Lucerne Health Trend Days<\/strong><\/h4>\n\n\n\n<p class=\"has-small-font-size\">Chaque ann\u00e9e, plus de 600 d\u00e9cideurs et influenceurs du secteur de la sant\u00e9 issus de la m\u00e9decine, des sciences, de l\u2019\u00e9conomie et de la politique se r\u00e9unissent aux Trendtage Gesundheit Luzern (Journ\u00e9es des tendances de la sant\u00e9 au KKL Lucerne) pour discuter des derni\u00e8res tendances et perspectives d\u2019avenir du syst\u00e8me de sant\u00e9 suisse. En tant qu\u2019entreprise biopharmaceutique bas\u00e9e \u00e0 Lucerne, MSD Suisse soutient fi\u00e8rement cet \u00e9v\u00e9nement national de premier plan dans le domaine de la sant\u00e9 et en est partenaire principal depuis 2013.<\/p>\n\n\n\n<p class=\"has-small-font-size\">Gr\u00e2ce \u00e0 son r\u00f4le actif au sein du conseil consultatif, MSD apporte son expertise pour identifier les tendances \u00e9mergentes en mati\u00e8re de sant\u00e9 et fa\u00e7onner le programme annuel du symposium, renfor\u00e7ant ainsi son engagement \u00e0 faire progresser l\u2019innovation et la collaboration dans le syst\u00e8me de sant\u00e9 suisse.\u00a0<\/p>\n\n\n\n<p class=\"has-small-font-size\"><em>Cliquez <a href=\"https:\/\/www.trendtage-gesundheit.ch\/de\/\" target=\"_blank\" rel=\"noreferrer noopener nofollow\">ici<\/a> pour plus de d\u00e9tails<\/em><\/p>\n<\/div>\n\n\n\n<div class=\"wp-block-column is-layout-flow wp-block-column-is-layout-flow\"><div class=\"wp-block-image\">\n<figure class=\"aligncenter size-full\"><img loading=\"lazy\" decoding=\"async\" width=\"1033\" height=\"585\" src=\"https:\/\/www.msd.ch\/fr\/wp-content\/uploads\/sites\/87\/2025\/11\/OSI-ATH-RaceForLife.jpg\" alt=\"Photo : collaborateurs et collaboratrices de MSD avec des enfants lors de la course Race for Life.\" class=\"wp-image-8692\"\/><\/figure><\/div>\n\n\n<h4 class=\"wp-block-heading has-text-align-left has-text-color has-link-color wp-elements-f7f3220a5b0c2d7ed93ce7f970cd3073\" style=\"color:#5350e4\"><strong>Race for Life<\/strong><\/h4>\n\n\n\n<p class=\"has-small-font-size\">Race for Life est un \u00e9v\u00e9nement annuel de sensibilisation au cancer et de collecte de fonds organis\u00e9 \u00e0 Berne, rassemblant des participants de tous \u00e2ges pour soutenir la recherche sur le cancer, les soins aux patients et l\u2019action collective dans la lutte contre le cancer. L\u2019\u00e9v\u00e9nement inspire l\u2019espoir, l\u2019engagement et une participation significative des communaut\u00e9s \u00e0 l\u2019\u00e9chelle nationale.<br><br>Dans le cadre de notre engagement \u00e0 faire progresser la recherche sur le cancer et la sant\u00e9 publique, MSD s\u2019est fi\u00e8rement associ\u00e9 \u00e0 Race for Life de 2022 \u00e0 2024, contribuant \u00e0 sensibiliser, \u00e0 stimuler les dons et \u00e0 encourager les efforts collectifs pour am\u00e9liorer la vie des personnes touch\u00e9es par le cancer.<\/p>\n\n\n\n<p class=\"has-small-font-size\"><em><em>Cliquez<\/em><\/em> <em><a href=\"https:\/\/raceforlife.ch\/\" target=\"_blank\" rel=\"noreferrer noopener nofollow\">ici<\/a> <em>pour plus de d\u00e9tails<\/em><\/em><\/p>\n<\/div>\n\n\n\n<div class=\"wp-block-column is-layout-flow wp-block-column-is-layout-flow\"><div class=\"wp-block-image\">\n<figure class=\"aligncenter size-full\"><img loading=\"lazy\" decoding=\"async\" width=\"1033\" height=\"585\" src=\"https:\/\/www.msd.ch\/fr\/wp-content\/uploads\/sites\/87\/2025\/11\/OSI-ATH-LucerneCityRun.jpg\" alt=\"Photo : collaborateurs et collaboratrices de MSD avec des enfants lors de la Lucerne City Run\" class=\"wp-image-8691\"\/><\/figure><\/div>\n\n\n<h4 class=\"wp-block-heading has-text-align-left has-text-color has-link-color wp-elements-d55c4e51700102fbc6b43a7b179c9ea6\" style=\"color:#5350e4\"><strong>Course de la ville de Lucerne<\/strong><\/h4>\n\n\n\n<p class=\"has-small-font-size\">Depuis 2025, MSD Schweiz est fier partenaire de la Course de la ville de Lucerne (Luzerner Stadtlauf) afin de promouvoir la sant\u00e9 et l\u2019engagement communautaire.<\/p>\n\n\n\n<p class=\"has-small-font-size\">L\u2019initiative soutient nos objectifs de durabilit\u00e9 en encourageant l\u2019activit\u00e9 physique, l\u2019esprit d\u2019\u00e9quipe et le bien-\u00eatre. En soutenant environ 1 000 enfants lors de l\u2019\u00e9v\u00e9nement, MSD met en avant son engagement \u00e0 renforcer la prochaine g\u00e9n\u00e9ration et \u00e0 favoriser des opportunit\u00e9s inclusives.<\/p>\n\n\n\n<p class=\"has-small-font-size\"><em><em>Cliquez<\/em> <a href=\"https:\/\/www.luzernerstadtlauf.ch\/\" target=\"_blank\" rel=\"noreferrer noopener nofollow\">here<\/a> <em>pour plus de d\u00e9tails<\/em><\/em><\/p>\n<\/div>\n<\/div>\n\n\n\n<div class=\"wp-block-columns is-layout-flex wp-container-core-columns-is-layout-9d6595d7 wp-block-columns-is-layout-flex\">\n<div class=\"wp-block-column is-layout-flow wp-block-column-is-layout-flow\"><div class=\"wp-block-image\">\n<figure class=\"aligncenter size-large\"><img loading=\"lazy\" decoding=\"async\" width=\"1033\" height=\"585\" src=\"https:\/\/www.msd.ch\/fr\/wp-content\/uploads\/sites\/87\/2025\/11\/OSI-ATH-Barometer.jpg?w=1033\" alt=\"Image : Barom\u00e8tre\" class=\"wp-image-8690\" style=\"object-fit:cover\"\/><\/figure><\/div>\n\n\n<h4 class=\"wp-block-heading has-text-align-left has-text-color has-link-color wp-elements-cfade371f0a73af59b432cd3dab22d4e\" style=\"color:#5350e4\"><strong>Moniteur de prise en charge du cancer MSD<\/strong><\/h4>\n\n\n\n<p class=\"has-small-font-size\">Lanc\u00e9 en 2021, le Moniteur de prise en charge du cancer MSD fournit des informations pr\u00e9cieuses sur les perceptions publiques des soins du cancer en Suisse, en mettant l\u2019accent sur la pr\u00e9vention, le d\u00e9pistage pr\u00e9coce, et l\u2019acc\u00e8s \u00e0 un traitement de qualit\u00e9. L\u2019\u00e9tude comprend les r\u00e9ponses de 1 250 personnes de toutes les r\u00e9gions linguistiques, dont 10 \u00e0 11 % des participants ayant une exp\u00e9rience personnelle ou familiale du cancer.<\/p>\n\n\n\n<p class=\"has-small-font-size\">D\u00e9velopp\u00e9 en collaboration avec GFS Bern, le Moniteur \u00e9value la qualit\u00e9 des soins du cancer en recueillant les contributions des patient(e)s, des professionnels de la sant\u00e9, et du grand public. Les r\u00e9sultats mettent en \u00e9vidence des d\u00e9fis clefs tels que les lacunes de communication, l\u2019acc\u00e8s rapide au traitement, et le soutien aux survivants \u00e0 long terme.<\/p>\n\n\n\n<p class=\"has-small-font-size\">En identifiant les disparit\u00e9s et les opportunit\u00e9s d\u2019am\u00e9lioration, le Moniteur de prise en charge du cancer MSD sert de ressource vitale fond\u00e9e sur des preuves pour les d\u00e9cideurs politiques, les prestataires de soins de sant\u00e9, et les organisations de sant\u00e9 publique travaillant \u00e0 am\u00e9liorer les soins du cancer et les r\u00e9sultats pour les patient(e)s en Suisse.<\/p>\n<\/div>\n\n\n\n<div class=\"wp-block-column is-layout-flow wp-block-column-is-layout-flow\"><div class=\"wp-block-image\">\n<figure class=\"aligncenter size-full\"><img loading=\"lazy\" decoding=\"async\" width=\"1033\" height=\"585\" src=\"https:\/\/www.msd.ch\/fr\/wp-content\/uploads\/sites\/87\/2025\/11\/OSI-ATH-MSDPatientSoundingBoard.jpg\" alt=\"Photo : Des gens en train de discuter entre eux\" class=\"wp-image-8689\" style=\"object-fit:cover\"\/><\/figure><\/div>\n\n\n<h4 class=\"wp-block-heading has-text-align-left has-text-color has-link-color wp-elements-2572b99e269c1a077aae6d0e005b7d23\" style=\"color:#5350e4\"><strong>Comit\u00e9 consultatif des patient(e)s MSD<\/strong><\/h4>\n\n\n\n<p class=\"has-small-font-size\">Le\u00a0Comit\u00e9 consultatif des patient(e)s en oncologie\u00a0est con\u00e7u pour amplifier la voix des patient(e)s \u00a0dans nos op\u00e9rations quotidiennes en favorisant un \u00e9change bidirectionnel d\u2019informations\u00a0entre les patient(e)s,\u00a0les aidant(e)s \u00a0et l\u2019industrie de la sant\u00e9. Ce dialogue aide les deux parties \u00e0 apprendre l\u2019une de l\u2019autre et garantit que les perspectives des patient(e)s fa\u00e7onnent directement la prise de d\u00e9cision et l\u2019innovation en oncologie.<\/p>\n\n\n\n<p class=\"has-small-font-size\">Gr\u00e2ce \u00e0 une collaboration \u00e9troite avec les groupes de d\u00e9fense des patient(e)s, l\u2019initiative vise \u00e0 autonomiser les patient(e)s et les aidant(e)s ,\u00a0\u00e0 construire des partenariats plus solides\u00a0avec les organisations de d\u00e9fense et \u00e0 renforcer la repr\u00e9sentation des patient(e)s dans le paysage sanitaire et politique.<\/p>\n\n\n\n<p class=\"has-small-font-size\">Guid\u00e9 par notre engagement envers une approche centr\u00e9e sur la personne, le programme s\u2019est maintenant \u00e9tendu au-del\u00e0 de l\u2019oncologie\u00a0pour inclure d\u2019autres domaines th\u00e9rapeutiques, renfor\u00e7ant notre objectif d\u2019int\u00e9grer la perspective des patient(e)s dans tous les aspects du d\u00e9veloppement et de la prestation des soins de sant\u00e9.<\/p>\n<\/div>\n\n\n\n<div class=\"wp-block-column is-layout-flow wp-block-column-is-layout-flow\"><div class=\"wp-block-image\">\n<figure class=\"aligncenter size-full\"><img loading=\"lazy\" decoding=\"async\" width=\"1033\" height=\"585\" src=\"https:\/\/www.msd.ch\/fr\/wp-content\/uploads\/sites\/87\/2025\/11\/OSI-ATH-PinkCube2025Zurich.jpg\" alt=\"Photo : Pink Cube 2025 sur l'Utoplatz \u00e0 Zurich\" class=\"wp-image-8687\"\/><\/figure><\/div>\n\n\n<h4 class=\"wp-block-heading has-text-align-left has-text-color has-link-color wp-elements-8b73f36cc58836d793993b8620375574\" style=\"color:#5350e4\"><strong>PINK CUBE Test Your Breast<\/strong><\/h4>\n\n\n\n<p class=\"has-small-font-size\">Initi\u00e9 par MSD en 2022,\u00a0PINK CUBE\u00a0est une initiative unique\u00a0qui promeut la pr\u00e9vention du cancer du sein en Suisse\u00a0en sensibilisant le public et les politiques,\u00a0en partageant des connaissances m\u00e9dicales et en renfor\u00e7ant les efforts de d\u00e9tection pr\u00e9coce. Le programme propose des tourn\u00e9es interactives pendant le Mois de sensibilisation au cancer du sein en octobre\u00a0et continue d\u2019engager les communaut\u00e9s tout au long de l\u2019ann\u00e9e.<\/p>\n\n\n\n<p class=\"has-small-font-size\">En 2024, 471 personnes ont \u00e9t\u00e9 d\u00e9pist\u00e9es pour le cancer du sein, dont 34 ont \u00e9t\u00e9 orient\u00e9es vers des soins m\u00e9dicaux suppl\u00e9mentaires, mettant en \u00e9vidence l\u2019impact concret de l\u2019initiative sur le diagnostic pr\u00e9coce et l\u2019acc\u00e8s aux traitements de suivi. Cette m\u00eame ann\u00e9e, PINK CUBE\u00a0a re\u00e7u \u00e0 la fois le Prix du public\u00a0et le Prix de la responsabilit\u00e9\u00a0lors de la 6<sup>e<\/sup> Nuit du sponsoring, reconnaissant sa contribution innovante \u00e0 la sensibilisation au cancer et \u00e0 la sant\u00e9 publique.<\/p>\n<\/div>\n<\/div>\n\n\n\n<div style=\"height:100px\" aria-hidden=\"true\" class=\"wp-block-spacer\"><\/div>\n\n\n\n<div class=\"wp-block-columns has-white-color has-text-color has-background has-link-color wp-elements-826d06e8509d49ae7a463c0355af66c3 is-layout-flex wp-container-core-columns-is-layout-9d6595d7 wp-block-columns-is-layout-flex\" style=\"background-color:#00857c\">\n<div class=\"wp-block-column is-layout-flow wp-block-column-is-layout-flow\">\n<p class=\"has-white-background-color has-text-color has-background has-link-color has-medium-font-size wp-elements-64af2525e858efef9b4e2fff6916ecb2\" style=\"color:#00857c\"><strong><a href=\"https:\/\/www.msd.ch\/fr\/home\/about-us\/responsibility\/msd-switzerland-sustainability-and-global-health\/\">Retour \u00e0 Durabilit\u00e9 et sant\u00e9 mondiale<\/a><\/strong><\/p>\n<\/div>\n<\/div>\n\n\n\n<div style=\"height:100px\" aria-hidden=\"true\" class=\"wp-block-spacer\"><\/div>\n\n\n\n<p class=\"has-small-font-size\">CH-NON-03156, 11\/2025<\/p>\n","protected":false},"excerpt":{"rendered":"<p>Am\u00e9liorer la sensibilisation \u00e0 la sant\u00e9, la pr\u00e9vention et l\u2019acc\u00e8s aux soins Chez MSD Suisse, nous nous engageons \u00e0 \u00e9largir l\u2019acc\u00e8s \u00e0 des soins de sant\u00e9 de qualit\u00e9 par la sensibilisation, la pr\u00e9vention et la collaboration. Notre engagement s\u2019enracine dans des partenariats significatifs avec les soignants, les autorit\u00e9s sanitaires, les institutions de recherche et les [&hellip;]<\/p>\n","protected":false},"author":974,"featured_media":8317,"parent":8781,"menu_order":-1,"comment_status":"closed","ping_status":"closed","template":"","meta":{"_acf_changed":false,"bdl_company_name":[],"bdl_item_external_link":[],"editor_notices":[],"footnotes":""},"class_list":["post-8694","page","type-page","status-publish","has-post-thumbnail","hentry"],"yoast_head":"<!-- This site is optimized with the Yoast SEO plugin v21.9.1 - https:\/\/yoast.com\/wordpress\/plugins\/seo\/ -->\n<title>Acc\u00e8s aux soins - MSD Suisse<\/title>\n<meta name=\"description\" content=\"Chez MSD Suisse, nous nous engageons \u00e0 \u00e9largir l\u2019acc\u00e8s aux soins de sant\u00e9 par la sensibilisation, la pr\u00e9vention et la collaboration.\" \/>\n<meta name=\"robots\" content=\"index, follow, max-snippet:-1, max-image-preview:large, max-video-preview:-1\" \/>\n<link rel=\"canonical\" href=\"https:\/\/www.msd.ch\/fr\/home\/about-us\/responsibility\/msd-switzerland-sustainability-and-global-health\/access-to-healthcare\/\" \/>\n<meta property=\"og:locale\" content=\"en_US\" \/>\n<meta property=\"og:type\" content=\"article\" \/>\n<meta property=\"og:title\" content=\"Acc\u00e8s aux soins - MSD Suisse\" \/>\n<meta property=\"og:description\" content=\"Chez MSD Suisse, nous nous engageons \u00e0 \u00e9largir l\u2019acc\u00e8s aux soins de sant\u00e9 par la sensibilisation, la pr\u00e9vention et la collaboration.\" \/>\n<meta property=\"og:url\" content=\"https:\/\/www.msd.ch\/fr\/home\/about-us\/responsibility\/msd-switzerland-sustainability-and-global-health\/access-to-healthcare\/\" \/>\n<meta property=\"og:site_name\" content=\"msd.ch\" \/>\n<meta property=\"article:modified_time\" content=\"2026-02-13T09:24:46+00:00\" \/>\n<meta property=\"og:image\" content=\"https:\/\/www.msd.ch\/fr\/wp-content\/uploads\/sites\/87\/2025\/04\/sponsoring-gv-award_1811.jpg\" \/>\n\t<meta property=\"og:image:width\" content=\"7395\" \/>\n\t<meta property=\"og:image:height\" content=\"4930\" \/>\n\t<meta property=\"og:image:type\" content=\"image\/jpeg\" \/>\n<meta name=\"twitter:card\" content=\"summary_large_image\" \/>\n<meta name=\"twitter:label1\" content=\"Est. reading time\" \/>\n\t<meta name=\"twitter:data1\" content=\"6 minutes\" \/>\n<script type=\"application\/ld+json\" class=\"yoast-schema-graph\">{\"@context\":\"https:\/\/schema.org\",\"@graph\":[{\"@type\":\"WebPage\",\"@id\":\"https:\/\/www.msd.ch\/fr\/home\/about-us\/responsibility\/msd-switzerland-sustainability-and-global-health\/access-to-healthcare\/\",\"url\":\"https:\/\/www.msd.ch\/fr\/home\/about-us\/responsibility\/msd-switzerland-sustainability-and-global-health\/access-to-healthcare\/\",\"name\":\"Acc\u00e8s aux soins - MSD Suisse\",\"isPartOf\":{\"@id\":\"https:\/\/www.msd.ch\/fr\/#website\"},\"datePublished\":\"2026-02-13T09:24:45+00:00\",\"dateModified\":\"2026-02-13T09:24:46+00:00\",\"description\":\"Chez MSD Suisse, nous nous engageons \u00e0 \u00e9largir l\u2019acc\u00e8s aux soins de sant\u00e9 par la sensibilisation, la pr\u00e9vention et la collaboration.\",\"breadcrumb\":{\"@id\":\"https:\/\/www.msd.ch\/fr\/home\/about-us\/responsibility\/msd-switzerland-sustainability-and-global-health\/access-to-healthcare\/#breadcrumb\"},\"inLanguage\":\"en-US\",\"potentialAction\":[{\"@type\":\"ReadAction\",\"target\":[\"https:\/\/www.msd.ch\/fr\/home\/about-us\/responsibility\/msd-switzerland-sustainability-and-global-health\/access-to-healthcare\/\"]}]},{\"@type\":\"BreadcrumbList\",\"@id\":\"https:\/\/www.msd.ch\/fr\/home\/about-us\/responsibility\/msd-switzerland-sustainability-and-global-health\/access-to-healthcare\/#breadcrumb\",\"itemListElement\":[{\"@type\":\"ListItem\",\"position\":1,\"name\":\"Home\",\"item\":\"https:\/\/www.msd.ch\/fr\/\"},{\"@type\":\"ListItem\",\"position\":2,\"name\":\"\u00c0 propos de nous\",\"item\":\"https:\/\/www.msd.ch\/fr\/home\/about-us\/\"},{\"@type\":\"ListItem\",\"position\":3,\"name\":\"Responsabilit\u00e9\",\"item\":\"https:\/\/www.msd.ch\/fr\/home\/about-us\/responsibility\/\"},{\"@type\":\"ListItem\",\"position\":4,\"name\":\"Durabilit\u00e9 et sant\u00e9 mondiale\",\"item\":\"https:\/\/www.msd.ch\/fr\/home\/about-us\/responsibility\/msd-switzerland-sustainability-and-global-health\/\"},{\"@type\":\"ListItem\",\"position\":5,\"name\":\"Access to Healthcare\"}]},{\"@type\":\"WebSite\",\"@id\":\"https:\/\/www.msd.ch\/fr\/#website\",\"url\":\"https:\/\/www.msd.ch\/fr\/\",\"name\":\"msd.ch\",\"description\":\"MSD recherche et d\u00e9veloppe des m\u00e9dicaments et des vaccins pour sauver des vies et am\u00e9liorer la sant\u00e9 des patients. En Suisse, 1000 employ\u00e9s \u00e0 Lucerne et \u00e0 Zurich s&#039;engagent dans ce sens.\",\"potentialAction\":[{\"@type\":\"SearchAction\",\"target\":{\"@type\":\"EntryPoint\",\"urlTemplate\":\"https:\/\/www.msd.ch\/fr\/?s={search_term_string}\"},\"query-input\":\"required name=search_term_string\"}],\"inLanguage\":\"en-US\"}]}<\/script>\n<!-- \/ Yoast SEO plugin. -->","yoast_head_json":{"title":"Acc\u00e8s aux soins - MSD Suisse","description":"Chez MSD Suisse, nous nous engageons \u00e0 \u00e9largir l\u2019acc\u00e8s aux soins de sant\u00e9 par la sensibilisation, la pr\u00e9vention et la collaboration.","robots":{"index":"index","follow":"follow","max-snippet":"max-snippet:-1","max-image-preview":"max-image-preview:large","max-video-preview":"max-video-preview:-1"},"canonical":"https:\/\/www.msd.ch\/fr\/home\/about-us\/responsibility\/msd-switzerland-sustainability-and-global-health\/access-to-healthcare\/","og_locale":"en_US","og_type":"article","og_title":"Acc\u00e8s aux soins - MSD Suisse","og_description":"Chez MSD Suisse, nous nous engageons \u00e0 \u00e9largir l\u2019acc\u00e8s aux soins de sant\u00e9 par la sensibilisation, la pr\u00e9vention et la collaboration.","og_url":"https:\/\/www.msd.ch\/fr\/home\/about-us\/responsibility\/msd-switzerland-sustainability-and-global-health\/access-to-healthcare\/","og_site_name":"msd.ch","article_modified_time":"2026-02-13T09:24:46+00:00","og_image":[{"width":7395,"height":4930,"url":"https:\/\/www.msd.ch\/fr\/wp-content\/uploads\/sites\/87\/2025\/04\/sponsoring-gv-award_1811.jpg","type":"image\/jpeg"}],"twitter_card":"summary_large_image","twitter_misc":{"Est. reading time":"6 minutes"},"schema":{"@context":"https:\/\/schema.org","@graph":[{"@type":"WebPage","@id":"https:\/\/www.msd.ch\/fr\/home\/about-us\/responsibility\/msd-switzerland-sustainability-and-global-health\/access-to-healthcare\/","url":"https:\/\/www.msd.ch\/fr\/home\/about-us\/responsibility\/msd-switzerland-sustainability-and-global-health\/access-to-healthcare\/","name":"Acc\u00e8s aux soins - MSD Suisse","isPartOf":{"@id":"https:\/\/www.msd.ch\/fr\/#website"},"datePublished":"2026-02-13T09:24:45+00:00","dateModified":"2026-02-13T09:24:46+00:00","description":"Chez MSD Suisse, nous nous engageons \u00e0 \u00e9largir l\u2019acc\u00e8s aux soins de sant\u00e9 par la sensibilisation, la pr\u00e9vention et la collaboration.","breadcrumb":{"@id":"https:\/\/www.msd.ch\/fr\/home\/about-us\/responsibility\/msd-switzerland-sustainability-and-global-health\/access-to-healthcare\/#breadcrumb"},"inLanguage":"en-US","potentialAction":[{"@type":"ReadAction","target":["https:\/\/www.msd.ch\/fr\/home\/about-us\/responsibility\/msd-switzerland-sustainability-and-global-health\/access-to-healthcare\/"]}]},{"@type":"BreadcrumbList","@id":"https:\/\/www.msd.ch\/fr\/home\/about-us\/responsibility\/msd-switzerland-sustainability-and-global-health\/access-to-healthcare\/#breadcrumb","itemListElement":[{"@type":"ListItem","position":1,"name":"Home","item":"https:\/\/www.msd.ch\/fr\/"},{"@type":"ListItem","position":2,"name":"\u00c0 propos de nous","item":"https:\/\/www.msd.ch\/fr\/home\/about-us\/"},{"@type":"ListItem","position":3,"name":"Responsabilit\u00e9","item":"https:\/\/www.msd.ch\/fr\/home\/about-us\/responsibility\/"},{"@type":"ListItem","position":4,"name":"Durabilit\u00e9 et sant\u00e9 mondiale","item":"https:\/\/www.msd.ch\/fr\/home\/about-us\/responsibility\/msd-switzerland-sustainability-and-global-health\/"},{"@type":"ListItem","position":5,"name":"Access to Healthcare"}]},{"@type":"WebSite","@id":"https:\/\/www.msd.ch\/fr\/#website","url":"https:\/\/www.msd.ch\/fr\/","name":"msd.ch","description":"MSD recherche et d\u00e9veloppe des m\u00e9dicaments et des vaccins pour sauver des vies et am\u00e9liorer la sant\u00e9 des patients. En Suisse, 1000 employ\u00e9s \u00e0 Lucerne et \u00e0 Zurich s&#039;engagent dans ce sens.","potentialAction":[{"@type":"SearchAction","target":{"@type":"EntryPoint","urlTemplate":"https:\/\/www.msd.ch\/fr\/?s={search_term_string}"},"query-input":"required name=search_term_string"}],"inLanguage":"en-US"}]}},"acf":[],"_links":{"self":[{"href":"https:\/\/www.msd.ch\/fr\/wp-json\/wp\/v2\/pages\/8694","targetHints":{"allow":["GET"]}}],"collection":[{"href":"https:\/\/www.msd.ch\/fr\/wp-json\/wp\/v2\/pages"}],"about":[{"href":"https:\/\/www.msd.ch\/fr\/wp-json\/wp\/v2\/types\/page"}],"author":[{"embeddable":true,"href":"https:\/\/www.msd.ch\/fr\/wp-json\/wp\/v2\/users\/974"}],"replies":[{"embeddable":true,"href":"https:\/\/www.msd.ch\/fr\/wp-json\/wp\/v2\/comments?post=8694"}],"version-history":[{"count":13,"href":"https:\/\/www.msd.ch\/fr\/wp-json\/wp\/v2\/pages\/8694\/revisions"}],"predecessor-version":[{"id":8980,"href":"https:\/\/www.msd.ch\/fr\/wp-json\/wp\/v2\/pages\/8694\/revisions\/8980"}],"up":[{"embeddable":true,"href":"https:\/\/www.msd.ch\/fr\/wp-json\/wp\/v2\/pages\/8781"}],"wp:featuredmedia":[{"embeddable":true,"href":"https:\/\/www.msd.ch\/fr\/wp-json\/wp\/v2\/media\/8317"}],"wp:attachment":[{"href":"https:\/\/www.msd.ch\/fr\/wp-json\/wp\/v2\/media?parent=8694"}],"curies":[{"name":"wp","href":"https:\/\/api.w.org\/{rel}","templated":true}]}}