{"id":8696,"date":"2026-02-13T11:25:37","date_gmt":"2026-02-13T09:25:37","guid":{"rendered":"https:\/\/www.msd.ch\/fr\/?page_id=8696"},"modified":"2026-02-13T11:25:38","modified_gmt":"2026-02-13T09:25:38","slug":"environmental-sustainability","status":"publish","type":"page","link":"https:\/\/www.msd.ch\/fr\/home\/about-us\/responsibility\/msd-switzerland-sustainability-and-global-health\/environmental-sustainability\/","title":{"rendered":"Environmental Sustainability"},"content":{"rendered":"\n<div style=\"height:100px\" aria-hidden=\"true\" class=\"wp-block-spacer\"><\/div>\n\n\n<div class=\"wp-block-image\">\n<figure class=\"aligncenter size-large\"><img loading=\"lazy\" decoding=\"async\" width=\"3202\" height=\"206\" src=\"https:\/\/www.msd.ch\/fr\/wp-content\/uploads\/sites\/87\/2025\/11\/Banner-Environmental-Sustainability.png?w=3202\" alt=\"Image: banner Environmental Sustainability\" class=\"wp-image-8684\" \/><\/figure><\/div>\n\n\n<div style=\"height:20px\" aria-hidden=\"true\" class=\"wp-block-spacer\"><\/div>\n\n\n\n<h2 class=\"wp-block-heading has-text-color has-link-color wp-elements-832ae6b1cafa9439cd3ef911a5882ab8\" style=\"color:#00857c\"><strong>Efficacit\u00e9 \u00e9nerg\u00e9tique et z\u00e9ro \u00e9mission &#8211; Durabilit\u00e9 environnementale de MSD Suisse<\/strong><\/h2>\n\n\n\n<div class=\"wp-block-columns is-layout-flex wp-container-core-columns-is-layout-9d6595d7 wp-block-columns-is-layout-flex\">\n<div class=\"wp-block-column is-vertically-aligned-top is-layout-flow wp-block-column-is-layout-flow\">\n<p>Dans le cadre de notre strat\u00e9gie mondiale de durabilit\u00e9, MSD s\u2019engage \u00e0 atteindre des \u00e9missions nettes de gaz \u00e0 effet de serre (GES) nulles pour les Scopes 1, 2 et 3 d\u2019ici 2045. Conform\u00e9ment \u00e0 cette ambition, MSD Suisse veille \u00e0 ce que 100 % de l\u2019\u00e9lectricit\u00e9 utilis\u00e9e dans nos installations provienne d\u2019\u00e9nergies renouvelables. Nous travaillons continuellement \u00e0 am\u00e9liorer l\u2019efficacit\u00e9 \u00e9nerg\u00e9tique, r\u00e9duire les d\u00e9chets et minimiser notre empreinte environnementale dans toutes nos op\u00e9rations.<\/p>\n\n\n\n<p>Nos b\u00e2timents illustrent cet engagement. Le bureau de MSD Suisse \u00e0 The Circle \u00e0 Zurich et notre nouveau si\u00e8ge de R\u00f6sslimatt \u00e0 Lucerne (ouverture en 2026) sont tous deux certifi\u00e9s LEED Platine \u2014 la norme mondiale la plus \u00e9lev\u00e9e pour la conception de b\u00e2timents durables. Ces certifications refl\u00e8tent notre d\u00e9vouement \u00e0 la responsabilit\u00e9 environnementale, l\u2019efficacit\u00e9 \u00e9nerg\u00e9tique, et \u00e0 l\u2019innovation durable.<\/p>\n\n\n\n<p>De plus, The Circle d\u00e9tient une certification WELL Or, reconnaissant l\u2019accent mis sur la sant\u00e9, le confort et le bien-\u00eatre des employ\u00e9(e)s &#8211; garantissant que nos lieux de travail sont non seulement durables mais aussi con\u00e7us en pensant aux personnes.<\/p>\n<\/div>\n\n\n\n<div class=\"wp-block-column is-layout-flow wp-block-column-is-layout-flow\">\n<div style=\"height:25px\" aria-hidden=\"true\" class=\"wp-block-spacer\"><\/div>\n\n\n\n<figure class=\"wp-block-image size-large\"><img loading=\"lazy\" decoding=\"async\" width=\"1500\" height=\"1000\" src=\"https:\/\/www.msd.ch\/fr\/wp-content\/uploads\/sites\/87\/2025\/11\/OSI-ENV.jpg?w=1500\" alt=\"Image : logos LEED Platine et WELL Or\" class=\"wp-image-8671\" \/><figcaption class=\"wp-element-caption\">Les b\u00e2timents The Circle et R\u00f6sslimatt ont re\u00e7u la certification LEED Platine, tandis que le bureau The Circle a \u00e9galement obtenu la certification WELL Or.<\/figcaption><\/figure>\n<\/div>\n<\/div>\n\n\n<div class=\"wp-block-image\">\n<figure class=\"aligncenter size-large\"><img loading=\"lazy\" decoding=\"async\" width=\"500\" height=\"15\" src=\"https:\/\/www.msd.ch\/fr\/wp-content\/uploads\/sites\/87\/2025\/11\/Separator-Environmental-Sustainability.png?w=500\" alt=\"Image: separator\" class=\"wp-image-8680\" style=\"object-fit:cover\" \/><\/figure><\/div>\n\n\n<div style=\"height:20px\" aria-hidden=\"true\" class=\"wp-block-spacer\"><\/div>\n\n\n\n<p>Chez MSD Suisse, nous agissons pour prot\u00e9ger la plan\u00e8te en faisant progresser la durabilit\u00e9 environnementale, l\u2019efficacit\u00e9 \u00e9nerg\u00e9tique, et la gestion responsable des ressources sur tous nos sites. Guid\u00e9s par notre objectif mondial d\u2019atteindre des \u00e9missions nettes de gaz \u00e0 effet de serre nulles d\u2019ici 2045, nous investissons dans les \u00e9nergies renouvelables, la conception de b\u00e2timents durables, et des pratiques innovantes qui minimisent notre empreinte environnementale. D\u00e9couvrez ci-dessous comment nous concr\u00e9tisons ces engagements en Suisse.<\/p>\n\n\n\n<div style=\"height:20px\" aria-hidden=\"true\" class=\"wp-block-spacer\"><\/div>\n\n\n\n<div class=\"wp-block-columns is-layout-flex wp-container-core-columns-is-layout-9d6595d7 wp-block-columns-is-layout-flex\">\n<div class=\"wp-block-column is-layout-flow wp-block-column-is-layout-flow\"><div class=\"wp-block-image\">\n<figure class=\"aligncenter size-full\"><img loading=\"lazy\" decoding=\"async\" width=\"1033\" height=\"585\" src=\"https:\/\/www.msd.ch\/fr\/wp-content\/uploads\/sites\/87\/2025\/11\/OSI-ENV-LeedWell.jpg\" alt=\"Image : logos LEED Platine et WELL Or\" class=\"wp-image-8670\" style=\"object-fit:cover\" \/><\/figure><\/div>\n\n\n<h4 class=\"wp-block-heading has-text-align-left has-text-color has-link-color wp-elements-097cd9b40fb6e626de3e751772bd61c1\" style=\"color:#00857c\"><strong>Certifications<\/strong> <strong>LEED &amp; WELL<\/strong><\/h4>\n\n\n\n<p class=\"has-small-font-size\">Les certifications Leadership in Energy and Environmental Design (LEED) et WELL sont des normes mondialement reconnues qui promeuvent la conception de b\u00e2timents respectueux de l\u2019environnement et le bien-\u00eatre des employ\u00e9(e)s. Ces certifications encouragent les pratiques de construction durables, am\u00e9liorent l\u2019efficacit\u00e9 \u00e9nerg\u00e9tique, et soutiennent la sant\u00e9 et le confort des occupant(e)s des b\u00e2timents.<\/p>\n\n\n\n<p class=\"has-small-font-size\">Chez MSD Suisse, nous sommes fiers que notre bureau \u00e0 The Circle \u00e0 Zurich ait obtenu les certifications LEED Platine et WELL Or. Ces r\u00e9alisations refl\u00e8tent notre objectif plus large de cr\u00e9er des lieux de travail \u00e9conomes en \u00e9nergie, qui minimisent notre impact environnemental tout en soutenant nos collaborateurs et collaboratrices ainsi que nos communaut\u00e9s.<\/p>\n\n\n\n<p class=\"has-small-font-size\"><em>Cliquez ici pour plus de d\u00e9tails sur les certifications <a href=\"https:\/\/www.usgbc.org\/leed\" target=\"_blank\" rel=\"noreferrer noopener nofollow\">LEED<\/a> et <a href=\"https:\/\/www.wellcertified.com\/\" target=\"_blank\" rel=\"noreferrer noopener nofollow\">WELL<\/a><\/em>.<\/p>\n<\/div>\n\n\n\n<div class=\"wp-block-column is-layout-flow wp-block-column-is-layout-flow\"><div class=\"wp-block-image\">\n<figure class=\"aligncenter size-full\"><img loading=\"lazy\" decoding=\"async\" width=\"1033\" height=\"585\" src=\"https:\/\/www.msd.ch\/fr\/wp-content\/uploads\/sites\/87\/2025\/11\/OSI-ENV-RenewableEnergy.jpg\" alt=\"Image : le globe terrestre entour\u00e9 de deux mains tendues\" class=\"wp-image-8669\" \/><\/figure><\/div>\n\n\n<h4 class=\"wp-block-heading has-text-align-left has-text-color has-link-color wp-elements-7f70916e40b1f5329ff30c2c1822d293\" style=\"color:#00857c\"><strong>\u00c9nergies renouvelables<\/strong><\/h4>\n\n\n\n<p class=\"has-small-font-size\">MSD s\u2019engage \u00e0 atteindre des \u00e9missions nettes de gaz \u00e0 effet de serre (GES) nulles dans l\u2019ensemble de ses op\u00e9rations mondiales (Scopes 1, 2 et 3) d\u2019ici 2045, d\u00e9montrant notre engagement continu envers l\u2019action climatique et la durabilit\u00e9.<\/p>\n\n\n\n<p class=\"has-small-font-size\">Conform\u00e9ment \u00e0 notre engagement envers la durabilit\u00e9 environnementale chez MSD Suisse, 100 % de l\u2019\u00e9lectricit\u00e9 utilis\u00e9e dans nos installations provient d\u2019 \u00e9nergies renouvelables. Nous travaillons continuellement \u00e0 am\u00e9liorer l\u2019efficacit\u00e9 \u00e9nerg\u00e9tique, minimiser notre empreinte environnementale, et faire progresser notre parcours vers un avenir net z\u00e9ro sur tous nos sites.<\/p>\n<\/div>\n\n\n\n<div class=\"wp-block-column is-layout-flow wp-block-column-is-layout-flow\"><div class=\"wp-block-image\">\n<figure class=\"aligncenter size-full\"><img loading=\"lazy\" decoding=\"async\" width=\"1033\" height=\"585\" src=\"https:\/\/www.msd.ch\/fr\/wp-content\/uploads\/sites\/87\/2025\/11\/OSI-ENV-EmbracingSustainability.jpg\" alt=\"Photo : jet d'une bouteille en plastique vide dans le bac de recyclage\" class=\"wp-image-8668\" \/><\/figure><\/div>\n\n\n<h4 class=\"wp-block-heading has-text-align-left has-text-color has-link-color wp-elements-88cbcd917226a39824f05ed725111803\" style=\"color:#00857c\"><strong><strong>Adopter la durabilit\u00e9<\/strong><\/strong><\/h4>\n\n\n\n<p class=\"has-small-font-size\">Chez MSD Suisse, nous nous engageons \u00e0 minimiser notre empreinte environnementale gr\u00e2ce \u00e0 des initiatives cibl\u00e9es de r\u00e9duction des d\u00e9chets et d\u2019efficacit\u00e9 des ressources. Sur tous nos sites, nous mettons en \u0153uvre des pratiques durables telles que la collecte centralis\u00e9e des d\u00e9chets pour r\u00e9duire l\u2019utilisation du plastique, des zones de recyclage d\u00e9di\u00e9es et un syst\u00e8me centralis\u00e9 d\u2019impression de badges \u2014 r\u00e9duisant efficacement la production de d\u00e9chets et promouvant une culture de responsabilit\u00e9 environnementale.<\/p>\n\n\n\n<p class=\"has-small-font-size\">Nos efforts de durabilit\u00e9 s\u2019\u00e9tendent \u00e9galement \u00e0 l\u2019optimisation de l\u2019\u00e9nergie et des ressources. Nous sommes pass\u00e9s \u00e0 un \u00e9clairage LED \u00e9conome en \u00e9nergie, avons optimis\u00e9 nos syst\u00e8mes de chauffage et de ventilation et utilisons l\u2019eau du lac pour le refroidissement dans notre bureau de Lucerne Citybay. Ensemble, ces initiatives font progresser notre objectif de cr\u00e9er un lieu de travail plus vert et plus durable et soutiennent notre engagement plus large envers des op\u00e9rations respectueuses du climat en Suisse.<\/p>\n<\/div>\n<\/div>\n\n\n\n<div class=\"wp-block-columns is-layout-flex wp-container-core-columns-is-layout-9d6595d7 wp-block-columns-is-layout-flex\">\n<div class=\"wp-block-column is-layout-flow wp-block-column-is-layout-flow\"><div class=\"wp-block-image\">\n<figure class=\"aligncenter size-full\"><img loading=\"lazy\" decoding=\"async\" width=\"1033\" height=\"585\" src=\"https:\/\/www.msd.ch\/fr\/wp-content\/uploads\/sites\/87\/2025\/11\/OSI-ENV-Mojo.jpg\" alt=\"Image : logo Mobility Mojo\" class=\"wp-image-8667\" style=\"object-fit:cover\" \/><\/figure><\/div>\n\n\n<h4 class=\"wp-block-heading has-text-align-left has-text-color has-link-color wp-elements-f39c3fdd8aa392f2a7654dda04fb71f9\" style=\"color:#00857c\"><strong><strong>MOJO \u2013 <strong>am\u00e9liorer l\u2019accessibilit\u00e9<\/strong><\/strong><\/strong><\/h4>\n\n\n\n<p class=\"has-small-font-size\">Notre b\u00e2timent The Circle \u00e0 Zurich a obtenu la certification MOJO Or, d\u00e9cern\u00e9e par la plateforme d\u2019\u00e9valuation de l\u2019accessibilit\u00e9 Mobility Mojo. Cette certification mondialement reconnue aide les organisations \u00e0 standardiser, \u00e9valuer et am\u00e9liorer l\u2019accessibilit\u00e9 de leurs b\u00e2timents, en veillant \u00e0 ce qu\u2019ils soient accueillants et fonctionnels pour tous.<\/p>\n\n\n\n<p class=\"has-small-font-size\">La certification MOJO Or refl\u00e8te l\u2019engagement de MSD Suisse envers l\u2019accessibilit\u00e9, l\u2019inclusion et l\u2019\u00e9galit\u00e9 des chances \u2014 d\u00e9montrant notre d\u00e9vouement \u00e0 cr\u00e9er des espaces inclusifs o\u00f9 tou(te)s les employ\u00e9(e)s, partenaires et visiteur(euse)s peuvent s\u2019\u00e9panouir et participer pleinement.<\/p>\n\n\n\n<p class=\"has-small-font-size\"><em>Cliquez ici pour plus de d\u00e9tails sur <a href=\"https:\/\/mobilitymojo.com\/\" target=\"_blank\" rel=\"noreferrer noopener nofollow\">Mobility Mojo<\/a><\/em><\/p>\n<\/div>\n\n\n\n<div class=\"wp-block-column is-layout-flow wp-block-column-is-layout-flow\"><\/div>\n\n\n\n<div class=\"wp-block-column is-layout-flow wp-block-column-is-layout-flow\"><\/div>\n<\/div>\n\n\n\n<div style=\"height:100px\" aria-hidden=\"true\" class=\"wp-block-spacer\"><\/div>\n\n\n\n<div class=\"wp-block-columns has-white-color has-text-color has-background has-link-color wp-elements-900742f0df65351db8b1be809d589f0d is-layout-flex wp-container-core-columns-is-layout-9d6595d7 wp-block-columns-is-layout-flex\" style=\"background-color:#00857c\">\n<div class=\"wp-block-column is-layout-flow wp-block-column-is-layout-flow\">\n<p class=\"has-white-background-color has-text-color has-background has-link-color has-medium-font-size wp-elements-d3ee416ea6067418f1ca685ecf9387c4\" style=\"color:#00857c\"><strong><a href=\"https:\/\/www.msd.ch\/en\/home\/about-us\/responsibility\/msd-switzerland-sustainability-and-global-health\/\"><\/a><strong><a href=\"https:\/\/www.msd.ch\/fr\/home\/about-us\/responsibility\/msd-switzerland-sustainability-and-global-health\/\">Retour \u00e0 Durabilit\u00e9 et sant\u00e9 mondiale<\/a><\/strong><\/strong><\/p>\n<\/div>\n<\/div>\n\n\n\n<div style=\"height:100px\" aria-hidden=\"true\" class=\"wp-block-spacer\"><\/div>\n\n\n\n<p class=\"has-small-font-size\">CH-NON-03158, 02\/2026<\/p>\n","protected":false},"excerpt":{"rendered":"<p>Efficacit\u00e9 \u00e9nerg\u00e9tique et z\u00e9ro \u00e9mission &#8211; Durabilit\u00e9 environnementale de MSD Suisse Dans le cadre de notre strat\u00e9gie mondiale de durabilit\u00e9, MSD s\u2019engage \u00e0 atteindre des \u00e9missions nettes de gaz \u00e0 effet de serre (GES) nulles pour les Scopes 1, 2 et 3 d\u2019ici 2045. Conform\u00e9ment \u00e0 cette ambition, MSD Suisse veille \u00e0 ce que 100 [&hellip;]<\/p>\n","protected":false},"author":974,"featured_media":8671,"parent":8781,"menu_order":-1,"comment_status":"closed","ping_status":"closed","template":"","meta":{"_acf_changed":false,"bdl_company_name":[],"bdl_item_external_link":[],"editor_notices":[],"footnotes":""},"class_list":["post-8696","page","type-page","status-publish","has-post-thumbnail","hentry"],"yoast_head":"<!-- This site is optimized with the Yoast SEO plugin v21.9.1 - https:\/\/yoast.com\/wordpress\/plugins\/seo\/ -->\n<title>Durabilit\u00e9 environnementale de MSD Suisse<\/title>\n<meta name=\"description\" content=\"MSD Suisse promeut la durabilit\u00e9 environnementale gr\u00e2ce aux \u00e9nergies renouvelables, \u00e0 des b\u00e2timents certifi\u00e9s et \u00e0 un engagement en faveur de la neutralit\u00e9 carbone d&#039;ici 2045.\" \/>\n<meta name=\"robots\" content=\"index, follow, max-snippet:-1, max-image-preview:large, max-video-preview:-1\" \/>\n<link rel=\"canonical\" href=\"https:\/\/www.msd.ch\/fr\/home\/about-us\/responsibility\/msd-switzerland-sustainability-and-global-health\/environmental-sustainability\/\" \/>\n<meta property=\"og:locale\" content=\"en_US\" \/>\n<meta property=\"og:type\" content=\"article\" \/>\n<meta property=\"og:title\" content=\"Durabilit\u00e9 environnementale de MSD Suisse\" \/>\n<meta property=\"og:description\" content=\"MSD Suisse promeut la durabilit\u00e9 environnementale gr\u00e2ce aux \u00e9nergies renouvelables, \u00e0 des b\u00e2timents certifi\u00e9s et \u00e0 un engagement en faveur de la neutralit\u00e9 carbone d&#039;ici 2045.\" \/>\n<meta property=\"og:url\" content=\"https:\/\/www.msd.ch\/fr\/home\/about-us\/responsibility\/msd-switzerland-sustainability-and-global-health\/environmental-sustainability\/\" \/>\n<meta property=\"og:site_name\" content=\"msd.ch\" \/>\n<meta property=\"article:modified_time\" content=\"2026-02-13T09:25:38+00:00\" \/>\n<meta property=\"og:image\" content=\"https:\/\/www.msd.ch\/fr\/wp-content\/uploads\/sites\/87\/2025\/11\/OSI-ENV.jpg\" \/>\n\t<meta property=\"og:image:width\" content=\"1500\" \/>\n\t<meta property=\"og:image:height\" content=\"1000\" \/>\n\t<meta property=\"og:image:type\" content=\"image\/jpeg\" \/>\n<meta name=\"twitter:card\" content=\"summary_large_image\" \/>\n<meta name=\"twitter:label1\" content=\"Est. reading time\" \/>\n\t<meta name=\"twitter:data1\" content=\"4 minutes\" \/>\n<script type=\"application\/ld+json\" class=\"yoast-schema-graph\">{\"@context\":\"https:\/\/schema.org\",\"@graph\":[{\"@type\":\"WebPage\",\"@id\":\"https:\/\/www.msd.ch\/fr\/home\/about-us\/responsibility\/msd-switzerland-sustainability-and-global-health\/environmental-sustainability\/\",\"url\":\"https:\/\/www.msd.ch\/fr\/home\/about-us\/responsibility\/msd-switzerland-sustainability-and-global-health\/environmental-sustainability\/\",\"name\":\"Durabilit\u00e9 environnementale de MSD Suisse\",\"isPartOf\":{\"@id\":\"https:\/\/www.msd.ch\/fr\/#website\"},\"datePublished\":\"2026-02-13T09:25:37+00:00\",\"dateModified\":\"2026-02-13T09:25:38+00:00\",\"description\":\"MSD Suisse promeut la durabilit\u00e9 environnementale gr\u00e2ce aux \u00e9nergies renouvelables, \u00e0 des b\u00e2timents certifi\u00e9s et \u00e0 un engagement en faveur de la neutralit\u00e9 carbone d'ici 2045.\",\"breadcrumb\":{\"@id\":\"https:\/\/www.msd.ch\/fr\/home\/about-us\/responsibility\/msd-switzerland-sustainability-and-global-health\/environmental-sustainability\/#breadcrumb\"},\"inLanguage\":\"en-US\",\"potentialAction\":[{\"@type\":\"ReadAction\",\"target\":[\"https:\/\/www.msd.ch\/fr\/home\/about-us\/responsibility\/msd-switzerland-sustainability-and-global-health\/environmental-sustainability\/\"]}]},{\"@type\":\"BreadcrumbList\",\"@id\":\"https:\/\/www.msd.ch\/fr\/home\/about-us\/responsibility\/msd-switzerland-sustainability-and-global-health\/environmental-sustainability\/#breadcrumb\",\"itemListElement\":[{\"@type\":\"ListItem\",\"position\":1,\"name\":\"Home\",\"item\":\"https:\/\/www.msd.ch\/fr\/\"},{\"@type\":\"ListItem\",\"position\":2,\"name\":\"\u00c0 propos de nous\",\"item\":\"https:\/\/www.msd.ch\/fr\/home\/about-us\/\"},{\"@type\":\"ListItem\",\"position\":3,\"name\":\"Responsabilit\u00e9\",\"item\":\"https:\/\/www.msd.ch\/fr\/home\/about-us\/responsibility\/\"},{\"@type\":\"ListItem\",\"position\":4,\"name\":\"Durabilit\u00e9 et sant\u00e9 mondiale\",\"item\":\"https:\/\/www.msd.ch\/fr\/home\/about-us\/responsibility\/msd-switzerland-sustainability-and-global-health\/\"},{\"@type\":\"ListItem\",\"position\":5,\"name\":\"Environmental Sustainability\"}]},{\"@type\":\"WebSite\",\"@id\":\"https:\/\/www.msd.ch\/fr\/#website\",\"url\":\"https:\/\/www.msd.ch\/fr\/\",\"name\":\"msd.ch\",\"description\":\"MSD recherche et d\u00e9veloppe des m\u00e9dicaments et des vaccins pour sauver des vies et am\u00e9liorer la sant\u00e9 des patients. En Suisse, 1000 employ\u00e9s \u00e0 Lucerne et \u00e0 Zurich s&#039;engagent dans ce sens.\",\"potentialAction\":[{\"@type\":\"SearchAction\",\"target\":{\"@type\":\"EntryPoint\",\"urlTemplate\":\"https:\/\/www.msd.ch\/fr\/?s={search_term_string}\"},\"query-input\":\"required name=search_term_string\"}],\"inLanguage\":\"en-US\"}]}<\/script>\n<!-- \/ Yoast SEO plugin. -->","yoast_head_json":{"title":"Durabilit\u00e9 environnementale de MSD Suisse","description":"MSD Suisse promeut la durabilit\u00e9 environnementale gr\u00e2ce aux \u00e9nergies renouvelables, \u00e0 des b\u00e2timents certifi\u00e9s et \u00e0 un engagement en faveur de la neutralit\u00e9 carbone d'ici 2045.","robots":{"index":"index","follow":"follow","max-snippet":"max-snippet:-1","max-image-preview":"max-image-preview:large","max-video-preview":"max-video-preview:-1"},"canonical":"https:\/\/www.msd.ch\/fr\/home\/about-us\/responsibility\/msd-switzerland-sustainability-and-global-health\/environmental-sustainability\/","og_locale":"en_US","og_type":"article","og_title":"Durabilit\u00e9 environnementale de MSD Suisse","og_description":"MSD Suisse promeut la durabilit\u00e9 environnementale gr\u00e2ce aux \u00e9nergies renouvelables, \u00e0 des b\u00e2timents certifi\u00e9s et \u00e0 un engagement en faveur de la neutralit\u00e9 carbone d'ici 2045.","og_url":"https:\/\/www.msd.ch\/fr\/home\/about-us\/responsibility\/msd-switzerland-sustainability-and-global-health\/environmental-sustainability\/","og_site_name":"msd.ch","article_modified_time":"2026-02-13T09:25:38+00:00","og_image":[{"width":1500,"height":1000,"url":"https:\/\/www.msd.ch\/fr\/wp-content\/uploads\/sites\/87\/2025\/11\/OSI-ENV.jpg","type":"image\/jpeg"}],"twitter_card":"summary_large_image","twitter_misc":{"Est. reading time":"4 minutes"},"schema":{"@context":"https:\/\/schema.org","@graph":[{"@type":"WebPage","@id":"https:\/\/www.msd.ch\/fr\/home\/about-us\/responsibility\/msd-switzerland-sustainability-and-global-health\/environmental-sustainability\/","url":"https:\/\/www.msd.ch\/fr\/home\/about-us\/responsibility\/msd-switzerland-sustainability-and-global-health\/environmental-sustainability\/","name":"Durabilit\u00e9 environnementale de MSD Suisse","isPartOf":{"@id":"https:\/\/www.msd.ch\/fr\/#website"},"datePublished":"2026-02-13T09:25:37+00:00","dateModified":"2026-02-13T09:25:38+00:00","description":"MSD Suisse promeut la durabilit\u00e9 environnementale gr\u00e2ce aux \u00e9nergies renouvelables, \u00e0 des b\u00e2timents certifi\u00e9s et \u00e0 un engagement en faveur de la neutralit\u00e9 carbone d'ici 2045.","breadcrumb":{"@id":"https:\/\/www.msd.ch\/fr\/home\/about-us\/responsibility\/msd-switzerland-sustainability-and-global-health\/environmental-sustainability\/#breadcrumb"},"inLanguage":"en-US","potentialAction":[{"@type":"ReadAction","target":["https:\/\/www.msd.ch\/fr\/home\/about-us\/responsibility\/msd-switzerland-sustainability-and-global-health\/environmental-sustainability\/"]}]},{"@type":"BreadcrumbList","@id":"https:\/\/www.msd.ch\/fr\/home\/about-us\/responsibility\/msd-switzerland-sustainability-and-global-health\/environmental-sustainability\/#breadcrumb","itemListElement":[{"@type":"ListItem","position":1,"name":"Home","item":"https:\/\/www.msd.ch\/fr\/"},{"@type":"ListItem","position":2,"name":"\u00c0 propos de nous","item":"https:\/\/www.msd.ch\/fr\/home\/about-us\/"},{"@type":"ListItem","position":3,"name":"Responsabilit\u00e9","item":"https:\/\/www.msd.ch\/fr\/home\/about-us\/responsibility\/"},{"@type":"ListItem","position":4,"name":"Durabilit\u00e9 et sant\u00e9 mondiale","item":"https:\/\/www.msd.ch\/fr\/home\/about-us\/responsibility\/msd-switzerland-sustainability-and-global-health\/"},{"@type":"ListItem","position":5,"name":"Environmental Sustainability"}]},{"@type":"WebSite","@id":"https:\/\/www.msd.ch\/fr\/#website","url":"https:\/\/www.msd.ch\/fr\/","name":"msd.ch","description":"MSD recherche et d\u00e9veloppe des m\u00e9dicaments et des vaccins pour sauver des vies et am\u00e9liorer la sant\u00e9 des patients. En Suisse, 1000 employ\u00e9s \u00e0 Lucerne et \u00e0 Zurich s&#039;engagent dans ce sens.","potentialAction":[{"@type":"SearchAction","target":{"@type":"EntryPoint","urlTemplate":"https:\/\/www.msd.ch\/fr\/?s={search_term_string}"},"query-input":"required name=search_term_string"}],"inLanguage":"en-US"}]}},"acf":[],"_links":{"self":[{"href":"https:\/\/www.msd.ch\/fr\/wp-json\/wp\/v2\/pages\/8696","targetHints":{"allow":["GET"]}}],"collection":[{"href":"https:\/\/www.msd.ch\/fr\/wp-json\/wp\/v2\/pages"}],"about":[{"href":"https:\/\/www.msd.ch\/fr\/wp-json\/wp\/v2\/types\/page"}],"author":[{"embeddable":true,"href":"https:\/\/www.msd.ch\/fr\/wp-json\/wp\/v2\/users\/974"}],"replies":[{"embeddable":true,"href":"https:\/\/www.msd.ch\/fr\/wp-json\/wp\/v2\/comments?post=8696"}],"version-history":[{"count":16,"href":"https:\/\/www.msd.ch\/fr\/wp-json\/wp\/v2\/pages\/8696\/revisions"}],"predecessor-version":[{"id":8970,"href":"https:\/\/www.msd.ch\/fr\/wp-json\/wp\/v2\/pages\/8696\/revisions\/8970"}],"up":[{"embeddable":true,"href":"https:\/\/www.msd.ch\/fr\/wp-json\/wp\/v2\/pages\/8781"}],"wp:featuredmedia":[{"embeddable":true,"href":"https:\/\/www.msd.ch\/fr\/wp-json\/wp\/v2\/media\/8671"}],"wp:attachment":[{"href":"https:\/\/www.msd.ch\/fr\/wp-json\/wp\/v2\/media?parent=8696"}],"curies":[{"name":"wp","href":"https:\/\/api.w.org\/{rel}","templated":true}]}}