{"id":8697,"date":"2026-02-13T11:26:04","date_gmt":"2026-02-13T09:26:04","guid":{"rendered":"https:\/\/www.msd.ch\/fr\/?page_id=8697"},"modified":"2026-02-13T11:26:06","modified_gmt":"2026-02-13T09:26:06","slug":"ethics-and-values","status":"publish","type":"page","link":"https:\/\/www.msd.ch\/fr\/home\/about-us\/responsibility\/msd-switzerland-sustainability-and-global-health\/ethics-and-values\/","title":{"rendered":"Ethics and values"},"content":{"rendered":"\n<div style=\"height:100px\" aria-hidden=\"true\" class=\"wp-block-spacer\"><\/div>\n\n\n<div class=\"wp-block-image\">\n<figure class=\"aligncenter size-large\"><img loading=\"lazy\" decoding=\"async\" width=\"3202\" height=\"206\" src=\"https:\/\/www.msd.ch\/fr\/wp-content\/uploads\/sites\/87\/2025\/11\/Banner-Ethics-And-Values.png?w=3202\" alt=\"Image: banner Ethics And Values\" class=\"wp-image-8683\" \/><\/figure><\/div>\n\n\n<div style=\"height:20px\" aria-hidden=\"true\" class=\"wp-block-spacer\"><\/div>\n\n\n\n<h2 class=\"wp-block-heading has-text-color has-link-color wp-elements-1f2ca35c71b05dc0fee72d1370f5ee57\" style=\"color:#6eceb2\"><strong>\u00c9thique, int\u00e9grit\u00e9 et s\u00e9curit\u00e9 psychologique chez MSD Suisse<\/strong><\/h2>\n\n\n\n<div class=\"wp-block-columns is-layout-flex wp-container-core-columns-is-layout-9d6595d7 wp-block-columns-is-layout-flex\">\n<div class=\"wp-block-column is-vertically-aligned-top is-layout-flow wp-block-column-is-layout-flow\">\n<p>Chez MSD Suisse, nous nous engageons \u00e0 favoriser une culture de s\u00e9curit\u00e9 psychologique et d&#8217;int\u00e9grit\u00e9 \u00e9thique, o\u00f9 chaque employ\u00e9(e) se sent habilit\u00e9 \u00e0 s&#8217;exprimer et \u00e0 faire part de ses pr\u00e9occupations sans h\u00e9sitation. Cet engagement est renforc\u00e9 par une communication transparente de la direction et des initiatives cibl\u00e9es telles que la formation individuelle \u00e0 la s\u00e9curit\u00e9 psychologique.<\/p>\n\n\n\n<p>Pour renforcer notre cadre \u00e9thique mondial, MSD Suisse a nomm\u00e9 des ambassadeurs et ambassadrices de l&#8217;\u00e9thique d\u00e9di\u00e9s sur chaque site. Ces ambassadeurs et ambassadrices font partie de notre programme \u00e9thique mondial (<a href=\"http:\/\/www.msdethics.com\/\" target=\"_blank\" rel=\"noreferrer noopener nofollow\">msdethics.com<\/a>) et re\u00e7oivent une formation continue pour maintenir les normes les plus \u00e9lev\u00e9es d&#8217;\u00e9thique et d&#8217;int\u00e9grit\u00e9.<\/p>\n\n\n\n<p>En 2024, plus de 99 % de nos employ\u00e9(e)s en Suisse ont suivi la s\u00e9rie de formations annuelle <em>Diriger avec \u00e9thique &amp; int\u00e9grit\u00e9<\/em> \u2014 un \u00e9l\u00e9ment cl\u00e9 de notre programme d&#8217;\u00e9thique et de s\u00e9curit\u00e9 psychologique de MSD Suisse. Cette formation renforce la confiance, consolide l&#8217;inclusion et favorise le bien-\u00eatre sur notre lieu de travail, garantissant que le comportement \u00e9thique reste au c\u0153ur de tout ce que nous faisons.<\/p>\n<\/div>\n\n\n\n<div class=\"wp-block-column is-layout-flow wp-block-column-is-layout-flow\">\n<div style=\"height:25px\" aria-hidden=\"true\" class=\"wp-block-spacer\"><\/div>\n\n\n\n<figure class=\"wp-block-image size-full\"><img loading=\"lazy\" decoding=\"async\" width=\"1500\" height=\"1000\" src=\"https:\/\/www.msd.ch\/fr\/wp-content\/uploads\/sites\/87\/2025\/11\/OSI-ETH.jpg\" alt=\"Photo : un groupe de personnes tenant des m\u00e9gaphones\" class=\"wp-image-8666\" \/><figcaption class=\"wp-element-caption\">Les ambassadrices et ambassadeurs de l&#8217;\u00e9thique de MSD invitent les employ\u00e9s \u00e0 s&#8217;exprimer.<\/figcaption><\/figure>\n<\/div>\n<\/div>\n\n\n<div class=\"wp-block-image\">\n<figure class=\"aligncenter size-large\"><img loading=\"lazy\" decoding=\"async\" width=\"500\" height=\"14\" src=\"https:\/\/www.msd.ch\/fr\/wp-content\/uploads\/sites\/87\/2025\/11\/Separator-Ethics-And-Values.png?w=500\" alt=\"Image: separator\" class=\"wp-image-8679\" style=\"object-fit:cover\" \/><\/figure><\/div>\n\n\n<div style=\"height:20px\" aria-hidden=\"true\" class=\"wp-block-spacer\"><\/div>\n\n\n\n<p>Chez MSD Suisse, nous favorisons une culture d&#8217;\u00e9thique, d&#8217;int\u00e9grit\u00e9, et de s\u00e9curit\u00e9 psychologique o\u00f9 toute personne se sent habilit\u00e9e \u00e0 s&#8217;exprimer et \u00e0 agir de mani\u00e8re responsable. Guid\u00e9s par notre programme mondial d&#8217;\u00e9thique et de conformit\u00e9 et soutenus par des ambassadrices et ambassadeurs de l&#8217;\u00e9thique d\u00e9di\u00e9s, nous construisons la confiance, l&#8217;inclusion et la responsabilit\u00e9 dans toutes les \u00e9quipes. D\u00e9couvrez nos principales initiatives en mati\u00e8re d&#8217;\u00e9thique et de valeurs ci-dessous.<\/p>\n\n\n\n<div style=\"height:20px\" aria-hidden=\"true\" class=\"wp-block-spacer\"><\/div>\n\n\n\n<div class=\"wp-block-columns is-layout-flex wp-container-core-columns-is-layout-9d6595d7 wp-block-columns-is-layout-flex\">\n<div class=\"wp-block-column is-layout-flow wp-block-column-is-layout-flow\"><div class=\"wp-block-image\">\n<figure class=\"aligncenter size-full\"><img loading=\"lazy\" decoding=\"async\" width=\"1033\" height=\"585\" src=\"https:\/\/www.msd.ch\/fr\/wp-content\/uploads\/sites\/87\/2025\/11\/OSI-ETH-SpeakUp.jpg\" alt=\"Photo : un groupe de personnes tenant des m\u00e9gaphones\" class=\"wp-image-8658\" style=\"object-fit:cover\" \/><\/figure><\/div>\n\n\n<h4 class=\"wp-block-heading has-text-align-left has-text-color has-link-color wp-elements-b6162640f810a74e02c8293095b2ea84\" style=\"color:#6eceb2\"><strong>S&#8217;exprimer<\/strong><\/h4>\n\n\n\n<p class=\"has-small-font-size\">Chez MSD Suisse, \u00eatre \u00e9thique signifie plus que simplement respecter la loi \u2014 il s&#8217;agit d&#8217;agir avec int\u00e9grit\u00e9, respect, et responsabilit\u00e9 dans tout ce que nous faisons. Notre programme mondial d&#8217;\u00e9thique et de conformit\u00e9 garantit que tous les employ\u00e9(e)s respectent notre code de conduite, favorisant une prise de d\u00e9cision transparente et \u00e9thique dans toute notre entreprise. Gr\u00e2ce \u00e0 une formation, communication, et suivi continus, nous donnons aux employ\u00e9(e)s les moyens de g\u00e9rer les d\u00e9fis \u00e9thiques en toute confiance et de s&#8217;exprimer sans crainte de repr\u00e9sailles. En favorisant une culture de confiance et de responsabilit\u00e9, nous renfor\u00e7ons nos relations avec les parties prenantes et d\u00e9montrons notre engagement continu envers l&#8217;\u00e9thique, la conformit\u00e9 et la responsabilit\u00e9 d&#8217;entreprise.<\/p>\n<\/div>\n\n\n\n<div class=\"wp-block-column is-layout-flow wp-block-column-is-layout-flow\"><div class=\"wp-block-image\">\n<figure class=\"aligncenter size-full\"><img loading=\"lazy\" decoding=\"async\" width=\"1033\" height=\"585\" src=\"https:\/\/www.msd.ch\/fr\/wp-content\/uploads\/sites\/87\/2025\/11\/OSI-ETH-Ambassadors.jpg\" alt=\"Photo : ambassadeurs de l'\u00e9thique, un groupe de personnes tenant des bo\u00eetes\" class=\"wp-image-8665\" \/><\/figure><\/div>\n\n\n<h4 class=\"wp-block-heading has-text-align-left has-text-color has-link-color wp-elements-1bfcd2848389b599ec5522b416299394\" style=\"color:#6eceb2\"><strong>Ambassadeurs et ambassadrices de l&#8217;\u00e9thique<\/strong><\/h4>\n\n\n\n<p class=\"has-small-font-size\">Le programme des ambassadrices et ambassadeurs de l&#8217;\u00e9thique joue un r\u00f4le essentiel dans la promotion du comportement \u00e9thique, de la transparence et de la s\u00e9curit\u00e9 psychologique chez MSD Suisse. Il garantit que chaque employ\u00e9(e) sait comment et o\u00f9 exprimer ses pr\u00e9occupations, se sent en s\u00e9curit\u00e9 pour s&#8217;exprimer, et peut le faire sans crainte de repr\u00e9sailles.<\/p>\n\n\n\n<p class=\"has-small-font-size\">En Suisse, deux ambassadrices ou ambassadeurs de l&#8217;\u00e9thique sont nomm\u00e9s sur chacun des cinq sites de MSD. Ces personnes soutiennent les employ\u00e9(e)s qui ont des questions sur l&#8217;\u00e9thique, la conformit\u00e9 ou la conduite sur le lieu de travail, et les guident sur la fa\u00e7on de s&#8217;exprimer \u2014 que ce soit en contactant leur responsable, les RH, le service juridique ou via la plateforme mondiale sur <a href=\"http:\/\/www.msdethics.com\" target=\"_blank\" rel=\"noreferrer noopener nofollow\">msdethics.com<\/a>.<\/p>\n\n\n\n<p class=\"has-small-font-size\">Gr\u00e2ce \u00e0 cette initiative, MSD Suisse renforce sa culture \u00e9thique, garantissant l&#8217;ouverture, la confiance et la responsabilit\u00e9 dans toutes les \u00e9quipes.<\/p>\n<\/div>\n\n\n\n<div class=\"wp-block-column is-layout-flow wp-block-column-is-layout-flow\"><div class=\"wp-block-image\">\n<figure class=\"aligncenter size-full\"><img loading=\"lazy\" decoding=\"async\" width=\"1033\" height=\"585\" src=\"https:\/\/www.msd.ch\/fr\/wp-content\/uploads\/sites\/87\/2025\/11\/OSI-ETH-Pension_2.jpg\" alt=\"Image : main pointant vers le haut le long d'un graphique lin\u00e9aire lumineux symbolisant la croissance.\" class=\"wp-image-8657\" \/><\/figure><\/div>\n\n\n<h4 class=\"wp-block-heading has-text-align-left has-text-color has-link-color wp-elements-863aded458d7339183148a40667e0fbc\" style=\"color:#6eceb2\"><strong><strong>Investissements ESG de la Caisse de pension de MSD<\/strong><\/strong><\/h4>\n\n\n\n<p class=\"has-small-font-size\">Chez MSD Suisse, l\u2019int\u00e9gration des principes ESG (environnementaux, sociaux et de gouvernance) est essentielle pour encourager des pratiques durables, att\u00e9nuer les risques financiers et aligner notre strat\u00e9gie d\u2019investissement sur des valeurs \u00e9thiques.<\/p>\n\n\n\n<p class=\"has-small-font-size\">Alors que l\u2019attention mondiale port\u00e9e \u00e0 la durabilit\u00e9, \u00e0 la responsabilit\u00e9 sociale et \u00e0 la finance \u00e9thique ne cesse de cro\u00eetre, les investissements ESG sont devenus un \u00e9l\u00e9ment clef de notre strat\u00e9gie prospective pour la caisse de pension. D\u2019ici \u00e0 la fin 2024, la Caisse de pension de MSD a investi plus de 80 millions de CHF dans des fonds ESG, renfor\u00e7ant ainsi notre engagement \u00e0 long terme en faveur d\u2019une croissance responsable et durable.<\/p>\n<\/div>\n<\/div>\n\n\n\n<div class=\"wp-block-columns is-layout-flex wp-container-core-columns-is-layout-9d6595d7 wp-block-columns-is-layout-flex\">\n<div class=\"wp-block-column is-layout-flow wp-block-column-is-layout-flow\"><div class=\"wp-block-image\">\n<figure class=\"aligncenter size-full\"><img loading=\"lazy\" decoding=\"async\" width=\"1033\" height=\"585\" src=\"https:\/\/www.msd.ch\/fr\/wp-content\/uploads\/sites\/87\/2025\/11\/OSI-ETH-LightUp_2.jpg\" alt=\"Photo : Un b\u00e2timent illumin\u00e9 en pink\" class=\"wp-image-8659\" style=\"object-fit:cover\" \/><\/figure><\/div>\n\n\n<h4 class=\"wp-block-heading has-text-align-left has-text-color has-link-color wp-elements-aa4688fd08c4c9a80e95153cb361973d\" style=\"color:#6eceb2\"><strong>Initiative d&#8217;illumination de MSD<\/strong><\/h4>\n\n\n\n<p class=\"has-small-font-size\">Chez MSD Suisse, nous illuminons fi\u00e8rement nos bureaux tout au long de l&#8217;ann\u00e9e pour sensibiliser \u00e0 des causes sociales et de sant\u00e9 importantes. Celles-ci incluent le American Heart Month, le Black History Month, la Journ\u00e9e internationale de la femme, et Earth Hour, refl\u00e9tant notre engagement envers la diversit\u00e9, l&#8217;inclusion et la solidarit\u00e9 mondiale.<\/p>\n\n\n\n<p class=\"has-small-font-size\">Nous reconnaissons \u00e9galement des \u00e9v\u00e9nements tels que la Journ\u00e9e mondiale de sensibilisation \u00e0 l&#8217;autisme et le Mois de sensibilisation \u00e0 la sant\u00e9 mentale, favorisant une communaut\u00e9 solidaire et inclusive et c\u00e9l\u00e9brant les origines et exp\u00e9riences diverses de nos employ\u00e9s. Gr\u00e2ce \u00e0 ces initiatives de sensibilisation continues, MSD Suisse renforce son engagement envers la responsabilit\u00e9 sociale et le bien-\u00eatre des employ\u00e9s.<\/p>\n<\/div>\n\n\n\n<div class=\"wp-block-column is-layout-flow wp-block-column-is-layout-flow\"><\/div>\n\n\n\n<div class=\"wp-block-column is-layout-flow wp-block-column-is-layout-flow\"><\/div>\n<\/div>\n\n\n\n<div style=\"height:100px\" aria-hidden=\"true\" class=\"wp-block-spacer\"><\/div>\n\n\n\n<div class=\"wp-block-columns has-white-color has-text-color has-background has-link-color wp-elements-0257d8fb8f04c3cac6d94f510ed8b2af is-layout-flex wp-container-core-columns-is-layout-9d6595d7 wp-block-columns-is-layout-flex\" style=\"background-color:#00857c\">\n<div class=\"wp-block-column is-layout-flow wp-block-column-is-layout-flow\">\n<p class=\"has-white-background-color has-text-color has-background has-link-color has-medium-font-size wp-elements-1ffeaddc34dc205046a63ffc0996d3ea\" style=\"color:#00857c\"><strong><a href=\"https:\/\/www.msd.ch\/fr\/home\/about-us\/responsibility\/msd-switzerland-sustainability-and-global-health\/\"><\/a><strong><a href=\"https:\/\/www.msd.ch\/fr\/home\/about-us\/responsibility\/msd-switzerland-sustainability-and-global-health\/\">Retour \u00e0 Durabilit\u00e9 et sant\u00e9 mondiale<\/a><\/strong><\/strong><\/p>\n<\/div>\n<\/div>\n\n\n\n<div style=\"height:100px\" aria-hidden=\"true\" class=\"wp-block-spacer\"><\/div>\n\n\n\n<p class=\"has-small-font-size\">CH-NON-03159, 11\/2025<\/p>\n","protected":false},"excerpt":{"rendered":"<p>\u00c9thique, int\u00e9grit\u00e9 et s\u00e9curit\u00e9 psychologique chez MSD Suisse Chez MSD Suisse, nous nous engageons \u00e0 favoriser une culture de s\u00e9curit\u00e9 psychologique et d&#8217;int\u00e9grit\u00e9 \u00e9thique, o\u00f9 chaque employ\u00e9(e) se sent habilit\u00e9 \u00e0 s&#8217;exprimer et \u00e0 faire part de ses pr\u00e9occupations sans h\u00e9sitation. Cet engagement est renforc\u00e9 par une communication transparente de la direction et des initiatives [&hellip;]<\/p>\n","protected":false},"author":974,"featured_media":8666,"parent":8781,"menu_order":-1,"comment_status":"closed","ping_status":"closed","template":"","meta":{"_acf_changed":false,"bdl_company_name":[],"bdl_item_external_link":[],"editor_notices":[],"footnotes":""},"class_list":["post-8697","page","type-page","status-publish","has-post-thumbnail","hentry"],"yoast_head":"<!-- This site is optimized with the Yoast SEO plugin v21.9.1 - https:\/\/yoast.com\/wordpress\/plugins\/seo\/ -->\n<title>Culture d\u2019\u00e9thique et de s\u00e9curit\u00e9 psychologique chez MSD Suisse<\/title>\n<meta name=\"description\" content=\"MSD Suisse promeut l\u2019\u00e9thique et la s\u00e9curit\u00e9 psychologique gr\u00e2ce au leadership, \u00e0 ses Ambassadeur(drice)s de l\u2019\u00e9thique et \u00e0 des initiatives favorisant un environnement de travail inclusif.\" \/>\n<meta name=\"robots\" content=\"index, follow, max-snippet:-1, max-image-preview:large, max-video-preview:-1\" \/>\n<link rel=\"canonical\" href=\"https:\/\/www.msd.ch\/fr\/home\/about-us\/responsibility\/msd-switzerland-sustainability-and-global-health\/ethics-and-values\/\" \/>\n<meta property=\"og:locale\" content=\"en_US\" \/>\n<meta property=\"og:type\" content=\"article\" \/>\n<meta property=\"og:title\" content=\"Culture d\u2019\u00e9thique et de s\u00e9curit\u00e9 psychologique chez MSD Suisse\" \/>\n<meta property=\"og:description\" content=\"MSD Suisse promeut l\u2019\u00e9thique et la s\u00e9curit\u00e9 psychologique gr\u00e2ce au leadership, \u00e0 ses Ambassadeur(drice)s de l\u2019\u00e9thique et \u00e0 des initiatives favorisant un environnement de travail inclusif.\" \/>\n<meta property=\"og:url\" content=\"https:\/\/www.msd.ch\/fr\/home\/about-us\/responsibility\/msd-switzerland-sustainability-and-global-health\/ethics-and-values\/\" \/>\n<meta property=\"og:site_name\" content=\"msd.ch\" \/>\n<meta property=\"article:modified_time\" content=\"2026-02-13T09:26:06+00:00\" \/>\n<meta property=\"og:image\" content=\"https:\/\/www.msd.ch\/fr\/wp-content\/uploads\/sites\/87\/2025\/11\/OSI-ETH.jpg\" \/>\n\t<meta property=\"og:image:width\" content=\"1500\" \/>\n\t<meta property=\"og:image:height\" content=\"1000\" \/>\n\t<meta property=\"og:image:type\" content=\"image\/jpeg\" \/>\n<meta name=\"twitter:card\" content=\"summary_large_image\" \/>\n<meta name=\"twitter:label1\" content=\"Est. reading time\" \/>\n\t<meta name=\"twitter:data1\" content=\"4 minutes\" \/>\n<script type=\"application\/ld+json\" class=\"yoast-schema-graph\">{\"@context\":\"https:\/\/schema.org\",\"@graph\":[{\"@type\":\"WebPage\",\"@id\":\"https:\/\/www.msd.ch\/fr\/home\/about-us\/responsibility\/msd-switzerland-sustainability-and-global-health\/ethics-and-values\/\",\"url\":\"https:\/\/www.msd.ch\/fr\/home\/about-us\/responsibility\/msd-switzerland-sustainability-and-global-health\/ethics-and-values\/\",\"name\":\"Culture d\u2019\u00e9thique et de s\u00e9curit\u00e9 psychologique chez MSD Suisse\",\"isPartOf\":{\"@id\":\"https:\/\/www.msd.ch\/fr\/#website\"},\"datePublished\":\"2026-02-13T09:26:04+00:00\",\"dateModified\":\"2026-02-13T09:26:06+00:00\",\"description\":\"MSD Suisse promeut l\u2019\u00e9thique et la s\u00e9curit\u00e9 psychologique gr\u00e2ce au leadership, \u00e0 ses Ambassadeur(drice)s de l\u2019\u00e9thique et \u00e0 des initiatives favorisant un environnement de travail inclusif.\",\"breadcrumb\":{\"@id\":\"https:\/\/www.msd.ch\/fr\/home\/about-us\/responsibility\/msd-switzerland-sustainability-and-global-health\/ethics-and-values\/#breadcrumb\"},\"inLanguage\":\"en-US\",\"potentialAction\":[{\"@type\":\"ReadAction\",\"target\":[\"https:\/\/www.msd.ch\/fr\/home\/about-us\/responsibility\/msd-switzerland-sustainability-and-global-health\/ethics-and-values\/\"]}]},{\"@type\":\"BreadcrumbList\",\"@id\":\"https:\/\/www.msd.ch\/fr\/home\/about-us\/responsibility\/msd-switzerland-sustainability-and-global-health\/ethics-and-values\/#breadcrumb\",\"itemListElement\":[{\"@type\":\"ListItem\",\"position\":1,\"name\":\"Home\",\"item\":\"https:\/\/www.msd.ch\/fr\/\"},{\"@type\":\"ListItem\",\"position\":2,\"name\":\"\u00c0 propos de nous\",\"item\":\"https:\/\/www.msd.ch\/fr\/home\/about-us\/\"},{\"@type\":\"ListItem\",\"position\":3,\"name\":\"Responsabilit\u00e9\",\"item\":\"https:\/\/www.msd.ch\/fr\/home\/about-us\/responsibility\/\"},{\"@type\":\"ListItem\",\"position\":4,\"name\":\"Durabilit\u00e9 et sant\u00e9 mondiale\",\"item\":\"https:\/\/www.msd.ch\/fr\/home\/about-us\/responsibility\/msd-switzerland-sustainability-and-global-health\/\"},{\"@type\":\"ListItem\",\"position\":5,\"name\":\"Ethics and values\"}]},{\"@type\":\"WebSite\",\"@id\":\"https:\/\/www.msd.ch\/fr\/#website\",\"url\":\"https:\/\/www.msd.ch\/fr\/\",\"name\":\"msd.ch\",\"description\":\"MSD recherche et d\u00e9veloppe des m\u00e9dicaments et des vaccins pour sauver des vies et am\u00e9liorer la sant\u00e9 des patients. En Suisse, 1000 employ\u00e9s \u00e0 Lucerne et \u00e0 Zurich s&#039;engagent dans ce sens.\",\"potentialAction\":[{\"@type\":\"SearchAction\",\"target\":{\"@type\":\"EntryPoint\",\"urlTemplate\":\"https:\/\/www.msd.ch\/fr\/?s={search_term_string}\"},\"query-input\":\"required name=search_term_string\"}],\"inLanguage\":\"en-US\"}]}<\/script>\n<!-- \/ Yoast SEO plugin. -->","yoast_head_json":{"title":"Culture d\u2019\u00e9thique et de s\u00e9curit\u00e9 psychologique chez MSD Suisse","description":"MSD Suisse promeut l\u2019\u00e9thique et la s\u00e9curit\u00e9 psychologique gr\u00e2ce au leadership, \u00e0 ses Ambassadeur(drice)s de l\u2019\u00e9thique et \u00e0 des initiatives favorisant un environnement de travail inclusif.","robots":{"index":"index","follow":"follow","max-snippet":"max-snippet:-1","max-image-preview":"max-image-preview:large","max-video-preview":"max-video-preview:-1"},"canonical":"https:\/\/www.msd.ch\/fr\/home\/about-us\/responsibility\/msd-switzerland-sustainability-and-global-health\/ethics-and-values\/","og_locale":"en_US","og_type":"article","og_title":"Culture d\u2019\u00e9thique et de s\u00e9curit\u00e9 psychologique chez MSD Suisse","og_description":"MSD Suisse promeut l\u2019\u00e9thique et la s\u00e9curit\u00e9 psychologique gr\u00e2ce au leadership, \u00e0 ses Ambassadeur(drice)s de l\u2019\u00e9thique et \u00e0 des initiatives favorisant un environnement de travail inclusif.","og_url":"https:\/\/www.msd.ch\/fr\/home\/about-us\/responsibility\/msd-switzerland-sustainability-and-global-health\/ethics-and-values\/","og_site_name":"msd.ch","article_modified_time":"2026-02-13T09:26:06+00:00","og_image":[{"width":1500,"height":1000,"url":"https:\/\/www.msd.ch\/fr\/wp-content\/uploads\/sites\/87\/2025\/11\/OSI-ETH.jpg","type":"image\/jpeg"}],"twitter_card":"summary_large_image","twitter_misc":{"Est. reading time":"4 minutes"},"schema":{"@context":"https:\/\/schema.org","@graph":[{"@type":"WebPage","@id":"https:\/\/www.msd.ch\/fr\/home\/about-us\/responsibility\/msd-switzerland-sustainability-and-global-health\/ethics-and-values\/","url":"https:\/\/www.msd.ch\/fr\/home\/about-us\/responsibility\/msd-switzerland-sustainability-and-global-health\/ethics-and-values\/","name":"Culture d\u2019\u00e9thique et de s\u00e9curit\u00e9 psychologique chez MSD Suisse","isPartOf":{"@id":"https:\/\/www.msd.ch\/fr\/#website"},"datePublished":"2026-02-13T09:26:04+00:00","dateModified":"2026-02-13T09:26:06+00:00","description":"MSD Suisse promeut l\u2019\u00e9thique et la s\u00e9curit\u00e9 psychologique gr\u00e2ce au leadership, \u00e0 ses Ambassadeur(drice)s de l\u2019\u00e9thique et \u00e0 des initiatives favorisant un environnement de travail inclusif.","breadcrumb":{"@id":"https:\/\/www.msd.ch\/fr\/home\/about-us\/responsibility\/msd-switzerland-sustainability-and-global-health\/ethics-and-values\/#breadcrumb"},"inLanguage":"en-US","potentialAction":[{"@type":"ReadAction","target":["https:\/\/www.msd.ch\/fr\/home\/about-us\/responsibility\/msd-switzerland-sustainability-and-global-health\/ethics-and-values\/"]}]},{"@type":"BreadcrumbList","@id":"https:\/\/www.msd.ch\/fr\/home\/about-us\/responsibility\/msd-switzerland-sustainability-and-global-health\/ethics-and-values\/#breadcrumb","itemListElement":[{"@type":"ListItem","position":1,"name":"Home","item":"https:\/\/www.msd.ch\/fr\/"},{"@type":"ListItem","position":2,"name":"\u00c0 propos de nous","item":"https:\/\/www.msd.ch\/fr\/home\/about-us\/"},{"@type":"ListItem","position":3,"name":"Responsabilit\u00e9","item":"https:\/\/www.msd.ch\/fr\/home\/about-us\/responsibility\/"},{"@type":"ListItem","position":4,"name":"Durabilit\u00e9 et sant\u00e9 mondiale","item":"https:\/\/www.msd.ch\/fr\/home\/about-us\/responsibility\/msd-switzerland-sustainability-and-global-health\/"},{"@type":"ListItem","position":5,"name":"Ethics and values"}]},{"@type":"WebSite","@id":"https:\/\/www.msd.ch\/fr\/#website","url":"https:\/\/www.msd.ch\/fr\/","name":"msd.ch","description":"MSD recherche et d\u00e9veloppe des m\u00e9dicaments et des vaccins pour sauver des vies et am\u00e9liorer la sant\u00e9 des patients. En Suisse, 1000 employ\u00e9s \u00e0 Lucerne et \u00e0 Zurich s&#039;engagent dans ce sens.","potentialAction":[{"@type":"SearchAction","target":{"@type":"EntryPoint","urlTemplate":"https:\/\/www.msd.ch\/fr\/?s={search_term_string}"},"query-input":"required name=search_term_string"}],"inLanguage":"en-US"}]}},"acf":[],"_links":{"self":[{"href":"https:\/\/www.msd.ch\/fr\/wp-json\/wp\/v2\/pages\/8697","targetHints":{"allow":["GET"]}}],"collection":[{"href":"https:\/\/www.msd.ch\/fr\/wp-json\/wp\/v2\/pages"}],"about":[{"href":"https:\/\/www.msd.ch\/fr\/wp-json\/wp\/v2\/types\/page"}],"author":[{"embeddable":true,"href":"https:\/\/www.msd.ch\/fr\/wp-json\/wp\/v2\/users\/974"}],"replies":[{"embeddable":true,"href":"https:\/\/www.msd.ch\/fr\/wp-json\/wp\/v2\/comments?post=8697"}],"version-history":[{"count":12,"href":"https:\/\/www.msd.ch\/fr\/wp-json\/wp\/v2\/pages\/8697\/revisions"}],"predecessor-version":[{"id":8971,"href":"https:\/\/www.msd.ch\/fr\/wp-json\/wp\/v2\/pages\/8697\/revisions\/8971"}],"up":[{"embeddable":true,"href":"https:\/\/www.msd.ch\/fr\/wp-json\/wp\/v2\/pages\/8781"}],"wp:featuredmedia":[{"embeddable":true,"href":"https:\/\/www.msd.ch\/fr\/wp-json\/wp\/v2\/media\/8666"}],"wp:attachment":[{"href":"https:\/\/www.msd.ch\/fr\/wp-json\/wp\/v2\/media?parent=8697"}],"curies":[{"name":"wp","href":"https:\/\/api.w.org\/{rel}","templated":true}]}}