{"id":8781,"date":"2026-03-03T12:16:14","date_gmt":"2026-03-03T10:16:14","guid":{"rendered":"https:\/\/www.msd.ch\/fr\/?page_id=8781"},"modified":"2026-03-10T09:46:38","modified_gmt":"2026-03-10T07:46:38","slug":"msd-switzerland-sustainability-and-global-health","status":"publish","type":"page","link":"https:\/\/www.msd.ch\/fr\/home\/about-us\/responsibility\/msd-switzerland-sustainability-and-global-health\/","title":{"rendered":"Durabilit\u00e9 et sant\u00e9 mondiale"},"content":{"rendered":"\n<div class=\"wp-block-columns is-layout-flex wp-container-core-columns-is-layout-9d6595d7 wp-block-columns-is-layout-flex\">\n<div class=\"wp-block-column is-layout-flow wp-block-column-is-layout-flow\">\n<figure class=\"wp-block-image size-full\"><img loading=\"lazy\" decoding=\"async\" width=\"1500\" height=\"1000\" src=\"https:\/\/www.msd.ch\/fr\/wp-content\/uploads\/sites\/87\/2025\/11\/Pink-Cube-2025-Zurich.jpg\" alt=\"Photo : Pink Cube 2025 sur l'Utoplatz \u00e0 Zurich\" class=\"wp-image-8688\"\/><\/figure>\n<\/div>\n\n\n\n<div class=\"wp-block-column is-layout-flow wp-block-column-is-layout-flow\">\n<h1 class=\"wp-block-heading\">Durabilit\u00e9 et sant\u00e9 mondiale \u2013 Notre raison d\u2019\u00eatre en mati\u00e8re d\u2019impact<\/h1>\n\n\n\n<p class=\"has-medium-font-size\">Agir de mani\u00e8re responsable est au c\u0153ur de la strat\u00e9gie de MSD Suisse et refl\u00e8te notre engagement en faveur d\u2019un avenir s\u00fbr, durable et sain. En int\u00e9grant la durabilit\u00e9 dans l\u2019ensemble de nos op\u00e9rations, nous cr\u00e9ons de la valeur \u00e0 long terme pour notre entreprise et nos actionnaires, tout en servant mieux les patients, les clients, les collaborateurs et la soci\u00e9t\u00e9.<\/p>\n<\/div>\n<\/div>\n\n\n\n<div style=\"height:80px\" aria-hidden=\"true\" class=\"wp-block-spacer\"><\/div>\n\n\n\n<div class=\"wp-block-media-text has-media-on-the-right is-stacked-on-mobile has-background\" style=\"background-color:#00857c;grid-template-columns:auto 40%\"><div class=\"wp-block-media-text__content\">\n<p class=\"has-white-color has-text-color has-link-color has-medium-font-size wp-elements-1627cdcaccaba758f61897e9a6980e1f\">Chez MSD Suisse, la durabilit\u00e9 n\u2019est pas seulement une responsabilit\u00e9 \u2013 c\u2019est un \u00e9l\u00e9ment essentiel de notre fa\u00e7on d\u2019op\u00e9rer et d\u2019innover. Nous nous engageons \u00e0 faire progresser la sant\u00e9 tout en prot\u00e9geant la sant\u00e9 de notre plan\u00e8te. De la r\u00e9duction de notre empreinte environnementale \u00e0 la promotion d\u2019un acc\u00e8s \u00e9quitable aux soins, nous sommes fiers de contribuer \u00e0 un avenir plus durable et r\u00e9silient pour tous.<\/p>\n\n\n\n<p class=\"has-white-color has-text-color has-link-color has-small-font-size wp-elements-8744f267877ebf50c2950aa6374eda4b\"><strong>Jasper Kunow<\/strong><br>Managing Director ad interim \u00b7 MSD Suisse<\/p>\n<\/div><figure class=\"wp-block-media-text__media\"><img loading=\"lazy\" decoding=\"async\" width=\"1400\" height=\"1400\" src=\"https:\/\/www.msd.ch\/fr\/wp-content\/uploads\/sites\/87\/2025\/10\/Jasper-Kunow-202510.jpg?w=1400\" alt=\"Jasper Kunow, Managing Director (ad interim)\" class=\"wp-image-8635 size-full\"\/><\/figure><\/div>\n\n\n\n<div style=\"height:80px\" aria-hidden=\"true\" class=\"wp-block-spacer\"><\/div>\n\n\n\n<h2 class=\"wp-block-heading\">Nos principaux axes en mati\u00e8re de durabilit\u00e9 \u00e0 l\u2019\u00e9chelle de l\u2019entreprise<\/h2>\n\n\n\n<div class=\"wp-block-columns is-layout-flex wp-container-core-columns-is-layout-9d6595d7 wp-block-columns-is-layout-flex\">\n<div class=\"wp-block-column is-vertically-aligned-top is-layout-flow wp-block-column-is-layout-flow\" style=\"flex-basis:50%\">\n<figure class=\"wp-block-image size-large\"><a href=\"https:\/\/www.msd.ch\/fr\/home\/about-us\/responsibility\/msd-switzerland-sustainability-and-global-health\/access-to-healthcare\/\"><img loading=\"lazy\" decoding=\"async\" width=\"1592\" height=\"298\" src=\"https:\/\/www.msd.ch\/fr\/wp-content\/uploads\/sites\/87\/2025\/11\/Button-Access-To-Health.png?w=1592\" alt=\"Button-Access-To-Health\" class=\"wp-image-8662\" style=\"object-fit:cover\"\/><\/a><\/figure>\n\n\n\n<p>Notre engagement \u00e0 am\u00e9liorer l\u2019acc\u00e8s aux soins de sant\u00e9 repose sur une collaboration de confiance avec les soignants, les autorit\u00e9s, les institutions de recherche et les associations de patient(e)s.<\/p>\n<\/div>\n\n\n\n<div class=\"wp-block-column is-vertically-aligned-top is-layout-flow wp-block-column-is-layout-flow\" style=\"flex-basis:50%\">\n<figure class=\"wp-block-image size-large\"><a href=\"https:\/\/www.msd.ch\/fr\/home\/about-us\/responsibility\/msd-switzerland-sustainability-and-global-health\/employees\/\"><img loading=\"lazy\" decoding=\"async\" width=\"1592\" height=\"298\" src=\"https:\/\/www.msd.ch\/fr\/wp-content\/uploads\/sites\/87\/2025\/11\/Button-Employees.png?w=1592\" alt=\"Button-Employees\" class=\"wp-image-8661\" style=\"object-fit:cover\"\/><\/a><\/figure>\n\n\n\n<p>Nous nous engageons \u00e0 avoir une main-d\u2019\u0153uvre diversifi\u00e9e, qualifi\u00e9e et engag\u00e9e. Nous cultivons un environnement de travail positif et le bien-\u00eatre gr\u00e2ce au renforcement de la communaut\u00e9 et \u00e0 des initiatives qui promeuvent l\u2019inclusion et la diversit\u00e9 des perspectives.<\/p>\n<\/div>\n<\/div>\n\n\n\n<div class=\"wp-block-columns is-layout-flex wp-container-core-columns-is-layout-9d6595d7 wp-block-columns-is-layout-flex\">\n<div class=\"wp-block-column is-vertically-aligned-top is-layout-flow wp-block-column-is-layout-flow\" style=\"flex-basis:50%\">\n<figure class=\"wp-block-image size-large\"><a href=\"https:\/\/www.msd.ch\/fr\/home\/about-us\/responsibility\/msd-switzerland-sustainability-and-global-health\/environmental-sustainability\/\"><img loading=\"lazy\" decoding=\"async\" width=\"1592\" height=\"298\" src=\"https:\/\/www.msd.ch\/fr\/wp-content\/uploads\/sites\/87\/2025\/11\/Button-Environmental-Sustainability.png?w=1592\" alt=\"Button-Environmental-Sustainability\" class=\"wp-image-8664\" style=\"object-fit:cover\"\/><\/a><\/figure>\n\n\n\n<p>En tant qu\u2019entreprise, MSD s\u2019engage \u00e0 atteindre z\u00e9ro \u00e9mission nette de gaz \u00e0 effet de serre (GES) dans l\u2019ensemble de nos op\u00e9rations mondiales (Scopes 1, 2 et 3) d\u2019ici 2045. Conform\u00e9ment \u00e0 nos objectifs de durabilit\u00e9, 100 % de l\u2019\u00e9lectricit\u00e9 achet\u00e9e pour nos installations MSD Suisse provient de sources d\u2019\u00e9nergie renouvelables. Nous nous effor\u00e7ons continuellement d\u2019op\u00e9rer de mani\u00e8re \u00e9conome en \u00e9nergie et de minimiser notre empreinte environnementale sur ces sites.<\/p>\n<\/div>\n\n\n\n<div class=\"wp-block-column is-vertically-aligned-top is-layout-flow wp-block-column-is-layout-flow\" style=\"flex-basis:50%\">\n<figure class=\"wp-block-image size-large\"><a href=\"https:\/\/www.msd.ch\/fr\/home\/about-us\/responsibility\/msd-switzerland-sustainability-and-global-health\/ethics-and-values\/\"><img loading=\"lazy\" decoding=\"async\" width=\"1592\" height=\"298\" src=\"https:\/\/www.msd.ch\/fr\/wp-content\/uploads\/sites\/87\/2025\/11\/Button-Ethics-And-Values.png?w=1592\" alt=\"Button-Ethics-And-Values\" class=\"wp-image-8663\" style=\"object-fit:cover\"\/><\/a><\/figure>\n\n\n\n<p>Nous nous engageons \u00e0 favoriser une culture de s\u00e9curit\u00e9 o\u00f9 les employ\u00e9s se sentent habilit\u00e9s \u00e0 exprimer leurs pr\u00e9occupations, un engagement renforc\u00e9 par la communication du leadership et des initiatives telles que la formation individuelle \u00e0 la s\u00e9curit\u00e9 psychologique.<\/p>\n<\/div>\n<\/div>\n\n\n\n<div style=\"height:80px\" aria-hidden=\"true\" class=\"wp-block-spacer\"><\/div>\n\n\n\n<div class=\"wp-block-columns has-background is-layout-flex wp-container-core-columns-is-layout-9d6595d7 wp-block-columns-is-layout-flex\" style=\"background-color:#0c2340\">\n<div class=\"wp-block-column is-layout-flow wp-block-column-is-layout-flow\" style=\"flex-basis:40%\"><div class=\"wp-block-image\">\n<figure class=\"aligncenter size-full\"><img loading=\"lazy\" decoding=\"async\" width=\"2374\" height=\"2182\" src=\"https:\/\/www.msd.ch\/fr\/wp-content\/uploads\/sites\/87\/2025\/11\/F-MSD-Future-Day.png\" alt=\"\" class=\"wp-image-8715\"\/><\/figure><\/div><\/div>\n\n\n\n<div class=\"wp-block-column is-layout-flow wp-block-column-is-layout-flow\" style=\"flex-basis:60%\">\n<h4 class=\"wp-block-heading has-white-color has-text-color has-link-color wp-elements-d84fc9337df13ae815c2c6cc8be9e99d\"><strong>Nos efforts en Suisse sont align\u00e9s sur notre strat\u00e9gie de durabilit\u00e9<\/strong><\/h4>\n\n\n\n<p class=\"has-white-color has-text-color has-link-color wp-elements-ed636e5cf357c3d0b9055121eb2e1571\">Chez MSD, nous \u0153uvrons en permanence pour rendre nos op\u00e9rations plus respectueuses de l\u2019environnement, favoriser un syst\u00e8me de sant\u00e9 plus diversifi\u00e9 et inclusif, et renforcer les comp\u00e9tences en mati\u00e8re de sant\u00e9 des patients dans le monde entier. Nous sommes convaincus que l\u2019action durable est essentielle \u00e0 la r\u00e9ussite \u00e0 long terme.<\/p>\n\n\n\n<p class=\"has-white-color has-text-color has-link-color wp-elements-0a89adac5d24b351b78b28dea923750a\">Gr\u00e2ce \u00e0 cet engagement, nous soutenons les Objectifs de d\u00e9veloppement durable (ODD) des Nations Unies (ONU) dans le cadre de l\u2019Agenda 2030 pour le d\u00e9veloppement durable, en cr\u00e9ant une valeur ajout\u00e9e pour les patients, les clients, la soci\u00e9t\u00e9 et MSD en tant qu\u2019entreprise.<\/p>\n<\/div>\n<\/div>\n\n\n\n<div style=\"height:80px\" aria-hidden=\"true\" class=\"wp-block-spacer\"><\/div>\n\n\n\n<div class=\"wp-block-columns has-white-color has-text-color has-background has-link-color wp-elements-0367780ce7d15fa790b10bdac33af089 is-layout-flex wp-container-core-columns-is-layout-9d6595d7 wp-block-columns-is-layout-flex\" style=\"background-color:#00857c\">\n<div class=\"wp-block-column is-layout-flow wp-block-column-is-layout-flow\">\n<p class=\"has-medium-font-size\"><strong>Download<\/strong><\/p>\n\n\n\n<p class=\"has-white-background-color has-text-color has-background has-link-color wp-elements-f93c27337a90958d9f86896a12e19936\" style=\"color:#00857c\"><a href=\"https:\/\/www.msd.ch\/fr\/wp-content\/uploads\/sites\/87\/2025\/11\/MSD-Switzerland_Impact-Report-20242025.pdf\" target=\"_blank\" rel=\"noreferrer noopener\"><img loading=\"lazy\" decoding=\"async\" width=\"1381\" height=\"1381\" class=\"wp-image-8702\" style=\"width: 20px\" src=\"https:\/\/www.msd.ch\/fr\/wp-content\/uploads\/sites\/87\/2025\/11\/Download-Icon-Teal.png\" alt=\"Download-Icon-Teal\"><\/a> <a href=\"https:\/\/www.msd.ch\/fr\/wp-content\/uploads\/sites\/87\/2025\/11\/MSD-Switzerland_Impact-Report-20242025.pdf\" target=\"_blank\" rel=\"noreferrer noopener\">MSD Sustainability Summary 2024\/2025: Switzerland<\/a><\/p>\n\n\n\n<p class=\"has-white-background-color has-text-color has-background has-link-color wp-elements-678af00a01b7d6762f96861ff13a67b7\" style=\"color:#00857c\"><a href=\"https:\/\/www.msd.com\/company-overview\/sustainability\/\" target=\"_blank\" rel=\"noreferrer noopener nofollow\"><img loading=\"lazy\" decoding=\"async\" width=\"1381\" height=\"1381\" class=\"wp-image-8702\" style=\"width: 20px\" src=\"https:\/\/www.msd.ch\/fr\/wp-content\/uploads\/sites\/87\/2025\/11\/Download-Icon-Teal.png\" alt=\"Download-Icon-Teal\"><\/a> <a href=\"https:\/\/www.msd.com\/company-overview\/sustainability\/\" target=\"_blank\" rel=\"noreferrer noopener nofollow\">Purpose for Progress Impact Report 2024\/2025<\/a><\/p>\n<\/div>\n<\/div>\n\n\n\n<div style=\"height:100px\" aria-hidden=\"true\" class=\"wp-block-spacer\"><\/div>\n\n\n\n<p class=\"has-small-font-size\">CH-NON-02014, 03\/2026<\/p>\n","protected":false},"excerpt":{"rendered":"<p>Durabilit\u00e9 et sant\u00e9 mondiale \u2013 Notre raison d\u2019\u00eatre en mati\u00e8re d\u2019impact Agir de mani\u00e8re responsable est au c\u0153ur de la strat\u00e9gie de MSD Suisse et refl\u00e8te notre engagement en faveur d\u2019un avenir s\u00fbr, durable et sain. En int\u00e9grant la durabilit\u00e9 dans l\u2019ensemble de nos op\u00e9rations, nous cr\u00e9ons de la valeur \u00e0 long terme pour notre [&hellip;]<\/p>\n","protected":false},"author":974,"featured_media":8688,"parent":36,"menu_order":0,"comment_status":"closed","ping_status":"closed","template":"","meta":{"_acf_changed":false,"bdl_company_name":[],"bdl_item_external_link":[],"editor_notices":[],"footnotes":""},"class_list":["post-8781","page","type-page","status-publish","has-post-thumbnail","hentry"],"yoast_head":"<!-- This site is optimized with the Yoast SEO plugin v21.9.1 - https:\/\/yoast.com\/wordpress\/plugins\/seo\/ -->\n<title>Durabilit\u00e9 et sant\u00e9 mondiale chez MSD Suisse<\/title>\n<meta name=\"description\" content=\"Chez MSD Suisse, nous nous engageons \u00e0 faire progresser la sant\u00e9 mondiale et la durabilit\u00e9 gr\u00e2ce \u00e0 l\u2019innovation, la collaboration et la responsabilit\u00e9.\" \/>\n<meta name=\"robots\" content=\"index, follow, max-snippet:-1, max-image-preview:large, max-video-preview:-1\" \/>\n<link rel=\"canonical\" href=\"https:\/\/www.msd.ch\/fr\/home\/about-us\/responsibility\/msd-switzerland-sustainability-and-global-health\/\" \/>\n<meta property=\"og:locale\" content=\"en_US\" \/>\n<meta property=\"og:type\" content=\"article\" \/>\n<meta property=\"og:title\" content=\"Durabilit\u00e9 et sant\u00e9 mondiale chez MSD Suisse\" \/>\n<meta property=\"og:description\" content=\"Chez MSD Suisse, nous nous engageons \u00e0 faire progresser la sant\u00e9 mondiale et la durabilit\u00e9 gr\u00e2ce \u00e0 l\u2019innovation, la collaboration et la responsabilit\u00e9.\" \/>\n<meta property=\"og:url\" content=\"https:\/\/www.msd.ch\/fr\/home\/about-us\/responsibility\/msd-switzerland-sustainability-and-global-health\/\" \/>\n<meta property=\"og:site_name\" content=\"msd.ch\" \/>\n<meta property=\"article:modified_time\" content=\"2026-03-10T07:46:38+00:00\" \/>\n<meta property=\"og:image\" content=\"https:\/\/www.msd.ch\/fr\/wp-content\/uploads\/sites\/87\/2025\/11\/Pink-Cube-2025-Zurich.jpg\" \/>\n\t<meta property=\"og:image:width\" content=\"1500\" \/>\n\t<meta property=\"og:image:height\" content=\"1000\" \/>\n\t<meta property=\"og:image:type\" content=\"image\/jpeg\" \/>\n<meta name=\"twitter:card\" content=\"summary_large_image\" \/>\n<meta name=\"twitter:label1\" content=\"Est. reading time\" \/>\n\t<meta name=\"twitter:data1\" content=\"2 minutes\" \/>\n<script type=\"application\/ld+json\" class=\"yoast-schema-graph\">{\"@context\":\"https:\/\/schema.org\",\"@graph\":[{\"@type\":\"WebPage\",\"@id\":\"https:\/\/www.msd.ch\/fr\/home\/about-us\/responsibility\/msd-switzerland-sustainability-and-global-health\/\",\"url\":\"https:\/\/www.msd.ch\/fr\/home\/about-us\/responsibility\/msd-switzerland-sustainability-and-global-health\/\",\"name\":\"Durabilit\u00e9 et sant\u00e9 mondiale chez MSD Suisse\",\"isPartOf\":{\"@id\":\"https:\/\/www.msd.ch\/fr\/#website\"},\"datePublished\":\"2026-03-03T10:16:14+00:00\",\"dateModified\":\"2026-03-10T07:46:38+00:00\",\"description\":\"Chez MSD Suisse, nous nous engageons \u00e0 faire progresser la sant\u00e9 mondiale et la durabilit\u00e9 gr\u00e2ce \u00e0 l\u2019innovation, la collaboration et la responsabilit\u00e9.\",\"breadcrumb\":{\"@id\":\"https:\/\/www.msd.ch\/fr\/home\/about-us\/responsibility\/msd-switzerland-sustainability-and-global-health\/#breadcrumb\"},\"inLanguage\":\"en-US\",\"potentialAction\":[{\"@type\":\"ReadAction\",\"target\":[\"https:\/\/www.msd.ch\/fr\/home\/about-us\/responsibility\/msd-switzerland-sustainability-and-global-health\/\"]}]},{\"@type\":\"BreadcrumbList\",\"@id\":\"https:\/\/www.msd.ch\/fr\/home\/about-us\/responsibility\/msd-switzerland-sustainability-and-global-health\/#breadcrumb\",\"itemListElement\":[{\"@type\":\"ListItem\",\"position\":1,\"name\":\"Home\",\"item\":\"https:\/\/www.msd.ch\/fr\/\"},{\"@type\":\"ListItem\",\"position\":2,\"name\":\"\u00c0 propos de nous\",\"item\":\"https:\/\/www.msd.ch\/fr\/home\/about-us\/\"},{\"@type\":\"ListItem\",\"position\":3,\"name\":\"Responsabilit\u00e9\",\"item\":\"https:\/\/www.msd.ch\/fr\/home\/about-us\/responsibility\/\"},{\"@type\":\"ListItem\",\"position\":4,\"name\":\"Durabilit\u00e9 et sant\u00e9 mondiale\"}]},{\"@type\":\"WebSite\",\"@id\":\"https:\/\/www.msd.ch\/fr\/#website\",\"url\":\"https:\/\/www.msd.ch\/fr\/\",\"name\":\"msd.ch\",\"description\":\"MSD recherche et d\u00e9veloppe des m\u00e9dicaments et des vaccins pour sauver des vies et am\u00e9liorer la sant\u00e9 des patients. En Suisse, 1000 employ\u00e9s \u00e0 Lucerne et \u00e0 Zurich s&#039;engagent dans ce sens.\",\"potentialAction\":[{\"@type\":\"SearchAction\",\"target\":{\"@type\":\"EntryPoint\",\"urlTemplate\":\"https:\/\/www.msd.ch\/fr\/?s={search_term_string}\"},\"query-input\":\"required name=search_term_string\"}],\"inLanguage\":\"en-US\"}]}<\/script>\n<!-- \/ Yoast SEO plugin. -->","yoast_head_json":{"title":"Durabilit\u00e9 et sant\u00e9 mondiale chez MSD Suisse","description":"Chez MSD Suisse, nous nous engageons \u00e0 faire progresser la sant\u00e9 mondiale et la durabilit\u00e9 gr\u00e2ce \u00e0 l\u2019innovation, la collaboration et la responsabilit\u00e9.","robots":{"index":"index","follow":"follow","max-snippet":"max-snippet:-1","max-image-preview":"max-image-preview:large","max-video-preview":"max-video-preview:-1"},"canonical":"https:\/\/www.msd.ch\/fr\/home\/about-us\/responsibility\/msd-switzerland-sustainability-and-global-health\/","og_locale":"en_US","og_type":"article","og_title":"Durabilit\u00e9 et sant\u00e9 mondiale chez MSD Suisse","og_description":"Chez MSD Suisse, nous nous engageons \u00e0 faire progresser la sant\u00e9 mondiale et la durabilit\u00e9 gr\u00e2ce \u00e0 l\u2019innovation, la collaboration et la responsabilit\u00e9.","og_url":"https:\/\/www.msd.ch\/fr\/home\/about-us\/responsibility\/msd-switzerland-sustainability-and-global-health\/","og_site_name":"msd.ch","article_modified_time":"2026-03-10T07:46:38+00:00","og_image":[{"width":1500,"height":1000,"url":"https:\/\/www.msd.ch\/fr\/wp-content\/uploads\/sites\/87\/2025\/11\/Pink-Cube-2025-Zurich.jpg","type":"image\/jpeg"}],"twitter_card":"summary_large_image","twitter_misc":{"Est. reading time":"2 minutes"},"schema":{"@context":"https:\/\/schema.org","@graph":[{"@type":"WebPage","@id":"https:\/\/www.msd.ch\/fr\/home\/about-us\/responsibility\/msd-switzerland-sustainability-and-global-health\/","url":"https:\/\/www.msd.ch\/fr\/home\/about-us\/responsibility\/msd-switzerland-sustainability-and-global-health\/","name":"Durabilit\u00e9 et sant\u00e9 mondiale chez MSD Suisse","isPartOf":{"@id":"https:\/\/www.msd.ch\/fr\/#website"},"datePublished":"2026-03-03T10:16:14+00:00","dateModified":"2026-03-10T07:46:38+00:00","description":"Chez MSD Suisse, nous nous engageons \u00e0 faire progresser la sant\u00e9 mondiale et la durabilit\u00e9 gr\u00e2ce \u00e0 l\u2019innovation, la collaboration et la responsabilit\u00e9.","breadcrumb":{"@id":"https:\/\/www.msd.ch\/fr\/home\/about-us\/responsibility\/msd-switzerland-sustainability-and-global-health\/#breadcrumb"},"inLanguage":"en-US","potentialAction":[{"@type":"ReadAction","target":["https:\/\/www.msd.ch\/fr\/home\/about-us\/responsibility\/msd-switzerland-sustainability-and-global-health\/"]}]},{"@type":"BreadcrumbList","@id":"https:\/\/www.msd.ch\/fr\/home\/about-us\/responsibility\/msd-switzerland-sustainability-and-global-health\/#breadcrumb","itemListElement":[{"@type":"ListItem","position":1,"name":"Home","item":"https:\/\/www.msd.ch\/fr\/"},{"@type":"ListItem","position":2,"name":"\u00c0 propos de nous","item":"https:\/\/www.msd.ch\/fr\/home\/about-us\/"},{"@type":"ListItem","position":3,"name":"Responsabilit\u00e9","item":"https:\/\/www.msd.ch\/fr\/home\/about-us\/responsibility\/"},{"@type":"ListItem","position":4,"name":"Durabilit\u00e9 et sant\u00e9 mondiale"}]},{"@type":"WebSite","@id":"https:\/\/www.msd.ch\/fr\/#website","url":"https:\/\/www.msd.ch\/fr\/","name":"msd.ch","description":"MSD recherche et d\u00e9veloppe des m\u00e9dicaments et des vaccins pour sauver des vies et am\u00e9liorer la sant\u00e9 des patients. En Suisse, 1000 employ\u00e9s \u00e0 Lucerne et \u00e0 Zurich s&#039;engagent dans ce sens.","potentialAction":[{"@type":"SearchAction","target":{"@type":"EntryPoint","urlTemplate":"https:\/\/www.msd.ch\/fr\/?s={search_term_string}"},"query-input":"required name=search_term_string"}],"inLanguage":"en-US"}]}},"acf":[],"_links":{"self":[{"href":"https:\/\/www.msd.ch\/fr\/wp-json\/wp\/v2\/pages\/8781","targetHints":{"allow":["GET"]}}],"collection":[{"href":"https:\/\/www.msd.ch\/fr\/wp-json\/wp\/v2\/pages"}],"about":[{"href":"https:\/\/www.msd.ch\/fr\/wp-json\/wp\/v2\/types\/page"}],"author":[{"embeddable":true,"href":"https:\/\/www.msd.ch\/fr\/wp-json\/wp\/v2\/users\/974"}],"replies":[{"embeddable":true,"href":"https:\/\/www.msd.ch\/fr\/wp-json\/wp\/v2\/comments?post=8781"}],"version-history":[{"count":9,"href":"https:\/\/www.msd.ch\/fr\/wp-json\/wp\/v2\/pages\/8781\/revisions"}],"predecessor-version":[{"id":9066,"href":"https:\/\/www.msd.ch\/fr\/wp-json\/wp\/v2\/pages\/8781\/revisions\/9066"}],"up":[{"embeddable":true,"href":"https:\/\/www.msd.ch\/fr\/wp-json\/wp\/v2\/pages\/36"}],"wp:featuredmedia":[{"embeddable":true,"href":"https:\/\/www.msd.ch\/fr\/wp-json\/wp\/v2\/media\/8688"}],"wp:attachment":[{"href":"https:\/\/www.msd.ch\/fr\/wp-json\/wp\/v2\/media?parent=8781"}],"curies":[{"name":"wp","href":"https:\/\/api.w.org\/{rel}","templated":true}]}}